{"id":11627,"date":"2021-01-25T12:13:38","date_gmt":"2021-01-25T11:13:38","guid":{"rendered":"https:\/\/dogpride1.wpengine.com\/product\/d4m-sweatshirt-dutch-shepherd-2\/"},"modified":"2025-11-03T14:06:41","modified_gmt":"2025-11-03T13:06:41","slug":"dogs4me-hoodie-dutch-shepherd","status":"publish","type":"product","link":"https:\/\/dogpride.nl\/de\/dogs4me-hoodie-dutch-shepherd\/","title":{"rendered":"DOGS4ME Kapuzenpullover DUTCH SHEPHERD"},"content":{"rendered":"<h4>DOGS4ME Kapuzenpullover DUTCH SHEPHERD<\/h4>\n<ul>\n<li>Kapuzenpullover<\/li>\n<li>Unisex<\/li>\n<li>Integrierte Kapuze<\/li>\n<li>285 g\/m\u00b2<\/li>\n<li>85% Baumwolle; 15%-Polyester<\/li>\n<li>Kleur Rood en Blauw<\/li>\n<\/ul>\n<p>&nbsp;<\/p>\n<p><img loading=\"lazy\" decoding=\"async\" class=\"alignnone wp-image-70370 size-full\" src=\"https:\/\/www.dogpride.nl\/wp-content\/uploads\/Maattabel-Sweatshirt.png\" alt=\"Maattabel\" width=\"615\" height=\"326\" srcset=\"https:\/\/dogpride.nl\/wp-content\/uploads\/Maattabel-Sweatshirt.png 615w, https:\/\/dogpride.nl\/wp-content\/uploads\/Maattabel-Sweatshirt-250x133.png 250w, https:\/\/dogpride.nl\/wp-content\/uploads\/Maattabel-Sweatshirt-400x212.png 400w, https:\/\/dogpride.nl\/wp-content\/uploads\/Maattabel-Sweatshirt-300x159.png 300w, https:\/\/dogpride.nl\/wp-content\/uploads\/Maattabel-Sweatshirt-200x106.png 200w, https:\/\/dogpride.nl\/wp-content\/uploads\/Maattabel-Sweatshirt-600x318.png 600w\" sizes=\"auto, (max-width: 615px) 100vw, 615px\" \/><\/p>\n<p data-start=\"39\" data-end=\"370\">Der <strong data-start=\"42\" data-end=\"77\">DOGS4ME Hoodie \u201cDUTCH SHEPHERD\u201d<\/strong> is een eerbetoon aan de Nederlandse herder \u2014 een ras dat bekendstaat om zijn intelligentie, werklust en onverwoestbare energie. Deze hoodie is speciaal ontworpen voor mensen die trots zijn op hun Dutch Shepherd en de unieke band willen uitdragen die zij delen met deze veelzijdige werkhond.<\/p>\n<p data-start=\"372\" data-end=\"791\">De hoodie is gemaakt van een hoogwaardige katoenmix die zowel comfortabel als stevig aanvoelt. Perfect voor lange wandelingen, trainingssessies of een ontspannen dag samen met je hond. De zachte binnenvoering houdt je warm, terwijl de stoere <strong data-start=\"614\" data-end=\"634\">\u201cDUTCH SHEPHERD\u201d<\/strong>-opdruk op de borst laat zien waar jouw hart ligt. De praktische capuchon en ruime zakken maken het ontwerp helemaal af \u2014 functioneel en stijlvol tegelijk.<\/p>\n<p data-start=\"793\" data-end=\"959\">Mit dem <strong data-start=\"800\" data-end=\"833\">DOGS4ME Kapuzenpullover DUTCH SHEPHERD<\/strong> draag je meer dan alleen kleding. Je laat zien dat jij en je herder \u00e9\u00e9n team zijn \u2014 slim, sterk en altijd klaar voor actie.<\/p>\n<p><a href=\"https:\/\/dogpride.nl\/de\/kleding\/hoodies\/dogs4me-hoodies\/\"><img loading=\"lazy\" decoding=\"async\" class=\"alignnone\" title=\"DOGS4ME Kapuzenpullover DUTCH SHEPHERD\" src=\"https:\/\/dogpride.nl\/wp-content\/uploads\/SWEATSHIRT-DUTCH-SHEPHERD2-2-150x150.jpg\" alt=\"DOGS4ME Hoodie DUTCH SHEPHERD\" width=\"150\" height=\"150\" \/><\/a><\/p>\n<p><a href=\"https:\/\/d4m.eu\/en\/\" target=\"_blank\" rel=\"noopener\"><img loading=\"lazy\" decoding=\"async\" class=\"alignnone wp-image-139645 size-medium\" src=\"https:\/\/dogpride.nl\/wp-content\/uploads\/Logo-Dogs4me-300x188.jpg\" alt=\"Logo\" width=\"300\" height=\"188\" srcset=\"https:\/\/dogpride.nl\/wp-content\/uploads\/Logo-Dogs4me-300x188.jpg 300w, https:\/\/dogpride.nl\/wp-content\/uploads\/Logo-Dogs4me-1024x640.jpg 1024w, https:\/\/dogpride.nl\/wp-content\/uploads\/Logo-Dogs4me-768x480.jpg 768w, https:\/\/dogpride.nl\/wp-content\/uploads\/Logo-Dogs4me-1536x960.jpg 1536w, https:\/\/dogpride.nl\/wp-content\/uploads\/Logo-Dogs4me-18x12.jpg 18w, https:\/\/dogpride.nl\/wp-content\/uploads\/Logo-Dogs4me-250x156.jpg 250w, https:\/\/dogpride.nl\/wp-content\/uploads\/Logo-Dogs4me-400x250.jpg 400w, https:\/\/dogpride.nl\/wp-content\/uploads\/Logo-Dogs4me.jpg 1680w\" sizes=\"auto, (max-width: 300px) 100vw, 300px\" \/><\/a><\/p>","protected":false},"excerpt":{"rendered":"<p>Hoodie mit einem Bild DUTCH SHEPHERD von DOGS4ME. Unisex-Hoodie mit integrierter Kapuze und K\u00e4ngurutasche auf der Vorderseite. Niederl\u00e4ndischer Sch\u00e4ferhund. Erh\u00e4ltlich in Rot und Blau.<\/p>","protected":false},"featured_media":44771,"template":"","meta":[],"product_brand":[],"product_cat":[3890],"product_tag":[],"class_list":{"0":"post-11627","1":"product","2":"type-product","3":"status-publish","4":"has-post-thumbnail","6":"product_cat-dogs4me-hoodies","8":"first","9":"instock","10":"taxable","11":"shipping-taxable","12":"purchasable","13":"product-type-variable"},"mb":[],"mfb_rest_fields":["title"],"_links":{"self":[{"href":"https:\/\/dogpride.nl\/de\/wp-json\/wp\/v2\/product\/11627","targetHints":{"allow":["GET"]}}],"collection":[{"href":"https:\/\/dogpride.nl\/de\/wp-json\/wp\/v2\/product"}],"about":[{"href":"https:\/\/dogpride.nl\/de\/wp-json\/wp\/v2\/types\/product"}],"wp:featuredmedia":[{"embeddable":true,"href":"https:\/\/dogpride.nl\/de\/wp-json\/wp\/v2\/media\/44771"}],"wp:attachment":[{"href":"https:\/\/dogpride.nl\/de\/wp-json\/wp\/v2\/media?parent=11627"}],"wp:term":[{"taxonomy":"product_brand","embeddable":true,"href":"https:\/\/dogpride.nl\/de\/wp-json\/wp\/v2\/product_brand?post=11627"},{"taxonomy":"product_cat","embeddable":true,"href":"https:\/\/dogpride.nl\/de\/wp-json\/wp\/v2\/product_cat?post=11627"},{"taxonomy":"product_tag","embeddable":true,"href":"https:\/\/dogpride.nl\/de\/wp-json\/wp\/v2\/product_tag?post=11627"}],"curies":[{"name":"wp","href":"https:\/\/api.w.org\/{rel}","templated":true}]}}