{"id":11615,"date":"2021-01-25T09:42:33","date_gmt":"2021-01-25T08:42:33","guid":{"rendered":"https:\/\/dogpride1.wpengine.com\/product\/d4m-kangaroo-dogsport-trainingjacket\/"},"modified":"2025-11-02T13:09:57","modified_gmt":"2025-11-02T12:09:57","slug":"dogs4me-kangaroo-dogsport-trainingjacket","status":"publish","type":"product","link":"https:\/\/dogpride.nl\/de\/dogs4me-kangaroo-dogsport-trainingjacket\/","title":{"rendered":"DOGS4ME Kangaroo Dogsport Trainingsjacke"},"content":{"rendered":"<h4>DOGS4ME Kangaroo Dogsport Trainingsjacke<\/h4>\n<p>DOGS4ME Kangaroo Dogsport Trainingsjacke<\/p>\n<ul>\n<li>Unisex-Anziehjacke mit gro\u00dfer K\u00e4ngurutasche vorne.<br \/>\nYKK-Rei\u00dfverschluss<br \/>\nTeilweise wasserdicht, Obermaterial (100% PES) auf der Unterseite gummiert<br \/>\nDie R\u00fcckseite der Jacke ist f\u00fcr einen besseren R\u00fcckenschutz leicht verl\u00e4ngert<br \/>\nDie Jacke ist gef\u00fcttert<br \/>\nBrusttasche mit Patte und YKK-Rei\u00dfverschluss<br \/>\n1 ger\u00e4umige Ges\u00e4\u00dftasche + eine gro\u00dfe Vordertasche f\u00fcr Trainingshilfen. Die Ges\u00e4\u00dftaschen k\u00f6nnen als 2 gro\u00dfe Taschen gen\u00e4ht werden.<br \/>\nDie Jacke hat eine Kapuze, die Teil des Kragens ist \u2013 geeignet f\u00fcr schlechtes Wetter. Diese Haube ist verschlie\u00dfbar.<br \/>\nVerstellbare B\u00fcndchen an den \u00c4rmeln mit Klettverschluss<br \/>\nTaille verstellbar<br \/>\nUnten befindet sich ein Kordelzug, um ein Unterblasen bei schlechtem Wetter zu verhindern<\/li>\n<\/ul>\n<p>Erh\u00e4ltlich in den Farben: Schwarz\/Blau, Schwarz\/Gr\u00fcn und Schwarz\/Orange<\/p>\n<p><strong>Gr\u00f6\u00dfentabelle:<\/strong><\/p>\n<p><img loading=\"lazy\" decoding=\"async\" class=\"alignnone wp-image-69610 size-full\" src=\"https:\/\/www.dogpride.nl\/wp-content\/uploads\/Maattabel-Kangaroo.png\" alt=\"\" width=\"610\" height=\"322\" srcset=\"https:\/\/dogpride.nl\/wp-content\/uploads\/Maattabel-Kangaroo.png 610w, https:\/\/dogpride.nl\/wp-content\/uploads\/Maattabel-Kangaroo-250x132.png 250w, https:\/\/dogpride.nl\/wp-content\/uploads\/Maattabel-Kangaroo-400x211.png 400w, https:\/\/dogpride.nl\/wp-content\/uploads\/Maattabel-Kangaroo-300x158.png 300w, https:\/\/dogpride.nl\/wp-content\/uploads\/Maattabel-Kangaroo-200x106.png 200w, https:\/\/dogpride.nl\/wp-content\/uploads\/Maattabel-Kangaroo-600x317.png 600w\" sizes=\"auto, (max-width: 610px) 100vw, 610px\" \/><\/p>\n<p><a href=\"https:\/\/dogpride.nl\/de\/kleding\/jassen\/dogs4me-jassen\/\"><img loading=\"lazy\" decoding=\"async\" class=\"alignnone\" title=\"DOGS4ME Kangaroo Dogsport Trainingsjacke\" src=\"https:\/\/dogpride.nl\/wp-content\/uploads\/kangaroo-dogsport-training-jacket-1-1-150x150.jpg\" alt=\"DOGS4ME Kangaroo Dogsport Trainingjacket\" width=\"150\" height=\"150\" \/><\/a><\/p>\n<p><a href=\"https:\/\/d4m.eu\/en\/\" target=\"_blank\" rel=\"noopener\"><img loading=\"lazy\" decoding=\"async\" class=\"alignnone wp-image-139645 size-thumbnail\" src=\"https:\/\/dogpride.nl\/wp-content\/uploads\/Logo-Dogs4me-150x150.jpg\" alt=\"Logo\" width=\"150\" height=\"150\" srcset=\"https:\/\/dogpride.nl\/wp-content\/uploads\/Logo-Dogs4me-150x150.jpg 150w, https:\/\/dogpride.nl\/wp-content\/uploads\/Logo-Dogs4me-100x100.jpg 100w\" sizes=\"auto, (max-width: 150px) 100vw, 150px\" \/><\/a><\/p>\n<p>&nbsp;<\/p>","protected":false},"excerpt":{"rendered":"<p>Unisex-Anziehjacke mit gro\u00dfer K\u00e4ngurutasche vorne. Die Jacke hat eine Kapuze, die Teil des Kragens ist \u2013 geeignet f\u00fcr schlechtes Wetter. Diese Haube ist verschlie\u00dfbar.<\/p>","protected":false},"featured_media":44753,"template":"","meta":[],"product_brand":[],"product_cat":[3859],"product_tag":[],"class_list":{"0":"post-11615","1":"product","2":"type-product","3":"status-publish","4":"has-post-thumbnail","6":"product_cat-dogs4me-jassen","8":"first","9":"instock","10":"taxable","11":"shipping-taxable","12":"purchasable","13":"product-type-variable"},"mb":[],"mfb_rest_fields":["title"],"_links":{"self":[{"href":"https:\/\/dogpride.nl\/de\/wp-json\/wp\/v2\/product\/11615","targetHints":{"allow":["GET"]}}],"collection":[{"href":"https:\/\/dogpride.nl\/de\/wp-json\/wp\/v2\/product"}],"about":[{"href":"https:\/\/dogpride.nl\/de\/wp-json\/wp\/v2\/types\/product"}],"wp:featuredmedia":[{"embeddable":true,"href":"https:\/\/dogpride.nl\/de\/wp-json\/wp\/v2\/media\/44753"}],"wp:attachment":[{"href":"https:\/\/dogpride.nl\/de\/wp-json\/wp\/v2\/media?parent=11615"}],"wp:term":[{"taxonomy":"product_brand","embeddable":true,"href":"https:\/\/dogpride.nl\/de\/wp-json\/wp\/v2\/product_brand?post=11615"},{"taxonomy":"product_cat","embeddable":true,"href":"https:\/\/dogpride.nl\/de\/wp-json\/wp\/v2\/product_cat?post=11615"},{"taxonomy":"product_tag","embeddable":true,"href":"https:\/\/dogpride.nl\/de\/wp-json\/wp\/v2\/product_tag?post=11615"}],"curies":[{"name":"wp","href":"https:\/\/api.w.org\/{rel}","templated":true}]}}