{"id":11614,"date":"2021-01-25T09:29:19","date_gmt":"2021-01-25T08:29:19","guid":{"rendered":"https:\/\/dogpride1.wpengine.com\/product\/d4m-convey-dogsport-trainingsjacket-2\/"},"modified":"2025-11-02T13:15:34","modified_gmt":"2025-11-02T12:15:34","slug":"dogs4me-convey-dogsport-trainingsjacket-2","status":"publish","type":"product","link":"https:\/\/dogpride.nl\/de\/dogs4me-convey-dogsport-trainingsjacket-2\/","title":{"rendered":"DOGS4ME Convey Dogsport Trainingsjacke"},"content":{"rendered":"<h4>DOGS4ME Convey Dogsport Trainingsjacke<\/h4>\n<p>Die DOGS4ME Convey Dogsport Trainingsjacke ist eine Unisex-Trainingsjacke mit Kapuze und den sogenannten French Pockets \u2013 Softshell mit 10.000 mm Wassers\u00e4ule und Atmungsaktivit\u00e4t 3.000 mm g\/m2\/24 Stunden<br \/>\nMarkenrei\u00dfverschl\u00fcsse YKK<br \/>\nHochwertige Strickb\u00fcndchen aus Baumwolle an den \u00c4rmeln<br \/>\n4 ger\u00e4umige Taschen vorne, 1 hinten<\/p>\n<ul>\n<li><strong>Diese Jacke hat standardm\u00e4\u00dfig einen normalen Rei\u00dfverschluss. Die Lieferzeit f\u00fcr eine Jacke mit Zwei-Wege-Rei\u00dfverschluss betr\u00e4gt 2-3 Wochen.<\/strong><\/li>\n<\/ul>\n<p><strong>Gr\u00f6\u00dfentabelle:<\/strong><\/p>\n<p><img loading=\"lazy\" decoding=\"async\" class=\"alignnone wp-image-69612 size-full\" src=\"https:\/\/www.dogpride.nl\/wp-content\/uploads\/Maattabel-Convey.png\" alt=\"\" width=\"581\" height=\"322\" srcset=\"https:\/\/dogpride.nl\/wp-content\/uploads\/Maattabel-Convey.png 581w, https:\/\/dogpride.nl\/wp-content\/uploads\/Maattabel-Convey-250x139.png 250w, https:\/\/dogpride.nl\/wp-content\/uploads\/Maattabel-Convey-400x222.png 400w, https:\/\/dogpride.nl\/wp-content\/uploads\/Maattabel-Convey-300x166.png 300w, https:\/\/dogpride.nl\/wp-content\/uploads\/Maattabel-Convey-200x111.png 200w\" sizes=\"auto, (max-width: 581px) 100vw, 581px\" \/><\/p>\n<p><a href=\"https:\/\/d4m.eu\/en\/\" target=\"_blank\" rel=\"noopener\"><img loading=\"lazy\" decoding=\"async\" class=\"alignnone wp-image-139645 size-thumbnail\" src=\"https:\/\/dogpride.nl\/wp-content\/uploads\/Logo-Dogs4me-150x150.jpg\" alt=\"Logo\" width=\"150\" height=\"150\" srcset=\"https:\/\/dogpride.nl\/wp-content\/uploads\/Logo-Dogs4me-150x150.jpg 150w, https:\/\/dogpride.nl\/wp-content\/uploads\/Logo-Dogs4me-100x100.jpg 100w\" sizes=\"auto, (max-width: 150px) 100vw, 150px\" \/><\/a><\/p>\n<p><a href=\"https:\/\/dogpride.nl\/de\/kleding\/jassen\/dogs4me-jassen\/\"><img loading=\"lazy\" decoding=\"async\" class=\"alignnone\" title=\"DOGS4ME Convey Dogsport Trainingsjacke\" src=\"https:\/\/dogpride.nl\/wp-content\/uploads\/convey-dogsport-training-jacket3-1-150x150.jpg\" alt=\"DOGS4ME Convey Dogsport Trainingsjacket\" width=\"150\" height=\"150\" \/><\/a><\/p>","protected":false},"excerpt":{"rendered":"<p>Unisex-Trainingsjacke mit Kapuze und den sogenannten French Pockets \u2013 Softshell mit 10.000 mm Wassers\u00e4ule und Atmungsaktivit\u00e4t 3.000 mm g\/m2\/24 Stunden.<\/p>","protected":false},"featured_media":44749,"template":"","meta":[],"product_brand":[],"product_cat":[3859],"product_tag":[],"class_list":{"0":"post-11614","1":"product","2":"type-product","3":"status-publish","4":"has-post-thumbnail","6":"product_cat-dogs4me-jassen","8":"first","9":"instock","10":"taxable","11":"shipping-taxable","12":"purchasable","13":"product-type-variable"},"mb":[],"mfb_rest_fields":["title"],"_links":{"self":[{"href":"https:\/\/dogpride.nl\/de\/wp-json\/wp\/v2\/product\/11614","targetHints":{"allow":["GET"]}}],"collection":[{"href":"https:\/\/dogpride.nl\/de\/wp-json\/wp\/v2\/product"}],"about":[{"href":"https:\/\/dogpride.nl\/de\/wp-json\/wp\/v2\/types\/product"}],"wp:featuredmedia":[{"embeddable":true,"href":"https:\/\/dogpride.nl\/de\/wp-json\/wp\/v2\/media\/44749"}],"wp:attachment":[{"href":"https:\/\/dogpride.nl\/de\/wp-json\/wp\/v2\/media?parent=11614"}],"wp:term":[{"taxonomy":"product_brand","embeddable":true,"href":"https:\/\/dogpride.nl\/de\/wp-json\/wp\/v2\/product_brand?post=11614"},{"taxonomy":"product_cat","embeddable":true,"href":"https:\/\/dogpride.nl\/de\/wp-json\/wp\/v2\/product_cat?post=11614"},{"taxonomy":"product_tag","embeddable":true,"href":"https:\/\/dogpride.nl\/de\/wp-json\/wp\/v2\/product_tag?post=11614"}],"curies":[{"name":"wp","href":"https:\/\/api.w.org\/{rel}","templated":true}]}}