{"id":11580,"date":"2020-12-30T11:52:24","date_gmt":"2020-12-30T10:52:24","guid":{"rendered":"https:\/\/dogpride1.wpengine.com\/product\/happy-pet-extreme-tugger-touwbal-2\/"},"modified":"2026-03-19T11:47:26","modified_gmt":"2026-03-19T10:47:26","slug":"happy-pet-extreme-tugger-touwbal-2","status":"publish","type":"product","link":"https:\/\/dogpride.nl\/de\/happy-pet-extreme-tugger-touwbal-2\/","title":{"rendered":"Happy Pet Extreme Tugger Seilball"},"content":{"rendered":"<h4>Happy Pet Extreme Tugger Seilball<\/h4>\n<p>Happy Pet Extreme Tugger Seilball<\/p>\n<p><a href=\"https:\/\/dogpride.nl\/de\/speelgoed\/flostouw\/\"><img loading=\"lazy\" decoding=\"async\" class=\"alignnone\" title=\"Happy Pet Extreme Tugger Seilball\" src=\"https:\/\/dogpride.nl\/wp-content\/uploads\/Nuts-for-Knots-Extreme-Tugger-Touwbal2-150x150.jpg\" alt=\"Happy pet Extreme Tugger Touwbal\" width=\"150\" height=\"150\" \/><\/a><\/p>\n<div>Dieser Ball ist f\u00fcr die starken Kauer unter uns gedacht. F\u00fcr diese Kauer ist dies das Spielzeug unter den Spielzeugen. Ihr Hund konnte noch nie so lange auf einem Ball kauen! Geben Sie Ihrem Hund diesen Ball und verhindern Sie unerw\u00fcnschtes Verhalten aus Langeweile.<\/div>\n<div><\/div>\n<div>Dank der am Ball angebrachten Schlaufe k\u00f6nnen Sie und Ihr Hund den Ball ganz einfach aufnehmen und mitnehmen oder damit spielen. St\u00e4rken Sie die Bindung zwischen Ihnen und Ihrem Hund durch gemeinsames Spielen. Dieser Schlepper ist ideal f\u00fcr Schiebe- und Ziehspiele. Sie k\u00f6nnen auch Apportierspiele spielen, Ihr Hund wird seinen Schlepper so sehr lieben, dass er ihn gerne f\u00fcr Sie holen wird.<\/div>\n<ul>\n<li>Het touw van deze Happy pet Extreme Tugger Touwbal\u00a0is goed voor de tanden en het tandvlees van jouw hond. Kauwen reinigt de bek en zorgt voor een goede mondhygi\u00ebne.<\/li>\n<\/ul>\n<div>Material: Baumwolle<\/div>\n<div>Ma\u00dfe: 39 cm Durchmesser, 60 cm lang inklusive Schlaufe<\/div>\n<div>Farbe: Rot und Grau<\/div>\n<div><\/div>\n<div><a href=\"https:\/\/www.licg.nl\/honden\/\" target=\"_blank\" rel=\"noopener\"><img loading=\"lazy\" decoding=\"async\" class=\"alignnone\" title=\"Happy Pet Extreme Tugger Seilball\" src=\"https:\/\/dogpride.nl\/wp-content\/uploads\/Nuts-for-Knots-Extreme-Tugger-Touwbal2-150x150.jpg\" alt=\"Happy pet Extreme Tugger Touwbal\" width=\"150\" height=\"150\" \/><\/a><\/div>","protected":false},"excerpt":{"rendered":"<div>Dieser Ball ist f\u00fcr die starken Kauer unter uns gedacht. F\u00fcr diese Kauer ist dies das Spielzeug unter den Spielzeugen. Ihr Hund konnte noch nie so lange auf einem Ball kauen! Geben Sie Ihrem Hund diesen Ball und verhindern Sie unerw\u00fcnschtes Verhalten aus Langeweile.<\/div>\n<div><\/div>","protected":false},"featured_media":44688,"template":"","meta":[],"product_brand":[],"product_cat":[361],"product_tag":[6202],"class_list":{"0":"post-11580","1":"product","2":"type-product","3":"status-publish","4":"has-post-thumbnail","6":"product_cat-flostouw","7":"product_tag-flostouw","9":"first","10":"instock","11":"taxable","12":"shipping-taxable","13":"purchasable","14":"product-type-simple"},"mb":[],"mfb_rest_fields":["title"],"_links":{"self":[{"href":"https:\/\/dogpride.nl\/de\/wp-json\/wp\/v2\/product\/11580","targetHints":{"allow":["GET"]}}],"collection":[{"href":"https:\/\/dogpride.nl\/de\/wp-json\/wp\/v2\/product"}],"about":[{"href":"https:\/\/dogpride.nl\/de\/wp-json\/wp\/v2\/types\/product"}],"wp:featuredmedia":[{"embeddable":true,"href":"https:\/\/dogpride.nl\/de\/wp-json\/wp\/v2\/media\/44688"}],"wp:attachment":[{"href":"https:\/\/dogpride.nl\/de\/wp-json\/wp\/v2\/media?parent=11580"}],"wp:term":[{"taxonomy":"product_brand","embeddable":true,"href":"https:\/\/dogpride.nl\/de\/wp-json\/wp\/v2\/product_brand?post=11580"},{"taxonomy":"product_cat","embeddable":true,"href":"https:\/\/dogpride.nl\/de\/wp-json\/wp\/v2\/product_cat?post=11580"},{"taxonomy":"product_tag","embeddable":true,"href":"https:\/\/dogpride.nl\/de\/wp-json\/wp\/v2\/product_tag?post=11580"}],"curies":[{"name":"wp","href":"https:\/\/api.w.org\/{rel}","templated":true}]}}