{"id":11578,"date":"2020-12-30T11:45:35","date_gmt":"2020-12-30T10:45:35","guid":{"rendered":"https:\/\/dogpride1.wpengine.com\/product\/happy-pet-extreme-tugger-grijs-oranje-55-cm-2\/"},"modified":"2026-03-19T11:48:32","modified_gmt":"2026-03-19T10:48:32","slug":"happy-pet-extreme-tugger-grijs-oranje-2","status":"publish","type":"product","link":"https:\/\/dogpride.nl\/de\/happy-pet-extreme-tugger-grijs-oranje-2\/","title":{"rendered":"Happy Pet Extreme Tugger Grau\/Orange"},"content":{"rendered":"<h4>Happy Pet Extreme Tugger Grau\/Orange<\/h4>\n<p>Happy Pet Extreme Tugger Grau\/Orange<\/p>\n<p><a href=\"https:\/\/dogpride.nl\/de\/\"><img loading=\"lazy\" decoding=\"async\" class=\"alignnone\" src=\"https:\/\/dogpride.nl\/wp-content\/uploads\/thumbnail2-3-150x150.jpg\" alt=\"Happy Pet Extreme Tugger Grijs\/Oranje\" width=\"150\" height=\"150\" \/><\/a><\/p>\n<div>Dieses Spielzeug ist f\u00fcr die kr\u00e4ftigen Kauer unter uns gedacht. F\u00fcr diese Kauer ist dies das Spielzeug unter den Spielzeugen. Ihr Hund konnte noch nie so lange auf einem Schlepper kauen! Geben Sie Ihrem Hund dieses Spielzeug und verhindern Sie unerw\u00fcnschtes Verhalten aus Langeweile.<\/div>\n<div><\/div>\n<div>Das Seil dieses Spielzeugs ist gut f\u00fcr die Z\u00e4hne und das Zahnfleisch Ihres Hundes. Kauen reinigt den Mund und sorgt f\u00fcr eine gute Mundhygiene. Dar\u00fcber hinaus k\u00f6nnen Sie mit Ihrem Hund ein lustiges Schiebe- und Ziehspiel spielen. Das gemeinsame Spielen st\u00e4rkt die Bindung zueinander und schafft Vertrauen zueinander.<\/div>\n<div><\/div>\n<div>Material: Baumwolle<\/div>\n<div>Gr\u00f6\u00dfe: 55 cm<\/div>\n<div>Farbe: Grau und Orange<\/div>\n<div><a href=\"https:\/\/www.licg.nl\/honden\/\" target=\"_blank\" rel=\"noopener\"><img loading=\"lazy\" decoding=\"async\" class=\"alignnone\" title=\"Happy Pet Extreme Tugger Grau\/Orange\" src=\"https:\/\/dogpride.nl\/wp-content\/uploads\/thumbnail2-3-150x150.jpg\" alt=\"Happy Pet Extreme Tugger Grijs\/Oranje\" width=\"150\" height=\"150\" \/><\/a><\/div>","protected":false},"excerpt":{"rendered":"<p>Dieses Spielzeug ist f\u00fcr die kr\u00e4ftigen Kauer unter uns gedacht. F\u00fcr diese Kauer ist dies das Spielzeug unter den Spielzeugen. Ihr Hund konnte noch nie so lange auf einem Schlepper kauen! Geben Sie Ihrem Hund dieses Spielzeug und verhindern Sie unerw\u00fcnschtes Verhalten aus Langeweile.<\/p>","protected":false},"featured_media":91453,"template":"","meta":[],"product_brand":[],"product_cat":[361],"product_tag":[6202],"class_list":{"0":"post-11578","1":"product","2":"type-product","3":"status-publish","4":"has-post-thumbnail","6":"product_cat-flostouw","7":"product_tag-flostouw","9":"first","10":"onbackorder","11":"taxable","12":"shipping-taxable","13":"purchasable","14":"product-type-simple"},"mb":[],"mfb_rest_fields":["title"],"_links":{"self":[{"href":"https:\/\/dogpride.nl\/de\/wp-json\/wp\/v2\/product\/11578","targetHints":{"allow":["GET"]}}],"collection":[{"href":"https:\/\/dogpride.nl\/de\/wp-json\/wp\/v2\/product"}],"about":[{"href":"https:\/\/dogpride.nl\/de\/wp-json\/wp\/v2\/types\/product"}],"wp:featuredmedia":[{"embeddable":true,"href":"https:\/\/dogpride.nl\/de\/wp-json\/wp\/v2\/media\/91453"}],"wp:attachment":[{"href":"https:\/\/dogpride.nl\/de\/wp-json\/wp\/v2\/media?parent=11578"}],"wp:term":[{"taxonomy":"product_brand","embeddable":true,"href":"https:\/\/dogpride.nl\/de\/wp-json\/wp\/v2\/product_brand?post=11578"},{"taxonomy":"product_cat","embeddable":true,"href":"https:\/\/dogpride.nl\/de\/wp-json\/wp\/v2\/product_cat?post=11578"},{"taxonomy":"product_tag","embeddable":true,"href":"https:\/\/dogpride.nl\/de\/wp-json\/wp\/v2\/product_tag?post=11578"}],"curies":[{"name":"wp","href":"https:\/\/api.w.org\/{rel}","templated":true}]}}