{"id":114624,"date":"2023-10-17T11:21:42","date_gmt":"2023-10-17T09:21:42","guid":{"rendered":"https:\/\/dogpride.nl\/?post_type=product&#038;p=114624"},"modified":"2025-11-27T16:09:29","modified_gmt":"2025-11-27T15:09:29","slug":"arrak-sherpa-womens-fleece-jacket-hvit","status":"publish","type":"product","link":"https:\/\/dogpride.nl\/de\/arrak-sherpa-womens-fleece-jacket-hvit\/","title":{"rendered":"Arrak Sherpa Women&#8217;s Fleece Jacket"},"content":{"rendered":"<h4>Arrak Sherpa Women&#8217;s Fleece Jacket<\/h4>\n<p>Arrak Sherpa Women&#8217;s Fleece Jacket<\/p>\n<p><strong>Arrak Sherpa Women&#8217;s Fleece Jacket:<\/strong>\u00a0De ideale jas voor actieve hondenbezitters. Zacht, functioneel en ontworpen voor comfort.<br \/>\nGemaakt van 100% polyester met meerdere praktische zakken.<br \/>\nGewicht: 590g in maat M.<\/p>\n<h3>Arrak Sherpa Women&#8217;s Fleece Jacket \u2013 perfect voor hondenbezitters onderweg<\/h3>\n<p>Voor de actieve hondenbezitter die op zoek is naar een mix van stijl, comfort en functionaliteit, introduceren we onze Sherpa Fleece Jacket voor vrouwen.<br \/>\nHet zachte en heerlijke Sherpa Pilefleece-ontwerp zorgt ervoor dat je warm blijft tijdens kille wandelingen met je trouwe viervoeter.<\/p>\n<ul>\n<li><strong>Hoogwaardig materiaal:<\/strong>\u00a0Deze jas is gemaakt van 100% polyester pilefleece en is niet alleen ongelooflijk zacht, maar ook duurzaam &#8211; perfect voor dagelijkse wandelingen of buitenavonturen.<\/li>\n<li><strong>Meerdere zakken:<\/strong>\u00a0Uitgerust met 1 grote borstzak, 2 handzakken en een uniek tunnelvak aan de achterkant &#8211; allemaal beveiligd met ritsen &#8211; heb je voldoende ruimte voor hondensnoepjes, sleutels of andere benodigdheden.<\/li>\n<li><strong>Ontworpen voor comfort:<\/strong>\u00a0Elastische banden aan de mouwuiteinden en aan de onderkant zorgen voor een goede pasvorm, terwijl de 2-weg ritssluiting aan de voorkant zorgt voor flexibiliteit en ademend vermogen.<\/li>\n<li><strong>Lichtgewicht en gezellig:<\/strong>\u00a0Ondanks de vele functies weegt de jas slechts 590 g in maat M, waardoor hij ideaal is voor actieve dagen.<\/li>\n<\/ul>\n<p>Voor hondenbezitters die op zoek zijn naar een jas die past bij hun actieve levensstijl zonder concessies te doen aan stijl en comfort, is onze Arrak Sherpa Women&#8217;s Fleece Jacket de beste keuze.<\/p>\n<p>Erh\u00e4ltlich in den Gr\u00f6\u00dfen: XS bis 3XL<\/p>\n<p>Leverbaar in de kleuren: Hvit, Zwart, Olive en Donkerrood<\/p>\n<h3>Gr\u00f6\u00dfentabelle:<\/h3>\n<p><img loading=\"lazy\" decoding=\"async\" class=\"alignnone size-full wp-image-114633\" src=\"https:\/\/dogpride.nl\/wp-content\/uploads\/Maattbel-dames-tops.jpg\" alt=\"Maattabel\" width=\"731\" height=\"860\" srcset=\"https:\/\/dogpride.nl\/wp-content\/uploads\/Maattbel-dames-tops.jpg 731w, https:\/\/dogpride.nl\/wp-content\/uploads\/Maattbel-dames-tops-250x294.jpg 250w, https:\/\/dogpride.nl\/wp-content\/uploads\/Maattbel-dames-tops-400x471.jpg 400w, https:\/\/dogpride.nl\/wp-content\/uploads\/Maattbel-dames-tops-255x300.jpg 255w, https:\/\/dogpride.nl\/wp-content\/uploads\/Maattbel-dames-tops-10x12.jpg 10w\" sizes=\"auto, (max-width: 731px) 100vw, 731px\" \/><\/p>\n<p><a href=\"https:\/\/arrakoutdoor.com\/\" target=\"_blank\" rel=\"noopener\"><img loading=\"lazy\" decoding=\"async\" class=\"alignnone wp-image-139301 size-medium\" src=\"https:\/\/dogpride.nl\/wp-content\/uploads\/Arrak-300x118.jpeg\" alt=\"Logo\" width=\"300\" height=\"118\" srcset=\"https:\/\/dogpride.nl\/wp-content\/uploads\/Arrak-300x118.jpeg 300w, https:\/\/dogpride.nl\/wp-content\/uploads\/Arrak-768x303.jpeg 768w, https:\/\/dogpride.nl\/wp-content\/uploads\/Arrak-18x7.jpeg 18w, https:\/\/dogpride.nl\/wp-content\/uploads\/Arrak-250x99.jpeg 250w, https:\/\/dogpride.nl\/wp-content\/uploads\/Arrak-400x158.jpeg 400w, https:\/\/dogpride.nl\/wp-content\/uploads\/Arrak.jpeg 916w\" sizes=\"auto, (max-width: 300px) 100vw, 300px\" \/><\/a><\/p>\n<p><a href=\"https:\/\/dogpride.nl\/de\/kleding\/jassen\/arrak-outdoor-jassen\/\"><img loading=\"lazy\" decoding=\"async\" class=\"alignnone\" title=\"Arrak Sherpa Women's Fleece Jacket\" src=\"https:\/\/dogpride.nl\/wp-content\/uploads\/27045_red_front1_web-150x150.jpg\" alt=\"Arrak Sherpa Women's Fleece Jacket\" width=\"150\" height=\"150\" \/><\/a><\/p>","protected":false},"excerpt":{"rendered":"<p><strong>Sherpa Fleece Jas voor Dames:<\/strong>\u00a0De ideale jas voor actieve hondenbezitters. Zacht, functioneel en ontworpen voor comfort. Gemaakt van 100% polyester met meerdere praktische zakken. Gewicht: 590g in maat M.<\/p>","protected":false},"featured_media":114630,"template":"","meta":[],"product_brand":[],"product_cat":[3853],"product_tag":[3335,4768,6419,6420,6417,6418],"class_list":{"0":"post-114624","1":"product","2":"type-product","3":"status-publish","4":"has-post-thumbnail","6":"product_cat-arrak-outdoor-dames-jassen","7":"product_tag-arrak","8":"product_tag-dames","9":"product_tag-fleece-jacket","10":"product_tag-hvit","11":"product_tag-sherpa","12":"product_tag-womens","14":"first","15":"instock","16":"taxable","17":"shipping-taxable","18":"purchasable","19":"product-type-variable"},"mb":[],"mfb_rest_fields":["title"],"_links":{"self":[{"href":"https:\/\/dogpride.nl\/de\/wp-json\/wp\/v2\/product\/114624","targetHints":{"allow":["GET"]}}],"collection":[{"href":"https:\/\/dogpride.nl\/de\/wp-json\/wp\/v2\/product"}],"about":[{"href":"https:\/\/dogpride.nl\/de\/wp-json\/wp\/v2\/types\/product"}],"wp:featuredmedia":[{"embeddable":true,"href":"https:\/\/dogpride.nl\/de\/wp-json\/wp\/v2\/media\/114630"}],"wp:attachment":[{"href":"https:\/\/dogpride.nl\/de\/wp-json\/wp\/v2\/media?parent=114624"}],"wp:term":[{"taxonomy":"product_brand","embeddable":true,"href":"https:\/\/dogpride.nl\/de\/wp-json\/wp\/v2\/product_brand?post=114624"},{"taxonomy":"product_cat","embeddable":true,"href":"https:\/\/dogpride.nl\/de\/wp-json\/wp\/v2\/product_cat?post=114624"},{"taxonomy":"product_tag","embeddable":true,"href":"https:\/\/dogpride.nl\/de\/wp-json\/wp\/v2\/product_tag?post=114624"}],"curies":[{"name":"wp","href":"https:\/\/api.w.org\/{rel}","templated":true}]}}