{"id":114365,"date":"2023-10-02T17:49:27","date_gmt":"2023-10-02T15:49:27","guid":{"rendered":"https:\/\/dogpride.nl\/?post_type=product&#038;p=114365"},"modified":"2025-11-27T16:20:22","modified_gmt":"2025-11-27T15:20:22","slug":"arrak-powerfleece-vest-woman","status":"publish","type":"product","link":"https:\/\/dogpride.nl\/de\/arrak-powerfleece-vest-woman\/","title":{"rendered":"ARRAK Powerfleece Vest Woman"},"content":{"rendered":"<h4>ARRAK Powerfleece Vest Woman<\/h4>\n<p>ARRAK Powerfleece Vest Woman<\/p>\n<p>Een zacht en heerlijk fleece vest met een moderne pasvorm in stretch materiaal. 91% polyester\/9 spandex. Geborsteld zacht van binnen. Het vest heeft handzakken en 2 borstzakken met ritsen en een slimme en praktische achterzak, ook met een rits.<br \/>\nGewicht in maat M 418g.<br \/>\nStrakkere pasvorm en iets getailleerde taille.<\/p>\n<p>Leverbaar in de kleuren: Zwart, Navy Blue, Fuchsia, Burt Orange en Olive<\/p>\n<p>Erh\u00e4ltlich in den Gr\u00f6\u00dfen: XS bis 3XL<\/p>\n<h3>Spezifikationen:<\/h3>\n<ul>\n<li>Fleece met geborstelde zachte binnenkant<\/li>\n<li>91% Polyester\/9% Spandex<\/li>\n<li>Ges\u00e4\u00dftasche mit Rei\u00dfverschluss<\/li>\n<li>Rei\u00dfverschlusstaschen f\u00fcr die H\u00e4nde<\/li>\n<li>Brusttaschen mit Rei\u00dfverschluss<\/li>\n<li>Enge Passform<\/li>\n<li>Licht genaaid in de taille<\/li>\n<li>Gewicht in maat M 418g<\/li>\n<\/ul>\n<h3>Gr\u00f6\u00dfentabelle:<\/h3>\n<p><img loading=\"lazy\" decoding=\"async\" class=\"alignnone size-full wp-image-114376\" src=\"https:\/\/dogpride.nl\/wp-content\/uploads\/Maattabel-Womens-tops.jpg\" alt=\"Maattabel\" width=\"699\" height=\"844\" srcset=\"https:\/\/dogpride.nl\/wp-content\/uploads\/Maattabel-Womens-tops.jpg 699w, https:\/\/dogpride.nl\/wp-content\/uploads\/Maattabel-Womens-tops-250x302.jpg 250w, https:\/\/dogpride.nl\/wp-content\/uploads\/Maattabel-Womens-tops-400x483.jpg 400w, https:\/\/dogpride.nl\/wp-content\/uploads\/Maattabel-Womens-tops-248x300.jpg 248w, https:\/\/dogpride.nl\/wp-content\/uploads\/Maattabel-Womens-tops-10x12.jpg 10w\" sizes=\"auto, (max-width: 699px) 100vw, 699px\" \/><\/p>\n<p><a href=\"https:\/\/dogpride.nl\/de\/kleding\/trainingsvesten\/arrak-outdoor-trainingsvesten\/\"><img loading=\"lazy\" decoding=\"async\" class=\"alignnone\" title=\"ARRAK Powerfleece Vest Woman Fuchsia\" src=\"https:\/\/dogpride.nl\/wp-content\/uploads\/03.front2_22024_fuchsia_web-150x150.jpg\" alt=\"ARRAK Powerfleece Vest Woman Fuchsia\" width=\"150\" height=\"150\" \/><\/a><\/p>\n<p><a href=\"https:\/\/arrakoutdoor.com\/?gad_source=1&amp;gad_campaignid=17831368039&amp;gbraid=0AAAAADMpsjTjxSYI2mZf6V1fkFItM3rbI&amp;gclid=CjwKCAjw04HIBhB8EiwA8jGNbTSr_IrZliX_1ll-eRCGY88bPjxKvRAx4fBVTE8nCv4BRbxzY3V8bhoCVJkQAvD_BwE\" target=\"_blank\" rel=\"noopener\"><img loading=\"lazy\" decoding=\"async\" class=\"alignnone wp-image-139301 size-medium\" src=\"https:\/\/dogpride.nl\/wp-content\/uploads\/Arrak-300x118.jpeg\" alt=\"Logo\" width=\"300\" height=\"118\" srcset=\"https:\/\/dogpride.nl\/wp-content\/uploads\/Arrak-300x118.jpeg 300w, https:\/\/dogpride.nl\/wp-content\/uploads\/Arrak-768x303.jpeg 768w, https:\/\/dogpride.nl\/wp-content\/uploads\/Arrak-18x7.jpeg 18w, https:\/\/dogpride.nl\/wp-content\/uploads\/Arrak-250x99.jpeg 250w, https:\/\/dogpride.nl\/wp-content\/uploads\/Arrak-400x158.jpeg 400w, https:\/\/dogpride.nl\/wp-content\/uploads\/Arrak.jpeg 916w\" sizes=\"auto, (max-width: 300px) 100vw, 300px\" \/><\/a><\/p>","protected":false},"excerpt":{"rendered":"<p>Een zacht en heerlijk fleece vest met een moderne pasvorm in stretch materiaal. 91% polyester\/9 spandex. Geborsteld zacht van binnen. Het vest heeft handzakken en 2 borstzakken met ritsen en een slimme en praktische achterzak, ook met een rits.<\/p>","protected":false},"featured_media":114370,"template":"","meta":[],"product_brand":[],"product_cat":[3870],"product_tag":[3335,6392,4152,4827],"class_list":{"0":"post-114365","1":"product","2":"type-product","3":"status-publish","4":"has-post-thumbnail","6":"product_cat-arrak-outdoor-dames-trainingsvesten","7":"product_tag-arrak","8":"product_tag-powerfleece","9":"product_tag-vest","10":"product_tag-woman","12":"first","13":"instock","14":"taxable","15":"shipping-taxable","16":"purchasable","17":"product-type-variable"},"mb":[],"mfb_rest_fields":["title"],"_links":{"self":[{"href":"https:\/\/dogpride.nl\/de\/wp-json\/wp\/v2\/product\/114365","targetHints":{"allow":["GET"]}}],"collection":[{"href":"https:\/\/dogpride.nl\/de\/wp-json\/wp\/v2\/product"}],"about":[{"href":"https:\/\/dogpride.nl\/de\/wp-json\/wp\/v2\/types\/product"}],"wp:featuredmedia":[{"embeddable":true,"href":"https:\/\/dogpride.nl\/de\/wp-json\/wp\/v2\/media\/114370"}],"wp:attachment":[{"href":"https:\/\/dogpride.nl\/de\/wp-json\/wp\/v2\/media?parent=114365"}],"wp:term":[{"taxonomy":"product_brand","embeddable":true,"href":"https:\/\/dogpride.nl\/de\/wp-json\/wp\/v2\/product_brand?post=114365"},{"taxonomy":"product_cat","embeddable":true,"href":"https:\/\/dogpride.nl\/de\/wp-json\/wp\/v2\/product_cat?post=114365"},{"taxonomy":"product_tag","embeddable":true,"href":"https:\/\/dogpride.nl\/de\/wp-json\/wp\/v2\/product_tag?post=114365"}],"curies":[{"name":"wp","href":"https:\/\/api.w.org\/{rel}","templated":true}]}}