{"id":113905,"date":"2023-08-23T16:37:32","date_gmt":"2023-08-23T14:37:32","guid":{"rendered":"https:\/\/dogpride.nl\/?post_type=product&#038;p=113905"},"modified":"2026-03-25T17:48:03","modified_gmt":"2026-03-25T16:48:03","slug":"modern-icon-soepele-hondenhalsband-45mm","status":"publish","type":"product","link":"https:\/\/dogpride.nl\/de\/modern-icon-soepele-hondenhalsband-45mm\/","title":{"rendered":"Modern Icon Soepele hondenhalsband 45mm"},"content":{"rendered":"<h4>Modern Icon Soepele hondenhalsband 45mm<\/h4>\n<p>Modern Icon Soepele hondenhalsband 45mm<\/p>\n<p class=\"DVHrxd\"><span class=\"\">Dieses flexible Hundehalsband ist ein robustes und langlebiges taktisches K9-Halsband<\/span><\/p>\n<div class=\"DVHrxd\">Dieses geschmeidige Halsband besteht aus Materialien in Milit\u00e4rqualit\u00e4t und Kletterausr\u00fcstung.<\/div>\n<p><span class=\"jCAhz ChMk0b\"><span class=\"ryNqvb\">Dieses robuste Halsband wird von Hundeeinheiten (K9) auf der ganzen Welt verwendet und ist f\u00fcr die h\u00e4rtesten Arbeitshunde konzipiert.\u00a0<\/span><\/span><span class=\"jCAhz ChMk0b\"><span class=\"ryNqvb\">Das Halsband wurde haupts\u00e4chlich f\u00fcr Arbeitshunde des Milit\u00e4rs (MWD), der Polizei (LEO), des Personenschutzes und des Schutzhundes (IPO) entwickelt und ist einfach anzupassen und flexibel<\/span><\/span>\u00a0.<\/p>\n<p><span class=\"jCAhz ChMk0b\"><span class=\"ryNqvb\">Dank an <strong>ISC Click-Lock-Schnalle<\/strong> Das Halsband l\u00e4sst sich leicht an- und ausziehen, w\u00e4hrend die versenkten Entriegelungslaschen ein versehentliches L\u00f6sen der Schnalle verhindern.<br \/>\n<\/span><\/span><\/p>\n<p><span class=\"HwtZe\" lang=\"fr\">Bandbreedte 45 mm.<\/span><\/p>\n<h3><span class=\"HwtZe\" lang=\"fr\">Gr\u00f6\u00dfen:<\/span><\/h3>\n<ul>\n<li>M &gt; 41-51 cm<\/li>\n<li>L &gt; 48\u201358 cm<\/li>\n<li>XL &gt; 56\u201366 cm<\/li>\n<\/ul>\n<p>Erh\u00e4ltlich in den Farben Schwarz, Grau und Coyote<\/p>\n<p><span class=\"HwtZe\" lang=\"fr\">Hergestellt in den USA<\/span><\/p>\n<p>&nbsp;<\/p>\n<p><a href=\"https:\/\/dogpride.nl\/de\/hondenhalsbanden\/modern-icon-hondenhalsbanden\/\"><img loading=\"lazy\" decoding=\"async\" class=\"alignnone\" title=\"Modern Icon Soepele hondenhalsband 45mm\" src=\"https:\/\/dogpride.nl\/wp-content\/uploads\/verybig-5833-5-150x150.jpg\" alt=\"Modern Icon Soepele hondenhalsband 45mm\" width=\"150\" height=\"150\" \/><\/a><\/p>\n<p><a href=\"https:\/\/www.modernicon.us\/\" target=\"_blank\" rel=\"noopener\"><img loading=\"lazy\" decoding=\"async\" class=\"alignnone wp-image-113890 size-medium\" src=\"https:\/\/dogpride.nl\/wp-content\/uploads\/Modern-Icon-Full-Logo-300x91.png\" alt=\"Modern Icon\" width=\"300\" height=\"91\" srcset=\"https:\/\/dogpride.nl\/wp-content\/uploads\/Modern-Icon-Full-Logo-300x91.png 300w, https:\/\/dogpride.nl\/wp-content\/uploads\/Modern-Icon-Full-Logo-250x75.png 250w, https:\/\/dogpride.nl\/wp-content\/uploads\/Modern-Icon-Full-Logo-18x5.png 18w, https:\/\/dogpride.nl\/wp-content\/uploads\/Modern-Icon-Full-Logo.png 361w\" sizes=\"auto, (max-width: 300px) 100vw, 300px\" \/><\/a><\/p>","protected":false},"excerpt":{"rendered":"<p><span class=\"jCAhz ChMk0b\"><span class=\"ryNqvb\">Dieses robuste Halsband wird von Hundeeinheiten (K9) auf der ganzen Welt verwendet und ist f\u00fcr die h\u00e4rtesten Arbeitshunde konzipiert.\u00a0<\/span><\/span><span class=\"jCAhz ChMk0b\"><span class=\"ryNqvb\">Das Halsband ist haupts\u00e4chlich f\u00fcr Arbeitshunde des Milit\u00e4rs (MWD), der Polizei (LEO), des Personenschutzes und des Schutzhundes (IPO) konzipiert<\/span><\/span><\/p>","protected":false},"featured_media":113906,"template":"","meta":[],"product_brand":[],"product_cat":[6348],"product_tag":[6352,6349,5131,6351],"class_list":{"0":"post-113905","1":"product","2":"type-product","3":"status-publish","4":"has-post-thumbnail","6":"product_cat-modern-icon-hondenhalsbanden","7":"product_tag-38mm","8":"product_tag-hondenhalsband","9":"product_tag-modern-icon","10":"product_tag-soepele","12":"first","13":"instock","14":"taxable","15":"shipping-taxable","16":"purchasable","17":"product-type-variable"},"mb":[],"mfb_rest_fields":["title"],"_links":{"self":[{"href":"https:\/\/dogpride.nl\/de\/wp-json\/wp\/v2\/product\/113905","targetHints":{"allow":["GET"]}}],"collection":[{"href":"https:\/\/dogpride.nl\/de\/wp-json\/wp\/v2\/product"}],"about":[{"href":"https:\/\/dogpride.nl\/de\/wp-json\/wp\/v2\/types\/product"}],"wp:featuredmedia":[{"embeddable":true,"href":"https:\/\/dogpride.nl\/de\/wp-json\/wp\/v2\/media\/113906"}],"wp:attachment":[{"href":"https:\/\/dogpride.nl\/de\/wp-json\/wp\/v2\/media?parent=113905"}],"wp:term":[{"taxonomy":"product_brand","embeddable":true,"href":"https:\/\/dogpride.nl\/de\/wp-json\/wp\/v2\/product_brand?post=113905"},{"taxonomy":"product_cat","embeddable":true,"href":"https:\/\/dogpride.nl\/de\/wp-json\/wp\/v2\/product_cat?post=113905"},{"taxonomy":"product_tag","embeddable":true,"href":"https:\/\/dogpride.nl\/de\/wp-json\/wp\/v2\/product_tag?post=113905"}],"curies":[{"name":"wp","href":"https:\/\/api.w.org\/{rel}","templated":true}]}}