{"id":113892,"date":"2023-08-23T16:08:09","date_gmt":"2023-08-23T14:08:09","guid":{"rendered":"https:\/\/dogpride.nl\/?post_type=product&#038;p=113892"},"modified":"2025-11-18T12:56:43","modified_gmt":"2025-11-18T11:56:43","slug":"modern-icon-hondenhalsband-25mm","status":"publish","type":"product","link":"https:\/\/dogpride.nl\/de\/modern-icon-hondenhalsband-25mm\/","title":{"rendered":"Modernes Icon-Hundehalsband 25 mm"},"content":{"rendered":"<h2>Modernes Icon-Hundehalsband 25 mm<\/h2>\n<p>Modernes Icon-Hundehalsband 25 mm<\/p>\n<p><span class=\"HwtZe\" lang=\"fr\"><span class=\"jCAhz ChMk0b\"><span class=\"ryNqvb\"><span class=\"\">Der 2,5 cm breite Hartkragen besteht aus Materialien in Milit\u00e4rqualit\u00e4t und Kletterausr\u00fcstung und ist der robusteste und langlebigste taktische K9-Halsband der Branche.<\/span><\/span><\/span><\/span><\/p>\n<p><span class=\"jCAhz ChMk0b\"><span class=\"ryNqvb\">Dieses langlebige Halsband wird von Hundeeinheiten auf der ganzen Welt verwendet und ist f\u00fcr die h\u00e4rtesten Arbeitshunde konzipiert.<\/span><\/span><\/p>\n<p><span class=\"jCAhz ChMk0b\"><span class=\"ryNqvb\">Dieses flache Design und\u00a0<\/span><\/span><strong>ISC-KLICKSPERRE<\/strong> Schlie\u00dfung <span class=\"HwtZe\" lang=\"fr\"><span class=\"jCAhz ChMk0b\"><span class=\"ryNqvb\">bietet mehr Platz zum Tragen zus\u00e4tzlicher Halsb\u00e4nder (E-Halsb\u00e4nder, Ketten usw.) oder f\u00fcr Hunde mit k\u00fcrzerem Hals. <\/span><\/span><span class=\"jCAhz ChMk0b\"><span class=\"ryNqvb\">Das starre Design ist in erster Linie f\u00fcr Arbeitshunde des Milit\u00e4rs (MWD), der Polizei (LEO), des Personenschutzes und des Schutzhundes (IPO) konzipiert. Das starre Design erm\u00f6glicht es dem Hundef\u00fchrer, mit dem K\u00f6rper des Halsbandes Druck auf die Punkte hinter den Ohren auszu\u00fcben, um manuell zu \u201eziehen\u201c.\u00a0<\/span><\/span><span class=\"jCAhz ChMk0b\"><span class=\"ryNqvb\">der Hund\u00a0<\/span><\/span><span class=\"jCAhz ChMk0b\"><span class=\"ryNqvb\">aus<\/span><\/span>\u00a0nimm einen Happen<span class=\"jCAhz ChMk0b\"><span class=\"ryNqvb\"> wenn er nicht mehr auf Befehle reagiert<\/span><\/span><\/span>.<span class=\"HwtZe\" lang=\"fr\"><span class=\"jCAhz ChMk0b\"><span class=\"ryNqvb\"><br \/>\n<\/span><\/span><\/span><\/p>\n<h3><span class=\"HwtZe\" lang=\"fr\">Modernes Icon-Hundehalsband 25 mm.<\/span><\/h3>\n<p><strong><span class=\"HwtZe\" lang=\"fr\">Gr\u00f6\u00dfen:<\/span><\/strong><\/p>\n<ul>\n<li>S &gt; 33-43 cm<\/li>\n<li>M &gt; 41-51 cm<\/li>\n<li>L &gt; 48\u201358 cm<\/li>\n<li>XL &gt; 56\u201366 cm<\/li>\n<\/ul>\n<p>Erh\u00e4ltlich in den Farben Schwarz und Coyote<\/p>\n<p><span class=\"HwtZe\" lang=\"fr\"><span class=\"VIpgJd-yAWNEb-VIpgJd-fmcmS-sn54Q\">Hergestellt in den USA<\/span><\/span><\/p>\n<p><a href=\"https:\/\/dogpride.nl\/de\/hondenhalsbanden\/modern-icon-hondenhalsbanden\/\"><img loading=\"lazy\" decoding=\"async\" class=\"alignnone\" title=\"Modernes Icon-Hundehalsband 25 mm\" src=\"https:\/\/dogpride.nl\/wp-content\/uploads\/verybig-5832-3-150x150.jpg\" alt=\"Modern Icon hondenhalsband 25mm\" width=\"150\" height=\"150\" \/><\/a><\/p>\n<p>&nbsp;<\/p>\n<p><a href=\"https:\/\/www.modernicon.us\/\" target=\"_blank\" rel=\"noopener\"><img loading=\"lazy\" decoding=\"async\" class=\"alignnone wp-image-113890 size-medium\" src=\"https:\/\/dogpride.nl\/wp-content\/uploads\/Modern-Icon-Full-Logo-300x91.png\" alt=\"Modern Icon\" width=\"300\" height=\"91\" srcset=\"https:\/\/dogpride.nl\/wp-content\/uploads\/Modern-Icon-Full-Logo-300x91.png 300w, https:\/\/dogpride.nl\/wp-content\/uploads\/Modern-Icon-Full-Logo-250x75.png 250w, https:\/\/dogpride.nl\/wp-content\/uploads\/Modern-Icon-Full-Logo-18x5.png 18w, https:\/\/dogpride.nl\/wp-content\/uploads\/Modern-Icon-Full-Logo.png 361w\" sizes=\"auto, (max-width: 300px) 100vw, 300px\" \/><\/a><\/p>","protected":false},"excerpt":{"rendered":"<p><span class=\"HwtZe\" lang=\"fr\"><span class=\"jCAhz ChMk0b\"><span class=\"ryNqvb\"><span class=\"\">Der 2,5 cm breite Hartkragen mit <strong>ISC-KLICKSPERRE<\/strong> Der Verschluss besteht aus Materialien und Kletterausr\u00fcstung in Milit\u00e4rqualit\u00e4t und gew\u00e4hrleistet so das st\u00e4rkste und langlebigste taktische K9-Halsband der Branche.<\/span><\/span><\/span><\/span><\/p>","protected":false},"featured_media":113893,"template":"","meta":[],"product_brand":[],"product_cat":[6348],"product_tag":[6350,6349,5131],"class_list":{"0":"post-113892","1":"product","2":"type-product","3":"status-publish","4":"has-post-thumbnail","6":"product_cat-modern-icon-hondenhalsbanden","7":"product_tag-25mm","8":"product_tag-hondenhalsband","9":"product_tag-modern-icon","11":"first","12":"instock","13":"taxable","14":"shipping-taxable","15":"purchasable","16":"product-type-variable"},"mb":[],"mfb_rest_fields":["title"],"_links":{"self":[{"href":"https:\/\/dogpride.nl\/de\/wp-json\/wp\/v2\/product\/113892","targetHints":{"allow":["GET"]}}],"collection":[{"href":"https:\/\/dogpride.nl\/de\/wp-json\/wp\/v2\/product"}],"about":[{"href":"https:\/\/dogpride.nl\/de\/wp-json\/wp\/v2\/types\/product"}],"wp:featuredmedia":[{"embeddable":true,"href":"https:\/\/dogpride.nl\/de\/wp-json\/wp\/v2\/media\/113893"}],"wp:attachment":[{"href":"https:\/\/dogpride.nl\/de\/wp-json\/wp\/v2\/media?parent=113892"}],"wp:term":[{"taxonomy":"product_brand","embeddable":true,"href":"https:\/\/dogpride.nl\/de\/wp-json\/wp\/v2\/product_brand?post=113892"},{"taxonomy":"product_cat","embeddable":true,"href":"https:\/\/dogpride.nl\/de\/wp-json\/wp\/v2\/product_cat?post=113892"},{"taxonomy":"product_tag","embeddable":true,"href":"https:\/\/dogpride.nl\/de\/wp-json\/wp\/v2\/product_tag?post=113892"}],"curies":[{"name":"wp","href":"https:\/\/api.w.org\/{rel}","templated":true}]}}