{"id":113598,"date":"2023-08-16T17:23:10","date_gmt":"2023-08-16T15:23:10","guid":{"rendered":"https:\/\/dogpride.nl\/?post_type=product&#038;p=113598"},"modified":"2025-11-07T10:18:03","modified_gmt":"2025-11-07T09:18:03","slug":"arrak-action-func-tank-top-women","status":"publish","type":"product","link":"https:\/\/dogpride.nl\/de\/arrak-action-func-tank-top-women\/","title":{"rendered":"Arrak Action Func Tank Top Damen"},"content":{"rendered":"<h4>Arrak Action Func Tank Top Damen<\/h4>\n<p>Arrak Action Func Tank Top Damen<\/p>\n<p>Funktionelles Tanktop aus feuchtigkeitsableitendem Material. Perfekt f\u00fcr Aktive. R\u00fcckwand aus Mesh-Gewebe f\u00fcr zus\u00e4tzliche Atmungsaktivit\u00e4t. Das Material ist sehr weich und flexibel.<br \/>\nArrak-Reflexdruck auf Brust und R\u00fccken. Normale Passform. In der Taille leicht geschwungen.<\/p>\n<h3>Besonderheiten:<\/h3>\n<ul>\n<li>Weiche und sch\u00f6ne Qualit\u00e4t<\/li>\n<li>100%-Polyester<\/li>\n<li>Feuchtigkeitsableitendes Material<\/li>\n<li>Gute Atmungsaktivit\u00e4t<\/li>\n<li>Reflexdruck auf Brust und R\u00fccken<\/li>\n<li>Normale Passform<\/li>\n<li>In der Taille leicht geschwungen<\/li>\n<\/ul>\n<p>Erh\u00e4ltlich in den Farben: Wei\u00df, Oliv und Schwarz<\/p>\n<p>Gr\u00f6\u00dfen: XS bis 3XL<\/p>\n<h3><strong>Gr\u00f6\u00dfentabelle:<\/strong><\/h3>\n<p><img loading=\"lazy\" decoding=\"async\" class=\"alignnone wp-image-113605 size-large\" src=\"https:\/\/dogpride.nl\/wp-content\/uploads\/Pro99-759x1024.jpg\" alt=\"Maattabel\" width=\"759\" height=\"1024\" srcset=\"https:\/\/dogpride.nl\/wp-content\/uploads\/Pro99-759x1024.jpg 759w, https:\/\/dogpride.nl\/wp-content\/uploads\/Pro99-250x337.jpg 250w, https:\/\/dogpride.nl\/wp-content\/uploads\/Pro99-400x539.jpg 400w, https:\/\/dogpride.nl\/wp-content\/uploads\/Pro99-223x300.jpg 223w, https:\/\/dogpride.nl\/wp-content\/uploads\/Pro99-768x1036.jpg 768w, https:\/\/dogpride.nl\/wp-content\/uploads\/Pro99-9x12.jpg 9w, https:\/\/dogpride.nl\/wp-content\/uploads\/Pro99.jpg 890w\" sizes=\"auto, (max-width: 759px) 100vw, 759px\" \/><\/p>\n<p><a href=\"https:\/\/dogpride.nl\/de\/kleding\/t-shirts-en-polos\/arrak-t-shirts-en-polos\/\"><img loading=\"lazy\" decoding=\"async\" class=\"alignnone wp-image-137189\" src=\"https:\/\/dogpride.nl\/wp-content\/uploads\/Arrak-Action-Func-Tank-Top-Women.jpg\" alt=\"Arrak Action Func Tank Top Women\" width=\"191\" height=\"191\" srcset=\"https:\/\/dogpride.nl\/wp-content\/uploads\/Arrak-Action-Func-Tank-Top-Women.jpg 1100w, https:\/\/dogpride.nl\/wp-content\/uploads\/Arrak-Action-Func-Tank-Top-Women-300x300.jpg 300w, https:\/\/dogpride.nl\/wp-content\/uploads\/Arrak-Action-Func-Tank-Top-Women-1024x1024.jpg 1024w, https:\/\/dogpride.nl\/wp-content\/uploads\/Arrak-Action-Func-Tank-Top-Women-150x150.jpg 150w, https:\/\/dogpride.nl\/wp-content\/uploads\/Arrak-Action-Func-Tank-Top-Women-768x768.jpg 768w, https:\/\/dogpride.nl\/wp-content\/uploads\/Arrak-Action-Func-Tank-Top-Women-12x12.jpg 12w, https:\/\/dogpride.nl\/wp-content\/uploads\/Arrak-Action-Func-Tank-Top-Women-250x250.jpg 250w, https:\/\/dogpride.nl\/wp-content\/uploads\/Arrak-Action-Func-Tank-Top-Women-400x400.jpg 400w, https:\/\/dogpride.nl\/wp-content\/uploads\/Arrak-Action-Func-Tank-Top-Women-100x100.jpg 100w\" sizes=\"auto, (max-width: 191px) 100vw, 191px\" \/><\/a><\/p>\n<p><span style=\"color: #ffffff;\"><a href=\"https:\/\/arrakoutdoor.com\/\" target=\"_blank\" rel=\"noopener\"><img loading=\"lazy\" decoding=\"async\" class=\"alignnone wp-image-141950 size-medium\" src=\"https:\/\/dogpride.nl\/wp-content\/uploads\/Arrak-1-300x118.jpeg\" alt=\"\" width=\"300\" height=\"118\" srcset=\"https:\/\/dogpride.nl\/wp-content\/uploads\/Arrak-1-300x118.jpeg 300w, https:\/\/dogpride.nl\/wp-content\/uploads\/Arrak-1-768x303.jpeg 768w, https:\/\/dogpride.nl\/wp-content\/uploads\/Arrak-1-18x7.jpeg 18w, https:\/\/dogpride.nl\/wp-content\/uploads\/Arrak-1-250x99.jpeg 250w, https:\/\/dogpride.nl\/wp-content\/uploads\/Arrak-1-400x158.jpeg 400w, https:\/\/dogpride.nl\/wp-content\/uploads\/Arrak-1.jpeg 916w\" sizes=\"auto, (max-width: 300px) 100vw, 300px\" \/><\/a><\/span><\/p>","protected":false},"excerpt":{"rendered":"<p>Funktionelles Tanktop aus feuchtigkeitsableitendem Material. Perfekt f\u00fcr Aktive. R\u00fcckwand aus Mesh-Gewebe f\u00fcr zus\u00e4tzliche Atmungsaktivit\u00e4t. Das Material ist sehr weich und flexibel.<\/p>","protected":false},"featured_media":113599,"template":"","meta":[],"product_brand":[],"product_cat":[3893],"product_tag":[3338,3335,4768,6272,6273,4666],"class_list":{"0":"post-113598","1":"product","2":"type-product","3":"status-publish","4":"has-post-thumbnail","6":"product_cat-arrak-t-shirts-polos","7":"product_tag-action","8":"product_tag-arrak","9":"product_tag-dames","10":"product_tag-func","11":"product_tag-tank-top","12":"product_tag-women","13":"product_shipping_class-vast-tarief-eu-overig","15":"first","16":"instock","17":"taxable","18":"shipping-taxable","19":"purchasable","20":"product-type-variable"},"mb":[],"mfb_rest_fields":["title"],"_links":{"self":[{"href":"https:\/\/dogpride.nl\/de\/wp-json\/wp\/v2\/product\/113598","targetHints":{"allow":["GET"]}}],"collection":[{"href":"https:\/\/dogpride.nl\/de\/wp-json\/wp\/v2\/product"}],"about":[{"href":"https:\/\/dogpride.nl\/de\/wp-json\/wp\/v2\/types\/product"}],"wp:featuredmedia":[{"embeddable":true,"href":"https:\/\/dogpride.nl\/de\/wp-json\/wp\/v2\/media\/113599"}],"wp:attachment":[{"href":"https:\/\/dogpride.nl\/de\/wp-json\/wp\/v2\/media?parent=113598"}],"wp:term":[{"taxonomy":"product_brand","embeddable":true,"href":"https:\/\/dogpride.nl\/de\/wp-json\/wp\/v2\/product_brand?post=113598"},{"taxonomy":"product_cat","embeddable":true,"href":"https:\/\/dogpride.nl\/de\/wp-json\/wp\/v2\/product_cat?post=113598"},{"taxonomy":"product_tag","embeddable":true,"href":"https:\/\/dogpride.nl\/de\/wp-json\/wp\/v2\/product_tag?post=113598"}],"curies":[{"name":"wp","href":"https:\/\/api.w.org\/{rel}","templated":true}]}}