{"id":112119,"date":"2023-07-31T11:18:18","date_gmt":"2023-07-31T09:18:18","guid":{"rendered":"https:\/\/dogprideold.websitekeuze.nl\/?post_type=product&#038;p=112119"},"modified":"2026-03-19T15:01:53","modified_gmt":"2026-03-19T14:01:53","slug":"hondensportschoenen-balou","status":"publish","type":"product","link":"https:\/\/dogpride.nl\/de\/hondensportschoenen-balou\/","title":{"rendered":"Hundesportschuhe BALOU"},"content":{"rendered":"<h4>Hundesportschuhe BALOU<\/h4>\n<p>Speed Dogsport Hundesportschuhe BALOU Unisex<\/p>\n<p>Der Hundesportschuh \u201eBALOU\u201c ist v\u00f6llig neu auf dem Markt und f\u00fcr den ambitionierten Hundesportler konzipiert. Es \u00fcberzeugt durch seine Leichtigkeit mit starkem Grip und schneller Schlammabl\u00f6sung. Mit einer wasserdichten und atmungsaktiven Membran ist es ideal f\u00fcr nasse und rutschige Oberfl\u00e4chen.<\/p>\n<p><strong>Oberer, h\u00f6her:<\/strong>\u00a0PU- und Polyester-Oxford-Gewebe<br \/>\n<strong>Beschichtung<\/strong>: Nylon und Schaumstoff mit wasserdichter Membran<br \/>\nInnensohle: EVA und Nylontextil<br \/>\n<strong>Au\u00dfensohle:<\/strong>\u00a0Phylon und Gummi mit rutschfester Lauffl\u00e4che<\/p>\n<h3 style=\"font-weight: 400;\">Unser Hundesportschuh zeichnet sich zudem durch ein hervorragendes Preis-Leistungs-Verh\u00e4ltnis aus.<\/h3>\n<p style=\"font-weight: 400;\">Die D\u00e4mpfung ist moderat, ohne dass das Ansprechverhalten darunter leidet. Unser Modell wird in einer Standard-Schuhweite angeboten und ist als Unisex-Modell in 2 Farbvarianten erh\u00e4ltlich.<\/p>\n<ul>\n<li>Farben: Gr\u00fcn, Rosa<\/li>\n<li>Gr\u00f6\u00dfen: 36 bis 46<\/li>\n<\/ul>\n<p>&nbsp;<\/p>\n<p><img loading=\"lazy\" decoding=\"async\" class=\"alignnone wp-image-112149 size-medium\" src=\"https:\/\/dogpride.nl\/wp-content\/uploads\/speed-dogsport-logo-1637758129-1-300x102.png\" alt=\"Logo Speed Dogsport\" width=\"300\" height=\"102\" srcset=\"https:\/\/dogpride.nl\/wp-content\/uploads\/speed-dogsport-logo-1637758129-1-300x102.png 300w, https:\/\/dogpride.nl\/wp-content\/uploads\/speed-dogsport-logo-1637758129-1-250x85.png 250w, https:\/\/dogpride.nl\/wp-content\/uploads\/speed-dogsport-logo-1637758129-1-400x135.png 400w, https:\/\/dogpride.nl\/wp-content\/uploads\/speed-dogsport-logo-1637758129-1-768x260.png 768w, https:\/\/dogpride.nl\/wp-content\/uploads\/speed-dogsport-logo-1637758129-1-18x6.png 18w, https:\/\/dogpride.nl\/wp-content\/uploads\/speed-dogsport-logo-1637758129-1.png 836w\" sizes=\"auto, (max-width: 300px) 100vw, 300px\" \/><\/p>\n<p><a href=\"https:\/\/dogpride.nl\/de\/kleding\/schoenen-laarzen\/speed-dogsport-schoenen\/\"><img loading=\"lazy\" decoding=\"async\" class=\"alignnone\" title=\"Hundesportschuhe BALOU\" src=\"https:\/\/dogpride.nl\/wp-content\/uploads\/hundesport-schuhe-balou_4-150x150.jpg\" alt=\"Hondensportschoenen BALOU\" width=\"150\" height=\"150\" \/><\/a><a href=\"https:\/\/speed-dogsport.com\/de\/\" target=\"_blank\" rel=\"noopener\"><img loading=\"lazy\" decoding=\"async\" class=\"alignnone\" src=\"https:\/\/dogpride.nl\/wp-content\/uploads\/hundesport-schuhe-balou-150x150.jpg\" alt=\"Speed Dogsport Hondensportschoenen BALOU\" width=\"150\" height=\"150\" \/><\/a><\/p>","protected":false},"excerpt":{"rendered":"<p>Der Hundesportschuh \u201eBALOU\u201c ist v\u00f6llig neu auf dem Markt und f\u00fcr den ambitionierten Hundesportler konzipiert. Es \u00fcberzeugt durch seine Leichtigkeit mit starkem Grip und schneller Schlammabl\u00f6sung.<\/p>","protected":false},"featured_media":112150,"template":"","meta":[],"product_brand":[],"product_cat":[6257],"product_tag":[6256,4984,4686],"class_list":{"0":"post-112119","1":"product","2":"type-product","3":"status-publish","4":"has-post-thumbnail","6":"product_cat-speed-dogsport-schoenen","7":"product_tag-balou","8":"product_tag-hondensportschoenen","9":"product_tag-speed-dogsport","10":"product_shipping_class-vast-tarief-eu-overig","12":"first","13":"instock","14":"taxable","15":"shipping-taxable","16":"purchasable","17":"product-type-variable"},"mb":[],"mfb_rest_fields":["title"],"_links":{"self":[{"href":"https:\/\/dogpride.nl\/de\/wp-json\/wp\/v2\/product\/112119","targetHints":{"allow":["GET"]}}],"collection":[{"href":"https:\/\/dogpride.nl\/de\/wp-json\/wp\/v2\/product"}],"about":[{"href":"https:\/\/dogpride.nl\/de\/wp-json\/wp\/v2\/types\/product"}],"wp:featuredmedia":[{"embeddable":true,"href":"https:\/\/dogpride.nl\/de\/wp-json\/wp\/v2\/media\/112150"}],"wp:attachment":[{"href":"https:\/\/dogpride.nl\/de\/wp-json\/wp\/v2\/media?parent=112119"}],"wp:term":[{"taxonomy":"product_brand","embeddable":true,"href":"https:\/\/dogpride.nl\/de\/wp-json\/wp\/v2\/product_brand?post=112119"},{"taxonomy":"product_cat","embeddable":true,"href":"https:\/\/dogpride.nl\/de\/wp-json\/wp\/v2\/product_cat?post=112119"},{"taxonomy":"product_tag","embeddable":true,"href":"https:\/\/dogpride.nl\/de\/wp-json\/wp\/v2\/product_tag?post=112119"}],"curies":[{"name":"wp","href":"https:\/\/api.w.org\/{rel}","templated":true}]}}