{"id":111058,"date":"2023-06-23T12:42:44","date_gmt":"2023-06-23T10:42:44","guid":{"rendered":"https:\/\/www.dogpride.nl\/?post_type=product&#038;p=111058"},"modified":"2025-07-09T14:55:14","modified_gmt":"2025-07-09T12:55:14","slug":"euro-joe-tactical-halsband-zonder-handvat-2-0-xl","status":"publish","type":"product","link":"https:\/\/dogpride.nl\/de\/euro-joe-tactical-halsband-zonder-handvat-2-0-xl\/","title":{"rendered":"Euro Joe \u201eTactical Collar\u201c ohne Griff 2.0 (XL)"},"content":{"rendered":"<h4>Euro Joe \u201eTactical Collar\u201c ohne Griff 2.0 (XL)<\/h4>\n<p>Euro Joe \u201eTactical Collar\u201c ohne Griff 2.0 (XL). Das ist absolut solide <strong>Taktisches Halsband ohne Griff<\/strong>\u00a0ist aus strapazierf\u00e4higem Nylon gefertigt und hat eine\u00a0<strong>superstarker Verschluss<\/strong>\u00a0das bei Polizei, Armee und Sicherheitsdiensten f\u00fcr seine hervorragenden Benutzereigenschaften bekannt ist.<br \/>\nDas Halsband ist f\u00fcr alle mittleren bis gro\u00dfen Rassen geeignet. Dieses Halsband hat keinen Griff.<br \/>\nDer Schiebeverschluss und der Klettverschluss sorgen daf\u00fcr, dass Sie die L\u00e4nge anpassen und die Passform richtig anpassen k\u00f6nnen. Der Klettverschluss befindet sich auf der Innenseite, so dass sich au\u00dfen keine losen B\u00e4nder befinden.<br \/>\nDieses Halsband hat auch einen Klettverschluss\u00a0<strong>Au\u00dfen<\/strong>, wo Sie ein zus\u00e4tzliches Abzeichen erhalten k\u00f6nnen oder\u00a0<a href=\"https:\/\/dogpride.nl\/de\/produkt\/badge-eigen-tekst-8x3cm\/\">Namensschild<\/a>\u00a0kann h\u00e4ngen. Sie k\u00f6nnen dies auch personalisieren lassen, also mit einem Namen oder Wort Ihrer Wahl.<\/p>\n<p>Dieses taktische Halsband ist in der Gr\u00f6\u00dfe XL erh\u00e4ltlich<\/p>\n<p><strong>Farbe:\u00a0<\/strong><\/p>\n<ul>\n<li>Rosa<\/li>\n<\/ul>\n<p><strong>Gr\u00f6\u00dfentabelle:<\/strong><\/p>\n<p><img loading=\"lazy\" decoding=\"async\" class=\"alignnone size-full wp-image-84419\" src=\"https:\/\/www.dogpride.nl\/wp-content\/uploads\/Maten-halsbanden-Euro-Joe.jpg\" alt=\"Maattabel\" width=\"840\" height=\"194\" srcset=\"https:\/\/dogpride.nl\/wp-content\/uploads\/Maten-halsbanden-Euro-Joe.jpg 840w, https:\/\/dogpride.nl\/wp-content\/uploads\/Maten-halsbanden-Euro-Joe-250x58.jpg 250w, https:\/\/dogpride.nl\/wp-content\/uploads\/Maten-halsbanden-Euro-Joe-400x92.jpg 400w, https:\/\/dogpride.nl\/wp-content\/uploads\/Maten-halsbanden-Euro-Joe-300x69.jpg 300w, https:\/\/dogpride.nl\/wp-content\/uploads\/Maten-halsbanden-Euro-Joe-768x177.jpg 768w, https:\/\/dogpride.nl\/wp-content\/uploads\/Maten-halsbanden-Euro-Joe-200x46.jpg 200w, https:\/\/dogpride.nl\/wp-content\/uploads\/Maten-halsbanden-Euro-Joe-600x139.jpg 600w, https:\/\/dogpride.nl\/wp-content\/uploads\/Maten-halsbanden-Euro-Joe-800x185.jpg 800w\" sizes=\"auto, (max-width: 840px) 100vw, 840px\" \/><\/p>\n<p><strong><span style=\"color: #ff0000;\">DIESES HALSBAND KANN NICHT ZUR\u00dcCKGEGEBEN WERDEN!<\/span><\/strong><\/p>","protected":false},"excerpt":{"rendered":"<p>Das ist absolut solide\u00a0<strong>Taktisches Halsband ohne Griff<\/strong>\u00a0ist aus strapazierf\u00e4higem Nylon gefertigt und hat eine\u00a0<strong>superstarker Verschluss<\/strong>\u00a0das bei Polizei, Armee und Sicherheitsdiensten f\u00fcr seine hervorragenden Benutzereigenschaften bekannt ist.<\/p>","protected":false},"featured_media":111064,"template":"","meta":[],"product_brand":[],"product_cat":[5230],"product_tag":[4683,4744,5238,5342,4890,4619,6232],"class_list":{"0":"post-111058","1":"product","2":"type-product","3":"status-publish","4":"has-post-thumbnail","6":"product_cat-sale","7":"product_tag-2-0","8":"product_tag-euro-joe","9":"product_tag-halsband","10":"product_tag-sale","11":"product_tag-tactical","12":"product_tag-xl","13":"product_tag-zonder-handvat","14":"product_shipping_class-vast-tarief-eu-overig","16":"first","17":"instock","18":"sale","19":"taxable","20":"shipping-taxable","21":"purchasable","22":"product-type-simple"},"mb":[],"mfb_rest_fields":["title"],"_links":{"self":[{"href":"https:\/\/dogpride.nl\/de\/wp-json\/wp\/v2\/product\/111058","targetHints":{"allow":["GET"]}}],"collection":[{"href":"https:\/\/dogpride.nl\/de\/wp-json\/wp\/v2\/product"}],"about":[{"href":"https:\/\/dogpride.nl\/de\/wp-json\/wp\/v2\/types\/product"}],"wp:featuredmedia":[{"embeddable":true,"href":"https:\/\/dogpride.nl\/de\/wp-json\/wp\/v2\/media\/111064"}],"wp:attachment":[{"href":"https:\/\/dogpride.nl\/de\/wp-json\/wp\/v2\/media?parent=111058"}],"wp:term":[{"taxonomy":"product_brand","embeddable":true,"href":"https:\/\/dogpride.nl\/de\/wp-json\/wp\/v2\/product_brand?post=111058"},{"taxonomy":"product_cat","embeddable":true,"href":"https:\/\/dogpride.nl\/de\/wp-json\/wp\/v2\/product_cat?post=111058"},{"taxonomy":"product_tag","embeddable":true,"href":"https:\/\/dogpride.nl\/de\/wp-json\/wp\/v2\/product_tag?post=111058"}],"curies":[{"name":"wp","href":"https:\/\/api.w.org\/{rel}","templated":true}]}}