{"id":110885,"date":"2023-06-23T11:17:03","date_gmt":"2023-06-23T09:17:03","guid":{"rendered":"https:\/\/www.dogpride.nl\/?post_type=product&#038;p=110885"},"modified":"2025-05-25T19:16:25","modified_gmt":"2025-05-25T17:16:25","slug":"hs-sprenger-showketting-messing-72","status":"publish","type":"product","link":"https:\/\/dogpride.nl\/de\/hs-sprenger-showketting-messing-72\/","title":{"rendered":"HS Sprenger Showkette Messing (72cm)"},"content":{"rendered":"<h1>HS Sprenger Showkette Messing (72cm)<\/h1>\n<p>HS Sprenger Showkette Messing (72cm)<\/p>\n<ul>\n<li>Drahtst\u00e4rke 3,0 mm<\/li>\n<li>L\u00e4nge 72 cm<\/li>\n<li>Auf Ausstellungen zugelassene Halskette zeigen<\/li>\n<li>Massives Messingmaterial<\/li>\n<li>F\u00fcr Hunde bis 60 KG<\/li>\n<li>Mit Kehlkopfaussparung<\/li>\n<\/ul>\n<p>Keine Kompromisse in puncto Qualit\u00e4t, Sortiment und Kooperationen!<br \/>\nJahrzehntelange Produktionserfahrung, umfangreiche Marktkenntnisse und die Zusammenarbeit mit Experten aus Hundesport, Medizin und Forschung bilden die Grundlage f\u00fcr eine Produktentwicklung, die internationale Ma\u00dfst\u00e4be setzt.<br \/>\nDie hohe und zuverl\u00e4ssige Qualit\u00e4t der SPRENGER-Produkte \u201eMade in Germany\u201c wird durch unser HS-Zeichen auf allen Produkten und durch unser HS-Zeichen garantiert.<\/p>\n<p>Sprenger-Hundehalsb\u00e4nder sind eine angesehene Alternative zu herk\u00f6mmlichen Nylonhalsb\u00e4ndern.<br \/>\nZu den Vorteilen geh\u00f6ren: kein Geruch des Materials, keine Verschmutzung, geringer Wartungsaufwand, ein ansprechendes Design und eine gute Festigkeit, basierend auf dem Gewicht Ihres Hundes.<\/p>\n<p>Von Kurzgliedern bis hin zu Langgliedern oder als Neck-Tech finden Sie im Hundesport-Sortiment von Sprenger das passende Hundehalsband, das Ihren Vorstellungen entspricht.<br \/>\nDie Sicherheit des Hundes hat bei unserer Produktion und Qualit\u00e4tskontrolle h\u00f6chste Priorit\u00e4t. Regelm\u00e4\u00dfige Tests best\u00e4tigen die Langlebigkeit und Robustheit unserer Hundehalsb\u00e4nder.<\/p>\n<p>Ihre vierbeinigen Freunde liegen uns am Herzen \u2013 \u00fcberzeugen Sie sich selbst mit der \u201eQualit\u00e4t, die \u00fcberzeugt\u201c.<\/p>\n<p><strong><span style=\"color: #ff0000;\">DIESER SHOWNneck KANN NICHT ZUR\u00dcCKGEGEBEN WERDEN!<\/span><\/strong><\/p>\n<p>&nbsp;<\/p>","protected":false},"excerpt":{"rendered":"<p>Showkette aus Messing. Drahtst\u00e4rke 3,0 mm. L\u00e4nge 72 cm. Auf Ausstellungen zugelassene Showkette. Massives Messingmaterial. F\u00fcr Hunde bis 60 KG. Mit Kehlkopfaussparung.<\/p>","protected":false},"featured_media":92536,"template":"","meta":[],"product_brand":[],"product_cat":[5230],"product_tag":[5213,4272,6215,5342,6214],"class_list":{"0":"post-110885","1":"product","2":"type-product","3":"status-publish","4":"has-post-thumbnail","6":"product_cat-sale","7":"product_tag-72cm","8":"product_tag-hs-sprenger","9":"product_tag-messing","10":"product_tag-sale","11":"product_tag-showketting","12":"product_shipping_class-vast-tarief-eu-overig","14":"first","15":"instock","16":"sale","17":"taxable","18":"shipping-taxable","19":"purchasable","20":"product-type-simple"},"mb":[],"mfb_rest_fields":["title"],"_links":{"self":[{"href":"https:\/\/dogpride.nl\/de\/wp-json\/wp\/v2\/product\/110885","targetHints":{"allow":["GET"]}}],"collection":[{"href":"https:\/\/dogpride.nl\/de\/wp-json\/wp\/v2\/product"}],"about":[{"href":"https:\/\/dogpride.nl\/de\/wp-json\/wp\/v2\/types\/product"}],"wp:featuredmedia":[{"embeddable":true,"href":"https:\/\/dogpride.nl\/de\/wp-json\/wp\/v2\/media\/92536"}],"wp:attachment":[{"href":"https:\/\/dogpride.nl\/de\/wp-json\/wp\/v2\/media?parent=110885"}],"wp:term":[{"taxonomy":"product_brand","embeddable":true,"href":"https:\/\/dogpride.nl\/de\/wp-json\/wp\/v2\/product_brand?post=110885"},{"taxonomy":"product_cat","embeddable":true,"href":"https:\/\/dogpride.nl\/de\/wp-json\/wp\/v2\/product_cat?post=110885"},{"taxonomy":"product_tag","embeddable":true,"href":"https:\/\/dogpride.nl\/de\/wp-json\/wp\/v2\/product_tag?post=110885"}],"curies":[{"name":"wp","href":"https:\/\/api.w.org\/{rel}","templated":true}]}}