{"id":110770,"date":"2023-06-22T12:50:34","date_gmt":"2023-06-22T10:50:34","guid":{"rendered":"https:\/\/www.dogpride.nl\/?post_type=product&#038;p=110770"},"modified":"2025-05-25T19:16:41","modified_gmt":"2025-05-25T17:16:41","slug":"morin-pro-antistatische-interventiebroek-52","status":"publish","type":"product","link":"https:\/\/dogpride.nl\/de\/morin-pro-antistatische-interventiebroek-52\/","title":{"rendered":"Antistatische Interventionshose MORIN PRO (52)"},"content":{"rendered":"<h1>Antistatische Interventionshose MORIN PRO (52)<\/h1>\n<p><span class=\"\">Antistatische Interventionshose MORIN PRO (52). Interventionshose \u2013 Schwarz.<\/span><br \/>\nAntistatisches Gewebe 80% Polyester, 20% Baumwolle<br \/>\nHochwertige Verarbeitung und sch\u00f6nes Finish (ideal f\u00fcr Hundef\u00fchrer).<br \/>\n2 schr\u00e4ge Rei\u00dfverschlusstaschen.<br \/>\n2 Oberschenkeltaschen im Cargo-Stil mit Rei\u00dfverschluss.<br \/>\nElastische, straffe Kn\u00f6chel.<br \/>\nDoppelte G\u00fcrtelschlaufe und G\u00fcrtel mit Druckknopfverschluss.<\/p>\n<p><span class=\"\">Wird ohne Riemen geliefert<\/span><\/p>\n<ul>\n<li><strong>Farbe:<\/strong> Schwarz<\/li>\n<li><strong>Sich paaren:<\/strong> 52<\/li>\n<\/ul>\n<p><strong>Gr\u00f6\u00dfentabelle:<\/strong><\/p>\n<p><img loading=\"lazy\" decoding=\"async\" class=\"alignnone wp-image-74834 size-full\" src=\"https:\/\/www.dogpride.nl\/wp-content\/uploads\/verybig-2138-3.jpg\" alt=\"Maattabel\" width=\"520\" height=\"520\" srcset=\"https:\/\/dogpride.nl\/wp-content\/uploads\/verybig-2138-3.jpg 520w, https:\/\/dogpride.nl\/wp-content\/uploads\/verybig-2138-3-250x250.jpg 250w, https:\/\/dogpride.nl\/wp-content\/uploads\/verybig-2138-3-100x100.jpg 100w, https:\/\/dogpride.nl\/wp-content\/uploads\/verybig-2138-3-400x400.jpg 400w, https:\/\/dogpride.nl\/wp-content\/uploads\/verybig-2138-3-300x300.jpg 300w, https:\/\/dogpride.nl\/wp-content\/uploads\/verybig-2138-3-150x150.jpg 150w, https:\/\/dogpride.nl\/wp-content\/uploads\/verybig-2138-3-66x66.jpg 66w, https:\/\/dogpride.nl\/wp-content\/uploads\/verybig-2138-3-200x200.jpg 200w\" sizes=\"auto, (max-width: 520px) 100vw, 520px\" \/><\/p>\n<p><strong><span style=\"color: #ff0000;\">DIESE HOSEN K\u00d6NNEN NICHT ZUR\u00dcCKGEGEBEN WERDEN!<\/span><\/strong><\/p>\n<p>&nbsp;<\/p>","protected":false},"excerpt":{"rendered":"<p>Antistatische Interventionshose MORIN PRO \u2013 Schwarz. Hochwertige Verarbeitung und sch\u00f6nes Finish (ideal f\u00fcr Hundef\u00fchrer). Doppelte G\u00fcrtelschlaufe und G\u00fcrtel mit Druckknopfverschluss. Gr\u00f6\u00dfe: 52<\/p>","protected":false},"featured_media":74849,"template":"","meta":[],"product_brand":[],"product_cat":[5230],"product_tag":[5342],"class_list":{"0":"post-110770","1":"product","2":"type-product","3":"status-publish","4":"has-post-thumbnail","6":"product_cat-sale","7":"product_tag-sale","8":"product_shipping_class-vast-tarief-eu-overig","10":"first","11":"instock","12":"sale","13":"taxable","14":"shipping-taxable","15":"purchasable","16":"product-type-simple"},"mb":[],"mfb_rest_fields":["title"],"_links":{"self":[{"href":"https:\/\/dogpride.nl\/de\/wp-json\/wp\/v2\/product\/110770","targetHints":{"allow":["GET"]}}],"collection":[{"href":"https:\/\/dogpride.nl\/de\/wp-json\/wp\/v2\/product"}],"about":[{"href":"https:\/\/dogpride.nl\/de\/wp-json\/wp\/v2\/types\/product"}],"wp:featuredmedia":[{"embeddable":true,"href":"https:\/\/dogpride.nl\/de\/wp-json\/wp\/v2\/media\/74849"}],"wp:attachment":[{"href":"https:\/\/dogpride.nl\/de\/wp-json\/wp\/v2\/media?parent=110770"}],"wp:term":[{"taxonomy":"product_brand","embeddable":true,"href":"https:\/\/dogpride.nl\/de\/wp-json\/wp\/v2\/product_brand?post=110770"},{"taxonomy":"product_cat","embeddable":true,"href":"https:\/\/dogpride.nl\/de\/wp-json\/wp\/v2\/product_cat?post=110770"},{"taxonomy":"product_tag","embeddable":true,"href":"https:\/\/dogpride.nl\/de\/wp-json\/wp\/v2\/product_tag?post=110770"}],"curies":[{"name":"wp","href":"https:\/\/api.w.org\/{rel}","templated":true}]}}