{"id":110491,"date":"2023-06-12T16:38:23","date_gmt":"2023-06-12T14:38:23","guid":{"rendered":"https:\/\/www.dogpride.nl\/?post_type=product&#038;p=110491"},"modified":"2025-10-30T12:20:32","modified_gmt":"2025-10-30T11:20:32","slug":"arrak-specialist-geisoleerde-fleece-dames","status":"publish","type":"product","link":"https:\/\/dogpride.nl\/de\/arrak-specialist-geisoleerde-fleece-dames\/","title":{"rendered":"Arrak Specialist Insulated Fleece Damen"},"content":{"rendered":"<h3>Arrak Specialist Insulated Fleece Damen<\/h3>\n<p>Arrak Specialist Insulated Fleece Damen<\/p>\n<p>Die isolierte Fleecejacke Garphyttan ist eine leistungsstarke und w\u00e4rmende Fleecejacke, die vielseitig einsetzbar ist. Es eignet sich hervorragend als Mittelschicht f\u00fcr zus\u00e4tzliche W\u00e4rme an kalten Tagen. Es kann auch als Oberbekleidung verwendet werden, wenn es drau\u00dfen w\u00e4rmer ist.<br \/>\nDie entspannte Passform und der Vier-Wege-Stretch sorgen f\u00fcr ein angenehmes und bewegungsfreies Tragegef\u00fchl, sodass Sie sich in jeder Situation problemlos frei bewegen k\u00f6nnen.<br \/>\nDer K\u00f6rper hat eine zus\u00e4tzliche w\u00e4rmende Schicht aus Kunstdaunen.<br \/>\nDie Jacke verf\u00fcgt \u00fcber zwei praktische Brusttaschen und zwei Eingrifftaschen mit Rei\u00dfverschluss, sodass Sie Ihre wichtigen Gegenst\u00e4nde immer bei sich tragen und Ihre H\u00e4nde w\u00e4rmen k\u00f6nnen.<\/p>\n<p><strong>Erh\u00e4ltlich in den Farben:<\/strong> Gr\u00fcn und Orange<\/p>\n<p><strong>Erh\u00e4ltlich in den Gr\u00f6\u00dfen:<\/strong> XS bis XL<\/p>\n<p><strong>Spezifikationen:<\/strong><\/p>\n<ul>\n<li>Stretch-Fleece<\/li>\n<li>91% Polyester\/9% Spandex<\/li>\n<li>Extra w\u00e4rmende Schicht am K\u00f6rper aus Kunstdaunen<\/li>\n<li>Handytaschen unter den Achseln<\/li>\n<li>Gute L\u00f6sungen f\u00fcr Rei\u00dfverschlusstaschen<\/li>\n<\/ul>\n<p><strong>Gr\u00f6\u00dfentabelle:<\/strong><\/p>\n<p><img loading=\"lazy\" decoding=\"async\" class=\"alignnone size-full wp-image-110496\" src=\"https:\/\/www.dogpride.nl\/wp-content\/uploads\/Maattabel-Garphyttan-dames-Tops.jpg\" alt=\"Maattabel\" width=\"499\" height=\"600\" srcset=\"https:\/\/dogpride.nl\/wp-content\/uploads\/Maattabel-Garphyttan-dames-Tops.jpg 499w, https:\/\/dogpride.nl\/wp-content\/uploads\/Maattabel-Garphyttan-dames-Tops-250x300.jpg 250w, https:\/\/dogpride.nl\/wp-content\/uploads\/Maattabel-Garphyttan-dames-Tops-400x481.jpg 400w, https:\/\/dogpride.nl\/wp-content\/uploads\/Maattabel-Garphyttan-dames-Tops-200x240.jpg 200w\" sizes=\"auto, (max-width: 499px) 100vw, 499px\" \/><\/p>\n<p>&nbsp;<\/p>\n<p><a href=\"https:\/\/arrakoutdoor.com\/\" target=\"_blank\" rel=\"noopener\"><img loading=\"lazy\" decoding=\"async\" class=\"alignnone wp-image-139301 size-medium\" src=\"https:\/\/dogpride.nl\/wp-content\/uploads\/Arrak-300x118.jpeg\" alt=\"Logo\" width=\"300\" height=\"118\" srcset=\"https:\/\/dogpride.nl\/wp-content\/uploads\/Arrak-300x118.jpeg 300w, https:\/\/dogpride.nl\/wp-content\/uploads\/Arrak-768x303.jpeg 768w, https:\/\/dogpride.nl\/wp-content\/uploads\/Arrak-18x7.jpeg 18w, https:\/\/dogpride.nl\/wp-content\/uploads\/Arrak-250x99.jpeg 250w, https:\/\/dogpride.nl\/wp-content\/uploads\/Arrak-400x158.jpeg 400w, https:\/\/dogpride.nl\/wp-content\/uploads\/Arrak.jpeg 916w\" sizes=\"auto, (max-width: 300px) 100vw, 300px\" \/><\/a><\/p>\n<p><a href=\"https:\/\/dogpride.nl\/de\/kleding\/jassen\/arrak-outdoor-jassen\/\"><img loading=\"lazy\" decoding=\"async\" class=\"alignnone\" title=\"Arrak Specialist Insulated Fleece Damen\" src=\"https:\/\/dogpride.nl\/wp-content\/uploads\/Specialist-Geisoleerde-Fleece-Dames-Oranje1-150x150.jpg\" alt=\"Arrak Specialist Ge\u00efsoleerde Fleece Dames\" width=\"150\" height=\"150\" \/><\/a><\/p>","protected":false},"excerpt":{"rendered":"<p>Die isolierte Fleecejacke Garphyttan ist eine leistungsstarke und w\u00e4rmende Fleecejacke, die vielseitig einsetzbar ist. Es eignet sich hervorragend als Mittelschicht f\u00fcr zus\u00e4tzliche W\u00e4rme an kalten Tagen. Es kann auch als Oberbekleidung verwendet werden, wenn es drau\u00dfen w\u00e4rmer ist.<\/p>","protected":false},"featured_media":110492,"template":"","meta":[],"product_brand":[],"product_cat":[3853],"product_tag":[3335,4768,5006,6170,6178,6171],"class_list":{"0":"post-110491","1":"product","2":"type-product","3":"status-publish","4":"has-post-thumbnail","6":"product_cat-arrak-outdoor-dames-jassen","7":"product_tag-arrak","8":"product_tag-dames","9":"product_tag-fleece","10":"product_tag-garphyttan","11":"product_tag-geisoleerde","12":"product_tag-specialist","14":"first","15":"instock","16":"taxable","17":"shipping-taxable","18":"purchasable","19":"product-type-variable"},"mb":[],"mfb_rest_fields":["title"],"_links":{"self":[{"href":"https:\/\/dogpride.nl\/de\/wp-json\/wp\/v2\/product\/110491","targetHints":{"allow":["GET"]}}],"collection":[{"href":"https:\/\/dogpride.nl\/de\/wp-json\/wp\/v2\/product"}],"about":[{"href":"https:\/\/dogpride.nl\/de\/wp-json\/wp\/v2\/types\/product"}],"wp:featuredmedia":[{"embeddable":true,"href":"https:\/\/dogpride.nl\/de\/wp-json\/wp\/v2\/media\/110492"}],"wp:attachment":[{"href":"https:\/\/dogpride.nl\/de\/wp-json\/wp\/v2\/media?parent=110491"}],"wp:term":[{"taxonomy":"product_brand","embeddable":true,"href":"https:\/\/dogpride.nl\/de\/wp-json\/wp\/v2\/product_brand?post=110491"},{"taxonomy":"product_cat","embeddable":true,"href":"https:\/\/dogpride.nl\/de\/wp-json\/wp\/v2\/product_cat?post=110491"},{"taxonomy":"product_tag","embeddable":true,"href":"https:\/\/dogpride.nl\/de\/wp-json\/wp\/v2\/product_tag?post=110491"}],"curies":[{"name":"wp","href":"https:\/\/api.w.org\/{rel}","templated":true}]}}