{"id":110474,"date":"2023-06-12T16:15:33","date_gmt":"2023-06-12T14:15:33","guid":{"rendered":"https:\/\/www.dogpride.nl\/?post_type=product&#038;p=110474"},"modified":"2025-10-30T12:23:17","modified_gmt":"2025-10-30T11:23:17","slug":"arrak-action-training-jas-dames-zwart","status":"publish","type":"product","link":"https:\/\/dogpride.nl\/de\/arrak-action-training-jas-dames-zwart\/","title":{"rendered":"Arrak Action Trainingsjacke Damen Schwarz"},"content":{"rendered":"<h4>Arrak Action Trainingsjacke Damen Schwarz<\/h4>\n<p>Arrak Action Trainingsjacke Damen Schwarz<\/p>\n<p>Eine perfekte Trainingsjacke aus bequemem Stretchmaterial. Der Stoff besteht aus 91% Polyester\/9% Spandex. Mesh-Stoffeins\u00e4tze am R\u00fccken und unter den Achseln f\u00fcr zus\u00e4tzliche Atmungsaktivit\u00e4t.<br \/>\nDas Material ist sehr weich und flexibel mit einer leicht geb\u00fcrsteten Innenseite. Brusttasche und Vordertaschen mit Rei\u00dfverschluss sowie Ges\u00e4\u00dftasche mit Rei\u00dfverschluss. Daumengriffe an den Manschetten. Arrak-Reflexdruck auf Brust und R\u00fccken.<br \/>\nEnge Passform. Gewicht in Gr\u00f6\u00dfe M 832g.<\/p>\n<p><strong>Farbe:<\/strong>\u00a0Schwarz<\/p>\n<p><strong>Erh\u00e4ltlich in den Gr\u00f6\u00dfen:<\/strong> XS bis 3XL<\/p>\n<p><strong>Spezifikationen:<\/strong><\/p>\n<ul>\n<li>Perfekte Trainingsjacke<\/li>\n<li>91% Polyester\/9% Spandex<\/li>\n<li>Mesh-Eins\u00e4tze f\u00fcr gute Atmungsaktivit\u00e4t<\/li>\n<li>Gute Taschen mit Rei\u00dfverschl\u00fcssen (AUCH AUF DER R\u00dcCKSEITE)<\/li>\n<li>Reflexdruck auf Brust und R\u00fccken<\/li>\n<li>Daumengriff an den Manschetten<\/li>\n<li>Enge Passform<\/li>\n<li>Gewicht in Gr\u00f6\u00dfe M 832g<\/li>\n<\/ul>\n<p><a href=\"https:\/\/dogpride.nl\/de\/produkt\/arrak-action-hardlooptight-dames\/\">Passende kurze Lauftights finden Sie HIER<\/a><\/p>\n<p><strong>Gr\u00f6\u00dfentabelle:<\/strong><\/p>\n<p><img loading=\"lazy\" decoding=\"async\" class=\"alignnone size-full wp-image-110483\" src=\"https:\/\/www.dogpride.nl\/wp-content\/uploads\/Maattabel-Arrak-Dames-tops-5.jpg\" alt=\"Maattabel\" width=\"643\" height=\"823\" srcset=\"https:\/\/dogpride.nl\/wp-content\/uploads\/Maattabel-Arrak-Dames-tops-5.jpg 643w, https:\/\/dogpride.nl\/wp-content\/uploads\/Maattabel-Arrak-Dames-tops-5-250x320.jpg 250w, https:\/\/dogpride.nl\/wp-content\/uploads\/Maattabel-Arrak-Dames-tops-5-400x512.jpg 400w, https:\/\/dogpride.nl\/wp-content\/uploads\/Maattabel-Arrak-Dames-tops-5-234x300.jpg 234w, https:\/\/dogpride.nl\/wp-content\/uploads\/Maattabel-Arrak-Dames-tops-5-200x256.jpg 200w, https:\/\/dogpride.nl\/wp-content\/uploads\/Maattabel-Arrak-Dames-tops-5-600x768.jpg 600w\" sizes=\"auto, (max-width: 643px) 100vw, 643px\" \/><\/p>\n<p>&nbsp;<\/p>\n<p>&nbsp;<\/p>\n<p><a href=\"https:\/\/arrakoutdoor.com\/\" target=\"_blank\" rel=\"noopener\"><img loading=\"lazy\" decoding=\"async\" class=\"alignnone wp-image-139301 size-medium\" src=\"https:\/\/dogpride.nl\/wp-content\/uploads\/Arrak-300x118.jpeg\" alt=\"Logo\" width=\"300\" height=\"118\" srcset=\"https:\/\/dogpride.nl\/wp-content\/uploads\/Arrak-300x118.jpeg 300w, https:\/\/dogpride.nl\/wp-content\/uploads\/Arrak-768x303.jpeg 768w, https:\/\/dogpride.nl\/wp-content\/uploads\/Arrak-18x7.jpeg 18w, https:\/\/dogpride.nl\/wp-content\/uploads\/Arrak-250x99.jpeg 250w, https:\/\/dogpride.nl\/wp-content\/uploads\/Arrak-400x158.jpeg 400w, https:\/\/dogpride.nl\/wp-content\/uploads\/Arrak.jpeg 916w\" sizes=\"auto, (max-width: 300px) 100vw, 300px\" \/><\/a><\/p>\n<p><a href=\"https:\/\/dogpride.nl\/de\/kleding\/jassen\/arrak-outdoor-jassen\/\"><img loading=\"lazy\" decoding=\"async\" class=\"alignnone\" title=\"Arrak Action Traning Jas Dames Zwart\" src=\"https:\/\/dogpride.nl\/wp-content\/uploads\/Action-Traning-Jas-Vrouw-Zwart2-150x150.jpg\" alt=\"Arrak Action Traning Jas Dames Zwart\" width=\"150\" height=\"150\" \/><\/a><\/p>","protected":false},"excerpt":{"rendered":"<p>Eine perfekte Trainingsjacke aus bequemem Stretchmaterial. Der Stoff besteht aus 91% Polyester\/9% Spandex. Mesh-Stoffeins\u00e4tze am R\u00fccken und unter den Achseln f\u00fcr zus\u00e4tzliche Atmungsaktivit\u00e4t. Das Material ist sehr weich und flexibel mit einer leicht geb\u00fcrsteten Innenseite.<\/p>","protected":false},"featured_media":110475,"template":"","meta":[],"product_brand":[],"product_cat":[3853],"product_tag":[3338,3335,4768,6185,5072,2969],"class_list":{"0":"post-110474","1":"product","2":"type-product","3":"status-publish","4":"has-post-thumbnail","6":"product_cat-arrak-outdoor-dames-jassen","7":"product_tag-action","8":"product_tag-arrak","9":"product_tag-dames","10":"product_tag-training-jas","11":"product_tag-trainingsjas","12":"product_tag-zwart","14":"first","15":"instock","16":"taxable","17":"shipping-taxable","18":"purchasable","19":"product-type-variable"},"mb":[],"mfb_rest_fields":["title"],"_links":{"self":[{"href":"https:\/\/dogpride.nl\/de\/wp-json\/wp\/v2\/product\/110474","targetHints":{"allow":["GET"]}}],"collection":[{"href":"https:\/\/dogpride.nl\/de\/wp-json\/wp\/v2\/product"}],"about":[{"href":"https:\/\/dogpride.nl\/de\/wp-json\/wp\/v2\/types\/product"}],"wp:featuredmedia":[{"embeddable":true,"href":"https:\/\/dogpride.nl\/de\/wp-json\/wp\/v2\/media\/110475"}],"wp:attachment":[{"href":"https:\/\/dogpride.nl\/de\/wp-json\/wp\/v2\/media?parent=110474"}],"wp:term":[{"taxonomy":"product_brand","embeddable":true,"href":"https:\/\/dogpride.nl\/de\/wp-json\/wp\/v2\/product_brand?post=110474"},{"taxonomy":"product_cat","embeddable":true,"href":"https:\/\/dogpride.nl\/de\/wp-json\/wp\/v2\/product_cat?post=110474"},{"taxonomy":"product_tag","embeddable":true,"href":"https:\/\/dogpride.nl\/de\/wp-json\/wp\/v2\/product_tag?post=110474"}],"curies":[{"name":"wp","href":"https:\/\/api.w.org\/{rel}","templated":true}]}}