{"id":110416,"date":"2023-06-12T15:44:07","date_gmt":"2023-06-12T13:44:07","guid":{"rendered":"https:\/\/www.dogpride.nl\/?post_type=product&#038;p=110416"},"modified":"2026-02-19T12:47:08","modified_gmt":"2026-02-19T11:47:08","slug":"arrak-crafter-jas-heren","status":"publish","type":"product","link":"https:\/\/dogpride.nl\/de\/arrak-crafter-jas-heren\/","title":{"rendered":"Arrak Crafter Jacke Herren"},"content":{"rendered":"<h4>Arrak Crafter Jacke Herren<\/h4>\n<p>Arrak Crafter Jacke Herren<\/p>\n<p>Garphyttan Crafter-Jacke. Sie bestehen aus unserem charakteristischen Fixar-Material \u2013 einem \u00e4u\u00dferst strapazierf\u00e4higen und bequemen Baumwoll-Canvas mit vollem Vier-Wege-Stretch.<br \/>\nDie Jacke hat 2 Seitentaschen und 2 Brusttaschen mit Rei\u00dfverschluss. In den unteren Taschen finden Sie au\u00dferdem eine Handytasche und ein Messerfach sowie eine Multitool-Tasche.<br \/>\nHandytaschen unter den Achseln. Auf der R\u00fcckseite befindet sich eine praktische Ges\u00e4\u00dftasche. Die Unterarme sind verst\u00e4rkt.<br \/>\nDie Garphyttan Crafter-Jacke wird von Profis und Heimwerkern gleicherma\u00dfen verwendet und vereint auf einzigartige Weise die Eigenschaften Haltbarkeit und Dehnbarkeit sowie Funktion und Komfort.<\/p>\n<p><strong>Erh\u00e4ltlich in den Farben:<\/strong> Anthrazit, Braun und Khaki<\/p>\n<p><strong>Erh\u00e4ltlich in den Gr\u00f6\u00dfen:<\/strong> S bis 3XL<\/p>\n<p><strong>Spezifikationen:<\/strong><\/p>\n<ul>\n<li>Jeans-Stretchqualit\u00e4t<\/li>\n<li>98% Baumwolle\/2% Elasthan<\/li>\n<li>Verst\u00e4rkungen an den \u00c4rmeln<\/li>\n<li>Mehrere praktische Taschen mit Rei\u00dfverschluss (auch auf der R\u00fcckseite)<\/li>\n<li>Multi-Tool-Box<\/li>\n<li>Mobile Taschen<\/li>\n<li>Messertasche<\/li>\n<\/ul>\n<p><a href=\"https:\/\/dogpride.nl\/de\/produkt\/arrak-crafter-broek-heren\/\">Passende Crafter-Hosen finden Sie HIER.<\/a><\/p>\n<p><strong>Gr\u00f6\u00dfentabelle:<\/strong><\/p>\n<p><img loading=\"lazy\" decoding=\"async\" class=\"alignnone size-full wp-image-110397\" src=\"https:\/\/www.dogpride.nl\/wp-content\/uploads\/Maattabel-Crafter-Tops.jpg\" alt=\"Maattabel\" width=\"432\" height=\"574\" srcset=\"https:\/\/dogpride.nl\/wp-content\/uploads\/Maattabel-Crafter-Tops.jpg 432w, https:\/\/dogpride.nl\/wp-content\/uploads\/Maattabel-Crafter-Tops-250x332.jpg 250w, https:\/\/dogpride.nl\/wp-content\/uploads\/Maattabel-Crafter-Tops-400x531.jpg 400w, https:\/\/dogpride.nl\/wp-content\/uploads\/Maattabel-Crafter-Tops-226x300.jpg 226w, https:\/\/dogpride.nl\/wp-content\/uploads\/Maattabel-Crafter-Tops-200x266.jpg 200w\" sizes=\"auto, (max-width: 432px) 100vw, 432px\" \/><\/p>\n<p>&nbsp;<\/p>\n<p><a href=\"https:\/\/arrakoutdoor.com\/\" target=\"_blank\" rel=\"noopener\"><img loading=\"lazy\" decoding=\"async\" class=\"alignnone wp-image-110135 size-full\" src=\"https:\/\/dogpride.nl\/wp-content\/uploads\/Arrak20Outdoor20Logo.gif\" alt=\"Logo Arrak\" width=\"220\" height=\"87\" \/><\/a><\/p>\n<p><a href=\"https:\/\/dogpride.nl\/de\/kleding\/jassen\/arrak-outdoor-jassen\/\"><img loading=\"lazy\" decoding=\"async\" class=\"alignnone\" title=\"Arrak Crafter Jas Heren Khaki\" src=\"https:\/\/dogpride.nl\/wp-content\/uploads\/Crafter-Jas-Heren-Khaki1-150x150.jpg\" alt=\"Arrak Crafter Jas Heren Khaki\" width=\"150\" height=\"150\" \/><\/a><\/p>","protected":false},"excerpt":{"rendered":"<p>Garphyttan Crafter-Jacke. Sie bestehen aus unserem charakteristischen Fixar-Material \u2013 einem \u00e4u\u00dferst strapazierf\u00e4higen und bequemen Baumwoll-Canvas mit vollem Vier-Wege-Stretch.<\/p>","protected":false},"featured_media":110417,"template":"","meta":[],"product_brand":[],"product_cat":[24457],"product_tag":[3335,6175,6170,3208,5076,6179,6180],"class_list":{"0":"post-110416","1":"product","2":"type-product","3":"status-publish","4":"has-post-thumbnail","6":"product_cat-arrak-outdoor-heren-jassen","7":"product_tag-arrak","8":"product_tag-crafter","9":"product_tag-garphyttan","10":"product_tag-heren","11":"product_tag-jas","12":"product_tag-werkjas","13":"product_tag-zak-op-rug","15":"first","16":"instock","17":"taxable","18":"shipping-taxable","19":"purchasable","20":"product-type-variable"},"mb":[],"mfb_rest_fields":["title"],"_links":{"self":[{"href":"https:\/\/dogpride.nl\/de\/wp-json\/wp\/v2\/product\/110416","targetHints":{"allow":["GET"]}}],"collection":[{"href":"https:\/\/dogpride.nl\/de\/wp-json\/wp\/v2\/product"}],"about":[{"href":"https:\/\/dogpride.nl\/de\/wp-json\/wp\/v2\/types\/product"}],"wp:featuredmedia":[{"embeddable":true,"href":"https:\/\/dogpride.nl\/de\/wp-json\/wp\/v2\/media\/110417"}],"wp:attachment":[{"href":"https:\/\/dogpride.nl\/de\/wp-json\/wp\/v2\/media?parent=110416"}],"wp:term":[{"taxonomy":"product_brand","embeddable":true,"href":"https:\/\/dogpride.nl\/de\/wp-json\/wp\/v2\/product_brand?post=110416"},{"taxonomy":"product_cat","embeddable":true,"href":"https:\/\/dogpride.nl\/de\/wp-json\/wp\/v2\/product_cat?post=110416"},{"taxonomy":"product_tag","embeddable":true,"href":"https:\/\/dogpride.nl\/de\/wp-json\/wp\/v2\/product_tag?post=110416"}],"curies":[{"name":"wp","href":"https:\/\/api.w.org\/{rel}","templated":true}]}}