{"id":110345,"date":"2023-06-12T14:09:04","date_gmt":"2023-06-12T12:09:04","guid":{"rendered":"https:\/\/www.dogpride.nl\/?post_type=product&#038;p=110345"},"modified":"2026-02-19T13:09:26","modified_gmt":"2026-02-19T12:09:26","slug":"arrak-crafter-3-4-broek-heren","status":"publish","type":"product","link":"https:\/\/dogpride.nl\/de\/arrak-crafter-3-4-broek-heren\/","title":{"rendered":"Arrak Crafter 3\/4 Hose Herren"},"content":{"rendered":"<h4>Arrak Crafter 3\/4 Hose Herren<\/h4>\n<p>Arrak Crafter 3\/4 Hose Herren<\/p>\n<p>Was erwarten Sie von Arbeitshosen? Vermutlich sollten sie bequem und langlebig sein und Platz f\u00fcr Werkzeuge, N\u00e4gel, Schrauben und andere wichtige Dinge bieten.<br \/>\nWenn ja, geht es Ihnen genau wie uns. Und wenn ja, werden Ihnen die Garphyttan Crafter 3\/4 Pants gefallen. Sie bestehen aus unserem charakteristischen Fixar-Material \u2013 einem \u00e4u\u00dferst strapazierf\u00e4higen und bequemen Baumwoll-Canvas mit vollem Vier-Wege-Stretch.<br \/>\nDe Arrak Crafter 3\/4 Broek Heren heeft zakken voor kniebeschermers en is voorzien van dubbele ventilatieritsen aan de zijkanten. Ze zijn versterkt in blootgestelde gebieden en hebben veel vakken en slimme compartimenten voor gereedschap, mobiele telefoons, spijkers, schroeven, bits en andere kleine items.<br \/>\nDe Arrak Crafter 3\/4 Broek Heren wordt gebruikt door zowel professionals als doe-het-zelvers, en de broek combineert op unieke wijze de eigenschappen van duurzaamheid en stretch, evenals functie en comfort.<\/p>\n<p><strong>Erh\u00e4ltlich in den Gr\u00f6\u00dfen:<\/strong> 46 bis 60<\/p>\n<p><strong>Erh\u00e4ltlich in den Farben:<\/strong> Khaki, Anthrazit<\/p>\n<p><strong>Spezifikationen:<\/strong><\/p>\n<ul>\n<li>Jeans-Stretchqualit\u00e4t<\/li>\n<li>98% Baumwolle\/2% Elasthan<\/li>\n<li>Verst\u00e4rkungen an den Knien<\/li>\n<li>Bel\u00fcftungsketten an der Seite<\/li>\n<li>Ger\u00e4umige Beintaschen<\/li>\n<li>Kniepolstertaschen<\/li>\n<li>Werkzeugtaschen und Halterungen f\u00fcr H\u00e4mmer<\/li>\n<\/ul>\n<p><a href=\"https:\/\/dogpride.nl\/de\/produkt\/arrak-crafter-jas-heren\/\">Suchen Sie HIER nach einer passenden Crafter-Jacke.<\/a><\/p>\n<p><strong>Gr\u00f6\u00dfentabelle:<\/strong><\/p>\n<p><img loading=\"lazy\" decoding=\"async\" class=\"alignnone size-full wp-image-110366\" src=\"https:\/\/www.dogpride.nl\/wp-content\/uploads\/Maattabel-Arrak-Crafter.jpg\" alt=\"Maattabel Crafter\" width=\"520\" height=\"572\" srcset=\"https:\/\/dogpride.nl\/wp-content\/uploads\/Maattabel-Arrak-Crafter.jpg 520w, https:\/\/dogpride.nl\/wp-content\/uploads\/Maattabel-Arrak-Crafter-250x275.jpg 250w, https:\/\/dogpride.nl\/wp-content\/uploads\/Maattabel-Arrak-Crafter-400x440.jpg 400w, https:\/\/dogpride.nl\/wp-content\/uploads\/Maattabel-Arrak-Crafter-273x300.jpg 273w, https:\/\/dogpride.nl\/wp-content\/uploads\/Maattabel-Arrak-Crafter-200x220.jpg 200w\" sizes=\"auto, (max-width: 520px) 100vw, 520px\" \/><\/p>\n<p>&nbsp;<\/p>\n<p><a href=\"https:\/\/arrakoutdoor.com\/\" target=\"_blank\" rel=\"noopener\"><img loading=\"lazy\" decoding=\"async\" class=\"alignnone wp-image-136085 size-full\" src=\"https:\/\/dogpride.nl\/wp-content\/uploads\/Logo-1.jpg\" alt=\"Arrak Quick Dry Pants Woman Navy Blue \" width=\"313\" height=\"137\" srcset=\"https:\/\/dogpride.nl\/wp-content\/uploads\/Logo-1.jpg 313w, https:\/\/dogpride.nl\/wp-content\/uploads\/Logo-1-300x131.jpg 300w, https:\/\/dogpride.nl\/wp-content\/uploads\/Logo-1-18x8.jpg 18w, https:\/\/dogpride.nl\/wp-content\/uploads\/Logo-1-250x109.jpg 250w\" sizes=\"auto, (max-width: 313px) 100vw, 313px\" \/><\/a><\/p>\n<p><a href=\"https:\/\/dogpride.nl\/de\/kleding\/broeken\/arrak-outdoor-broeken\/\"><img loading=\"lazy\" decoding=\"async\" class=\"alignnone\" title=\"Arrak Crafter 3\/4 Broek Heren Khaki\" src=\"https:\/\/dogpride.nl\/wp-content\/uploads\/Crafter-3-4-Broek-Heren-Khaki-3-150x150.jpg\" alt=\"Arrak Crafter 3\/4 Broek Heren Khaki\" width=\"150\" height=\"150\" \/><\/a><\/p>","protected":false},"excerpt":{"rendered":"<p>Die Garphyttan Crafter 3\/4-Hose wird von Profis und Heimwerkern gleicherma\u00dfen verwendet und kombiniert auf einzigartige Weise die Eigenschaften von Haltbarkeit und Dehnbarkeit sowie Funktion und Komfort.<\/p>","protected":false},"featured_media":110346,"template":"","meta":[],"product_brand":[],"product_cat":[24458],"product_tag":[6177,3335,6175,3208,6176],"class_list":{"0":"post-110345","1":"product","2":"type-product","3":"status-publish","4":"has-post-thumbnail","6":"product_cat-arrak-outdoor-heren-broeken","7":"product_tag-3-4-broek","8":"product_tag-arrak","9":"product_tag-crafter","10":"product_tag-heren","11":"product_tag-werkbroek","13":"first","14":"instock","15":"taxable","16":"shipping-taxable","17":"purchasable","18":"product-type-variable"},"mb":[],"mfb_rest_fields":["title"],"_links":{"self":[{"href":"https:\/\/dogpride.nl\/de\/wp-json\/wp\/v2\/product\/110345","targetHints":{"allow":["GET"]}}],"collection":[{"href":"https:\/\/dogpride.nl\/de\/wp-json\/wp\/v2\/product"}],"about":[{"href":"https:\/\/dogpride.nl\/de\/wp-json\/wp\/v2\/types\/product"}],"wp:featuredmedia":[{"embeddable":true,"href":"https:\/\/dogpride.nl\/de\/wp-json\/wp\/v2\/media\/110346"}],"wp:attachment":[{"href":"https:\/\/dogpride.nl\/de\/wp-json\/wp\/v2\/media?parent=110345"}],"wp:term":[{"taxonomy":"product_brand","embeddable":true,"href":"https:\/\/dogpride.nl\/de\/wp-json\/wp\/v2\/product_brand?post=110345"},{"taxonomy":"product_cat","embeddable":true,"href":"https:\/\/dogpride.nl\/de\/wp-json\/wp\/v2\/product_cat?post=110345"},{"taxonomy":"product_tag","embeddable":true,"href":"https:\/\/dogpride.nl\/de\/wp-json\/wp\/v2\/product_tag?post=110345"}],"curies":[{"name":"wp","href":"https:\/\/api.w.org\/{rel}","templated":true}]}}