{"id":110317,"date":"2023-06-12T13:48:35","date_gmt":"2023-06-12T11:48:35","guid":{"rendered":"https:\/\/www.dogpride.nl\/?post_type=product&#038;p=110317"},"modified":"2026-02-19T13:09:45","modified_gmt":"2026-02-19T12:09:45","slug":"arrak-crafter-broek-heren","status":"publish","type":"product","link":"https:\/\/dogpride.nl\/de\/arrak-crafter-broek-heren\/","title":{"rendered":"Arrak Crafter Hose Herren"},"content":{"rendered":"<h4>Arrak Crafter Hose Herren<\/h4>\n<p>Arrak Crafter Hose Herren<\/p>\n<p>Was erwarten Sie von Arbeitshosen? Vermutlich sollten sie bequem und langlebig sein und Platz f\u00fcr Werkzeuge, N\u00e4gel, Schrauben und andere wichtige Dinge bieten. Wenn ja, geht es Ihnen genau wie uns. Und wenn ja, werden Ihnen die Garphyttan Crafter Pants gefallen. Sie bestehen aus unserem charakteristischen Fixar-Material \u2013 einem \u00e4u\u00dferst strapazierf\u00e4higen und bequemen Baumwoll-Canvas mit vollem Vier-Wege-Stretch.<br \/>\nDe Arrak Crafter Broek Heren heeft zakken voor kniebeschermers en is voorzien van dubbele ventilatieritsen aan de zijkanten.<br \/>\nSie sind an exponierten Stellen verst\u00e4rkt und verf\u00fcgen \u00fcber viele Taschen und clevere F\u00e4cher f\u00fcr Werkzeug, Handy, N\u00e4gel, Schrauben, Bits und andere Kleinteile.<br \/>\nDe Arrak Crafter Broek Heren wordt gebruikt door zowel professionals als doe-het-zelvers, en de broek combineert op unieke wijze de eigenschappen van duurzaamheid en stretch, evenals functie en comfort.<\/p>\n<p><strong>Erh\u00e4ltlich in den Gr\u00f6\u00dfen:<\/strong> 46 bis 60<\/p>\n<p><strong>Erh\u00e4ltlich in den Farben:<\/strong> Braun-grau<\/p>\n<p><strong>Spezifikationen:<\/strong><\/p>\n<ul>\n<li>Jeans-Stretchqualit\u00e4t<\/li>\n<li>98% Baumwolle\/2% Elasthan<\/li>\n<li>Verst\u00e4rkungen an den Knien und an der Innenseite der Beinabschl\u00fcsse<\/li>\n<li>Bel\u00fcftungsketten an der Seite<\/li>\n<li>Ger\u00e4umige Beintaschen<\/li>\n<li>Kniepolstertaschen<\/li>\n<li>Werkzeugtaschen und Halterungen f\u00fcr H\u00e4mmer<\/li>\n<\/ul>\n<p><a href=\"https:\/\/dogpride.nl\/de\/produkt\/arrak-crafter-jas-heren\/\">Suchen Sie HIER nach einer passenden Crafter-Jacke.<\/a><\/p>\n<p><strong>Gr\u00f6\u00dfentabelle:<\/strong><\/p>\n<p><img loading=\"lazy\" decoding=\"async\" class=\"alignnone size-full wp-image-110366\" src=\"https:\/\/www.dogpride.nl\/wp-content\/uploads\/Maattabel-Arrak-Crafter.jpg\" alt=\"Maattabel Crafter\" width=\"520\" height=\"572\" srcset=\"https:\/\/dogpride.nl\/wp-content\/uploads\/Maattabel-Arrak-Crafter.jpg 520w, https:\/\/dogpride.nl\/wp-content\/uploads\/Maattabel-Arrak-Crafter-250x275.jpg 250w, https:\/\/dogpride.nl\/wp-content\/uploads\/Maattabel-Arrak-Crafter-400x440.jpg 400w, https:\/\/dogpride.nl\/wp-content\/uploads\/Maattabel-Arrak-Crafter-273x300.jpg 273w, https:\/\/dogpride.nl\/wp-content\/uploads\/Maattabel-Arrak-Crafter-200x220.jpg 200w\" sizes=\"auto, (max-width: 520px) 100vw, 520px\" \/><\/p>\n<p>&nbsp;<\/p>\n<p><a href=\"https:\/\/arrakoutdoor.com\/\" target=\"_blank\" rel=\"noopener\"><img loading=\"lazy\" decoding=\"async\" class=\"alignnone wp-image-136085 size-full\" src=\"https:\/\/dogpride.nl\/wp-content\/uploads\/Logo-1.jpg\" alt=\"Arrak Quick Dry Pants Woman Navy Blue \" width=\"313\" height=\"137\" srcset=\"https:\/\/dogpride.nl\/wp-content\/uploads\/Logo-1.jpg 313w, https:\/\/dogpride.nl\/wp-content\/uploads\/Logo-1-300x131.jpg 300w, https:\/\/dogpride.nl\/wp-content\/uploads\/Logo-1-18x8.jpg 18w, https:\/\/dogpride.nl\/wp-content\/uploads\/Logo-1-250x109.jpg 250w\" sizes=\"auto, (max-width: 313px) 100vw, 313px\" \/><\/a><\/p>\n<p><a href=\"https:\/\/dogpride.nl\/de\/kleding\/broeken\/arrak-outdoor-broeken\/\"><img loading=\"lazy\" decoding=\"async\" class=\"alignnone\" title=\"Arrak Crafter Hose Herren \" src=\"https:\/\/dogpride.nl\/wp-content\/uploads\/Crafter-Broek-Heren-grijs-1-150x150.jpg\" alt=\"Arrak Crafter Broek Heren \" width=\"150\" height=\"150\" \/><\/a><\/p>","protected":false},"excerpt":{"rendered":"<p>Was erwarten Sie von Arbeitshosen? Vermutlich sollten sie bequem und langlebig sein und Platz f\u00fcr Werkzeuge, N\u00e4gel, Schrauben und andere wichtige Dinge bieten. Wenn ja, geht es Ihnen genau wie uns. Und wenn ja, werden Ihnen die Garphyttan Crafter Pants gefallen.<\/p>","protected":false},"featured_media":110318,"template":"","meta":[],"product_brand":[],"product_cat":[24458],"product_tag":[3335,4804,6175,3208],"class_list":{"0":"post-110317","1":"product","2":"type-product","3":"status-publish","4":"has-post-thumbnail","6":"product_cat-arrak-outdoor-heren-broeken","7":"product_tag-arrak","8":"product_tag-broek","9":"product_tag-crafter","10":"product_tag-heren","12":"first","13":"instock","14":"taxable","15":"shipping-taxable","16":"purchasable","17":"product-type-variable"},"mb":[],"mfb_rest_fields":["title"],"_links":{"self":[{"href":"https:\/\/dogpride.nl\/de\/wp-json\/wp\/v2\/product\/110317","targetHints":{"allow":["GET"]}}],"collection":[{"href":"https:\/\/dogpride.nl\/de\/wp-json\/wp\/v2\/product"}],"about":[{"href":"https:\/\/dogpride.nl\/de\/wp-json\/wp\/v2\/types\/product"}],"wp:featuredmedia":[{"embeddable":true,"href":"https:\/\/dogpride.nl\/de\/wp-json\/wp\/v2\/media\/110318"}],"wp:attachment":[{"href":"https:\/\/dogpride.nl\/de\/wp-json\/wp\/v2\/media?parent=110317"}],"wp:term":[{"taxonomy":"product_brand","embeddable":true,"href":"https:\/\/dogpride.nl\/de\/wp-json\/wp\/v2\/product_brand?post=110317"},{"taxonomy":"product_cat","embeddable":true,"href":"https:\/\/dogpride.nl\/de\/wp-json\/wp\/v2\/product_cat?post=110317"},{"taxonomy":"product_tag","embeddable":true,"href":"https:\/\/dogpride.nl\/de\/wp-json\/wp\/v2\/product_tag?post=110317"}],"curies":[{"name":"wp","href":"https:\/\/api.w.org\/{rel}","templated":true}]}}