{"id":110164,"date":"2023-06-12T11:38:28","date_gmt":"2023-06-12T09:38:28","guid":{"rendered":"https:\/\/www.dogpride.nl\/?post_type=product&#038;p=110164"},"modified":"2026-02-19T13:09:56","modified_gmt":"2026-02-19T12:09:56","slug":"arrak-motion-stretch-shorts-heren","status":"publish","type":"product","link":"https:\/\/dogpride.nl\/de\/arrak-motion-stretch-shorts-heren\/","title":{"rendered":"Arrak Motion Stretch Shorts Herren"},"content":{"rendered":"<h4>Arrak Motion Stretch Shorts Herren<\/h4>\n<p>Arrak Motion Stretch Shorts Herren<\/p>\n<p>Arrak Motion Stretch-Shorts sind Shorts aus 4-Wege-Stretchmaterial f\u00fcr eine perfekte Passform. Oberschenkeltaschen mit Rei\u00dfverschluss und Eingrifftaschen mit Rei\u00dfverschluss. Offene Ges\u00e4\u00dftaschen.<br \/>\nDie Shorts bestehen aus einem 4-Wege-Stretchmaterial aus 90% Nylon\/10% Spandex. 7 G\u00fcrtelschlaufen, eine davon mit praktischem D-Ring.<br \/>\nShorts f\u00fcr alle, die flexible Shorts mit perfekter Passform suchen! Gewicht in Gr\u00f6\u00dfe 50 319g<\/p>\n<p><strong>Erh\u00e4ltlich in den Gr\u00f6\u00dfen:<\/strong> 46 bis 60<\/p>\n<p><strong>Erh\u00e4ltlich in den Farben:<\/strong> Gr\u00fcn, Schwarz, Khaki<\/p>\n<h4><strong>Spezifikationen:<\/strong><\/h4>\n<ul>\n<li>4-Wege-Stretch mit toller Passform<\/li>\n<li>Stretchstoff 90% Nylon\/10% Spandex<\/li>\n<li>Rei\u00dfverschlusstaschen f\u00fcr die H\u00e4nde<\/li>\n<li>Oberschenkeltaschen mit Rei\u00dfverschluss<\/li>\n<li>Offene Ges\u00e4\u00dftaschen<\/li>\n<li>7 G\u00fcrtelschlaufen<\/li>\n<li>D-Ring an einer G\u00fcrtelschlaufe<\/li>\n<li>Gewicht in Gr\u00f6\u00dfe 50 319g<\/li>\n<\/ul>\n<p>&nbsp;<\/p>\n<p><a href=\"https:\/\/arrakoutdoor.com\/\" target=\"_blank\" rel=\"noopener\"><img loading=\"lazy\" decoding=\"async\" class=\"alignnone wp-image-136085 size-full\" src=\"https:\/\/dogpride.nl\/wp-content\/uploads\/Logo-1.jpg\" alt=\"Arrak Quick Dry Pants Woman Navy Blue \" width=\"313\" height=\"137\" srcset=\"https:\/\/dogpride.nl\/wp-content\/uploads\/Logo-1.jpg 313w, https:\/\/dogpride.nl\/wp-content\/uploads\/Logo-1-300x131.jpg 300w, https:\/\/dogpride.nl\/wp-content\/uploads\/Logo-1-18x8.jpg 18w, https:\/\/dogpride.nl\/wp-content\/uploads\/Logo-1-250x109.jpg 250w\" sizes=\"auto, (max-width: 313px) 100vw, 313px\" \/><\/a><\/p>\n<p><a href=\"https:\/\/dogpride.nl\/de\/kleding\/broeken\/arrak-outdoor-broeken\/\"><img loading=\"lazy\" decoding=\"async\" class=\"alignnone\" title=\"Arrak Motion Stretch Shorts Herren\" src=\"https:\/\/dogpride.nl\/wp-content\/uploads\/23049_green_front.jpg\" alt=\"Arrak Motion Stretch Shorts Heren\" width=\"169\" height=\"169\" \/><\/a><\/p>\n<p><span style=\"color: #ffffff;\"><a style=\"color: #ffffff;\" href=\"https:\/\/devrolijkekwispel.nl\/\" target=\"_blank\" rel=\"noopener\">Dogpride NL sponsert Kelly Albers<\/a><\/span><\/p>","protected":false},"excerpt":{"rendered":"<p>Arrak Motion Stretch-Shorts sind Shorts aus 4-Wege-Stretchmaterial f\u00fcr eine perfekte Passform. Oberschenkeltaschen mit Rei\u00dfverschluss und Eingrifftaschen mit Rei\u00dfverschluss. Offene Ges\u00e4\u00dftaschen.<\/p>","protected":false},"featured_media":110165,"template":"","meta":[],"product_brand":[],"product_cat":[24458],"product_tag":[3335,3334,3208,3171,6173,6172,4793],"class_list":{"0":"post-110164","1":"product","2":"type-product","3":"status-publish","4":"has-post-thumbnail","6":"product_cat-arrak-outdoor-heren-broeken","7":"product_tag-arrak","8":"product_tag-arrak-outdoor","9":"product_tag-heren","10":"product_tag-men","11":"product_tag-motion","12":"product_tag-shorts","13":"product_tag-stretch","15":"first","16":"instock","17":"taxable","18":"shipping-taxable","19":"purchasable","20":"product-type-variable"},"mb":[],"mfb_rest_fields":["title"],"_links":{"self":[{"href":"https:\/\/dogpride.nl\/de\/wp-json\/wp\/v2\/product\/110164","targetHints":{"allow":["GET"]}}],"collection":[{"href":"https:\/\/dogpride.nl\/de\/wp-json\/wp\/v2\/product"}],"about":[{"href":"https:\/\/dogpride.nl\/de\/wp-json\/wp\/v2\/types\/product"}],"wp:featuredmedia":[{"embeddable":true,"href":"https:\/\/dogpride.nl\/de\/wp-json\/wp\/v2\/media\/110165"}],"wp:attachment":[{"href":"https:\/\/dogpride.nl\/de\/wp-json\/wp\/v2\/media?parent=110164"}],"wp:term":[{"taxonomy":"product_brand","embeddable":true,"href":"https:\/\/dogpride.nl\/de\/wp-json\/wp\/v2\/product_brand?post=110164"},{"taxonomy":"product_cat","embeddable":true,"href":"https:\/\/dogpride.nl\/de\/wp-json\/wp\/v2\/product_cat?post=110164"},{"taxonomy":"product_tag","embeddable":true,"href":"https:\/\/dogpride.nl\/de\/wp-json\/wp\/v2\/product_tag?post=110164"}],"curies":[{"name":"wp","href":"https:\/\/api.w.org\/{rel}","templated":true}]}}