{"id":109316,"date":"2023-06-05T18:16:26","date_gmt":"2023-06-05T16:16:26","guid":{"rendered":"https:\/\/www.dogpride.nl\/?post_type=product&#038;p=109316"},"modified":"2026-02-19T13:10:32","modified_gmt":"2026-02-19T12:10:32","slug":"arrak-hybride-broek-junior","status":"publish","type":"product","link":"https:\/\/dogpride.nl\/de\/arrak-hybride-broek-junior\/","title":{"rendered":"Arrak Hybrid Hose Junior"},"content":{"rendered":"<h4>Arrak Hybrid Hose Junior<\/h4>\n<p>Arrak Hybrid Hose Junior<\/p>\n<div class=\"product-reviews-summary short empty\">\n<div class=\"reviews-actions\">Die Hybrid Pants von Arrak sind robuste Open-Air-Hosen mit kleinen Extradetails. Regul\u00e4re Passform f\u00fcr beste Bewegungsfreiheit f\u00fcr ein aktives Outdoor-Leben.<\/div>\n<\/div>\n<div class=\"product-info-main\">\n<div class=\"product attribute overview\">\n<div class=\"value\">\n<p>Die Hose besteht aus einem flexiblen Stretchmaterial f\u00fcr beste Passform und hat einen elastischen Bund. Verst\u00e4rkte Eins\u00e4tze aus strapazierf\u00e4higem Polyester\/Baumwollmaterial. Die Hose ist DWR-behandelt, kann aber auch problemlos impr\u00e4gniert werden, um N\u00e4sse zu widerstehen.<\/p>\n<p>Offene Taschen oben f\u00fcr die H\u00e4nde. D-Ring. Gro\u00dfz\u00fcgige Oberschenkeltaschen, wobei die rechte Oberschenkeltasche \u00fcber 2 Rei\u00dfverschlusstaschen verf\u00fcgt. Rei\u00dfverschl\u00fcsse mit seitlicher Bel\u00fcftung. Knietaschen f\u00fcr Platz mit Knieschutz. Der Rei\u00dfverschluss erleichtert das Anziehen von Stiefeln und Stiefeln und dient zur Bel\u00fcftung. Verst\u00e4rkung an der Innenseite des Beinabschlusses.<\/p>\n<p>Verstellbarer Beinverschluss mit Druckkn\u00f6pfen und Haken zum Einklipsen in den Schuhriemen, um das Hosenbein fest am Stiefel zu halten.<\/p>\n<p><strong>Erh\u00e4ltlich in den Farben:<\/strong><\/p>\n<ul>\n<li>Rot<\/li>\n<li>Olive<\/li>\n<li>Orange brennen<\/li>\n<li>Anthrazit<\/li>\n<\/ul>\n<p><strong>Erh\u00e4ltlich in den Gr\u00f6\u00dfen:<\/strong><\/p>\n<ul>\n<li>110<\/li>\n<li>122<\/li>\n<li>134<\/li>\n<li>146<\/li>\n<li>158<\/li>\n<\/ul>\n<p><a href=\"https:\/\/arrakoutdoor.com\/\" target=\"_blank\" rel=\"noopener\"><img loading=\"lazy\" decoding=\"async\" class=\"alignnone wp-image-136085 size-full\" src=\"https:\/\/dogpride.nl\/wp-content\/uploads\/Logo-1.jpg\" alt=\"Arrak Quick Dry Pants Woman Navy Blue \" width=\"313\" height=\"137\" srcset=\"https:\/\/dogpride.nl\/wp-content\/uploads\/Logo-1.jpg 313w, https:\/\/dogpride.nl\/wp-content\/uploads\/Logo-1-300x131.jpg 300w, https:\/\/dogpride.nl\/wp-content\/uploads\/Logo-1-18x8.jpg 18w, https:\/\/dogpride.nl\/wp-content\/uploads\/Logo-1-250x109.jpg 250w\" sizes=\"auto, (max-width: 313px) 100vw, 313px\" \/><\/a><\/p>\n<p><a href=\"https:\/\/dogpride.nl\/de\/kleding\/broeken\/arrak-outdoor-broeken\/\"><img loading=\"lazy\" decoding=\"async\" class=\"alignnone\" title=\"Arrak Hybrid Hose Junior\" src=\"https:\/\/dogpride.nl\/wp-content\/uploads\/fq9a9686-150x150.jpg\" alt=\"Arrak Hybride Broek Junior\" width=\"150\" height=\"150\" \/><\/a><\/p>\n<\/div>\n<\/div>\n<\/div>","protected":false},"excerpt":{"rendered":"<p>Die Hybrid Pants von Arrak sind robuste Open-Air-Hosen mit kleinen Extradetails. Regul\u00e4re Passform f\u00fcr beste Bewegungsfreiheit f\u00fcr ein aktives Outdoor-Leben.<\/p>","protected":false},"featured_media":109317,"template":"","meta":[],"product_brand":[],"product_cat":[3860,24458],"product_tag":[3335,4804,5391,3398,6157],"class_list":{"0":"post-109316","1":"product","2":"type-product","3":"status-publish","4":"has-post-thumbnail","6":"product_cat-arrak-outdoor-dames-broeken","7":"product_cat-arrak-outdoor-heren-broeken","8":"product_tag-arrak","9":"product_tag-broek","10":"product_tag-hybride","11":"product_tag-junior","12":"product_tag-kinderbroek","14":"first","15":"instock","16":"taxable","17":"shipping-taxable","18":"purchasable","19":"product-type-variable"},"mb":[],"mfb_rest_fields":["title"],"_links":{"self":[{"href":"https:\/\/dogpride.nl\/de\/wp-json\/wp\/v2\/product\/109316","targetHints":{"allow":["GET"]}}],"collection":[{"href":"https:\/\/dogpride.nl\/de\/wp-json\/wp\/v2\/product"}],"about":[{"href":"https:\/\/dogpride.nl\/de\/wp-json\/wp\/v2\/types\/product"}],"wp:featuredmedia":[{"embeddable":true,"href":"https:\/\/dogpride.nl\/de\/wp-json\/wp\/v2\/media\/109317"}],"wp:attachment":[{"href":"https:\/\/dogpride.nl\/de\/wp-json\/wp\/v2\/media?parent=109316"}],"wp:term":[{"taxonomy":"product_brand","embeddable":true,"href":"https:\/\/dogpride.nl\/de\/wp-json\/wp\/v2\/product_brand?post=109316"},{"taxonomy":"product_cat","embeddable":true,"href":"https:\/\/dogpride.nl\/de\/wp-json\/wp\/v2\/product_cat?post=109316"},{"taxonomy":"product_tag","embeddable":true,"href":"https:\/\/dogpride.nl\/de\/wp-json\/wp\/v2\/product_tag?post=109316"}],"curies":[{"name":"wp","href":"https:\/\/api.w.org\/{rel}","templated":true}]}}