{"id":107894,"date":"2023-05-19T13:03:17","date_gmt":"2023-05-19T11:03:17","guid":{"rendered":"https:\/\/www.dogpride.nl\/?post_type=product&#038;p=107894"},"modified":"2025-12-20T09:45:18","modified_gmt":"2025-12-20T08:45:18","slug":"metalen-medaille-met-relief-afbeelding","status":"publish","type":"product","link":"https:\/\/dogpride.nl\/de\/metalen-medaille-met-relief-afbeelding\/","title":{"rendered":"Metallmedaille mit gepr\u00e4gtem Bild"},"content":{"rendered":"<h4 data-start=\"0\" data-end=\"103\"><strong data-start=\"5\" data-end=\"103\">Metalen medaille met reli\u00ebf afbeelding \u2013 duurzame onderscheiding met professionele uitstraling<\/strong><\/h4>\n<p data-start=\"105\" data-end=\"575\">A <strong data-start=\"109\" data-end=\"151\">metalen medaille met reli\u00ebf afbeelding<\/strong> is een klassieke en duurzame manier om prestaties, inzet en bijzondere momenten tastbaar te belonen. Dankzij het reli\u00ebf \u2013 waarbij de afbeelding verhoogd of verdiept in het metaal is aangebracht \u2013 krijgt de medaille een <strong data-start=\"371\" data-end=\"426\">hoogwaardige, professionele en tijdloze uitstraling<\/strong>. Dit type medaille wordt veel gebruikt bij sportwedstrijden, hondensportevenementen, kampioenschappen, examens, herdenkingen en speciale ceremonies.<\/p>\n<p data-start=\"577\" data-end=\"719\">Een metalen medaille met reli\u00ebf onderscheidt zich duidelijk van geprinte of vlakke uitvoeringen en straalt kwaliteit, waarde en erkenning uit.<\/p>\n<hr data-start=\"721\" data-end=\"724\" \/>\n<h4 data-start=\"726\" data-end=\"788\"><strong data-start=\"731\" data-end=\"788\">Metalen medaille met reli\u00ebf afbeelding in de praktijk<\/strong><\/h4>\n<p data-start=\"790\" data-end=\"944\">Der <strong data-start=\"793\" data-end=\"835\">metalen medaille met reli\u00ebf afbeelding<\/strong> wordt ingezet bij uiteenlopende gelegenheden waarbij een blijvende herinnering gewenst is. Denk hierbij aan:<\/p>\n<ul data-start=\"946\" data-end=\"1133\">\n<li data-start=\"946\" data-end=\"980\">\n<p data-start=\"948\" data-end=\"980\">sportwedstrijden en toernooien<\/p>\n<\/li>\n<li data-start=\"981\" data-end=\"1016\">\n<p data-start=\"983\" data-end=\"1016\">hondensport- en IGP-evenementen<\/p>\n<\/li>\n<li data-start=\"1017\" data-end=\"1056\">\n<p data-start=\"1019\" data-end=\"1056\">kampioenschappen en clubwedstrijden<\/p>\n<\/li>\n<li data-start=\"1057\" data-end=\"1087\">\n<p data-start=\"1059\" data-end=\"1087\">examens en certificeringen<\/p>\n<\/li>\n<li data-start=\"1088\" data-end=\"1133\">\n<p data-start=\"1090\" data-end=\"1133\">jubilea, herdenkingen en onderscheidingen<\/p>\n<\/li>\n<\/ul>\n<p data-start=\"1135\" data-end=\"1237\">Door de stevige metalen uitvoering blijft de medaille langdurig mooi en goed leesbaar, zelfs na jaren.<\/p>\n<hr data-start=\"1239\" data-end=\"1242\" \/>\n<h4 data-start=\"1244\" data-end=\"1281\"><strong data-start=\"1249\" data-end=\"1281\">Wat is een reli\u00ebf afbeelding<\/strong><\/h4>\n<p data-start=\"1283\" data-end=\"1507\">Bij een <strong data-start=\"1291\" data-end=\"1312\">reli\u00ebf afbeelding<\/strong> wordt het ontwerp niet gedrukt, maar daadwerkelijk gevormd in het metaal. Dit betekent dat lijnen, logo\u2019s, teksten of symbolen voelbaar zijn en visueel meer diepte hebben. Dit geeft de medaille:<\/p>\n<ul data-start=\"1509\" data-end=\"1684\">\n<li data-start=\"1509\" data-end=\"1550\">\n<p data-start=\"1511\" data-end=\"1550\">een luxe en professionele uitstraling<\/p>\n<\/li>\n<li data-start=\"1551\" data-end=\"1598\">\n<p data-start=\"1553\" data-end=\"1598\">betere slijtvastheid dan bedrukte medailles<\/p>\n<\/li>\n<li data-start=\"1599\" data-end=\"1648\">\n<p data-start=\"1601\" data-end=\"1648\">duidelijke details, ook bij intensief gebruik<\/p>\n<\/li>\n<li data-start=\"1649\" data-end=\"1684\">\n<p data-start=\"1651\" data-end=\"1684\">een tastbare kwaliteitsbeleving<\/p>\n<\/li>\n<\/ul>\n<p data-start=\"1686\" data-end=\"1764\">Een reli\u00ebfafbeelding maakt de medaille niet alleen mooier, maar ook duurzamer.<\/p>\n<hr data-start=\"1766\" data-end=\"1769\" \/>\n<h4 data-start=\"1771\" data-end=\"1805\"><strong data-start=\"1776\" data-end=\"1805\">Duurzaamheid en kwaliteit<\/strong><\/h4>\n<p data-start=\"1807\" data-end=\"2080\">A <strong data-start=\"1811\" data-end=\"1853\">metalen medaille met reli\u00ebf afbeelding<\/strong> is ontworpen om lang mee te gaan. Metaal is bestand tegen stoten, krassen en dagelijks hanteren. Hierdoor is de medaille geschikt als blijvende herinnering en kan hij zonder probleem worden bewaard, tentoongesteld of gedragen.<\/p>\n<p data-start=\"2082\" data-end=\"2207\">Door de solide constructie is deze medaille ook zeer geschikt voor evenementen waar kwaliteit en uitstraling belangrijk zijn.<\/p>\n<h4><img loading=\"lazy\" decoding=\"async\" class=\"alignnone\" title=\"Metallmedaille mit gepr\u00e4gtem Bild\" src=\"https:\/\/dogpride.nl\/wp-content\/uploads\/hondenpoot-medailles.jpg\" alt=\"Metalen medaille met reli\u00ebf afbeelding\" width=\"126\" height=\"129\" \/><\/h4>\n<h4 data-start=\"2214\" data-end=\"2245\"><strong data-start=\"2219\" data-end=\"2245\">Ontwerp en uitstraling<\/strong><\/h4>\n<p data-start=\"2247\" data-end=\"2528\">Metalen medailles met reli\u00ebf zijn verkrijgbaar in verschillende stijlen en afwerkingen. Afhankelijk van het ontwerp kan de uitstraling vari\u00ebren van klassiek en traditioneel tot modern en strak. Het reli\u00ebf zorgt ervoor dat logo\u2019s, teksten en symbolen extra goed tot hun recht komen.<\/p>\n<p data-start=\"2530\" data-end=\"2564\">Veelgebruikte toepassingen zijn:<\/p>\n<ul data-start=\"2565\" data-end=\"2699\">\n<li data-start=\"2565\" data-end=\"2602\">\n<p data-start=\"2567\" data-end=\"2602\">clublogo\u2019s of verenigingssymbolen<\/p>\n<\/li>\n<li data-start=\"2603\" data-end=\"2634\">\n<p data-start=\"2605\" data-end=\"2634\">sport- of discipline-iconen<\/p>\n<\/li>\n<li data-start=\"2635\" data-end=\"2667\">\n<p data-start=\"2637\" data-end=\"2667\">jaartallen en evenementnamen<\/p>\n<\/li>\n<li data-start=\"2668\" data-end=\"2699\">\n<p data-start=\"2670\" data-end=\"2699\">rang- of plaatsaanduidingen<\/p>\n<\/li>\n<\/ul>\n<p data-start=\"2701\" data-end=\"2772\">Door de dieptewerking oogt het ontwerp professioneel en onderscheidend.<\/p>\n<hr data-start=\"2774\" data-end=\"2777\" \/>\n<h4 data-start=\"2779\" data-end=\"2811\"><strong data-start=\"2784\" data-end=\"2811\">Materialen en afwerking<\/strong><\/h4>\n<p data-start=\"2813\" data-end=\"2947\">Bij een <strong data-start=\"2821\" data-end=\"2863\">metalen medaille met reli\u00ebf afbeelding<\/strong> worden doorgaans stevige metalen gebruikt die geschikt zijn voor langdurig gebruik.<\/p>\n<p data-start=\"2949\" data-end=\"2979\">Materialen en eigenschappen:<\/p>\n<ul data-start=\"2980\" data-end=\"3157\">\n<li data-start=\"2980\" data-end=\"3009\">\n<p data-start=\"2982\" data-end=\"3009\">Metaal van hoge kwaliteit<\/p>\n<\/li>\n<li data-start=\"3010\" data-end=\"3052\">\n<p data-start=\"3012\" data-end=\"3052\">Reli\u00ebfstructuur voor verhoogde details<\/p>\n<\/li>\n<li data-start=\"3053\" data-end=\"3077\">\n<p data-start=\"3055\" data-end=\"3077\">Slijtvaste afwerking<\/p>\n<\/li>\n<li data-start=\"3078\" data-end=\"3100\">\n<p data-start=\"3080\" data-end=\"3100\">Stevig en vormvast<\/p>\n<\/li>\n<li data-start=\"3101\" data-end=\"3157\">\n<p data-start=\"3103\" data-end=\"3157\">Geschikt voor intensief gebruik en langdurige opslag<\/p>\n<\/li>\n<\/ul>\n<p data-start=\"3159\" data-end=\"3260\">De afwerking zorgt ervoor dat details goed zichtbaar blijven en de medaille zijn uitstraling behoudt.<\/p>\n<hr data-start=\"3262\" data-end=\"3265\" \/>\n<h4 data-start=\"3267\" data-end=\"3315\"><strong data-start=\"3272\" data-end=\"3315\">Geschikt voor verschillende evenementen<\/strong><\/h4>\n<p data-start=\"3317\" data-end=\"3582\">A <strong data-start=\"3321\" data-end=\"3363\">metalen medaille met reli\u00ebf afbeelding<\/strong> is breed inzetbaar en geschikt voor zowel kleine als grote evenementen. Of het nu gaat om een lokale wedstrijd of een nationaal kampioenschap, dit type medaille past bij elke gelegenheid waar waardering centraal staat.<\/p>\n<p data-start=\"3584\" data-end=\"3726\">De combinatie van metaal en reli\u00ebf geeft deelnemers het gevoel dat hun prestatie serieus wordt genomen en op een passende manier wordt erkend.<\/p>\n<hr data-start=\"3728\" data-end=\"3731\" \/>\n<h4 data-start=\"3733\" data-end=\"3805\"><strong data-start=\"3738\" data-end=\"3805\">Voor wie is een metalen medaille met reli\u00ebf afbeelding geschikt<\/strong><\/h4>\n<p data-start=\"3807\" data-end=\"3840\">Deze medaille is geschikt voor:<\/p>\n<ul data-start=\"3841\" data-end=\"4021\">\n<li data-start=\"3841\" data-end=\"3871\">\n<p data-start=\"3843\" data-end=\"3871\">sportverenigingen en clubs<\/p>\n<\/li>\n<li data-start=\"3872\" data-end=\"3899\">\n<p data-start=\"3874\" data-end=\"3899\">hondensportorganisaties<\/p>\n<\/li>\n<li data-start=\"3900\" data-end=\"3931\">\n<p data-start=\"3902\" data-end=\"3931\">scholen en opleidingscentra<\/p>\n<\/li>\n<li data-start=\"3932\" data-end=\"3960\">\n<p data-start=\"3934\" data-end=\"3960\">evenementenorganisatoren<\/p>\n<\/li>\n<li data-start=\"3961\" data-end=\"4021\">\n<p data-start=\"3963\" data-end=\"4021\">bedrijven of organisaties die onderscheidingen uitreiken<\/p>\n<\/li>\n<\/ul>\n<p data-start=\"4023\" data-end=\"4122\">Door de tijdloze uitstraling is de medaille geschikt voor zowel sportieve als formele gelegenheden.<\/p>\n<hr data-start=\"4124\" data-end=\"4127\" \/>\n<h4 data-start=\"4129\" data-end=\"4189\"><strong data-start=\"4134\" data-end=\"4189\">Samenvatting Metalen medaille met reli\u00ebf afbeelding<\/strong><\/h4>\n<p data-start=\"4191\" data-end=\"4509\">A <strong data-start=\"4195\" data-end=\"4237\">metalen medaille met reli\u00ebf afbeelding<\/strong> is een duurzame, stijlvolle en professionele onderscheiding die prestaties op een blijvende manier beloont. Dankzij het reli\u00ebfontwerp, de stevige metalen constructie en de hoogwaardige uitstraling is deze medaille ideaal voor wedstrijden, examens en speciale evenementen.<\/p>\n<p data-start=\"4511\" data-end=\"4635\">Voor iedereen die op zoek is naar een <strong data-start=\"4549\" data-end=\"4592\">kwalitatieve en waardige onderscheiding<\/strong> vormt deze medaille een uitstekende keuze.<\/p>\n<h4><img loading=\"lazy\" decoding=\"async\" class=\"alignnone\" title=\"Metallmedaille mit gepr\u00e4gtem Bild\" src=\"https:\/\/dogpride.nl\/wp-content\/uploads\/hondenpoot-medailles.jpg\" alt=\"Metalen medaille met reli\u00ebf afbeelding\" width=\"126\" height=\"129\" \/><\/h4>\n<p>Formaat \u00d850mm. Deze medaille kan worden geleverd met halslint en transparante tekst label op de achterzijde van de medaille.<\/p>\n<p><strong>Bandfarben:<\/strong><\/p>\n<p><a href=\"https:\/\/dogpride.nl\/de\/diverse-hondensporten\/hondensport-prijzen\/\"><img loading=\"lazy\" decoding=\"async\" class=\"alignnone wp-image-107902 size-medium\" src=\"https:\/\/dogpride.nl\/wp-content\/uploads\/honden-medaille-3-300x199.jpg\" alt=\"Lintkleuren\" width=\"300\" height=\"199\" srcset=\"https:\/\/dogpride.nl\/wp-content\/uploads\/honden-medaille-3-300x199.jpg 300w, https:\/\/dogpride.nl\/wp-content\/uploads\/honden-medaille-3-250x166.jpg 250w, https:\/\/dogpride.nl\/wp-content\/uploads\/honden-medaille-3-400x265.jpg 400w, https:\/\/dogpride.nl\/wp-content\/uploads\/honden-medaille-3-768x509.jpg 768w, https:\/\/dogpride.nl\/wp-content\/uploads\/honden-medaille-3-200x132.jpg 200w, https:\/\/dogpride.nl\/wp-content\/uploads\/honden-medaille-3-600x397.jpg 600w, https:\/\/dogpride.nl\/wp-content\/uploads\/honden-medaille-3-800x530.jpg 800w, https:\/\/dogpride.nl\/wp-content\/uploads\/honden-medaille-3.jpg 850w\" sizes=\"auto, (max-width: 300px) 100vw, 300px\" \/><\/a><\/p>\n<p>&nbsp;<\/p>\n<p><a href=\"https:\/\/www.copasportprijzen.nl\/\" target=\"_blank\" rel=\"noopener\"><img loading=\"lazy\" decoding=\"async\" class=\"alignnone wp-image-149535 size-full\" src=\"https:\/\/dogpride.nl\/wp-content\/uploads\/Logo-Copa.jpg\" alt=\"Logo Copa\" width=\"185\" height=\"71\" srcset=\"https:\/\/dogpride.nl\/wp-content\/uploads\/Logo-Copa.jpg 185w, https:\/\/dogpride.nl\/wp-content\/uploads\/Logo-Copa-18x7.jpg 18w\" sizes=\"auto, (max-width: 185px) 100vw, 185px\" \/><\/a><\/p>","protected":false},"excerpt":{"rendered":"<p>Format \u00d850mm. Diese Medaille kann mit einem Halsband und einem transparenten Textetikett auf der R\u00fcckseite der Medaille geliefert werden.<\/p>","protected":false},"featured_media":107895,"template":"","meta":[],"product_brand":[],"product_cat":[4158],"product_tag":[20251,20253,20252,6109,20249,20247,20248,20250],"class_list":{"0":"post-107894","1":"product","2":"type-product","3":"status-publish","4":"has-post-thumbnail","6":"product_cat-hondensport-prijzen","7":"product_tag-duurzame-medaille","8":"product_tag-evenement-medaille","9":"product_tag-kampioenschapsmedaille","10":"product_tag-metalen-medaille","11":"product_tag-onderscheiding-medaille","12":"product_tag-relief-medaille","13":"product_tag-sportmedaille-metaal","14":"product_tag-wedstrijd-medaille","16":"first","17":"instock","18":"taxable","19":"shipping-taxable","20":"purchasable","21":"product-type-variable"},"mb":[],"mfb_rest_fields":["title"],"_links":{"self":[{"href":"https:\/\/dogpride.nl\/de\/wp-json\/wp\/v2\/product\/107894","targetHints":{"allow":["GET"]}}],"collection":[{"href":"https:\/\/dogpride.nl\/de\/wp-json\/wp\/v2\/product"}],"about":[{"href":"https:\/\/dogpride.nl\/de\/wp-json\/wp\/v2\/types\/product"}],"wp:featuredmedia":[{"embeddable":true,"href":"https:\/\/dogpride.nl\/de\/wp-json\/wp\/v2\/media\/107895"}],"wp:attachment":[{"href":"https:\/\/dogpride.nl\/de\/wp-json\/wp\/v2\/media?parent=107894"}],"wp:term":[{"taxonomy":"product_brand","embeddable":true,"href":"https:\/\/dogpride.nl\/de\/wp-json\/wp\/v2\/product_brand?post=107894"},{"taxonomy":"product_cat","embeddable":true,"href":"https:\/\/dogpride.nl\/de\/wp-json\/wp\/v2\/product_cat?post=107894"},{"taxonomy":"product_tag","embeddable":true,"href":"https:\/\/dogpride.nl\/de\/wp-json\/wp\/v2\/product_tag?post=107894"}],"curies":[{"name":"wp","href":"https:\/\/api.w.org\/{rel}","templated":true}]}}