{"id":107772,"date":"2023-05-17T11:58:10","date_gmt":"2023-05-17T09:58:10","guid":{"rendered":"https:\/\/www.dogpride.nl\/?post_type=product&#038;p=107772"},"modified":"2023-05-17T11:58:11","modified_gmt":"2023-05-17T09:58:11","slug":"magnum-unisex-ultima-6-0-wp-laarzen","status":"publish","type":"product","link":"https:\/\/dogpride.nl\/de\/magnum-unisex-ultima-6-0-wp-laarzen\/","title":{"rendered":"MAGNUM Unisex Ultima 6.0 WP Stiefel"},"content":{"rendered":"<h1>MAGNUM Unisex Ultima 6.0 WP Stiefel<\/h1>\n<p>MAGNUM Unisex Ultima 6.0 WP Stiefel<\/p>\n<p><span>Der Ultima ist vegan, verwendet ein 100% recyceltes Rip-Stop-Material als Teil des Obermaterials und verf\u00fcgt \u00fcber eine WP-Membran.<\/span><\/p>\n<ul>\n<li>Veganerfreundlich<\/li>\n<li>Recyceltes Ripstop-Nylon<\/li>\n<li>Die wasserdichte und atmungsaktive Bootie-Membran h\u00e4lt die F\u00fc\u00dfe trocken<\/li>\n<li>Athletischer Leisten f\u00fcr Man\u00f6vrierf\u00e4higkeit und Komfort<\/li>\n<li>Antibakterielles Hi-Poly-PU-Fu\u00dfbett f\u00fcr Komfort und Anti-Erm\u00fcdung<\/li>\n<li>Die w\u00e4rmegeschwei\u00dfte PU-Oberkonstruktion reduziert das Gewicht und bietet Halt und Komfort<\/li>\n<li>Leichte und langlebige Au\u00dfensohle mit geblasener EVA-Zwischensohle f\u00fcr Halt und ganzt\u00e4gigen Komfort<\/li>\n<\/ul>\n<p>&nbsp;<\/p>\n<p><img loading=\"lazy\" decoding=\"async\" class=\"alignnone size-full wp-image-107464\" src=\"https:\/\/www.dogpride.nl\/wp-content\/uploads\/PDP_Magnum_EN_ISO_Badge_v3_1.png\" alt=\"Magnum\" width=\"217\" height=\"217\" srcset=\"https:\/\/dogpride.nl\/wp-content\/uploads\/PDP_Magnum_EN_ISO_Badge_v3_1.png 217w, https:\/\/dogpride.nl\/wp-content\/uploads\/PDP_Magnum_EN_ISO_Badge_v3_1-100x100.png 100w, https:\/\/dogpride.nl\/wp-content\/uploads\/PDP_Magnum_EN_ISO_Badge_v3_1-150x150.png 150w, https:\/\/dogpride.nl\/wp-content\/uploads\/PDP_Magnum_EN_ISO_Badge_v3_1-66x66.png 66w, https:\/\/dogpride.nl\/wp-content\/uploads\/PDP_Magnum_EN_ISO_Badge_v3_1-200x200.png 200w\" sizes=\"auto, (max-width: 217px) 100vw, 217px\" \/><\/p>","protected":false},"excerpt":{"rendered":"<p>Der Ultima ist vegan, verwendet ein 100% recyceltes Rip-Stop-Material als Teil des Obermaterials und verf\u00fcgt \u00fcber eine WP-Membran.<\/p>","protected":false},"featured_media":107774,"template":"","meta":[],"product_brand":[],"product_cat":[6064],"product_tag":[6095,4958,4870,6098,4763,6099],"class_list":{"0":"post-107772","1":"product","2":"type-product","3":"status-publish","4":"has-post-thumbnail","6":"product_cat-magnum-schoenen","7":"product_tag-6-0","8":"product_tag-laarzen","9":"product_tag-magnum","10":"product_tag-ultima","11":"product_tag-unisex","12":"product_tag-water-proof","14":"first","15":"instock","16":"taxable","17":"shipping-taxable","18":"purchasable","19":"product-type-variable"},"mb":[],"mfb_rest_fields":["title"],"_links":{"self":[{"href":"https:\/\/dogpride.nl\/de\/wp-json\/wp\/v2\/product\/107772","targetHints":{"allow":["GET"]}}],"collection":[{"href":"https:\/\/dogpride.nl\/de\/wp-json\/wp\/v2\/product"}],"about":[{"href":"https:\/\/dogpride.nl\/de\/wp-json\/wp\/v2\/types\/product"}],"wp:featuredmedia":[{"embeddable":true,"href":"https:\/\/dogpride.nl\/de\/wp-json\/wp\/v2\/media\/107774"}],"wp:attachment":[{"href":"https:\/\/dogpride.nl\/de\/wp-json\/wp\/v2\/media?parent=107772"}],"wp:term":[{"taxonomy":"product_brand","embeddable":true,"href":"https:\/\/dogpride.nl\/de\/wp-json\/wp\/v2\/product_brand?post=107772"},{"taxonomy":"product_cat","embeddable":true,"href":"https:\/\/dogpride.nl\/de\/wp-json\/wp\/v2\/product_cat?post=107772"},{"taxonomy":"product_tag","embeddable":true,"href":"https:\/\/dogpride.nl\/de\/wp-json\/wp\/v2\/product_tag?post=107772"}],"curies":[{"name":"wp","href":"https:\/\/api.w.org\/{rel}","templated":true}]}}