{"id":107754,"date":"2023-05-17T11:32:37","date_gmt":"2023-05-17T09:32:37","guid":{"rendered":"https:\/\/www.dogpride.nl\/?post_type=product&#038;p=107754"},"modified":"2023-05-17T11:32:38","modified_gmt":"2023-05-17T09:32:38","slug":"magnum-strike-force-8-0-side-zip-waterproof","status":"publish","type":"product","link":"https:\/\/dogpride.nl\/de\/magnum-strike-force-8-0-side-zip-waterproof\/","title":{"rendered":"MAGNUM Strike Force 8.0 Wasserdichter Seitenrei\u00dfverschluss"},"content":{"rendered":"<h1>MAGNUM Strike Force 8.0 Wasserdichter Seitenrei\u00dfverschluss<\/h1>\n<p>MAGNUM Strike Force 8.0 Wasserdichter Seitenrei\u00dfverschluss<\/p>\n<p><span>Der Strike Force 8.0 Waterproof mit YKK-Seitenrei\u00dfverschluss ist ein 8-Zoll-Uniformstiefel f\u00fcr Herren voller Technologie.<\/span><\/p>\n<ul>\n<li>Strapazierf\u00e4higes, wasserdichtes Obermaterial aus Leder mit abriebfesten, atmungsaktiven Mesh-Eins\u00e4tzen<\/li>\n<li>Exogel ultimativer Kn\u00f6chelaufprallschutz<\/li>\n<li>Die wasserdichte und atmungsaktive Bootie-Membran h\u00e4lt die F\u00fc\u00dfe trocken<\/li>\n<li>Die formgepresste RECOIL-Zwischensohle absorbiert St\u00f6\u00dfe und bietet den ganzen Tag Halt und Komfort<\/li>\n<li>Rutschfeste und \u00f6lbest\u00e4ndige MICHELIN-Au\u00dfensohle mit hoher Traktion f\u00fcr maximalen Grip<\/li>\n<li>Gepr\u00fcft und zertifiziert nach der europ\u00e4ischen Norm EN ISO 20347:2012 OB E FO HRO CI HI AN WR SRC<\/li>\n<\/ul>\n<p>&nbsp;<\/p>\n<p><img loading=\"lazy\" decoding=\"async\" class=\"alignnone size-full wp-image-107464\" src=\"https:\/\/www.dogpride.nl\/wp-content\/uploads\/PDP_Magnum_EN_ISO_Badge_v3_1.png\" alt=\"Magnum\" width=\"217\" height=\"217\" srcset=\"https:\/\/dogpride.nl\/wp-content\/uploads\/PDP_Magnum_EN_ISO_Badge_v3_1.png 217w, https:\/\/dogpride.nl\/wp-content\/uploads\/PDP_Magnum_EN_ISO_Badge_v3_1-100x100.png 100w, https:\/\/dogpride.nl\/wp-content\/uploads\/PDP_Magnum_EN_ISO_Badge_v3_1-150x150.png 150w, https:\/\/dogpride.nl\/wp-content\/uploads\/PDP_Magnum_EN_ISO_Badge_v3_1-66x66.png 66w, https:\/\/dogpride.nl\/wp-content\/uploads\/PDP_Magnum_EN_ISO_Badge_v3_1-200x200.png 200w\" sizes=\"auto, (max-width: 217px) 100vw, 217px\" \/><\/p>","protected":false},"excerpt":{"rendered":"<p>Der Strike Force 8.0 Waterproof mit YKK-Seitenrei\u00dfverschluss ist ein 8-Zoll-Uniformstiefel f\u00fcr Herren voller Technologie.<\/p>","protected":false},"featured_media":107755,"template":"","meta":[],"product_brand":[],"product_cat":[6064],"product_tag":[4875,4870,6075,4872,4121],"class_list":{"0":"post-107754","1":"product","2":"type-product","3":"status-publish","4":"has-post-thumbnail","6":"product_cat-magnum-schoenen","7":"product_tag-8-0","8":"product_tag-magnum","9":"product_tag-side-zip","10":"product_tag-strike-force","11":"product_tag-waterproof","13":"first","14":"instock","15":"taxable","16":"shipping-taxable","17":"purchasable","18":"product-type-variable"},"mb":[],"mfb_rest_fields":["title"],"_links":{"self":[{"href":"https:\/\/dogpride.nl\/de\/wp-json\/wp\/v2\/product\/107754","targetHints":{"allow":["GET"]}}],"collection":[{"href":"https:\/\/dogpride.nl\/de\/wp-json\/wp\/v2\/product"}],"about":[{"href":"https:\/\/dogpride.nl\/de\/wp-json\/wp\/v2\/types\/product"}],"wp:featuredmedia":[{"embeddable":true,"href":"https:\/\/dogpride.nl\/de\/wp-json\/wp\/v2\/media\/107755"}],"wp:attachment":[{"href":"https:\/\/dogpride.nl\/de\/wp-json\/wp\/v2\/media?parent=107754"}],"wp:term":[{"taxonomy":"product_brand","embeddable":true,"href":"https:\/\/dogpride.nl\/de\/wp-json\/wp\/v2\/product_brand?post=107754"},{"taxonomy":"product_cat","embeddable":true,"href":"https:\/\/dogpride.nl\/de\/wp-json\/wp\/v2\/product_cat?post=107754"},{"taxonomy":"product_tag","embeddable":true,"href":"https:\/\/dogpride.nl\/de\/wp-json\/wp\/v2\/product_tag?post=107754"}],"curies":[{"name":"wp","href":"https:\/\/api.w.org\/{rel}","templated":true}]}}