{"id":107718,"date":"2023-05-16T17:14:17","date_gmt":"2023-05-16T15:14:17","guid":{"rendered":"https:\/\/www.dogpride.nl\/?post_type=product&#038;p=107718"},"modified":"2023-05-16T17:14:19","modified_gmt":"2023-05-16T15:14:19","slug":"magnum-stealth-force-8-0-veiligheidslaars","status":"publish","type":"product","link":"https:\/\/dogpride.nl\/de\/magnum-stealth-force-8-0-veiligheidslaars\/","title":{"rendered":"MAGNUM Stealth Force 8.0 Sicherheitsstiefel"},"content":{"rendered":"<h1>MAGNUM Stealth Force 8.0 Sicherheitsstiefel<\/h1>\n<p>MAGNUM Stealth Force 8.0 Sicherheitsstiefel<\/p>\n<p><span>Ausgestattet mit einem strapazierf\u00e4higen Obermaterial aus Leder und scannersicheren, nichtmetallischen Verbundwerkstoffen. Die leichte Zehenschutzkappe aus Verbundwerkstoff und die Durchtrittschutzplatte sch\u00fctzen die F\u00fc\u00dfe vor herabfallenden und scharfen Gegenst\u00e4nden unter den F\u00fc\u00dfen.<\/span><\/p>\n<ul>\n<li>Magnum Stealth Force 8\u2033 Sicherheitsboot<\/li>\n<li>Zehenkappe und Zwischensohle aus Verbundwerkstoff<\/li>\n<li>Sicherheitsklasse S3-SRC<\/li>\n<li>Gummi\/EVA-Sohleneinheit<\/li>\n<li>Antistatischer und energieabsorbierender Absatz<\/li>\n<li>Wasserabweisendes Obermaterial<\/li>\n<li>Gepolsterter Kragen und Zunge<\/li>\n<li>Gepr\u00fcft und zertifiziert nach der europ\u00e4ischen Norm EN ISO 20345:2011 S3 HI CI HRO SRC<\/li>\n<\/ul>\n<p>&nbsp;<\/p>\n<p><img loading=\"lazy\" decoding=\"async\" class=\"alignnone size-full wp-image-107464\" src=\"https:\/\/www.dogpride.nl\/wp-content\/uploads\/PDP_Magnum_EN_ISO_Badge_v3_1.png\" alt=\"Magnum\" width=\"217\" height=\"217\" srcset=\"https:\/\/dogpride.nl\/wp-content\/uploads\/PDP_Magnum_EN_ISO_Badge_v3_1.png 217w, https:\/\/dogpride.nl\/wp-content\/uploads\/PDP_Magnum_EN_ISO_Badge_v3_1-100x100.png 100w, https:\/\/dogpride.nl\/wp-content\/uploads\/PDP_Magnum_EN_ISO_Badge_v3_1-150x150.png 150w, https:\/\/dogpride.nl\/wp-content\/uploads\/PDP_Magnum_EN_ISO_Badge_v3_1-66x66.png 66w, https:\/\/dogpride.nl\/wp-content\/uploads\/PDP_Magnum_EN_ISO_Badge_v3_1-200x200.png 200w\" sizes=\"auto, (max-width: 217px) 100vw, 217px\" \/><\/p>","protected":false},"excerpt":{"rendered":"<p>Ausgestattet mit einem strapazierf\u00e4higen Obermaterial aus Leder und scannersicheren, nichtmetallischen Verbundwerkstoffen. Die leichte Zehenschutzkappe aus Verbundwerkstoff und die Durchtrittschutzplatte sch\u00fctzen die F\u00fc\u00dfe vor herabfallenden und scharfen Gegenst\u00e4nden unter den F\u00fc\u00dfen.<\/p>","protected":false},"featured_media":107719,"template":"","meta":[],"product_brand":[],"product_cat":[6064],"product_tag":[4875,4870,6094,6093],"class_list":{"0":"post-107718","1":"product","2":"type-product","3":"status-publish","4":"has-post-thumbnail","6":"product_cat-magnum-schoenen","7":"product_tag-8-0","8":"product_tag-magnum","9":"product_tag-stealth-force","10":"product_tag-veiligheidslaars","12":"first","13":"instock","14":"taxable","15":"shipping-taxable","16":"purchasable","17":"product-type-variable"},"mb":[],"mfb_rest_fields":["title"],"_links":{"self":[{"href":"https:\/\/dogpride.nl\/de\/wp-json\/wp\/v2\/product\/107718","targetHints":{"allow":["GET"]}}],"collection":[{"href":"https:\/\/dogpride.nl\/de\/wp-json\/wp\/v2\/product"}],"about":[{"href":"https:\/\/dogpride.nl\/de\/wp-json\/wp\/v2\/types\/product"}],"wp:featuredmedia":[{"embeddable":true,"href":"https:\/\/dogpride.nl\/de\/wp-json\/wp\/v2\/media\/107719"}],"wp:attachment":[{"href":"https:\/\/dogpride.nl\/de\/wp-json\/wp\/v2\/media?parent=107718"}],"wp:term":[{"taxonomy":"product_brand","embeddable":true,"href":"https:\/\/dogpride.nl\/de\/wp-json\/wp\/v2\/product_brand?post=107718"},{"taxonomy":"product_cat","embeddable":true,"href":"https:\/\/dogpride.nl\/de\/wp-json\/wp\/v2\/product_cat?post=107718"},{"taxonomy":"product_tag","embeddable":true,"href":"https:\/\/dogpride.nl\/de\/wp-json\/wp\/v2\/product_tag?post=107718"}],"curies":[{"name":"wp","href":"https:\/\/api.w.org\/{rel}","templated":true}]}}