{"id":107571,"date":"2023-05-10T14:35:03","date_gmt":"2023-05-10T12:35:03","guid":{"rendered":"https:\/\/www.dogpride.nl\/?post_type=product&#038;p=107571"},"modified":"2024-03-29T11:03:32","modified_gmt":"2024-03-29T10:03:32","slug":"magnum-precision-sitemaster","status":"publish","type":"product","link":"https:\/\/dogpride.nl\/de\/magnum-precision-sitemaster\/","title":{"rendered":"MAGNUM Precision Sitemaster"},"content":{"rendered":"<h1>MAGNUM Precision Sitemaster<\/h1>\n<p>MAGNUM Precision Sitemaster<\/p>\n<p>Sicherer Arbeitsschuh.<br \/>\nDer Precision Sitemaster verf\u00fcgt \u00fcber eine Kompositnase und eine Kompositplatte, die stark wie Stahl, nur viel leichter und zudem erkennungssicher sind.<br \/>\nDer Arbeitsschuh Magnum Precision Sitemaster verf\u00fcgt au\u00dferdem \u00fcber einen mit Schaumstoff \u00fcberzogenen Kragen und eine Zunge f\u00fcr maximalen Komfort.<br \/>\nIn Kombination mit dem feuchtigkeitsregulierenden Futter und der rutschhemmenden und \u00f6lbest\u00e4ndigen Sohle ist der Magnum Precision Sitemaster nicht nur komfortabel, sondern auch sehr sicher.<br \/>\nDar\u00fcber hinaus ist der Magnum Precision Sitemaster dank seiner robusten Edelstahlteile, der herausnehmbaren geformten Innensohle und der doppelt versiegelten Au\u00dfensohle auch sehr langlebig.<\/p>\n<p>Der Arbeitsschuh Precision Sitemaster ist S3- und SRC-zertifiziert. EN ISO 20345:2011 S3 SRC.<br \/>\nProduktmerkmale: Strapazierf\u00e4higes, wasserabweisendes Obermaterial aus Wildleder. Verbundnase und pannensichere Platte, die so stark wie Stahl, aber viel leichter ist und au\u00dferdem einen sicheren Scanner bietet.<br \/>\nGepolsterter Schaumstoffkragen und Zunge f\u00fcr zus\u00e4tzlichen Komfort. Robuste, rostfreie, nichtmetallische, scannersichere Hardware. Schnell ableitendes Mesh-Futter f\u00fcr Feuchtigkeitsmanagement und Komfort.<br \/>\nHerausnehmbare, konturierte Innensohle. Strapazierf\u00e4hige, verschlei\u00dffeste, rutschfeste PU-Au\u00dfensohle mit doppelter Dichte und Leitergriffen.<\/p>\n<p><span>Mit einem Obermaterial aus Vollnarbenleder und einem schnell ableitenden Futter f\u00fcr die Feuchtigkeitsregulierung, damit die Stiefel l\u00e4nger frisch bleiben.<\/span><\/p>\n<ul>\n<li>Obermaterial aus strapazierf\u00e4higem Vollnarbenleder<\/li>\n<li>Gepolsterter Kragen und Zunge f\u00fcr Komfort<\/li>\n<li>Leichte Verbundnase und Anti-Penetrationsplatte<\/li>\n<li>Scannersichere, nichtmetallische Verbundhardware<\/li>\n<li>Schnell feuchtigkeitsableitendes Futter f\u00fcr Feuchtigkeitsmanagement und Komfort<\/li>\n<li>Abgeordneter. ACT Response-Einlegesohle f\u00fcr maximalen Komfort und Sto\u00dfd\u00e4mpfung<\/li>\n<li>Dual-Density-SRC-PU-Au\u00dfensohle mit Leitergriffen f\u00fcr Traktion und Haltbarkeit<\/li>\n<li>Gepr\u00fcft und zertifiziert nach der europ\u00e4ischen Norm EN ISO 20345:2011 S3 WR SRC<\/li>\n<\/ul>\n<p><strong>Gr\u00f6\u00dfen:<\/strong> 35 bis 48<\/p>\n<p>&nbsp;<\/p>\n<p><img loading=\"lazy\" decoding=\"async\" class=\"alignnone size-full wp-image-107464\" src=\"https:\/\/www.dogpride.nl\/wp-content\/uploads\/PDP_Magnum_EN_ISO_Badge_v3_1.png\" alt=\"\" width=\"217\" height=\"217\" srcset=\"https:\/\/dogpride.nl\/wp-content\/uploads\/PDP_Magnum_EN_ISO_Badge_v3_1.png 217w, https:\/\/dogpride.nl\/wp-content\/uploads\/PDP_Magnum_EN_ISO_Badge_v3_1-100x100.png 100w, https:\/\/dogpride.nl\/wp-content\/uploads\/PDP_Magnum_EN_ISO_Badge_v3_1-150x150.png 150w, https:\/\/dogpride.nl\/wp-content\/uploads\/PDP_Magnum_EN_ISO_Badge_v3_1-66x66.png 66w, https:\/\/dogpride.nl\/wp-content\/uploads\/PDP_Magnum_EN_ISO_Badge_v3_1-200x200.png 200w\" sizes=\"auto, (max-width: 217px) 100vw, 217px\" \/><\/p>","protected":false},"excerpt":{"rendered":"<p>Der Precision Sitemaster verf\u00fcgt \u00fcber eine Kompositnase und eine Kompositplatte, die stark wie Stahl, nur viel leichter und zudem erkennungssicher sind.<\/p>","protected":false},"featured_media":107572,"template":"","meta":[],"product_brand":[],"product_cat":[6064],"product_tag":[4870,4893,6076],"class_list":{"0":"post-107571","1":"product","2":"type-product","3":"status-publish","4":"has-post-thumbnail","6":"product_cat-magnum-schoenen","7":"product_tag-magnum","8":"product_tag-precision","9":"product_tag-sitemaster","11":"first","12":"instock","13":"taxable","14":"shipping-taxable","15":"purchasable","16":"product-type-variable"},"mb":[],"mfb_rest_fields":["title"],"_links":{"self":[{"href":"https:\/\/dogpride.nl\/de\/wp-json\/wp\/v2\/product\/107571","targetHints":{"allow":["GET"]}}],"collection":[{"href":"https:\/\/dogpride.nl\/de\/wp-json\/wp\/v2\/product"}],"about":[{"href":"https:\/\/dogpride.nl\/de\/wp-json\/wp\/v2\/types\/product"}],"wp:featuredmedia":[{"embeddable":true,"href":"https:\/\/dogpride.nl\/de\/wp-json\/wp\/v2\/media\/107572"}],"wp:attachment":[{"href":"https:\/\/dogpride.nl\/de\/wp-json\/wp\/v2\/media?parent=107571"}],"wp:term":[{"taxonomy":"product_brand","embeddable":true,"href":"https:\/\/dogpride.nl\/de\/wp-json\/wp\/v2\/product_brand?post=107571"},{"taxonomy":"product_cat","embeddable":true,"href":"https:\/\/dogpride.nl\/de\/wp-json\/wp\/v2\/product_cat?post=107571"},{"taxonomy":"product_tag","embeddable":true,"href":"https:\/\/dogpride.nl\/de\/wp-json\/wp\/v2\/product_tag?post=107571"}],"curies":[{"name":"wp","href":"https:\/\/api.w.org\/{rel}","templated":true}]}}