{"id":107549,"date":"2023-05-10T14:02:27","date_gmt":"2023-05-10T12:02:27","guid":{"rendered":"https:\/\/www.dogpride.nl\/?post_type=product&#038;p=107549"},"modified":"2023-05-10T14:02:28","modified_gmt":"2023-05-10T12:02:28","slug":"magnum-precision-rigmaster-side-zip","status":"publish","type":"product","link":"https:\/\/dogpride.nl\/de\/magnum-precision-rigmaster-side-zip\/","title":{"rendered":"MAGNUM Precision Rigmaster Side-Zip"},"content":{"rendered":"<h1>MAGNUM Precision Rigmaster Side-Zip<\/h1>\n<p>MAGNUM Precision Rigmaster Side-Zip<\/p>\n<p>Sicherer Arbeitsschuh. Strapazierf\u00e4higes, wasserdichtes Obermaterial aus Vollnarbenleder. Die wasserdichte und atmungsaktive Bootie-Membran h\u00e4lt die F\u00fc\u00dfe trocken. Scannersicher! YKK-Rei\u00dfverschluss f\u00fcr einfaches An- und Ausziehen des Schuhs. Gepolsterter Kragen und Zunge f\u00fcr Komfort. Leichte Zehenkappe aus Verbundwerkstoff und durchtrittsichere Sohle. SRC-Gummiau\u00dfensohle f\u00fcr maximalen Grip.<\/p>\n<p><span>Die leichte Zehenkappe aus Verbundwerkstoff und die Durchtrittschutzplatte sch\u00fctzen die F\u00fc\u00dfe vor herabfallenden Gegenst\u00e4nden und die Sohlen unter den F\u00fc\u00dfen. Diese Arbeitssicherheitsstiefel verf\u00fcgen au\u00dferdem \u00fcber einen abriebfesten TPU-Zehenschutz und nichtmetallische Beschl\u00e4ge, wodurch sie scannersicher sind.<\/span><\/p>\n<ul>\n<li>Strapazierf\u00e4higes, wasserdichtes Obermaterial aus Vollnarbenleder<\/li>\n<li>Scannersichere, nichtmetallische Verbundhardware<\/li>\n<li>YKK-Rei\u00dfverschluss an der Seite f\u00fcr einfachen Zugang<\/li>\n<li>Abriebfester TPU-Zehenschutz f\u00fcr zus\u00e4tzlichen Schutz<\/li>\n<li>Gepolsterter Kragen und Zunge f\u00fcr Komfort<\/li>\n<li>Leichte Verbundnase und Anti-Penetrationsplatte<\/li>\n<li>Schnell feuchtigkeitsableitendes Futter f\u00fcr Feuchtigkeitsmanagement und Komfort<\/li>\n<li>Gepr\u00fcft und zertifiziert nach der europ\u00e4ischen Norm EN ISO 20345:2011 S3 HRO WR SRC<\/li>\n<\/ul>\n<p><strong>Gr\u00f6\u00dfen:<\/strong> 35 bis 48<\/p>\n<p>&nbsp;<\/p>\n<p><img loading=\"lazy\" decoding=\"async\" class=\"alignnone size-full wp-image-107464\" src=\"https:\/\/www.dogpride.nl\/wp-content\/uploads\/PDP_Magnum_EN_ISO_Badge_v3_1.png\" alt=\"\" width=\"217\" height=\"217\" srcset=\"https:\/\/dogpride.nl\/wp-content\/uploads\/PDP_Magnum_EN_ISO_Badge_v3_1.png 217w, https:\/\/dogpride.nl\/wp-content\/uploads\/PDP_Magnum_EN_ISO_Badge_v3_1-100x100.png 100w, https:\/\/dogpride.nl\/wp-content\/uploads\/PDP_Magnum_EN_ISO_Badge_v3_1-150x150.png 150w, https:\/\/dogpride.nl\/wp-content\/uploads\/PDP_Magnum_EN_ISO_Badge_v3_1-66x66.png 66w, https:\/\/dogpride.nl\/wp-content\/uploads\/PDP_Magnum_EN_ISO_Badge_v3_1-200x200.png 200w\" sizes=\"auto, (max-width: 217px) 100vw, 217px\" \/><\/p>","protected":false},"excerpt":{"rendered":"<p>Die leichte Zehenkappe aus Verbundwerkstoff und die Durchtrittschutzplatte sch\u00fctzen die F\u00fc\u00dfe vor herabfallenden Gegenst\u00e4nden und die Sohlen unter den F\u00fc\u00dfen. Diese Arbeitssicherheitsstiefel verf\u00fcgen au\u00dferdem \u00fcber einen abriebfesten TPU-Zehenschutz und nichtmetallische Beschl\u00e4ge, wodurch sie scannersicher sind.<\/p>","protected":false},"featured_media":107550,"template":"","meta":[],"product_brand":[],"product_cat":[6064],"product_tag":[4870,4893,6074,6075],"class_list":{"0":"post-107549","1":"product","2":"type-product","3":"status-publish","4":"has-post-thumbnail","6":"product_cat-magnum-schoenen","7":"product_tag-magnum","8":"product_tag-precision","9":"product_tag-rigmaster","10":"product_tag-side-zip","12":"first","13":"instock","14":"taxable","15":"shipping-taxable","16":"purchasable","17":"product-type-variable"},"mb":[],"mfb_rest_fields":["title"],"_links":{"self":[{"href":"https:\/\/dogpride.nl\/de\/wp-json\/wp\/v2\/product\/107549","targetHints":{"allow":["GET"]}}],"collection":[{"href":"https:\/\/dogpride.nl\/de\/wp-json\/wp\/v2\/product"}],"about":[{"href":"https:\/\/dogpride.nl\/de\/wp-json\/wp\/v2\/types\/product"}],"wp:featuredmedia":[{"embeddable":true,"href":"https:\/\/dogpride.nl\/de\/wp-json\/wp\/v2\/media\/107550"}],"wp:attachment":[{"href":"https:\/\/dogpride.nl\/de\/wp-json\/wp\/v2\/media?parent=107549"}],"wp:term":[{"taxonomy":"product_brand","embeddable":true,"href":"https:\/\/dogpride.nl\/de\/wp-json\/wp\/v2\/product_brand?post=107549"},{"taxonomy":"product_cat","embeddable":true,"href":"https:\/\/dogpride.nl\/de\/wp-json\/wp\/v2\/product_cat?post=107549"},{"taxonomy":"product_tag","embeddable":true,"href":"https:\/\/dogpride.nl\/de\/wp-json\/wp\/v2\/product_tag?post=107549"}],"curies":[{"name":"wp","href":"https:\/\/api.w.org\/{rel}","templated":true}]}}