{"id":107513,"date":"2023-05-10T12:58:54","date_gmt":"2023-05-10T10:58:54","guid":{"rendered":"https:\/\/www.dogpride.nl\/?post_type=product&#038;p=107513"},"modified":"2023-05-10T12:58:55","modified_gmt":"2023-05-10T10:58:55","slug":"magnum-elite-spider-x-5-0-uniformlaars","status":"publish","type":"product","link":"https:\/\/dogpride.nl\/de\/magnum-elite-spider-x-5-0-uniformlaars\/","title":{"rendered":"MAGNUM Elite Spider X 5.0 Uniformstiefel"},"content":{"rendered":"<h1>MAGNUM Elite Spider X 5.0 Uniformstiefel<\/h1>\n<p>MAGNUM Elite Spider X 5.0 Uniformstiefel<\/p>\n<p><span>Ausgestattet mit einem strapazierf\u00e4higen Obermaterial aus Leder mit abriebfesten, atmungsaktiven Bel\u00fcftungs\u00f6ffnungen aus CORDURA AFT 3D-Gewebe und einem schnell feuchtigkeitsableitenden Futter, ideal f\u00fcr w\u00e4rmeres Wetter.<\/span><\/p>\n<ul>\n<li>Strapazierf\u00e4higes Lederobermaterial mit abriebfesten, atmungsaktiven CORDURA AFT 3D-Air-Mesh-Bel\u00fcftungs\u00f6ffnungen<\/li>\n<li>Schnell ableitendes Futter f\u00fcr Feuchtigkeitsmanagement und Komfort<\/li>\n<li>Rostfreie und reflexionsbest\u00e4ndige Beschl\u00e4ge<\/li>\n<li>Externer Fersenclip f\u00fcr besseren Halt<\/li>\n<li>MPACT POWER PU-Innensohle f\u00fcr maximalen Komfort und Sto\u00dfd\u00e4mpfung<\/li>\n<li>Die formgepresste RECOIL-Zwischensohle absorbiert St\u00f6\u00dfe und bietet den ganzen Tag Halt und Komfort<\/li>\n<li>Die Vibram-Gummiau\u00dfensohle bietet Haltbarkeit und hervorragenden Grip<\/li>\n<li>Gepr\u00fcft und zertifiziert nach der europ\u00e4ischen Norm EN ISO 20347:2012 OB E FO HI CI HRO SRA<\/li>\n<\/ul>\n<p><strong>Gr\u00f6\u00dfen:<\/strong> 36 bis 48<\/p>\n<p>&nbsp;<\/p>\n<p><img loading=\"lazy\" decoding=\"async\" class=\"alignnone size-full wp-image-107464\" src=\"https:\/\/www.dogpride.nl\/wp-content\/uploads\/PDP_Magnum_EN_ISO_Badge_v3_1.png\" alt=\"\" width=\"217\" height=\"217\" srcset=\"https:\/\/dogpride.nl\/wp-content\/uploads\/PDP_Magnum_EN_ISO_Badge_v3_1.png 217w, https:\/\/dogpride.nl\/wp-content\/uploads\/PDP_Magnum_EN_ISO_Badge_v3_1-100x100.png 100w, https:\/\/dogpride.nl\/wp-content\/uploads\/PDP_Magnum_EN_ISO_Badge_v3_1-150x150.png 150w, https:\/\/dogpride.nl\/wp-content\/uploads\/PDP_Magnum_EN_ISO_Badge_v3_1-66x66.png 66w, https:\/\/dogpride.nl\/wp-content\/uploads\/PDP_Magnum_EN_ISO_Badge_v3_1-200x200.png 200w\" sizes=\"auto, (max-width: 217px) 100vw, 217px\" \/><\/p>","protected":false},"excerpt":{"rendered":"<p>Ausgestattet mit einem strapazierf\u00e4higen Obermaterial aus Leder mit abriebfesten, atmungsaktiven Bel\u00fcftungs\u00f6ffnungen aus CORDURA AFT 3D-Gewebe und einem schnell feuchtigkeitsableitenden Futter, ideal f\u00fcr w\u00e4rmeres Wetter.<\/p>","protected":false},"featured_media":107514,"template":"","meta":[],"product_brand":[],"product_cat":[6064],"product_tag":[4880,4870,4881,6069,6070],"class_list":{"0":"post-107513","1":"product","2":"type-product","3":"status-publish","4":"has-post-thumbnail","6":"product_cat-magnum-schoenen","7":"product_tag-elite","8":"product_tag-magnum","9":"product_tag-spider","10":"product_tag-uniformlaars","11":"product_tag-x-5-0","13":"first","14":"instock","15":"taxable","16":"shipping-taxable","17":"purchasable","18":"product-type-variable"},"mb":[],"mfb_rest_fields":["title"],"_links":{"self":[{"href":"https:\/\/dogpride.nl\/de\/wp-json\/wp\/v2\/product\/107513","targetHints":{"allow":["GET"]}}],"collection":[{"href":"https:\/\/dogpride.nl\/de\/wp-json\/wp\/v2\/product"}],"about":[{"href":"https:\/\/dogpride.nl\/de\/wp-json\/wp\/v2\/types\/product"}],"wp:featuredmedia":[{"embeddable":true,"href":"https:\/\/dogpride.nl\/de\/wp-json\/wp\/v2\/media\/107514"}],"wp:attachment":[{"href":"https:\/\/dogpride.nl\/de\/wp-json\/wp\/v2\/media?parent=107513"}],"wp:term":[{"taxonomy":"product_brand","embeddable":true,"href":"https:\/\/dogpride.nl\/de\/wp-json\/wp\/v2\/product_brand?post=107513"},{"taxonomy":"product_cat","embeddable":true,"href":"https:\/\/dogpride.nl\/de\/wp-json\/wp\/v2\/product_cat?post=107513"},{"taxonomy":"product_tag","embeddable":true,"href":"https:\/\/dogpride.nl\/de\/wp-json\/wp\/v2\/product_tag?post=107513"}],"curies":[{"name":"wp","href":"https:\/\/api.w.org\/{rel}","templated":true}]}}