{"id":107495,"date":"2023-05-10T12:43:58","date_gmt":"2023-05-10T10:43:58","guid":{"rendered":"https:\/\/www.dogpride.nl\/?post_type=product&#038;p=107495"},"modified":"2023-05-10T12:43:59","modified_gmt":"2023-05-10T10:43:59","slug":"magnum-classic-cen-uniformlaars","status":"publish","type":"product","link":"https:\/\/dogpride.nl\/de\/magnum-classic-cen-uniformlaars\/","title":{"rendered":"MAGNUM Classic CEN Uniformstiefel"},"content":{"rendered":"<h1>MAGNUM Classic CEN Uniformstiefel<\/h1>\n<p>MAGNUM Classic CEN Uniformstiefel<\/p>\n<p><span>Der Magnum Classic ist genau das, was er verspricht \u2013 ein Magnum Classic! Dieser Uniformstiefel f\u00fcr M\u00e4nner und Frauen ist ein langj\u00e4hriger Favorit unter Magnum-Fans und ist bequem, atmungsaktiv und langlebig.<\/span><\/p>\n<ul>\n<li>Magnum Classic CEN \u2013 Stiefel ohne Sicherung<\/li>\n<li>SRA-Rutschbewertung<\/li>\n<li>Obermaterial Leder\/Nylon<\/li>\n<li>Hitze-\/k\u00e4ltebest\u00e4ndige Gummi-Au\u00dfensohle<\/li>\n<li>8 Metallschn\u00fcrsystem<\/li>\n<li>Entspricht der ISO20345-Norm f\u00fcr Sicherheitsschuhe<\/li>\n<li>Gepr\u00fcft und zertifiziert nach der europ\u00e4ischen Norm EN ISO 20347:2012 OB E FO SRA<\/li>\n<\/ul>\n<p><strong>Gr\u00f6\u00dfen:<\/strong> 36 bis 48<\/p>\n<p>&nbsp;<\/p>\n<p><img loading=\"lazy\" decoding=\"async\" class=\"alignnone size-full wp-image-107464\" src=\"https:\/\/www.dogpride.nl\/wp-content\/uploads\/PDP_Magnum_EN_ISO_Badge_v3_1.png\" alt=\"\" width=\"217\" height=\"217\" srcset=\"https:\/\/dogpride.nl\/wp-content\/uploads\/PDP_Magnum_EN_ISO_Badge_v3_1.png 217w, https:\/\/dogpride.nl\/wp-content\/uploads\/PDP_Magnum_EN_ISO_Badge_v3_1-100x100.png 100w, https:\/\/dogpride.nl\/wp-content\/uploads\/PDP_Magnum_EN_ISO_Badge_v3_1-150x150.png 150w, https:\/\/dogpride.nl\/wp-content\/uploads\/PDP_Magnum_EN_ISO_Badge_v3_1-66x66.png 66w, https:\/\/dogpride.nl\/wp-content\/uploads\/PDP_Magnum_EN_ISO_Badge_v3_1-200x200.png 200w\" sizes=\"auto, (max-width: 217px) 100vw, 217px\" \/><\/p>","protected":false},"excerpt":{"rendered":"<p>Der Magnum Classic ist genau das, was er verspricht \u2013 ein Magnum Classic! Dieser Uniformstiefel f\u00fcr M\u00e4nner und Frauen ist ein langj\u00e4hriger Favorit unter Magnum-Fans und ist bequem, atmungsaktiv und langlebig.<\/p>","protected":false},"featured_media":107496,"template":"","meta":[],"product_brand":[],"product_cat":[6064],"product_tag":[6068,4892,4870,6069],"class_list":{"0":"post-107495","1":"product","2":"type-product","3":"status-publish","4":"has-post-thumbnail","6":"product_cat-magnum-schoenen","7":"product_tag-cen","8":"product_tag-classic","9":"product_tag-magnum","10":"product_tag-uniformlaars","12":"first","13":"instock","14":"taxable","15":"shipping-taxable","16":"purchasable","17":"product-type-variable"},"mb":[],"mfb_rest_fields":["title"],"_links":{"self":[{"href":"https:\/\/dogpride.nl\/de\/wp-json\/wp\/v2\/product\/107495","targetHints":{"allow":["GET"]}}],"collection":[{"href":"https:\/\/dogpride.nl\/de\/wp-json\/wp\/v2\/product"}],"about":[{"href":"https:\/\/dogpride.nl\/de\/wp-json\/wp\/v2\/types\/product"}],"wp:featuredmedia":[{"embeddable":true,"href":"https:\/\/dogpride.nl\/de\/wp-json\/wp\/v2\/media\/107496"}],"wp:attachment":[{"href":"https:\/\/dogpride.nl\/de\/wp-json\/wp\/v2\/media?parent=107495"}],"wp:term":[{"taxonomy":"product_brand","embeddable":true,"href":"https:\/\/dogpride.nl\/de\/wp-json\/wp\/v2\/product_brand?post=107495"},{"taxonomy":"product_cat","embeddable":true,"href":"https:\/\/dogpride.nl\/de\/wp-json\/wp\/v2\/product_cat?post=107495"},{"taxonomy":"product_tag","embeddable":true,"href":"https:\/\/dogpride.nl\/de\/wp-json\/wp\/v2\/product_tag?post=107495"}],"curies":[{"name":"wp","href":"https:\/\/api.w.org\/{rel}","templated":true}]}}