{"id":107079,"date":"2023-05-08T09:29:26","date_gmt":"2023-05-08T07:29:26","guid":{"rendered":"https:\/\/www.dogpride.nl\/?post_type=product&#038;p=107079"},"modified":"2026-04-15T15:14:03","modified_gmt":"2026-04-15T13:14:03","slug":"speed-dogsport-hondensportvest-akim","status":"publish","type":"product","link":"https:\/\/dogpride.nl\/de\/speed-dogsport-hondensportvest-akim\/","title":{"rendered":"Speed Dogsport Hondensportvest AKIM"},"content":{"rendered":"<h4>Speed Dogsport Hondensportvest AKIM<\/h4>\n<p>Speed Dogsport Hondensportvest AKIM<\/p>\n<h4>Hondensportvest AKIM\u00a0 voor hondengeleiders en behendigheid<\/h4>\n<p style=\"font-weight: 400;\">Unsere Speed Dogsport\u00ae Hundesportweste zeichnet sich durch besonders robustes und kratzfestes Neumaterial und hohe Funktionalit\u00e4t bei Tragekomfort aus.<\/p>\n<p style=\"font-weight: 400;\">Hochwertige Verarbeitung, sehr gute Passform und moderne Optik und Farben lassen Sie auch auf dem Hundeplatz eine gute Figur machen. Wir produzieren in den Gr\u00f6\u00dfen XS bis 4XL.<\/p>\n<p><strong>Erh\u00e4ltlich in den Farben:<\/strong> Roze en Groen<\/p>\n<p>Sehr gutes lichtreflektierendes Material, das als Anwendung zur Erh\u00f6hung Ihrer passiven Sicherheit stets daf\u00fcr sorgt, dass Sie gut erkannt werden.<\/p>\n<ul>\n<li>Hundesport- und Freizeitweste mit Halsband<\/li>\n<li>Abnehmbare Kapuze<\/li>\n<li>wasserabweisend und kratzfest<\/li>\n<li>Modischer Look<\/li>\n<li>hoher Tragekomfort<\/li>\n<li>Strapazierf\u00e4higes Material<\/li>\n<li>R\u00fcckseite mit Bel\u00fcftungs\u00f6ffnung<\/li>\n<li>bequemes und modernes Mesh-Futter<\/li>\n<li>verstellbarer Saum<\/li>\n<li>2 Brusttaschen mit Rei\u00dfverschluss f\u00fcr Handy, Geldb\u00f6rse etc.<\/li>\n<li>K\u00e4ngurutasche hinten (durchgehend)<\/li>\n<li>ger\u00e4umige Vordertaschen<\/li>\n<li>Gen\u00fcgend Taschen f\u00fcr die notwendigen Trainingsutensilien<\/li>\n<li>Ring f\u00fcr G\u00fcrtel<\/li>\n<li>hochwertige YKK-Rei\u00dfverschl\u00fcsse<\/li>\n<li>kleines Knochen-Accessoire am Rei\u00dfverschluss<\/li>\n<li>Marke: Speed Dogsport\u00ae<\/li>\n<li>Gr\u00f6\u00dfen: 4-XL verf\u00fcgbar<\/li>\n<li>Anwendungen: Stickerei (Stickgarn MADEIRA)<\/li>\n<\/ul>\n<h3>Gr\u00f6\u00dfentabelle:<\/h3>\n<p><a href=\"https:\/\/dogpride.nl\/de\/kleding\/trainingsvesten\/speed-dogsport-trainingsvesten\/\"><img loading=\"lazy\" decoding=\"async\" class=\"alignnone wp-image-137879 size-medium\" src=\"https:\/\/dogpride.nl\/wp-content\/uploads\/Maattabrl-300x212.jpg\" alt=\"Maattabel \" width=\"300\" height=\"212\" srcset=\"https:\/\/dogpride.nl\/wp-content\/uploads\/Maattabrl-300x212.jpg 300w, https:\/\/dogpride.nl\/wp-content\/uploads\/Maattabrl-768x543.jpg 768w, https:\/\/dogpride.nl\/wp-content\/uploads\/Maattabrl-18x12.jpg 18w, https:\/\/dogpride.nl\/wp-content\/uploads\/Maattabrl-250x177.jpg 250w, https:\/\/dogpride.nl\/wp-content\/uploads\/Maattabrl-400x283.jpg 400w, https:\/\/dogpride.nl\/wp-content\/uploads\/Maattabrl.jpg 961w\" sizes=\"auto, (max-width: 300px) 100vw, 300px\" \/><\/a><\/p>\n<p><a href=\"https:\/\/speed-dogsport.com\/de\/\" target=\"_blank\" rel=\"noopener\"><img loading=\"lazy\" decoding=\"async\" class=\"alignnone\" title=\"Speed Dogsport Hundesportweste AKIM 2023\" src=\"https:\/\/dogpride.nl\/wp-content\/uploads\/hundesport-weste-akim-2023-3-150x150.jpg\" alt=\"Speed Dogsport Hondensportvest AKIM 2023\" width=\"150\" height=\"150\" \/><\/a><\/p>\n<p><a href=\"https:\/\/speed-dogsport.com\/en\/\" target=\"_blank\" rel=\"noopener\"><img loading=\"lazy\" decoding=\"async\" class=\"alignnone wp-image-142927 size-medium\" src=\"https:\/\/dogpride.nl\/wp-content\/uploads\/Logo-13-300x102.png\" alt=\"Logo Speed dogsport \" width=\"300\" height=\"102\" srcset=\"https:\/\/dogpride.nl\/wp-content\/uploads\/Logo-13-300x102.png 300w, https:\/\/dogpride.nl\/wp-content\/uploads\/Logo-13-768x260.png 768w, https:\/\/dogpride.nl\/wp-content\/uploads\/Logo-13-18x6.png 18w, https:\/\/dogpride.nl\/wp-content\/uploads\/Logo-13-250x85.png 250w, https:\/\/dogpride.nl\/wp-content\/uploads\/Logo-13-400x135.png 400w, https:\/\/dogpride.nl\/wp-content\/uploads\/Logo-13.png 836w\" sizes=\"auto, (max-width: 300px) 100vw, 300px\" \/><\/a><\/p>","protected":false},"excerpt":{"rendered":"<p>Hochwertige Verarbeitung, sehr gute Passform und moderne Optik und Farben lassen Sie auch auf dem Hundeplatz eine gute Figur machen. Wir produzieren auch in gro\u00dfen Gr\u00f6\u00dfen bis 4-XL.<\/p>","protected":false},"featured_media":107080,"template":"","meta":[],"product_brand":[],"product_cat":[3876],"product_tag":[6050,6049,4686],"class_list":{"0":"post-107079","1":"product","2":"type-product","3":"status-publish","4":"has-post-thumbnail","6":"product_cat-speed-dogsport-trainingsvesten","7":"product_tag-akim","8":"product_tag-hondensportvest","9":"product_tag-speed-dogsport","11":"first","12":"instock","13":"taxable","14":"shipping-taxable","15":"purchasable","16":"product-type-variable"},"mb":[],"mfb_rest_fields":["title"],"_links":{"self":[{"href":"https:\/\/dogpride.nl\/de\/wp-json\/wp\/v2\/product\/107079","targetHints":{"allow":["GET"]}}],"collection":[{"href":"https:\/\/dogpride.nl\/de\/wp-json\/wp\/v2\/product"}],"about":[{"href":"https:\/\/dogpride.nl\/de\/wp-json\/wp\/v2\/types\/product"}],"wp:featuredmedia":[{"embeddable":true,"href":"https:\/\/dogpride.nl\/de\/wp-json\/wp\/v2\/media\/107080"}],"wp:attachment":[{"href":"https:\/\/dogpride.nl\/de\/wp-json\/wp\/v2\/media?parent=107079"}],"wp:term":[{"taxonomy":"product_brand","embeddable":true,"href":"https:\/\/dogpride.nl\/de\/wp-json\/wp\/v2\/product_brand?post=107079"},{"taxonomy":"product_cat","embeddable":true,"href":"https:\/\/dogpride.nl\/de\/wp-json\/wp\/v2\/product_cat?post=107079"},{"taxonomy":"product_tag","embeddable":true,"href":"https:\/\/dogpride.nl\/de\/wp-json\/wp\/v2\/product_tag?post=107079"}],"curies":[{"name":"wp","href":"https:\/\/api.w.org\/{rel}","templated":true}]}}