{"id":106852,"date":"2023-05-03T17:09:14","date_gmt":"2023-05-03T15:09:14","guid":{"rendered":"https:\/\/www.dogpride.nl\/?post_type=product&#038;p=106852"},"modified":"2026-03-16T15:15:37","modified_gmt":"2026-03-16T14:15:37","slug":"luda-farm-accessoires-onderdelen","status":"publish","type":"product","link":"https:\/\/dogpride.nl\/de\/luda-farm-accessoires-onderdelen\/","title":{"rendered":"LUDA FARM Zubeh\u00f6r \/ Teile"},"content":{"rendered":"<h4 data-start=\"201\" data-end=\"240\">LUDA FARM Zubeh\u00f6r \/ Teile<\/h4>\n<p data-start=\"242\" data-end=\"636\"><strong data-start=\"242\" data-end=\"280\">LUDA FARM accessoires \/ onderdelen<\/strong> zijn ontwikkeld om LUDA-Farm camerasystemen te onderhouden, uit te breiden of te repareren. Het merk LUDA.Farm staat bekend om zijn slimme monitoringsystemen voor landbouw, erfbewaking en dierobservatie. Deze systemen worden veel gebruikt om stallen, machines, trailers en andere locaties op afstand te controleren.<\/p>\n<p data-start=\"638\" data-end=\"1002\">Von <strong data-start=\"642\" data-end=\"680\">LUDA FARM accessoires \/ onderdelen<\/strong> kunnen bestaande camerasystemen eenvoudig worden aangepast aan specifieke behoeften. Denk bijvoorbeeld aan het toevoegen van extra camera\u2019s, het vervangen van kabels of het verbeteren van het bereik van een systeem met nieuwe antennes. Hierdoor blijft het camerasysteem optimaal functioneren, zelfs bij intensief gebruik.<\/p>\n<p data-start=\"1004\" data-end=\"1168\">De onderdelen zijn ontworpen om perfect te passen bij verschillende LUDA-Farm systemen zoals <strong data-start=\"1097\" data-end=\"1167\">FarmCam, Trailercam, MachineCam en andere draadloze camerasystemen<\/strong>.<\/p>\n<p data-start=\"1004\" data-end=\"1168\"><a href=\"https:\/\/dogpride.nl\/de\/\"><img loading=\"lazy\" decoding=\"async\" class=\"alignnone\" title=\"LUDA FARM Zubeh\u00f6r \/ Teile\" src=\"https:\/\/dogpride.nl\/wp-content\/uploads\/trailer1_30060786-2282-4e76-a904-3ec6a7b99a82_720x-150x150.webp\" alt=\"LUDA FARM Accessoires \/ Onderdelen\" width=\"150\" height=\"150\" \/><\/a><\/p>\n<h4 data-start=\"1170\" data-end=\"1204\">Uitbreiden van camerasystemen<\/h4>\n<p data-start=\"1206\" data-end=\"1425\">Veel <strong data-start=\"1211\" data-end=\"1249\">LUDA FARM accessoires \/ onderdelen<\/strong> zijn bedoeld om bestaande systemen uit te breiden. Zo kunnen sommige systemen meerdere camera\u2019s ondersteunen, waardoor verschillende locaties tegelijk bewaakt kunnen worden.<\/p>\n<p data-start=\"1427\" data-end=\"1690\">Bijvoorbeeld: een extra camera kan worden toegevoegd aan een bestaand camerasysteem om meerdere ruimtes te monitoren, zoals een stal, erf of trailer. Sommige systemen ondersteunen tot vier camera\u2019s binnen hetzelfde netwerk.<\/p>\n<p data-start=\"1692\" data-end=\"1771\">Dit maakt het mogelijk om \u00e9\u00e9n monitor te gebruiken voor meerdere camerabeelden.<\/p>\n<h4 data-start=\"1773\" data-end=\"1813\">Veelgebruikte LUDA FARM accessoires<\/h4>\n<p data-start=\"1815\" data-end=\"1953\">Binnen het assortiment <strong data-start=\"1838\" data-end=\"1876\">LUDA FARM accessoires \/ onderdelen<\/strong> zijn verschillende soorten accessoires beschikbaar. Enkele voorbeelden zijn:<\/p>\n<ul data-start=\"1955\" data-end=\"2268\">\n<li data-section-id=\"1ztp0v\" data-start=\"1955\" data-end=\"1983\">\n<p data-start=\"1957\" data-end=\"1983\">Extra draadloze camera\u2019s<\/p>\n<\/li>\n<li data-section-id=\"13ilgnd\" data-start=\"1984\" data-end=\"2027\">\n<p data-start=\"1986\" data-end=\"2027\">Powerbanks voor draadloze cameravoeding<\/p>\n<\/li>\n<li data-section-id=\"16l3a8i\" data-start=\"2028\" data-end=\"2070\">\n<p data-start=\"2030\" data-end=\"2070\">Magnetische antennes voor beter bereik<\/p>\n<\/li>\n<li data-section-id=\"1hufenh\" data-start=\"2071\" data-end=\"2092\">\n<p data-start=\"2073\" data-end=\"2092\">Monitorstandaards<\/p>\n<\/li>\n<li data-section-id=\"15e1bnc\" data-start=\"2093\" data-end=\"2128\">\n<p data-start=\"2095\" data-end=\"2128\">Antennes voor camera of monitor<\/p>\n<\/li>\n<li data-section-id=\"1xess6z\" data-start=\"2129\" data-end=\"2159\">\n<p data-start=\"2131\" data-end=\"2159\">Monitor- en voedingskabels<\/p>\n<\/li>\n<li data-section-id=\"bzgrzz\" data-start=\"2160\" data-end=\"2197\">\n<p data-start=\"2162\" data-end=\"2197\">Zuignapbevestigingen voor montage<\/p>\n<\/li>\n<li data-section-id=\"fprchb\" data-start=\"2198\" data-end=\"2268\">\n<p data-start=\"2200\" data-end=\"2268\">Zonneschermen voor monitoren<\/p>\n<\/li>\n<\/ul>\n<p data-start=\"2270\" data-end=\"2378\">Met deze accessoires kunnen gebruikers hun systeem aanpassen aan verschillende situaties en montageposities.<\/p>\n<h4 data-start=\"2380\" data-end=\"2423\">Onderhoud en vervanging van onderdelen<\/h4>\n<p data-start=\"2425\" data-end=\"2649\">Naast uitbreidingen zijn <strong data-start=\"2450\" data-end=\"2488\">LUDA FARM accessoires \/ onderdelen<\/strong> ook bedoeld voor onderhoud en vervanging. Door regelmatig gebruikte onderdelen te vervangen kan de levensduur van een camerasysteem aanzienlijk worden verlengd.<\/p>\n<p data-start=\"2651\" data-end=\"2850\">Bij intensief gebruik kunnen bijvoorbeeld kabels, antennes of bevestigingsonderdelen na verloop van tijd slijten. Door originele onderdelen te gebruiken blijft de werking van het systeem betrouwbaar.<\/p>\n<p data-start=\"2852\" data-end=\"2949\">Dit zorgt ervoor dat camerabeelden stabiel blijven en dat het systeem veilig blijft functioneren.<\/p>\n<h4 data-start=\"2951\" data-end=\"2991\">Geschikt voor landbouw en transport<\/h4>\n<p data-start=\"2993\" data-end=\"3126\">LUDA-Farm camerasystemen en hun accessoires worden vaak gebruikt in landbouw en transport. Zo worden camera\u2019s bijvoorbeeld geplaatst:<\/p>\n<ul data-start=\"3128\" data-end=\"3329\">\n<li data-section-id=\"kxohga\" data-start=\"3128\" data-end=\"3166\">\n<p data-start=\"3130\" data-end=\"3166\">in stallen voor toezicht op dieren<\/p>\n<\/li>\n<li data-section-id=\"1rgww3c\" data-start=\"3167\" data-end=\"3221\">\n<p data-start=\"3169\" data-end=\"3221\">op machines voor beter zicht tijdens werkzaamheden<\/p>\n<\/li>\n<li data-section-id=\"1pg621f\" data-start=\"3222\" data-end=\"3285\">\n<p data-start=\"3224\" data-end=\"3285\">in trailers voor het monitoren van dieren tijdens transport<\/p>\n<\/li>\n<li data-section-id=\"hshmm5\" data-start=\"3286\" data-end=\"3329\">\n<p data-start=\"3288\" data-end=\"3329\">op het erf voor beveiliging en toezicht<\/p>\n<\/li>\n<\/ul>\n<p data-start=\"3331\" data-end=\"3457\">Dankzij <strong data-start=\"3339\" data-end=\"3377\">LUDA FARM accessoires \/ onderdelen<\/strong> kunnen deze systemen eenvoudig worden aangepast aan verschillende toepassingen.<\/p>\n<h4 data-start=\"3459\" data-end=\"3486\">Einfache Installation<\/h4>\n<p data-start=\"3488\" data-end=\"3737\">Een belangrijk voordeel van <strong data-start=\"3516\" data-end=\"3554\">LUDA FARM accessoires \/ onderdelen<\/strong> is dat ze ontworpen zijn voor eenvoudige installatie. Veel onderdelen werken draadloos of zijn voorzien van magnetische bevestigingen, waardoor montage snel en flexibel kan gebeuren.<\/p>\n<p data-start=\"3739\" data-end=\"3841\">Hierdoor kunnen camera\u2019s eenvoudig worden verplaatst of tijdelijk op andere locaties worden geplaatst.<\/p>\n<p data-start=\"3843\" data-end=\"3948\">Dit maakt het systeem bijzonder praktisch voor gebruikers die regelmatig hun apparatuur moeten aanpassen.<\/p>\n<p data-start=\"1004\" data-end=\"1168\"><a href=\"https:\/\/nl.wikipedia.org\/wiki\/Bewakingscamera\" target=\"_blank\" rel=\"noopener\"><img loading=\"lazy\" decoding=\"async\" class=\"alignnone\" title=\"LUDA FARM Zubeh\u00f6r \/ Teile\" src=\"https:\/\/dogpride.nl\/wp-content\/uploads\/trailer1_30060786-2282-4e76-a904-3ec6a7b99a82_720x-150x150.webp\" alt=\"LUDA FARM Accessoires \/ Onderdelen\" width=\"150\" height=\"150\" \/><\/a><\/p>\n<h4 data-start=\"3950\" data-end=\"3965\">Materialen<\/h4>\n<ul data-start=\"3967\" data-end=\"4115\">\n<li data-section-id=\"cirp2c\" data-start=\"3967\" data-end=\"4003\">\n<p data-start=\"3969\" data-end=\"4003\">Kunststof en metalen componenten<\/p>\n<\/li>\n<li data-section-id=\"1yujgox\" data-start=\"4004\" data-end=\"4039\">\n<p data-start=\"4006\" data-end=\"4039\">Elektronische cameracomponenten<\/p>\n<\/li>\n<li data-section-id=\"13jf7po\" data-start=\"4040\" data-end=\"4076\">\n<p data-start=\"4042\" data-end=\"4076\">Antenne- en verbindingsmateriaal<\/p>\n<\/li>\n<li data-section-id=\"ww2y9n\" data-start=\"4077\" data-end=\"4115\">\n<p data-start=\"4079\" data-end=\"4115\">Bevestigings- en montagematerialen<\/p>\n<\/li>\n<\/ul>\n<h4 data-start=\"4117\" data-end=\"4135\">Spezifikationen<\/h4>\n<ul data-start=\"4137\" data-end=\"4410\">\n<li data-section-id=\"1ea14rr\" data-start=\"4137\" data-end=\"4156\">\n<p data-start=\"4139\" data-end=\"4156\">Merk: LUDA FARM<\/p>\n<\/li>\n<li data-section-id=\"yaw8jb\" data-start=\"4157\" data-end=\"4191\">\n<p data-start=\"4159\" data-end=\"4191\">Type: accessoires \/ onderdelen<\/p>\n<\/li>\n<li data-section-id=\"1lk3r6m\" data-start=\"4192\" data-end=\"4234\">\n<p data-start=\"4194\" data-end=\"4234\">Geschikt voor LUDA-Farm camerasystemen<\/p>\n<\/li>\n<li data-section-id=\"alx65b\" data-start=\"4235\" data-end=\"4288\">\n<p data-start=\"4237\" data-end=\"4288\">Ondersteunt uitbreiding en onderhoud van systemen<\/p>\n<\/li>\n<li data-section-id=\"a90a2z\" data-start=\"4289\" data-end=\"4364\">\n<p data-start=\"4291\" data-end=\"4364\">Compatibel met diverse modellen zoals FarmCam, MachineCam en Trailercam<\/p>\n<\/li>\n<li data-section-id=\"1um070i\" data-start=\"4365\" data-end=\"4410\">\n<p data-start=\"4367\" data-end=\"4410\">Ontworpen voor landbouw- en buitengebruik<\/p>\n<\/li>\n<\/ul>\n<p><strong>Zubeh\u00f6r:<\/strong><\/p>\n<ul>\n<li>Zus\u00e4tzliche HD-Kamera<\/li>\n<li>Powerbank 25000<\/li>\n<li>Powerbank 12000<\/li>\n<li>Magnet mit Schrauben<\/li>\n<\/ul>\n<p><strong>Komponenten:<\/strong><\/p>\n<ul>\n<li>Trailer Cam HD-Monitor-Kit<\/li>\n<li>2dBi-Antenne<\/li>\n<li>12V-Adapter<\/li>\n<li>Direkter Stromkabelmonitor<\/li>\n<li>TrailerCam 5D \u2013 Saughalterung<\/li>\n<\/ul>\n<p>&nbsp;<\/p>\n<p>&nbsp;<\/p>\n<p>&nbsp;<\/p>\n<p>&nbsp;<\/p>\n<p>&nbsp;<\/p>\n<p>&nbsp;<\/p>","protected":false},"excerpt":{"rendered":"<p>F\u00fcr die\u00a0<a href=\"https:\/\/dogpride.nl\/de\/produkt\/luda-farm-trailercam-hd\/\">LUDA FARM Trailer Cam HD<\/a> Verschiedene Ersatzteile und Zubeh\u00f6r sind ebenfalls erh\u00e4ltlich. Dazu geh\u00f6ren eine zus\u00e4tzliche HD-Kamera, Powerbanks, 12-Volt-Adapter, Magnet mit Schrauben, 2dBi-Antenne usw.<\/p>","protected":false},"featured_media":106853,"template":"","meta":[],"product_brand":[],"product_cat":[5920,2936,1292],"product_tag":[25747,25745,25743,25751,25746,25744,25750,25752,25748,25749],"class_list":{"0":"post-106852","1":"product","2":"type-product","3":"status-publish","4":"has-post-thumbnail","6":"product_cat-metbox-aanhangwagens","7":"product_cat-gla-wel-hondenaanhangers","8":"product_cat-schmidt-hondenaanhangers","9":"product_tag-farmcam-onderdelen","10":"product_tag-luda-farm-accessoires","11":"product_tag-luda-farm-accessoires-onderdelen","12":"product_tag-luda-farm-antenne-onderdelen","13":"product_tag-luda-farm-camera-accessoires","14":"product_tag-luda-farm-camera-onderdelen","15":"product_tag-luda-farm-camera-systeem","16":"product_tag-luda-farm-monitor-accessoires","17":"product_tag-machinecam-accessoires","18":"product_tag-trailercam-onderdelen","20":"first","21":"instock","22":"taxable","23":"shipping-taxable","24":"purchasable","25":"product-type-variable"},"mb":[],"mfb_rest_fields":["title"],"_links":{"self":[{"href":"https:\/\/dogpride.nl\/de\/wp-json\/wp\/v2\/product\/106852","targetHints":{"allow":["GET"]}}],"collection":[{"href":"https:\/\/dogpride.nl\/de\/wp-json\/wp\/v2\/product"}],"about":[{"href":"https:\/\/dogpride.nl\/de\/wp-json\/wp\/v2\/types\/product"}],"wp:featuredmedia":[{"embeddable":true,"href":"https:\/\/dogpride.nl\/de\/wp-json\/wp\/v2\/media\/106853"}],"wp:attachment":[{"href":"https:\/\/dogpride.nl\/de\/wp-json\/wp\/v2\/media?parent=106852"}],"wp:term":[{"taxonomy":"product_brand","embeddable":true,"href":"https:\/\/dogpride.nl\/de\/wp-json\/wp\/v2\/product_brand?post=106852"},{"taxonomy":"product_cat","embeddable":true,"href":"https:\/\/dogpride.nl\/de\/wp-json\/wp\/v2\/product_cat?post=106852"},{"taxonomy":"product_tag","embeddable":true,"href":"https:\/\/dogpride.nl\/de\/wp-json\/wp\/v2\/product_tag?post=106852"}],"curies":[{"name":"wp","href":"https:\/\/api.w.org\/{rel}","templated":true}]}}