{"id":106840,"date":"2023-05-03T14:53:19","date_gmt":"2023-05-03T12:53:19","guid":{"rendered":"https:\/\/www.dogpride.nl\/?post_type=product&#038;p=106840"},"modified":"2023-05-03T17:02:00","modified_gmt":"2023-05-03T15:02:00","slug":"luda-farm-trailercam-hd","status":"publish","type":"product","link":"https:\/\/dogpride.nl\/de\/luda-farm-trailercam-hd\/","title":{"rendered":"LUDA FARM Trailer Cam HD"},"content":{"rendered":"<h1>LUDA FARM Trailer Cam HD<\/h1>\n<p>LUDA FARM Trailer Cam HD<\/p>\n<p><span style=\"color: #000000;\">Mit dieser TrailerCam HD k\u00f6nnen Sie Ihre Hunde im Hundeanh\u00e4nger oder im Laderaum des Busses w\u00e4hrend der Fahrt im Auge behalten.<\/span><\/p>\n<p class=\"product_title entry-title elementor-heading-title elementor-size-default\"><span style=\"color: #000000;\">TrailerCam HD ist ein gro\u00dfartiges Kamerasystem, mit dem Sie Ihr Tier w\u00e4hrend der Fahrt problemlos verfolgen k\u00f6nnen.<\/span><br \/>\n<span style=\"color: #000000;\">TrailerCam HD verf\u00fcgt \u00fcber Nachtsicht und liefert Ihnen hochaufl\u00f6sende Bilder. Auch wenn Sie nach Einbruch der Dunkelheit fahren.<\/span><br \/>\n<span style=\"color: #000000;\">Mit der Weitwinkelfunktion auf dem Monitor k\u00f6nnen Sie problemlos den gesamten Anh\u00e4nger sehen. Bei Bedarf k\u00f6nnen Sie eine zus\u00e4tzliche Kamera erwerben, um beim R\u00fcckw\u00e4rtsfahren einen Blick hinter den Anh\u00e4nger zu erm\u00f6glichen.<\/span><\/p>\n<p class=\"product_title entry-title elementor-heading-title elementor-size-default\"><span style=\"color: #000000;\">TrailerCam HD wird mit einem 4 Meter langen 12-V-Zigarettenadapter-Stromkabel f\u00fcr den 5-Zoll-Monitor geliefert.<\/span><br \/>\n<span style=\"color: #000000;\">Die IP69K-Kamera wird direkt an die Stromquelle im Fahrzeug angeschlossen (normalerweise die Lichtquelle).<\/span><\/p>\n<h3 class=\"product_title entry-title elementor-heading-title elementor-size-default\"><span style=\"color: #000000;\">Sie k\u00f6nnen zwei Kameras mit einem Monitor verwenden.<\/span><\/h3>\n<p class=\"product_title entry-title elementor-heading-title elementor-size-default\"><span style=\"color: #000000;\">Um das Bild zwischen den Kameras zu verschieben, dr\u00fccken Sie einfach die Kanaltaste auf dem Monitor.<\/span><\/p>\n<p class=\"product_title entry-title elementor-heading-title elementor-size-default\"><span style=\"color: #000000;\">Dar\u00fcber hinaus ist die Kamera mit unseren PowerBanks kompatibel, sodass Sie diese kabellos nutzen und \u00fcberall platzieren k\u00f6nnen.<\/span><br \/>\n<span style=\"color: #000000;\">Die Kamera l\u00e4sst sich einfach mit einem starken Magneten befestigen. Dieses kann als Zubeh\u00f6r erworben werden (Artikel-Nr. 7029).<\/span><\/p>\n<p class=\"product_title entry-title elementor-heading-title elementor-size-default\"><span style=\"color: #000000;\">Aufgrund der Schutzart IP69K ist die Kamera sowohl wetter- als auch wasserbest\u00e4ndig und verf\u00fcgt \u00fcber eine sehr robuste Bauweise.<\/span><br \/>\n<span style=\"color: #000000;\">Die Systeminstallation dauert nur wenige Minuten, da sich Kamera und Monitor automatisch koppeln, wenn sie an eine Stromquelle angeschlossen werden.<\/span><br \/>\n<span style=\"color: #000000;\">Das System verf\u00fcgt \u00fcber eine \u00dcbertragungsreichweite von bis zu 100 Metern und eine Nachtsicht von bis zu 10 Metern.<\/span><\/p>\n<h3 class=\"product_title entry-title elementor-heading-title elementor-size-default\"><span style=\"color: #000000;\">Im Paket enthalten:<\/span><\/h3>\n<ul>\n<li class=\"product_title entry-title elementor-heading-title elementor-size-default\"><span style=\"color: #000000;\">1 x Monitor 1 x Kamera<\/span><\/li>\n<li class=\"product_title entry-title elementor-heading-title elementor-size-default\"><span style=\"color: #000000;\">1 x Monitorhalterung<\/span><\/li>\n<li class=\"product_title entry-title elementor-heading-title elementor-size-default\"><span style=\"color: #000000;\">1 x Direktstromkabel Micro-USB<\/span><\/li>\n<li class=\"product_title entry-title elementor-heading-title elementor-size-default\"><span style=\"color: #000000;\">1 x Zigarettenadapter Micro-USB<\/span><\/li>\n<li class=\"product_title entry-title elementor-heading-title elementor-size-default\"><span style=\"color: #000000;\">1 x Kamera-Installationsset<\/span><\/li>\n<\/ul>\n<p><strong>SPEZIFIKATIONEN<\/strong><\/p>\n<p><img loading=\"lazy\" decoding=\"async\" class=\"alignnone size-full wp-image-106848\" src=\"https:\/\/www.dogpride.nl\/wp-content\/uploads\/Specificaties-TrailerCam.jpg\" alt=\"Specificaties\" width=\"1087\" height=\"572\" srcset=\"https:\/\/dogpride.nl\/wp-content\/uploads\/Specificaties-TrailerCam.jpg 1087w, https:\/\/dogpride.nl\/wp-content\/uploads\/Specificaties-TrailerCam-250x132.jpg 250w, https:\/\/dogpride.nl\/wp-content\/uploads\/Specificaties-TrailerCam-400x210.jpg 400w, https:\/\/dogpride.nl\/wp-content\/uploads\/Specificaties-TrailerCam-300x158.jpg 300w, https:\/\/dogpride.nl\/wp-content\/uploads\/Specificaties-TrailerCam-1024x539.jpg 1024w, https:\/\/dogpride.nl\/wp-content\/uploads\/Specificaties-TrailerCam-768x404.jpg 768w, https:\/\/dogpride.nl\/wp-content\/uploads\/Specificaties-TrailerCam-200x105.jpg 200w, https:\/\/dogpride.nl\/wp-content\/uploads\/Specificaties-TrailerCam-600x316.jpg 600w, https:\/\/dogpride.nl\/wp-content\/uploads\/Specificaties-TrailerCam-800x421.jpg 800w\" sizes=\"auto, (max-width: 1087px) 100vw, 1087px\" \/><\/p>","protected":false},"excerpt":{"rendered":"<p>Mit dieser TrailerCam HD k\u00f6nnen Sie Ihre Hunde im Hundeanh\u00e4nger oder im Laderaum des Busses w\u00e4hrend der Fahrt im Auge behalten.<\/p>","protected":false},"featured_media":106841,"template":"","meta":[],"product_brand":[],"product_cat":[5920,2936,1292],"product_tag":[6011,6012],"class_list":{"0":"post-106840","1":"product","2":"type-product","3":"status-publish","4":"has-post-thumbnail","6":"product_cat-metbox-aanhangwagens","7":"product_cat-gla-wel-hondenaanhangers","8":"product_cat-schmidt-hondenaanhangers","9":"product_tag-luda-farm","10":"product_tag-trailercam-hd","12":"first","13":"instock","14":"taxable","15":"shipping-taxable","16":"purchasable","17":"product-type-simple"},"mb":[],"mfb_rest_fields":["title"],"_links":{"self":[{"href":"https:\/\/dogpride.nl\/de\/wp-json\/wp\/v2\/product\/106840","targetHints":{"allow":["GET"]}}],"collection":[{"href":"https:\/\/dogpride.nl\/de\/wp-json\/wp\/v2\/product"}],"about":[{"href":"https:\/\/dogpride.nl\/de\/wp-json\/wp\/v2\/types\/product"}],"wp:featuredmedia":[{"embeddable":true,"href":"https:\/\/dogpride.nl\/de\/wp-json\/wp\/v2\/media\/106841"}],"wp:attachment":[{"href":"https:\/\/dogpride.nl\/de\/wp-json\/wp\/v2\/media?parent=106840"}],"wp:term":[{"taxonomy":"product_brand","embeddable":true,"href":"https:\/\/dogpride.nl\/de\/wp-json\/wp\/v2\/product_brand?post=106840"},{"taxonomy":"product_cat","embeddable":true,"href":"https:\/\/dogpride.nl\/de\/wp-json\/wp\/v2\/product_cat?post=106840"},{"taxonomy":"product_tag","embeddable":true,"href":"https:\/\/dogpride.nl\/de\/wp-json\/wp\/v2\/product_tag?post=106840"}],"curies":[{"name":"wp","href":"https:\/\/api.w.org\/{rel}","templated":true}]}}