{"id":106255,"date":"2023-04-21T10:01:44","date_gmt":"2023-04-21T08:01:44","guid":{"rendered":"https:\/\/www.dogpride.nl\/?post_type=product&#038;p=106255"},"modified":"2025-12-03T14:26:52","modified_gmt":"2025-12-03T13:26:52","slug":"getxent-tube-in-a-bag","status":"publish","type":"product","link":"https:\/\/dogpride.nl\/de\/getxent-tube-in-a-bag\/","title":{"rendered":"GETXENT Tube in a bag"},"content":{"rendered":"<h4 class=\"txt-title-fichier\">GETXENT Tube in a bag<\/h4>\n<p class=\"txt-title-fichier\"><span class=\"\">GETXENT Tube in a bag &#8211; trainingsmiddel voor speurhonden<\/span><\/p>\n<h4>Der Getxent-Schlauch ist ein einzigartiges Trainingsger\u00e4t, das alle von einem Zielgeruch abgegebenen Molek\u00fcle absorbiert.<\/h4>\n<p>Mit diesem Produkt k\u00f6nnen Hunde sicher darauf trainiert werden, alles zu erkennen, was einen Geruch hat, auch an \u00f6ffentlichen Orten.<\/p>\n<h4>Getxent, eine einzigartige und patentierte Technologie f\u00fcr Sp\u00fcrhunde (K9).<\/h4>\n<p>Getxent ist das einzige Trainingsger\u00e4t auf dem Markt, mit dem Sie Ihren Sp\u00fcrhund sicher trainieren k\u00f6nnen. Die Getxent-R\u00f6hre absorbiert alle vom Zielduft abgegebenen Molek\u00fcle.<br \/>\nMit diesem Produkt kann dem Hund beigebracht werden, alles zu erkennen, was einen Geruch hat, auch an einem \u00f6ffentlichen Ort.<\/p>\n<p>Diese patentierte Technologie basiert auf einem innovativen Polymer, das in der Lage ist, alle Molek\u00fcle einzufangen, aus denen ein Duft besteht.<br \/>\nSobald die Molek\u00fcle eingefangen sind, werden sie bis zu 6 Monate lang zuverl\u00e4ssig aus dem Getxent-R\u00f6hrchen freigesetzt.<\/p>\n<p>Getxent-R\u00f6hren sind alle identisch, geruchlos und k\u00f6nnen mit Ihrer Duftquelle impr\u00e4gniert werden.<br \/>\nDa nur die Zielgeruchsmolek\u00fcle eingefangen und freigesetzt werden, k\u00f6nnen mit Getxent impr\u00e4gnierte R\u00f6hrchen sicher f\u00fcr das Training an \u00f6ffentlichen Orten verwendet werden. Zum Beispiel auf Flugh\u00e4fen, Messen usw.<br \/>\nZe geven\u00a0exact dezelfde geur af als het echte materiaal \/ doellevend wezen zonder schadelijke middelen.<\/p>\n<p><span class=\"\">Getxent-R\u00f6hrchen werden bereits weltweit in den Bereichen Gesundheit, Umwelt und Verteidigung zur Diagnose von Krankheiten eingesetzt. Au\u00dferdem auf der Suche nach gef\u00e4hrdeten Arten, beim Aufsp\u00fcren von Sprengstoffen und vielem mehr.<\/span><\/p>\n<ul>\n<li><strong><span class=\"VIpgJd-yAWNEb-VIpgJd-fmcmS-sn54Q\">Verwendbar f\u00fcr alle Arten von Nachweisen: Krankheiten (Krebs, Covid\u2026), Sprengstoffe, Drogen, Bettwanzen\u2026<\/span><\/strong><\/li>\n<\/ul>\n<h4><strong>Inhalt: <\/strong><\/h4>\n<ul>\n<li>pro Einheit<\/li>\n<li>10 buisjes<\/li>\n<li>50 buisjes<\/li>\n<\/ul>\n<p><a href=\"https:\/\/dogpride.nl\/de\/k9\/detectie\/detectie-geurstoffen\/getxent-trainingbuisjes\/\"><img loading=\"lazy\" decoding=\"async\" class=\"alignnone\" title=\"GETXENT Tube in a bag\" src=\"https:\/\/dogpride.nl\/wp-content\/uploads\/Getxent-Tube-in-a-bag-2-150x150.jpg\" alt=\"Getxent Tube in a bag\" width=\"150\" height=\"150\" \/><\/a><\/p>\n<p><strong class=\"x-el x-el-span c2-5s c2-45 c2-3 c2-bb c2-1u c2-49 c2-bc\">Trainingshulpmiddelen voor detectiehonden<\/strong><\/p>\n<p>De gepatenteerde technologie (WO2018206808) van de Getxent-buis biedt een veilige en effectieve manier om detectiehonden te trainen onder echte omstandigheden. Deze buizen absorberen alle geurmoleculen van een doelgeur en geven deze nauwkeurig en continu af gedurende maximaal zes maanden, wat langdurige training mogelijk maakt. Omdat de buizen geurneutraal zijn en alleen de gevangen moleculen afgeven, kunnen ze veilig op openbare plaatsen worden gebruikt zonder schadelijke stoffen. De Getxent-buis (geurdetectiekits voor honden) wordt al in verschillende vakgebieden gebruikt voor hondengeleiderstraining, waaronder gezondheid, milieu en verdediging, voor ziektediagnose, soortdetectie, explosievendetectie en meer.<\/p>\n<p><strong class=\"x-el x-el-span c2-5s c2-45 c2-3 c2-bb c2-1u c2-49 c2-bc\">Technologie<\/strong><\/p>\n<p>Een unieke gepatenteerde technologie voor het vangen en loslaten van polymeergeur.<\/p>\n<p><strong class=\"x-el x-el-span c2-5s c2-45 c2-3 c2-bb c2-1u c2-49 c2-bc\">Belangrijkste kenmerken<\/strong><\/p>\n<ul>\n<li>Effectief voor het trainen van detectiehonden onder echte omstandigheden<\/li>\n<li>Absorbeert alle geurmoleculen uit een doelgeur<\/li>\n<li>Geeft gevangen moleculen nauwkeurig en continu af tot maximaal 6 maanden<\/li>\n<li>Geurneutraal en geeft alleen gevangen moleculen vrij, waardoor het veilig is voor gebruik in het openbaar<\/li>\n<li>Kan worden gebruikt om honden te trainen om een breed scala aan doelgeuren te detecteren<\/li>\n<li>Gepatenteerde technologie gebaseerd op een innovatief polymeer<\/li>\n<\/ul>\n<p><strong class=\"x-el x-el-span c2-5s c2-45 c2-3 c2-bb c2-1u c2-49 c2-bc\">Beschrijving<\/strong><\/p>\n<p>Blanco GETXENT Tube in a bag klaar om ge\u00efmpregneerd te worden met je gewenste geur<\/p>\n<p>Buisafmetingen: 8\u00d735 mm \/ 0,3\u00d71,4 inch.<\/p>\n<p>Buisgewicht: 0,93 g \/ 0,002 lbs<\/p>\n<p>Houdbaarheid: 36 maanden<\/p>\n<p><img loading=\"lazy\" decoding=\"async\" class=\"alignnone\" title=\"GETXENT Tube in a bag\" src=\"https:\/\/dogpride.nl\/wp-content\/uploads\/Getxent-Tube-in-a-bag-3-150x150.jpg\" alt=\"Getxent Tube in a bag\" width=\"150\" height=\"150\" \/><\/p>\n<p><strong class=\"x-el x-el-span c2-5s c2-45 c2-3 c2-bb c2-1u c2-49 c2-bc\">Toepassingen<\/strong><\/p>\n<p><strong class=\"x-el x-el-span c2-5s c2-45 c2-3 c2-bb c2-1u c2-49 c2-bc\">Gezondheid<\/strong><\/p>\n<p>De GETXENT Tube in a bag is een uniek trainingshulpmiddel waarmee honden ziekten kunnen opsporen. Ons nieuwe materiaal absorbeert alle moleculen die veilig met een ziekte te maken hebben, hetzij uit vloeistof (bijv. urine) of gas (bijv. adem). Daarbovenop wordt de Getxent-buis ook gebruikt om vluchtige organische verbindingen (VOC) te analyseren met gaschromatografie \u2013 massaspectrometrie (GC-MS). Al gebruikt om <strong class=\"x-el x-el-span c2-5s c2-45 c2-3 c2-bb c2-1u c2-49 c2-bc\">COVID-19, C. difficile, kanker, infectieziekten<\/strong><strong class=\"x-el x-el-span c2-5s c2-45 c2-3 c2-bb c2-1u c2-49 c2-bc\">, enzovoort<\/strong>\u00a0op te sporen.<\/p>\n<p><strong class=\"x-el x-el-span c2-5s c2-45 c2-3 c2-bb c2-1u c2-49 c2-bc\">Milieu<\/strong><\/p>\n<p>De GETXENT Tube in a bag vertegenwoordigt een baanbrekende innovatie om honden te trainen bij het opsporen van bedreigde dieren, invasieve soorten en planten. De GETXENT Tube in a bag geeft de mogelijkheid om de geuren gedurende meerdere maanden op te slaan. Al gebruikt om <strong class=\"x-el x-el-span c2-5s c2-45 c2-3 c2-bb c2-1u c2-49 c2-bc\">bedwantsen, schildpadnest, vuil broed, virussen, enzovoort<\/strong>\u00a0te detecteren.<\/p>\n<p><strong class=\"x-el x-el-span c2-5s c2-45 c2-3 c2-bb c2-1u c2-49 c2-bc\">Verdediging<\/strong><br \/>\nIn staat om elke doelgeur te absorberen zonder schadelijke stoffen, is de Getxent-buis ideaal voor gebruik in openbare ruimtes (luchthavens, treinen, enz.). Dit voordeel maakt de Getxent-buis een uiterst effici\u00ebnt hulpmiddel voor detectiehonden. Door de impregnatietijd te verhogen, maakt de GETXENT Tube in a bag het mogelijk om grote hoeveelheden echt materiaal te reproduceren. Al gebruikt om <strong class=\"x-el x-el-span c2-5s c2-45 c2-3 c2-bb c2-1u c2-49 c2-bc\">explosieven, biologische agentia, elektronische apparaten, enzovoort<\/strong>\u00a0te detecteren.<\/p>\n<p><strong class=\"x-el x-el-span c2-5s c2-45 c2-3 c2-bb c2-1u c2-49 c2-bc\">Forensisch<\/strong><\/p>\n<p>Odorologie is de wetenschap van het gebruik van geuren en geuren als bewijs om te helpen bij strafrechtelijke onderzoeken. Geuranalyse kan ook worden ingezet om verdachten aan een plaats delict te koppelen of om de aanwezigheid van specifieke chemicali\u00ebn die bij een misdrijf horen (explosieven of drugs) vast te stellen. Brandstichtingsonderzoeken kunnen profiteren van de analyse van brandversnellers, omdat verschillende stoffen kenmerkende geuren achterlaten die kunnen helpen bij het vaststellen van de aard en oorsprong van een brand. Dankzij de hoge capaciteit om geuren op te vangen, zijn GETXENT Tube in a bag een essentieel hulpmiddel om VOS&#8217;en op een plaats delict op te vangen. Al gebruikt om <strong class=\"x-el x-el-span c2-5s c2-45 c2-3 c2-bb c2-1u c2-49 c2-bc\">brandversnellers te detecteren, enzovoort.<\/strong><\/p>\n<p>&nbsp;<\/p>\n<p><a href=\"https:\/\/getxent.com\/?srsltid=AfmBOorjM8GHC4bgRqfJB8qpvMPZMqHrytsSU-agcU1BzLet6rfYuGxg\" target=\"_blank\" rel=\"noopener\"><img loading=\"lazy\" decoding=\"async\" class=\"alignnone wp-image-147162 size-full\" title=\"GETXENT Tube in a bag\" src=\"https:\/\/dogpride.nl\/wp-content\/uploads\/Logo-10.jpg\" alt=\"GETXENT Tube in a bag\" width=\"182\" height=\"50\" srcset=\"https:\/\/dogpride.nl\/wp-content\/uploads\/Logo-10.jpg 182w, https:\/\/dogpride.nl\/wp-content\/uploads\/Logo-10-18x5.jpg 18w\" sizes=\"auto, (max-width: 182px) 100vw, 182px\" \/><\/a><\/p>","protected":false},"excerpt":{"rendered":"<p>Der Getxent-Schlauch ist ein einzigartiges Trainingsger\u00e4t, das alle von einem Zielgeruch abgegebenen Molek\u00fcle absorbiert. Die Getxent-R\u00f6hre absorbiert alle vom Zielduft abgegebenen Molek\u00fcle.<\/p>","protected":false},"featured_media":106256,"template":"","meta":[],"product_brand":[],"product_cat":[4024],"product_tag":[16673,5948,5947,3275,3278,16672,4895,16664,16663,16667,16671,16668,16654,5946,16669,16665,16670,5945,16666,5949],"class_list":{"0":"post-106255","1":"product","2":"type-product","3":"status-publish","4":"has-post-thumbnail","6":"product_cat-getxent-trainingbuisjes","7":"product_tag-air-sampling-tube","8":"product_tag-bedwantsen","9":"product_tag-covid","10":"product_tag-drugs","11":"product_tag-explosieven","12":"product_tag-forensische-geurverzameling","13":"product_tag-getxent","14":"product_tag-getxent-tube-geurcollectie","15":"product_tag-getxent-tube-in-a-bag","16":"product_tag-geurabsorptie-getxent","17":"product_tag-geurdrager-in-zak","18":"product_tag-geurmonster-verzamelen","19":"product_tag-k9-scent-collection-tools","20":"product_tag-kanker","21":"product_tag-professionele-geurcollectie","22":"product_tag-remote-scent-collection-tube","23":"product_tag-scent-collection-bag","24":"product_tag-tube-in-a-bag","25":"product_tag-voc-detectie-tube","26":"product_tag-ziekte","27":"product_shipping_class-groot-pakket","29":"first","30":"instock","31":"taxable","32":"shipping-taxable","33":"purchasable","34":"product-type-variable"},"mb":[],"mfb_rest_fields":["title"],"_links":{"self":[{"href":"https:\/\/dogpride.nl\/de\/wp-json\/wp\/v2\/product\/106255","targetHints":{"allow":["GET"]}}],"collection":[{"href":"https:\/\/dogpride.nl\/de\/wp-json\/wp\/v2\/product"}],"about":[{"href":"https:\/\/dogpride.nl\/de\/wp-json\/wp\/v2\/types\/product"}],"wp:featuredmedia":[{"embeddable":true,"href":"https:\/\/dogpride.nl\/de\/wp-json\/wp\/v2\/media\/106256"}],"wp:attachment":[{"href":"https:\/\/dogpride.nl\/de\/wp-json\/wp\/v2\/media?parent=106255"}],"wp:term":[{"taxonomy":"product_brand","embeddable":true,"href":"https:\/\/dogpride.nl\/de\/wp-json\/wp\/v2\/product_brand?post=106255"},{"taxonomy":"product_cat","embeddable":true,"href":"https:\/\/dogpride.nl\/de\/wp-json\/wp\/v2\/product_cat?post=106255"},{"taxonomy":"product_tag","embeddable":true,"href":"https:\/\/dogpride.nl\/de\/wp-json\/wp\/v2\/product_tag?post=106255"}],"curies":[{"name":"wp","href":"https:\/\/api.w.org\/{rel}","templated":true}]}}