{"id":106083,"date":"2023-03-27T11:10:31","date_gmt":"2023-03-27T09:10:31","guid":{"rendered":"https:\/\/www.dogpride.nl\/?post_type=product&#038;p=106083"},"modified":"2023-03-27T11:21:27","modified_gmt":"2023-03-27T09:21:27","slug":"metbox-3-vaks-aanhanger-sport","status":"publish","type":"product","link":"https:\/\/dogpride.nl\/de\/metbox-3-vaks-aanhanger-sport\/","title":{"rendered":"METBOX 3-Abteil-Anh\u00e4nger Sport"},"content":{"rendered":"<h1>METBOX 3-Abteil-Anh\u00e4nger Sport<\/h1>\n<p>METBOX 3-Abteil-Anh\u00e4nger Sport<\/p>\n<p>Dieses Modell ist eine ausgezeichnete Einstiegsoption f\u00fcr alle, die gerade erst mit dem Hundesportabenteuer beginnen und die Vorteile eines eigenen Anh\u00e4ngers erleben m\u00f6chten.<br \/>\nEs ist das kosteng\u00fcnstigste Anh\u00e4ngerdesign aus dem Angebot von Metbox, ohne jedoch auf den Komfort und die Sicherheit Ihrer Hunde zu verzichten.<\/p>\n<h3>Standardoptionen:<\/h3>\n<div class=\"elementor-column elementor-col-50 elementor-top-column elementor-element elementor-element-f67123f\" data-id=\"f67123f\" data-element_type=\"column\">\n<div class=\"elementor-widget-wrap elementor-element-populated\">\n<div class=\"elementor-element elementor-element-c7ccacb elementor-align-left elementor-icon-list--layout-traditional elementor-list-item-link-full_width elementor-widget elementor-widget-icon-list\" data-id=\"c7ccacb\" data-element_type=\"widget\" data-widget_type=\"icon-list.default\">\n<div class=\"elementor-widget-container\">\n<ul class=\"elementor-icon-list-items\">\n<li class=\"elementor-icon-list-item\"><i class=\"fas fa-check\" aria-hidden=\"true\"><\/i><span class=\"elementor-icon-list-text\">Achsen der deutschen Firma KNOTT<\/span><\/li>\n<li class=\"elementor-icon-list-item\"><i class=\"fas fa-check\" aria-hidden=\"true\"><\/i>14\u2033 ALU-Felgen<\/li>\n<li class=\"elementor-icon-list-item\"><i class=\"fas fa-check\" aria-hidden=\"true\"><\/i><span class=\"elementor-icon-list-text\">PVC-Kotfl\u00fcgel<\/span><\/li>\n<li class=\"elementor-icon-list-item\"><i class=\"fas fa-check\" aria-hidden=\"true\"><\/i><span class=\"elementor-icon-list-text\">St\u00fctzrahmen aus verzinktem Stahl<\/span><\/li>\n<li class=\"elementor-icon-list-item\"><i class=\"fas fa-check\" aria-hidden=\"true\"><\/i><span class=\"elementor-icon-list-text\">Silber eloxierter Rahmen<\/span><\/li>\n<li class=\"elementor-icon-list-item\"><i class=\"fas fa-check\" aria-hidden=\"true\"><\/i><span class=\"elementor-icon-list-text\">25 mm wei\u00dfe, w\u00e4rmeisolierte Paneele<\/span><\/li>\n<li class=\"elementor-icon-list-item\"><i class=\"fas fa-check\" aria-hidden=\"true\"><\/i><span class=\"elementor-icon-list-text\">St\u00fctzrad<\/span><\/li>\n<li class=\"elementor-icon-list-item\"><i class=\"fas fa-check\" aria-hidden=\"true\"><\/i><span class=\"elementor-icon-list-text\">Zwei 12-V-Ventilatoren, angetrieben von einem Thermostat (234 m3\/h)<\/span><\/li>\n<li class=\"elementor-icon-list-item\"><i class=\"fas fa-check\" aria-hidden=\"true\"><\/i><span class=\"elementor-icon-list-text\">Entl\u00fcftungsventilator<\/span><\/li>\n<li class=\"elementor-icon-list-item\"><i class=\"fas fa-check\" aria-hidden=\"true\"><\/i><span class=\"elementor-icon-list-text\">Lufteinl\u00e4sse aus Edelstahl<\/span><\/li>\n<li class=\"elementor-icon-list-item\"><i class=\"fas fa-check\" aria-hidden=\"true\"><\/i><span class=\"elementor-icon-list-text\">Au\u00dfent\u00fcr mit Edelstahlschloss, abschlie\u00dfbar mit Schl\u00fcssel<\/span><\/li>\n<li class=\"elementor-icon-list-item\"><i class=\"fas fa-check\" aria-hidden=\"true\"><\/i><span class=\"elementor-icon-list-text\">Innenliegende Aluminiumkisten mit Edelstahlschloss, abschlie\u00dfbar mit Schl\u00fcssel<\/span><\/li>\n<li class=\"elementor-icon-list-item\"><i class=\"fas fa-check\" aria-hidden=\"true\"><\/i><span class=\"elementor-icon-list-text\">13-polige Verkabelung<\/span><\/li>\n<li class=\"elementor-icon-list-item\"><i class=\"fas fa-check\" aria-hidden=\"true\"><\/i><span class=\"elementor-icon-list-text\">LED-Beleuchtung hinten<\/span><\/li>\n<\/ul>\n<\/div>\n<\/div>\n<\/div>\n<\/div>\n<div class=\"elementor-column elementor-col-50 elementor-top-column elementor-element elementor-element-9fe4b10\" data-id=\"9fe4b10\" data-element_type=\"column\">\n<div class=\"elementor-widget-wrap elementor-element-populated\">\n<div class=\"elementor-element elementor-element-c213094 elementor-widget elementor-widget-heading\" data-id=\"c213094\" data-element_type=\"widget\" data-widget_type=\"heading.default\">\n<div class=\"elementor-widget-container\">\n<h3 class=\"elementor-heading-title elementor-size-default\">Zus\u00e4tzliche Optionen:<\/h3>\n<\/div>\n<\/div>\n<div class=\"elementor-element elementor-element-d90d1b3 elementor-align-left elementor-icon-list--layout-traditional elementor-list-item-link-full_width elementor-widget elementor-widget-icon-list\" data-id=\"d90d1b3\" data-element_type=\"widget\" data-widget_type=\"icon-list.default\">\n<div class=\"elementor-widget-container\">\n<ul class=\"elementor-icon-list-items\">\n<li class=\"elementor-icon-list-item\"><i class=\"fas fa-check\" aria-hidden=\"true\"><\/i><span class=\"elementor-icon-list-text\">LED-Innenbeleuchtung<\/span><\/li>\n<li class=\"elementor-icon-list-item\"><i class=\"fas fa-check\" aria-hidden=\"true\"><\/i><span class=\"elementor-icon-list-text\">20\u00b0 \u00e4u\u00dfere T\u00fcrschl\u00f6sserfelgen<\/span><\/li>\n<li class=\"elementor-icon-list-item\"><i class=\"fas fa-check\" aria-hidden=\"true\"><\/i><span class=\"elementor-icon-list-text\">Aufbewahrungsbox f\u00fcr Zubeh\u00f6r<\/span><\/li>\n<li class=\"elementor-icon-list-item\"><i class=\"fas fa-check\" aria-hidden=\"true\"><\/i><span class=\"elementor-icon-list-text\">14-Zoll-Leichtmetallfelgen<\/span><\/li>\n<li class=\"elementor-icon-list-item\"><i class=\"fas fa-check\" aria-hidden=\"true\"><\/i><span class=\"elementor-icon-list-text\">Holzbretter in Kisten<\/span><\/li>\n<li class=\"elementor-icon-list-item\"><i class=\"fas fa-check\" aria-hidden=\"true\"><\/i><span class=\"elementor-icon-list-text\">Thermostat<\/span><i class=\"fas fa-check\" aria-hidden=\"true\"><\/i><\/li>\n<\/ul>\n<p>Die Optionen k\u00f6nnen variieren.<\/p>\n<p>Standardm\u00e4\u00dfig in den folgenden Farben erh\u00e4ltlich: Schwarz\/Wei\u00df, Wei\u00df\/Schwarz. Auch in Ihrer Wunschfarbe erh\u00e4ltlich.<\/p>\n<p>Dieser 3-Abteil-Anh\u00e4nger ist h\u00e4ufig ab Lager lieferbar.<\/p>\n<p><strong>PREIS UND LIEFERZEIT AUF ANFRAGE!!<\/strong><\/p>\n<p>Kontaktdaten: E-Mail: info@dogpride.nl Tel: +31315655930 \/ +31638147051<\/p>\n<\/div>\n<\/div>\n<\/div>\n<\/div>","protected":false},"excerpt":{"rendered":"<p>Dieses Modell ist eine ausgezeichnete Einstiegsoption f\u00fcr alle, die gerade erst mit dem Hundesportabenteuer beginnen und die Vorteile eines eigenen Anh\u00e4ngers erleben m\u00f6chten. Es handelt sich um das kosteng\u00fcnstigste Anh\u00e4ngerdesign im Angebot von Metbox.<\/p>","protected":false},"featured_media":106084,"template":"","meta":[],"product_brand":[],"product_cat":[5920],"product_tag":[5928,5923,5930,5927,5929,5921,3161],"class_list":{"0":"post-106083","1":"product","2":"type-product","3":"status-publish","4":"has-post-thumbnail","6":"product_cat-metbox-aanhangwagens","7":"product_tag-3-vaks","8":"product_tag-aanhanger","9":"product_tag-aanhangwagen","10":"product_tag-hondensportaanhanger","11":"product_tag-hondensportaanhangwagen","12":"product_tag-metbox","13":"product_tag-sport","15":"first","16":"instock","17":"taxable","18":"shipping-taxable","19":"product-type-simple"},"mb":[],"mfb_rest_fields":["title"],"_links":{"self":[{"href":"https:\/\/dogpride.nl\/de\/wp-json\/wp\/v2\/product\/106083","targetHints":{"allow":["GET"]}}],"collection":[{"href":"https:\/\/dogpride.nl\/de\/wp-json\/wp\/v2\/product"}],"about":[{"href":"https:\/\/dogpride.nl\/de\/wp-json\/wp\/v2\/types\/product"}],"wp:featuredmedia":[{"embeddable":true,"href":"https:\/\/dogpride.nl\/de\/wp-json\/wp\/v2\/media\/106084"}],"wp:attachment":[{"href":"https:\/\/dogpride.nl\/de\/wp-json\/wp\/v2\/media?parent=106083"}],"wp:term":[{"taxonomy":"product_brand","embeddable":true,"href":"https:\/\/dogpride.nl\/de\/wp-json\/wp\/v2\/product_brand?post=106083"},{"taxonomy":"product_cat","embeddable":true,"href":"https:\/\/dogpride.nl\/de\/wp-json\/wp\/v2\/product_cat?post=106083"},{"taxonomy":"product_tag","embeddable":true,"href":"https:\/\/dogpride.nl\/de\/wp-json\/wp\/v2\/product_tag?post=106083"}],"curies":[{"name":"wp","href":"https:\/\/api.w.org\/{rel}","templated":true}]}}