{"id":106079,"date":"2023-03-27T11:00:17","date_gmt":"2023-03-27T09:00:17","guid":{"rendered":"https:\/\/www.dogpride.nl\/?post_type=product&#038;p=106079"},"modified":"2024-11-19T16:29:48","modified_gmt":"2024-11-19T15:29:48","slug":"metbox-4-vaks-aanhanger-sport","status":"publish","type":"product","link":"https:\/\/dogpride.nl\/de\/metbox-4-vaks-aanhanger-sport\/","title":{"rendered":"METBOX 4-Abteil-Anh\u00e4nger Sport"},"content":{"rendered":"<h1>METBOX 4-Abteil-Anh\u00e4nger Sport<\/h1>\n<p>METBOX 4-Abteil-Anh\u00e4nger Sport<\/p>\n<p>Das Modell SPORT ist die optimale L\u00f6sung f\u00fcr den Transport von Hunden zum Training oder Wettkampf sowie auf l\u00e4ngeren Reisen. Er leistet in der Stadt genauso gute Dienste wie im Gel\u00e4nde.<br \/>\nIntelligente, vielseitige Aufbewahrungsl\u00f6sungen bieten unglaubliche Kapazit\u00e4t und praktische M\u00f6glichkeiten zur Aufbewahrung Ihres Zubeh\u00f6rs und Ihrer Ausr\u00fcstung.<br \/>\nDer Metbox SPORT-Anh\u00e4nger hat ein einzigartiges Design und unterscheidet sich von den anderen derzeit auf dem Markt erh\u00e4ltlichen Hundeanh\u00e4ngern. Wenn Sie sich f\u00fcr Metbox entscheiden, kaufen Sie Funktionalit\u00e4t und Komfort f\u00fcr Ihre wertvollen Hunde.<br \/>\nEntdecken Sie den Umfang an Individualisierungsm\u00f6glichkeiten, die wir anbieten, um Ihren Anh\u00e4nger speziell auf Sie und die Bed\u00fcrfnisse Ihres Hundes zuzuschneiden.<\/p>\n<h3>Standardoptionen:<\/h3>\n<div class=\"elementor-column elementor-col-50 elementor-top-column elementor-element elementor-element-688b66f\" data-id=\"688b66f\" data-element_type=\"column\">\n<div class=\"elementor-widget-wrap elementor-element-populated\">\n<div class=\"elementor-element elementor-element-fb33094 elementor-widget elementor-widget-heading\" data-id=\"fb33094\" data-element_type=\"widget\" data-widget_type=\"heading.default\"><\/div>\n<div class=\"elementor-element elementor-element-7d0056b elementor-icon-list--layout-traditional elementor-list-item-link-full_width elementor-widget elementor-widget-icon-list\" data-id=\"7d0056b\" data-element_type=\"widget\" data-widget_type=\"icon-list.default\">\n<div class=\"elementor-widget-container\">\n<ul class=\"elementor-icon-list-items\">\n<li class=\"elementor-icon-list-item\"><i class=\"fas fa-check\" aria-hidden=\"true\"><\/i><span class=\"elementor-icon-list-text\">Achse der deutschen Firma KNOTT<\/span><\/li>\n<li class=\"elementor-icon-list-item\"><i class=\"fas fa-check\" aria-hidden=\"true\"><\/i>14\u2033 ALU-Felgen<\/li>\n<li class=\"elementor-icon-list-item\"><i class=\"fas fa-check\" aria-hidden=\"true\"><\/i><span class=\"elementor-icon-list-text\">Kotfl\u00fcgel aus schwarzem Aluminium-PVC<\/span><\/li>\n<li class=\"elementor-icon-list-item\"><i class=\"fas fa-check\" aria-hidden=\"true\"><\/i><span class=\"elementor-icon-list-text\">St\u00fctzrahmen aus verzinktem Stahl<\/span><\/li>\n<li class=\"elementor-icon-list-item\"><i class=\"fas fa-check\" aria-hidden=\"true\"><\/i><span class=\"elementor-icon-list-text\">Schwarz eloxierter Rahmen<\/span><\/li>\n<li class=\"elementor-icon-list-item\"><i class=\"fas fa-check\" aria-hidden=\"true\"><\/i><span class=\"elementor-icon-list-text\">25 mm wei\u00dfe, w\u00e4rmeisolierte Paneele<\/span><\/li>\n<li class=\"elementor-icon-list-item\"><i class=\"fas fa-check\" aria-hidden=\"true\"><\/i><span class=\"elementor-icon-list-text\">St\u00fctzrad<\/span><\/li>\n<li class=\"elementor-icon-list-item\"><i class=\"fas fa-check\" aria-hidden=\"true\"><\/i><span class=\"elementor-icon-list-text\">Zwei 12-V-Ventilatoren, angetrieben von einem Thermostat (234 m3\/h)<\/span><\/li>\n<li class=\"elementor-icon-list-item\"><i class=\"fas fa-check\" aria-hidden=\"true\"><\/i><span class=\"elementor-icon-list-text\">Ein Entl\u00fcftungsventilator<\/span><\/li>\n<li class=\"elementor-icon-list-item\"><i class=\"fas fa-check\" aria-hidden=\"true\"><\/i><span class=\"elementor-icon-list-text\">Lufteinl\u00e4sse aus Edelstahl<\/span><\/li>\n<li class=\"elementor-icon-list-item\"><i class=\"fas fa-check\" aria-hidden=\"true\"><\/i><span class=\"elementor-icon-list-text\">Au\u00dfent\u00fcr mit Schl\u00fcsselschloss aus Edelstahl<\/span><\/li>\n<li class=\"elementor-icon-list-item\"><i class=\"fas fa-check\" aria-hidden=\"true\"><\/i><span class=\"elementor-icon-list-text\">T\u00fcrantriebe<\/span><\/li>\n<li class=\"elementor-icon-list-item\"><i class=\"fas fa-check\" aria-hidden=\"true\"><\/i><span class=\"elementor-icon-list-text\">Interne Aluminiumkisten mit einem Schl\u00fcsselschloss aus Edelstahl<\/span><\/li>\n<li class=\"elementor-icon-list-item\"><i class=\"fas fa-check\" aria-hidden=\"true\"><\/i><span class=\"elementor-icon-list-text\">13-polige Verkabelung<\/span><\/li>\n<li class=\"elementor-icon-list-item\"><i class=\"fas fa-check\" aria-hidden=\"true\"><\/i><span class=\"elementor-icon-list-text\">LED-Beleuchtung hinten<\/span><\/li>\n<li class=\"elementor-icon-list-item\"><i class=\"fas fa-check\" aria-hidden=\"true\"><\/i><span class=\"elementor-icon-list-text\">Bremslicht<\/span><\/li>\n<li class=\"elementor-icon-list-item\"><i class=\"fas fa-check\" aria-hidden=\"true\"><\/i><span class=\"elementor-icon-list-text\">Vordere Aufbewahrungsbox mit Schloss<\/span><\/li>\n<li class=\"elementor-icon-list-item\"><i class=\"fas fa-check\" aria-hidden=\"true\"><\/i><span class=\"elementor-icon-list-text\">Aluminium-SPORTdach zum \u00d6ffnen, pulverbeschichtet in RAL<\/span><\/li>\n<li class=\"elementor-icon-list-item\"><i class=\"fas fa-check\" aria-hidden=\"true\"><\/i><span class=\"elementor-icon-list-text\">interne Entw\u00e4sserungsl\u00f6cher,<\/span><\/li>\n<li class=\"elementor-icon-list-item\"><i class=\"fas fa-check\" aria-hidden=\"true\"><\/i><span class=\"elementor-icon-list-text\">Griffe<\/span><\/li>\n<\/ul>\n<\/div>\n<\/div>\n<\/div>\n<\/div>\n<div class=\"elementor-column elementor-col-50 elementor-top-column elementor-element elementor-element-a6e3566\" data-id=\"a6e3566\" data-element_type=\"column\">\n<div class=\"elementor-widget-wrap elementor-element-populated\">\n<div class=\"elementor-element elementor-element-d8735a4 elementor-widget elementor-widget-heading\" data-id=\"d8735a4\" data-element_type=\"widget\" data-widget_type=\"heading.default\">\n<div class=\"elementor-widget-container\">\n<h3 class=\"elementor-heading-title elementor-size-default\">Zus\u00e4tzliche Optionen:<\/h3>\n<\/div>\n<\/div>\n<div class=\"elementor-element elementor-element-3eaeae0 elementor-icon-list--layout-traditional elementor-list-item-link-full_width elementor-widget elementor-widget-icon-list\" data-id=\"3eaeae0\" data-element_type=\"widget\" data-widget_type=\"icon-list.default\">\n<div class=\"elementor-widget-container\">\n<ul class=\"elementor-icon-list-items\">\n<li class=\"elementor-icon-list-item\"><i class=\"fas fa-check\" aria-hidden=\"true\"><\/i><span class=\"elementor-icon-list-text\">Remas der deutschen Firma KNOTT<\/span><\/li>\n<li class=\"elementor-icon-list-item\"><i class=\"fas fa-check\" aria-hidden=\"true\"><\/i><span class=\"elementor-icon-list-text\">Zweifarbiges Dach (in der Mitte verlaufender Streifen)<\/span><\/li>\n<li class=\"elementor-icon-list-item\"><i class=\"fas fa-check\" aria-hidden=\"true\"><\/i><span class=\"elementor-icon-list-text\">Sto\u00dfstange aus Aluminium<\/span><\/li>\n<li class=\"elementor-icon-list-item\"><i class=\"fas fa-check\" aria-hidden=\"true\"><\/i><span class=\"elementor-icon-list-text\">14-Zoll-Leichtmetallfelgen<\/span><\/li>\n<li class=\"elementor-icon-list-item\"><i class=\"fas fa-check\" aria-hidden=\"true\"><\/i><span class=\"elementor-icon-list-text\">Holzbretter in Kisten<\/span><\/li>\n<li class=\"elementor-icon-list-item\"><i class=\"fas fa-check\" aria-hidden=\"true\"><\/i><span class=\"elementor-icon-list-text\">Heizmatten f\u00fcr Kisten mit Thermostat<\/span><\/li>\n<li class=\"elementor-icon-list-item\"><i class=\"fas fa-check\" aria-hidden=\"true\"><\/i><span class=\"elementor-icon-list-text\">Teil- oder Vollfurnier<\/span><\/li>\n<li class=\"elementor-icon-list-item\"><i class=\"fas fa-check\" aria-hidden=\"true\"><\/i><span class=\"elementor-icon-list-text\">Sonnenkollektoren mit Ladeger\u00e4t<\/span><\/li>\n<li class=\"elementor-icon-list-item\"><i class=\"fas fa-check\" aria-hidden=\"true\"><\/i><span class=\"elementor-icon-list-text\">V-f\u00f6rmige Anh\u00e4ngerkupplung<\/span><\/li>\n<li class=\"elementor-icon-list-item\"><i class=\"fas fa-check\" aria-hidden=\"true\"><\/i><span class=\"elementor-icon-list-text\">Wassertank mit Pumpe<\/span><\/li>\n<li class=\"elementor-icon-list-item\"><i class=\"fas fa-check\" aria-hidden=\"true\"><\/i><span class=\"elementor-icon-list-text\">Fahrradtr\u00e4ger f\u00fcr V-f\u00f6rmige Deichsel<\/span><\/li>\n<li class=\"elementor-icon-list-item\"><i class=\"fas fa-check\" aria-hidden=\"true\"><\/i><span class=\"elementor-icon-list-text\">Regenrinne<\/span><\/li>\n<li class=\"elementor-icon-list-item\"><i class=\"fas fa-check\" aria-hidden=\"true\"><\/i><span class=\"elementor-icon-list-text\">Sto\u00dfd\u00e4mpfer<\/span><\/li>\n<li class=\"elementor-icon-list-item\"><i class=\"fas fa-check\" aria-hidden=\"true\"><\/i><span class=\"elementor-icon-list-text\">Begrenzungsleuchten hinten<\/span><\/li>\n<li class=\"elementor-icon-list-item\"><i class=\"fas fa-check\" aria-hidden=\"true\"><\/i><span class=\"elementor-icon-list-text\">Diamantplattenschwellen<\/span><\/li>\n<li class=\"elementor-icon-list-item\"><i class=\"fas fa-check\" aria-hidden=\"true\"><\/i><span class=\"elementor-icon-list-text\">G\u00fcrtelhalter unter dem Dach montiert<\/span><\/li>\n<li class=\"elementor-icon-list-item\"><i class=\"fas fa-check\" aria-hidden=\"true\"><\/i><span class=\"elementor-icon-list-text\">CAN-Bus-System<\/span><\/li>\n<li class=\"elementor-icon-list-item\"><i class=\"fas fa-check\" aria-hidden=\"true\"><\/i><span class=\"elementor-icon-list-text\">Ersatzrad<\/span><\/li>\n<li class=\"elementor-icon-list-item\"><i class=\"fas fa-check\" aria-hidden=\"true\"><\/i><span class=\"elementor-icon-list-text\">Klimaanlage<\/span><\/li>\n<\/ul>\n<\/div>\n<\/div>\n<\/div>\n<\/div>\n<p>Die Optionen k\u00f6nnen variieren.<\/p>\n<p>Standardm\u00e4\u00dfig in den Farben Schwarz\/Wei\u00df, Wei\u00df\/Silber erh\u00e4ltlich. Auch in Ihrer Wunschfarbe(n) erh\u00e4ltlich.<\/p>\n<p>Dieser 4-Abteil-Anh\u00e4nger ist h\u00e4ufig ab Lager lieferbar.<\/p>\n<p><strong>PREIS UND LIEFERZEIT AUF ANFRAGE!!<\/strong><\/p>\n<p>Kontaktdaten: E-Mail: info@dogpride.nl Tel: +31315655930 \/ +31638147051<\/p>","protected":false},"excerpt":{"rendered":"<p>Das Modell SPORT ist die optimale L\u00f6sung f\u00fcr den Transport von Hunden zum Training oder Wettkampf sowie auf l\u00e4ngeren Reisen. Er leistet in der Stadt genauso gute Dienste wie im Gel\u00e4nde.<\/p>","protected":false},"featured_media":106080,"template":"","meta":[],"product_brand":[],"product_cat":[5920],"product_tag":[5925,5923,5927,5926,5921,3161],"class_list":{"0":"post-106079","1":"product","2":"type-product","3":"status-publish","4":"has-post-thumbnail","6":"product_cat-metbox-aanhangwagens","7":"product_tag-4-vaks","8":"product_tag-aanhanger","9":"product_tag-hondensportaanhanger","10":"product_tag-hondensportaanhanwagen","11":"product_tag-metbox","12":"product_tag-sport","14":"first","15":"instock","16":"taxable","17":"shipping-taxable","18":"product-type-simple"},"mb":[],"mfb_rest_fields":["title"],"_links":{"self":[{"href":"https:\/\/dogpride.nl\/de\/wp-json\/wp\/v2\/product\/106079","targetHints":{"allow":["GET"]}}],"collection":[{"href":"https:\/\/dogpride.nl\/de\/wp-json\/wp\/v2\/product"}],"about":[{"href":"https:\/\/dogpride.nl\/de\/wp-json\/wp\/v2\/types\/product"}],"wp:featuredmedia":[{"embeddable":true,"href":"https:\/\/dogpride.nl\/de\/wp-json\/wp\/v2\/media\/106080"}],"wp:attachment":[{"href":"https:\/\/dogpride.nl\/de\/wp-json\/wp\/v2\/media?parent=106079"}],"wp:term":[{"taxonomy":"product_brand","embeddable":true,"href":"https:\/\/dogpride.nl\/de\/wp-json\/wp\/v2\/product_brand?post=106079"},{"taxonomy":"product_cat","embeddable":true,"href":"https:\/\/dogpride.nl\/de\/wp-json\/wp\/v2\/product_cat?post=106079"},{"taxonomy":"product_tag","embeddable":true,"href":"https:\/\/dogpride.nl\/de\/wp-json\/wp\/v2\/product_tag?post=106079"}],"curies":[{"name":"wp","href":"https:\/\/api.w.org\/{rel}","templated":true}]}}