{"id":106075,"date":"2023-03-27T10:51:51","date_gmt":"2023-03-27T08:51:51","guid":{"rendered":"https:\/\/www.dogpride.nl\/?post_type=product&#038;p=106075"},"modified":"2023-03-27T11:11:03","modified_gmt":"2023-03-27T09:11:03","slug":"metbox-6-vaks-aanhanger-sport","status":"publish","type":"product","link":"https:\/\/dogpride.nl\/de\/metbox-6-vaks-aanhanger-sport\/","title":{"rendered":"METBOX 6-Abteil-Anh\u00e4nger Sport"},"content":{"rendered":"<h1>METBOX 6-Abteil-Anh\u00e4nger Sport<\/h1>\n<p>METBOX 6-Abteil-Anh\u00e4nger Sport<\/p>\n<p>Das SPORT-Modell ist f\u00fcr die leidenschaftlichsten Besitzer konzipiert, die viel Zeit mit Training und Rennen verbringen. Der SPORT-Anh\u00e4nger bietet die beste Funktionalit\u00e4t, um den Komfort mehrerer Hunde zu gew\u00e4hrleisten.<br \/>\nEin besonderes Merkmal dieses Anh\u00e4ngers ist die zweigeteilte Dachkonstruktion, die den sicheren Transport von Schlitten und Fahrr\u00e4dern erm\u00f6glicht.<br \/>\nDieser Metbox-Anh\u00e4nger ist hochgradig anpassbar und gibt jedem Kunden die M\u00f6glichkeit, einen hochgradig personalisierten Anh\u00e4nger zu erstellen, der alle Bed\u00fcrfnisse des Besitzers und der Hunde erf\u00fcllt.<\/p>\n<h3><strong>Standardoptionen:<\/strong><\/h3>\n<ul>\n<li>14\u2033 ALU-Felgen<\/li>\n<li>12V-Anschluss in der Deichsel<\/li>\n<li>2x LED-R\u00fcckfahrscheinwerfer an der Hecksto\u00dfstange<\/li>\n<li>1x digitale Thermostateinstellung<\/li>\n<li>Drittes Bremslicht<\/li>\n<li>2x elektrischer Ventilator<\/li>\n<li>hintere Sto\u00dfstange<\/li>\n<li>in den Kartons entsorgen<\/li>\n<li>abschlie\u00dfbare Au\u00dfent\u00fcren, Innent\u00fcren und Stauraum<\/li>\n<li><strong>gro\u00dfe Boxen 110 x 60 x 70 cm<\/strong><\/li>\n<li>Konturbeleuchtung f\u00fcr Kotfl\u00fcgel, Heck und Seiten<\/li>\n<li>Schweller \u00fcber den T\u00fcren<\/li>\n<li>Flaschenkasten \u00fcber die gesamte Breite<\/li>\n<li>Eigene Batterieversorgung<\/li>\n<li>Gasfedern an den Au\u00dfent\u00fcren<\/li>\n<li>Holzterrasse<\/li>\n<li>LED-Beleuchtung in den Boxen<\/li>\n<li>LED-Beleuchtung im Stauraum<\/li>\n<li>LED-Fahrlichter und Nummernschildbeleuchtung<\/li>\n<li>L\u00fcftungsschlitze in Seiten und T\u00fcren<\/li>\n<li>Bugrad mit Bremse<\/li>\n<li>Seitenreflektoren<\/li>\n<li>Solarpanel mit Laderegler<\/li>\n<li>Stabile Griffe f\u00fcr einfache Handhabung<\/li>\n<li>F\u00e4cher im Stauraum<\/li>\n<li>verl\u00e4ngerte V-Deichsel<\/li>\n<li>Wassertank mit 12-V-Pumpe<\/li>\n<\/ul>\n<p>Die Optionen k\u00f6nnen variieren.<\/p>\n<p>Dieser 6-Abteil-Anh\u00e4nger ist h\u00e4ufig ab Lager lieferbar.<\/p>\n<p><strong>PREIS UND LIEFERZEIT AUF ANFRAGE!!<\/strong><\/p>\n<p>Kontaktdaten: E-Mail: info@dogpride.nl Tel: +31315655930 \/ +31638147051<\/p>","protected":false},"excerpt":{"rendered":"<p>Das SPORT-Modell ist f\u00fcr die leidenschaftlichsten Besitzer konzipiert, die viel Zeit mit Training und Rennen verbringen. Der SPORT-Anh\u00e4nger bietet die beste Funktionalit\u00e4t, um den Komfort mehrerer Hunde zu gew\u00e4hrleisten.<\/p>","protected":false},"featured_media":106076,"template":"","meta":[],"product_brand":[],"product_cat":[5920],"product_tag":[5922,5923,5924,5921,3161],"class_list":{"0":"post-106075","1":"product","2":"type-product","3":"status-publish","4":"has-post-thumbnail","6":"product_cat-metbox-aanhangwagens","7":"product_tag-6-vaks","8":"product_tag-aanhanger","9":"product_tag-hondenaanhangwagen","10":"product_tag-metbox","11":"product_tag-sport","13":"first","14":"instock","15":"taxable","16":"shipping-taxable","17":"product-type-simple"},"mb":[],"mfb_rest_fields":["title"],"_links":{"self":[{"href":"https:\/\/dogpride.nl\/de\/wp-json\/wp\/v2\/product\/106075","targetHints":{"allow":["GET"]}}],"collection":[{"href":"https:\/\/dogpride.nl\/de\/wp-json\/wp\/v2\/product"}],"about":[{"href":"https:\/\/dogpride.nl\/de\/wp-json\/wp\/v2\/types\/product"}],"wp:featuredmedia":[{"embeddable":true,"href":"https:\/\/dogpride.nl\/de\/wp-json\/wp\/v2\/media\/106076"}],"wp:attachment":[{"href":"https:\/\/dogpride.nl\/de\/wp-json\/wp\/v2\/media?parent=106075"}],"wp:term":[{"taxonomy":"product_brand","embeddable":true,"href":"https:\/\/dogpride.nl\/de\/wp-json\/wp\/v2\/product_brand?post=106075"},{"taxonomy":"product_cat","embeddable":true,"href":"https:\/\/dogpride.nl\/de\/wp-json\/wp\/v2\/product_cat?post=106075"},{"taxonomy":"product_tag","embeddable":true,"href":"https:\/\/dogpride.nl\/de\/wp-json\/wp\/v2\/product_tag?post=106075"}],"curies":[{"name":"wp","href":"https:\/\/api.w.org\/{rel}","templated":true}]}}