{"id":103409,"date":"2023-02-28T15:16:00","date_gmt":"2023-02-28T14:16:00","guid":{"rendered":"https:\/\/www.dogpride.nl\/?post_type=product&#038;p=103409"},"modified":"2026-04-19T13:27:02","modified_gmt":"2026-04-19T11:27:02","slug":"arrak-trek-anorak-men","status":"publish","type":"product","link":"https:\/\/dogpride.nl\/de\/arrak-trek-anorak-men\/","title":{"rendered":"ARRAK Trek Anorak Herren"},"content":{"rendered":"<h4>ARRAK Trek Anorak Herren<\/h4>\n<p>ARRAK Trek Anorak Herren<\/p>\n<p>Ein leichter und flexibler Anorak, der bis ins Detail funktional ist.<\/p>\n<p>Material aus impr\u00e4gniertem Polyester\/Baumwollmaterial. Der Stoff ist wasserabweisend, kann aber vorteilhafterweise impr\u00e4gniert werden, um ihn regenbest\u00e4ndiger zu machen. Seitliche Rei\u00dfverschl\u00fcsse erleichtern das An- und Ausziehen.<br \/>\nEine Vielzahl praktischer Taschen. Eine gro\u00dfe Ges\u00e4\u00dftasche mit Rei\u00dfverschluss, eine gro\u00dfe Bauchtasche mit Rei\u00dfverschluss. Untere Eingrifftaschen mit Rei\u00dfverschluss. An den \u00c4rmeln befinden sich au\u00dferdem Rei\u00dfverschlusstaschen. Eine gro\u00dfe, \u00fcbergro\u00dfe, verstellbare Kapuze. 2-Wege-Rei\u00dfverschluss vorne. Verstellbare Klettverschl\u00fcsse an den \u00c4rmeln und ein Schrittgurt, der den Anorak an Ort und Stelle h\u00e4lt, wenn es windig ist oder Sie sich in einer verschneiten Landschaft befinden.<\/p>\n<p><strong>Erh\u00e4ltlich in den Farben:<\/strong> Orange, Gr\u00fcn und Braun<\/p>\n<p><strong>Gr\u00f6\u00dfen:<\/strong> S bis 3XL<\/p>\n<h3>Besonderheiten:<\/h3>\n<ul>\n<li>Stoff aus Polyester\/Baumwolle<\/li>\n<li>impr\u00e4gniert<\/li>\n<li>Eine gro\u00dfe Ges\u00e4\u00dftasche mit Rei\u00dfverschluss<\/li>\n<li>Eine gro\u00dfe Bauchtasche mit Rei\u00dfverschluss<\/li>\n<li>2 Rei\u00dfverschlusstaschen unten<\/li>\n<li>2-Wege-Rei\u00dfverschluss vorne<\/li>\n<li>Gro\u00dfe verstellbare Kapuze<\/li>\n<li>Rei\u00dfverschl\u00fcsse in den Seitenn\u00e4hten<\/li>\n<li>Verstellbare \u00c4rmelb\u00fcndchen<\/li>\n<li>Schrittgurt<\/li>\n<\/ul>\n<h3>Gr\u00f6\u00dfentabelle:<\/h3>\n<p><img loading=\"lazy\" decoding=\"async\" class=\"alignnone size-full wp-image-103411\" src=\"https:\/\/www.dogpride.nl\/wp-content\/uploads\/Maattabel-Arrak-Heren-tops-3.jpg\" alt=\"Maattabel\" width=\"634\" height=\"682\" srcset=\"https:\/\/dogpride.nl\/wp-content\/uploads\/Maattabel-Arrak-Heren-tops-3.jpg 634w, https:\/\/dogpride.nl\/wp-content\/uploads\/Maattabel-Arrak-Heren-tops-3-250x269.jpg 250w, https:\/\/dogpride.nl\/wp-content\/uploads\/Maattabel-Arrak-Heren-tops-3-400x430.jpg 400w, https:\/\/dogpride.nl\/wp-content\/uploads\/Maattabel-Arrak-Heren-tops-3-279x300.jpg 279w, https:\/\/dogpride.nl\/wp-content\/uploads\/Maattabel-Arrak-Heren-tops-3-200x215.jpg 200w, https:\/\/dogpride.nl\/wp-content\/uploads\/Maattabel-Arrak-Heren-tops-3-600x645.jpg 600w\" sizes=\"auto, (max-width: 634px) 100vw, 634px\" \/><\/p>\n<p><a href=\"https:\/\/arrakoutdoor.com\/\" target=\"_blank\" rel=\"noopener\"><img loading=\"lazy\" decoding=\"async\" class=\"alignnone wp-image-139301 size-medium\" src=\"https:\/\/dogpride.nl\/wp-content\/uploads\/Arrak-300x118.jpeg\" alt=\"Logo\" width=\"300\" height=\"118\" srcset=\"https:\/\/dogpride.nl\/wp-content\/uploads\/Arrak-300x118.jpeg 300w, https:\/\/dogpride.nl\/wp-content\/uploads\/Arrak-768x303.jpeg 768w, https:\/\/dogpride.nl\/wp-content\/uploads\/Arrak-18x7.jpeg 18w, https:\/\/dogpride.nl\/wp-content\/uploads\/Arrak-250x99.jpeg 250w, https:\/\/dogpride.nl\/wp-content\/uploads\/Arrak-400x158.jpeg 400w, https:\/\/dogpride.nl\/wp-content\/uploads\/Arrak.jpeg 916w\" sizes=\"auto, (max-width: 300px) 100vw, 300px\" \/><\/a><\/p>\n<p><a href=\"https:\/\/dogpride.nl\/de\/kleding\/jassen\/arrak-outdoor-jassen\/\"><img loading=\"lazy\" decoding=\"async\" class=\"alignnone\" title=\"ARRAK Trek Anorak Men Bruin\" src=\"https:\/\/dogpride.nl\/wp-content\/uploads\/21049_brown.11_fron01-150x150.jpg\" alt=\"ARRAK Trek Anorak Men Bruin\" width=\"150\" height=\"150\" \/><\/a><\/p>","protected":false},"excerpt":{"rendered":"<p>Eine Vielzahl praktischer Taschen. Eine gro\u00dfe Ges\u00e4\u00dftasche mit Rei\u00dfverschluss, eine gro\u00dfe Bauchtasche mit Rei\u00dfverschluss. Untere Eingrifftaschen mit Rei\u00dfverschluss. An den \u00c4rmeln befinden sich au\u00dferdem Rei\u00dfverschlusstaschen. Eine gro\u00dfe, \u00fcbergro\u00dfe, verstellbare Kapuze.<\/p>","protected":false},"featured_media":103410,"template":"","meta":[],"product_brand":[],"product_cat":[24457],"product_tag":[5402,3335,3171,3336,4714],"class_list":{"0":"post-103409","1":"product","2":"type-product","3":"status-publish","4":"has-post-thumbnail","6":"product_cat-arrak-outdoor-heren-jassen","7":"product_tag-anorak","8":"product_tag-arrak","9":"product_tag-men","10":"product_tag-outdoor","11":"product_tag-trek","13":"first","14":"outofstock","15":"taxable","16":"shipping-taxable","17":"purchasable","18":"product-type-variable"},"mb":[],"mfb_rest_fields":["title"],"_links":{"self":[{"href":"https:\/\/dogpride.nl\/de\/wp-json\/wp\/v2\/product\/103409","targetHints":{"allow":["GET"]}}],"collection":[{"href":"https:\/\/dogpride.nl\/de\/wp-json\/wp\/v2\/product"}],"about":[{"href":"https:\/\/dogpride.nl\/de\/wp-json\/wp\/v2\/types\/product"}],"wp:featuredmedia":[{"embeddable":true,"href":"https:\/\/dogpride.nl\/de\/wp-json\/wp\/v2\/media\/103410"}],"wp:attachment":[{"href":"https:\/\/dogpride.nl\/de\/wp-json\/wp\/v2\/media?parent=103409"}],"wp:term":[{"taxonomy":"product_brand","embeddable":true,"href":"https:\/\/dogpride.nl\/de\/wp-json\/wp\/v2\/product_brand?post=103409"},{"taxonomy":"product_cat","embeddable":true,"href":"https:\/\/dogpride.nl\/de\/wp-json\/wp\/v2\/product_cat?post=103409"},{"taxonomy":"product_tag","embeddable":true,"href":"https:\/\/dogpride.nl\/de\/wp-json\/wp\/v2\/product_tag?post=103409"}],"curies":[{"name":"wp","href":"https:\/\/api.w.org\/{rel}","templated":true}]}}