{"id":103115,"date":"2023-02-23T15:04:46","date_gmt":"2023-02-23T14:04:46","guid":{"rendered":"https:\/\/www.dogpride.nl\/?post_type=product&#038;p=103115"},"modified":"2023-02-23T15:04:47","modified_gmt":"2023-02-23T14:04:47","slug":"tourniquet-cat-gen-7","status":"publish","type":"product","link":"https:\/\/dogpride.nl\/de\/tourniquet-cat-gen-7\/","title":{"rendered":"Tourniquet CAT GEN 7"},"content":{"rendered":"<h1>Tourniquet CAT GEN 7<\/h1>\n<p>Tourniquet CAT GEN 7<\/p>\n<p><span><span class=\"\">Das CAT\u00ae-Drehkreuz (Combat Application Tourniquet) ist eines der schnellsten und bequemsten Drehkreuze auf dem heutigen Markt.<\/span><\/span><\/p>\n<p><span>Es wird von US-amerikanischen und franz\u00f6sischen Streitkr\u00e4ften bei Eins\u00e4tzen eingesetzt.<\/span><\/p>\n<ul>\n<li><span>Breite 6,10 cm<\/span><\/li>\n<li><span>Tiefe 3,81 cm<\/span><\/li>\n<li><span>L\u00e4nge 16,51 cm<\/span><\/li>\n<li><span>Gewicht 0,0765 kg<\/span><\/li>\n<\/ul>\n<p><span>Einh\u00e4ndige Bedienung, alles, was Sie tun m\u00fcssen, ist:<\/span><\/p>\n<ul>\n<li><span>\u00a0Legen Sie es um das verletzte Glied<\/span><\/li>\n<li><span>\u00a0Passen Sie den Riemen an<\/span><\/li>\n<li><span>\u00a0Drehen Sie den \u201eAnkerwinden\u201c-Zauberstab, bis die Blutung aufh\u00f6rt<\/span><\/li>\n<li><span>\u00a0Blockieren Sie die Stange im Clip<\/span><\/li>\n<\/ul>\n<p><span>Das Tourniquet l\u00e4sst sich in Sekundenschnelle mit einer Hand anlegen, ohne dass die Gefahr eines Missbrauchs besteht.\u00a0<\/span><\/p>\n<p><span><span class=\"goog-text-highlight\">Zur Anwendung bei Mensch oder Hund.<\/span><\/span><\/p>","protected":false},"excerpt":{"rendered":"<p><span class=\"\">Das CAT\u00ae-Drehkreuz (Combat Application Tourniquet) ist eines der schnellsten und bequemsten Drehkreuze auf dem heutigen Markt.\u00a0<\/span>Es wird von US-amerikanischen und franz\u00f6sischen Streitkr\u00e4ften bei Eins\u00e4tzen eingesetzt.<\/p>","protected":false},"featured_media":103116,"template":"","meta":[],"product_brand":[],"product_cat":[2910],"product_tag":[5347,5348,5346],"class_list":{"0":"post-103115","1":"product","2":"type-product","3":"status-publish","4":"has-post-thumbnail","6":"product_cat-ehbo-bij-honden","7":"product_tag-cat-gen-7","8":"product_tag-north-american-rescue","9":"product_tag-tourniquet","11":"first","12":"instock","13":"taxable","14":"shipping-taxable","15":"purchasable","16":"product-type-simple"},"mb":[],"mfb_rest_fields":["title"],"_links":{"self":[{"href":"https:\/\/dogpride.nl\/de\/wp-json\/wp\/v2\/product\/103115","targetHints":{"allow":["GET"]}}],"collection":[{"href":"https:\/\/dogpride.nl\/de\/wp-json\/wp\/v2\/product"}],"about":[{"href":"https:\/\/dogpride.nl\/de\/wp-json\/wp\/v2\/types\/product"}],"wp:featuredmedia":[{"embeddable":true,"href":"https:\/\/dogpride.nl\/de\/wp-json\/wp\/v2\/media\/103116"}],"wp:attachment":[{"href":"https:\/\/dogpride.nl\/de\/wp-json\/wp\/v2\/media?parent=103115"}],"wp:term":[{"taxonomy":"product_brand","embeddable":true,"href":"https:\/\/dogpride.nl\/de\/wp-json\/wp\/v2\/product_brand?post=103115"},{"taxonomy":"product_cat","embeddable":true,"href":"https:\/\/dogpride.nl\/de\/wp-json\/wp\/v2\/product_cat?post=103115"},{"taxonomy":"product_tag","embeddable":true,"href":"https:\/\/dogpride.nl\/de\/wp-json\/wp\/v2\/product_tag?post=103115"}],"curies":[{"name":"wp","href":"https:\/\/api.w.org\/{rel}","templated":true}]}}