{"id":103031,"date":"2023-02-21T17:08:09","date_gmt":"2023-02-21T16:08:09","guid":{"rendered":"https:\/\/www.dogpride.nl\/?post_type=product&#038;p=103031"},"modified":"2026-03-18T13:49:40","modified_gmt":"2026-03-18T12:49:40","slug":"carinthia-trg-regenbroek","status":"publish","type":"product","link":"https:\/\/dogpride.nl\/de\/carinthia-trg-regenbroek\/","title":{"rendered":"CARINTHIA TRG Regenhose"},"content":{"rendered":"<h4>CARINTHIA TRG Regenhose<\/h4>\n<p>CARINTHIA TRG Regenhose<\/p>\n<p>Feuchtigkeitsschutz im High-End-Bereich. Wind- und wasserdicht bei gleichzeitiger Atmungsaktivit\u00e4t.<\/p>\n<p>TAKTISCHE REGENBEKLEIDUNG<\/p>\n<p>Feuchtigkeitsschutz im High-End-Bereich. Die Hose bietet vielf\u00e4ltige individuelle Anpassungsm\u00f6glichkeiten. Wasser- und winddicht, gleichzeitig ist das robuste GORE-TEX\u00ae-Au\u00dfenmaterial aber auch atmungsaktiv. K\u00f6rperfeuchtigkeit wird durch die spezielle, luftdurchl\u00e4ssige Au\u00dfenmembran abgeleitet und sorgt f\u00fcr ein angenehmes K\u00f6rperklima.<\/p>\n<p><a href=\"https:\/\/dogpride.nl\/de\/\"><img loading=\"lazy\" decoding=\"async\" class=\"alignnone\" title=\"CARINTHIA TRG Regenhose\" src=\"https:\/\/dogpride.nl\/wp-content\/uploads\/714535_trg_trouesrs_multicam_01-150x150.jpg\" alt=\"CARINTHIA TRG Regenbroek\" width=\"150\" height=\"150\" \/><\/a><\/p>\n<div class=\"slide_container\">\n<h3 class=\"slidecontent_headline active\">Funktionen<\/h3>\n<div class=\"slidecontent_content_container\">\n<ul>\n<li>Elastischer Bund mit innenliegender Kordel und Knopfverschluss<\/li>\n<li>Wasserabweisende Au\u00dfenrei\u00dfverschl\u00fcsse<\/li>\n<li>Seitlicher 2-Wege-Rei\u00dfverschluss bis zur Bundunterkante mit Windleiste<\/li>\n<li>2 gro\u00dfe aufgesetzte Seitentaschen<\/li>\n<li>Vorgeformte Knie<\/li>\n<li>Verst\u00e4rkter Innenbeinbereich<\/li>\n<li>Verstellbarer Saum durch Klettverschluss<\/li>\n<li>Verstellbare Hosentr\u00e4ger optional erh\u00e4ltlich<\/li>\n<li>Waschbar bei 60 Grad<\/li>\n<li>Packsack inklusive<\/li>\n<\/ul>\n<p><a href=\"https:\/\/www.carinthia.eu\/\" target=\"_blank\" rel=\"noopener\"><img loading=\"lazy\" decoding=\"async\" class=\"alignnone\" src=\"https:\/\/dogpride.nl\/wp-content\/uploads\/714535_trg_trouesrs_multicam_01-150x150.jpg\" alt=\"CARINTHIA TRG Regenbroek\" width=\"150\" height=\"150\" \/><\/a><\/p>\n<\/div>\n<\/div>\n<div class=\"slide_container\">\n<h3 class=\"slidecontent_headline active\">Material und Spezifikationen<\/h3>\n<div class=\"slidecontent_content_container\"><strong>Oberstoff<\/strong>: 100% Polyamid, wasserdicht, winddicht,\u00a0<strong>atmungsaktiv<\/strong><br \/>\n<strong>Membran<\/strong>: Zweikomponenten auf Basis von ePTFE<br \/>\nGr\u00f6\u00dfen: S-XXL<br \/>\n<strong>Gewicht (g):<\/strong>\u00a0520 (Oliv), 500 (Multicam)<br \/>\n<strong>F\u00e4rben:<\/strong> Oliv, Multicam<\/div>\n<\/div>\n<h3>Gr\u00f6\u00dfentabelle:<\/h3>\n<div><img loading=\"lazy\" decoding=\"async\" class=\"alignnone size-full wp-image-102949\" src=\"https:\/\/www.dogpride.nl\/wp-content\/uploads\/Maattabel-Jassen-2.jpg\" alt=\"Maattabel\" width=\"751\" height=\"711\" srcset=\"https:\/\/dogpride.nl\/wp-content\/uploads\/Maattabel-Jassen-2.jpg 751w, https:\/\/dogpride.nl\/wp-content\/uploads\/Maattabel-Jassen-2-250x237.jpg 250w, https:\/\/dogpride.nl\/wp-content\/uploads\/Maattabel-Jassen-2-400x379.jpg 400w, https:\/\/dogpride.nl\/wp-content\/uploads\/Maattabel-Jassen-2-300x284.jpg 300w, https:\/\/dogpride.nl\/wp-content\/uploads\/Maattabel-Jassen-2-200x189.jpg 200w, https:\/\/dogpride.nl\/wp-content\/uploads\/Maattabel-Jassen-2-600x568.jpg 600w\" sizes=\"auto, (max-width: 751px) 100vw, 751px\" \/><\/div>\n<div><\/div>\n<div><img loading=\"lazy\" decoding=\"async\" class=\"alignnone size-full wp-image-102950\" src=\"https:\/\/www.dogpride.nl\/wp-content\/uploads\/CARINTHIA_LOGO-2.png\" alt=\"Carinthia\" width=\"260\" height=\"43\" srcset=\"https:\/\/dogpride.nl\/wp-content\/uploads\/CARINTHIA_LOGO-2.png 260w, https:\/\/dogpride.nl\/wp-content\/uploads\/CARINTHIA_LOGO-2-250x41.png 250w, https:\/\/dogpride.nl\/wp-content\/uploads\/CARINTHIA_LOGO-2-200x33.png 200w\" sizes=\"auto, (max-width: 260px) 100vw, 260px\" \/><\/div>\n<div><\/div>","protected":false},"excerpt":{"rendered":"<p>Feuchtigkeitsschutz im High-End-Bereich. Die Hose bietet vielf\u00e4ltige individuelle Anpassungsm\u00f6glichkeiten. Wasser- und winddicht, gleichzeitig ist das robuste GORE-TEX\u00ae-Au\u00dfenmaterial aber auch atmungsaktiv.<\/p>","protected":false},"featured_media":103032,"template":"","meta":[],"product_brand":[],"product_cat":[5333],"product_tag":[5274,4070,5334],"class_list":{"0":"post-103031","1":"product","2":"type-product","3":"status-publish","4":"has-post-thumbnail","6":"product_cat-carinthia-regenkleding","7":"product_tag-carinthia","8":"product_tag-regenbroek","9":"product_tag-trg","11":"first","12":"instock","13":"taxable","14":"shipping-taxable","15":"purchasable","16":"product-type-variable"},"mb":[],"mfb_rest_fields":["title"],"_links":{"self":[{"href":"https:\/\/dogpride.nl\/de\/wp-json\/wp\/v2\/product\/103031","targetHints":{"allow":["GET"]}}],"collection":[{"href":"https:\/\/dogpride.nl\/de\/wp-json\/wp\/v2\/product"}],"about":[{"href":"https:\/\/dogpride.nl\/de\/wp-json\/wp\/v2\/types\/product"}],"wp:featuredmedia":[{"embeddable":true,"href":"https:\/\/dogpride.nl\/de\/wp-json\/wp\/v2\/media\/103032"}],"wp:attachment":[{"href":"https:\/\/dogpride.nl\/de\/wp-json\/wp\/v2\/media?parent=103031"}],"wp:term":[{"taxonomy":"product_brand","embeddable":true,"href":"https:\/\/dogpride.nl\/de\/wp-json\/wp\/v2\/product_brand?post=103031"},{"taxonomy":"product_cat","embeddable":true,"href":"https:\/\/dogpride.nl\/de\/wp-json\/wp\/v2\/product_cat?post=103031"},{"taxonomy":"product_tag","embeddable":true,"href":"https:\/\/dogpride.nl\/de\/wp-json\/wp\/v2\/product_tag?post=103031"}],"curies":[{"name":"wp","href":"https:\/\/api.w.org\/{rel}","templated":true}]}}