{"id":101955,"date":"2023-02-10T15:01:36","date_gmt":"2023-02-10T14:01:36","guid":{"rendered":"https:\/\/www.dogpride.nl\/?post_type=product&#038;p=101955"},"modified":"2026-03-16T15:37:45","modified_gmt":"2026-03-16T14:37:45","slug":"hondenmand-stoer-extra-zwarte-steigerbuis-steigerhout","status":"publish","type":"product","link":"https:\/\/dogpride.nl\/de\/hondenmand-stoer-extra-zwarte-steigerbuis-steigerhout\/","title":{"rendered":"Hundekorb Tough Extra schwarzes Ger\u00fcstrohr aus Ger\u00fcstholz"},"content":{"rendered":"<h4>Hundekorb Tough Extra schwarzes Ger\u00fcstrohr aus Ger\u00fcstholz<\/h4>\n<p>Hundekorb Tough Extra schwarzes Ger\u00fcstrohr aus Ger\u00fcstholz<\/p>\n<p>Hundebett aus schwarzem Ger\u00fcstrohr mit Ger\u00fcstholz, f\u00fcr Ihren Hund oder Ihre Katze!<br \/>\nMit zus\u00e4tzlichem Rand rundherum, damit Sie ein Schlafsofa erhalten und das Kissen besser an Ort und Stelle bleibt.<\/p>\n<p><a href=\"https:\/\/dogpride.nl\/de\/\"><img loading=\"lazy\" decoding=\"async\" class=\"alignnone\" title=\"Hundekorb Tough Extra schwarzes Ger\u00fcstrohr aus Ger\u00fcstholz\" src=\"https:\/\/dogpride.nl\/wp-content\/uploads\/houtart_hondenmand_steigerbuis_bed_zwart_01shop-scaled.jpg\" alt=\"Hondenmand Stoer! Extra zwarte steigerbuis steigerhout\" width=\"321\" height=\"241\" \/><\/a><\/p>\n<p><strong>Hundekorb \/ Hundebett aus Ger\u00fcstrohr mit Ger\u00fcstholz<br \/>\n<\/strong>Erh\u00e4ltlich in neuem oder gebrauchtem Ger\u00fcstholz (robusteres Ergebnis).<br \/>\nIhr Haustier wird hier garantiert eine erholsame Nacht verbringen!<\/p>\n<ul>\n<li>F\u00fcr zus\u00e4tzlichen Schutz und ein glatteres Ergebnis w\u00e4hlen Sie eine Beize und eine Beschichtung.<\/li>\n<li>Dieser Korb l\u00e4sst sich gut mit unseren Essens-\/Getr\u00e4nkesets kombinieren.<\/li>\n<li>Es besteht auch die M\u00f6glichkeit, ein passendes Kissen zu bestellen, verschiedene Stoffe und Farben sind m\u00f6glich.<\/li>\n<\/ul>\n<p><strong>Ma\u00dfe:<br \/>\n<\/strong>Standardm\u00e4\u00dfig in verschiedenen Gr\u00f6\u00dfen erh\u00e4ltlich, sowohl f\u00fcr kleine als auch f\u00fcr gro\u00dfe Hunde.<br \/>\nDie Gr\u00f6\u00dfe ist die Au\u00dfengr\u00f6\u00dfe. Die Innengr\u00f6\u00dfe ist etwa 8 cm kleiner.<br \/>\nDar\u00fcber hinaus ist dieser Korb auch f\u00fcr Katzen geeignet.<\/p>\n<p>&nbsp;<\/p>\n<p><a href=\"https:\/\/nl.wikipedia.org\/wiki\/Hond_(dier)\" target=\"_blank\" rel=\"noopener\"><img loading=\"lazy\" decoding=\"async\" class=\"alignnone\" title=\"Hundekorb Tough Extra schwarzes Ger\u00fcstrohr aus Ger\u00fcstholz\" src=\"https:\/\/dogpride.nl\/wp-content\/uploads\/houtart_hondenmand_steigerbuis_bed_zwart_01shop-scaled.jpg\" alt=\"Hondenmand Stoer! Extra zwarte steigerbuis steigerhout\" width=\"321\" height=\"241\" \/><\/a><\/p>\n<p><strong>WORDT GELEVERD ZONDER KUSSEN. DEZE IS OPTIONEEL!<\/strong><\/p>\n<ul>\n<li><strong>SPITZE:<\/strong>\u00a0Sollte Ihre Gr\u00f6\u00dfe nicht dabei sein, kann dieser Korb bei Bedarf auch nach Wunsch bestellt werden.<\/li>\n<\/ul>","protected":false},"excerpt":{"rendered":"<p>Hundebett aus schwarzem Ger\u00fcstrohr mit Ger\u00fcstholz, f\u00fcr Ihren Hund oder Ihre Katze! Mit zus\u00e4tzlichem Rand rundherum, damit Sie ein Schlafsofa erhalten und das Kissen besser an Ort und Stelle bleibt.<\/p>","protected":false},"featured_media":101956,"template":"","meta":[],"product_brand":[],"product_cat":[5244],"product_tag":[5253,3348,5246,4614,5245,5256],"class_list":{"0":"post-101955","1":"product","2":"type-product","3":"status-publish","4":"has-post-thumbnail","6":"product_cat-hout-art-hondenmanden","7":"product_tag-extra","8":"product_tag-hondenmand","9":"product_tag-steigerbuis","10":"product_tag-steigerhout","11":"product_tag-stoer","12":"product_tag-zwarte","13":"product_shipping_class-bijzondere-verzending","15":"first","16":"instock","17":"taxable","18":"shipping-taxable","19":"purchasable","20":"product-type-simple"},"mb":[],"mfb_rest_fields":["title"],"_links":{"self":[{"href":"https:\/\/dogpride.nl\/de\/wp-json\/wp\/v2\/product\/101955","targetHints":{"allow":["GET"]}}],"collection":[{"href":"https:\/\/dogpride.nl\/de\/wp-json\/wp\/v2\/product"}],"about":[{"href":"https:\/\/dogpride.nl\/de\/wp-json\/wp\/v2\/types\/product"}],"wp:featuredmedia":[{"embeddable":true,"href":"https:\/\/dogpride.nl\/de\/wp-json\/wp\/v2\/media\/101956"}],"wp:attachment":[{"href":"https:\/\/dogpride.nl\/de\/wp-json\/wp\/v2\/media?parent=101955"}],"wp:term":[{"taxonomy":"product_brand","embeddable":true,"href":"https:\/\/dogpride.nl\/de\/wp-json\/wp\/v2\/product_brand?post=101955"},{"taxonomy":"product_cat","embeddable":true,"href":"https:\/\/dogpride.nl\/de\/wp-json\/wp\/v2\/product_cat?post=101955"},{"taxonomy":"product_tag","embeddable":true,"href":"https:\/\/dogpride.nl\/de\/wp-json\/wp\/v2\/product_tag?post=101955"}],"curies":[{"name":"wp","href":"https:\/\/api.w.org\/{rel}","templated":true}]}}