{"id":101952,"date":"2023-02-10T14:17:10","date_gmt":"2023-02-10T13:17:10","guid":{"rendered":"https:\/\/www.dogpride.nl\/?post_type=product&#038;p=101952"},"modified":"2026-03-16T15:38:25","modified_gmt":"2026-03-16T14:38:25","slug":"hondenmand-stoer-plus-steigerbuis","status":"publish","type":"product","link":"https:\/\/dogpride.nl\/de\/hondenmand-stoer-plus-steigerbuis\/","title":{"rendered":"Hundekorb Cool! Plus Ger\u00fcstrohr"},"content":{"rendered":"<h4>Hundekorb Cool! Plus Ger\u00fcstrohr<\/h4>\n<p>Hundekorb Cool! Plus Ger\u00fcstrohr<\/p>\n<p>Hundebett aus Ger\u00fcstrohr, f\u00fcr den harten Hund!<br \/>\nMit hoher R\u00fcckenlehne.<\/p>\n<p><a href=\"https:\/\/dogpride.nl\/de\/\"><img loading=\"lazy\" decoding=\"async\" class=\"alignnone\" title=\"Hundekorb Cool! Plus Ger\u00fcstrohr\" src=\"https:\/\/dogpride.nl\/wp-content\/uploads\/houtart_hondenmand_steigerbuis_rand_plus_01shop-scaled.jpg\" alt=\"Hondenmand Stoer! Plus steigerbuis\" width=\"209\" height=\"157\" \/><\/a><\/p>\n<p><strong>Hundekorb \/ Hundebett mit hoher R\u00fcckenlehne aus Ger\u00fcstrohr, Industrie-Look durch verzinktes Rohr!<\/strong><br \/>\nStabile Qualit\u00e4t, steht fest auf den Beinen.<\/p>\n<p><strong>Ma\u00dfe:<br \/>\n<\/strong>Standardm\u00e4\u00dfig in verschiedenen Gr\u00f6\u00dfen erh\u00e4ltlich, sowohl f\u00fcr kleine als auch f\u00fcr gro\u00dfe Hunde.<br \/>\nDie Gr\u00f6\u00dfe ist die Au\u00dfengr\u00f6\u00dfe. Die Innengr\u00f6\u00dfe ist etwa 8 cm kleiner. Die H\u00f6he betr\u00e4gt 20 cm.<br \/>\nDar\u00fcber hinaus ist dieser Korb auch f\u00fcr Katzen geeignet.<\/p>\n<p>&nbsp;<\/p>\n<p><a href=\"https:\/\/nl.wikipedia.org\/wiki\/Hond_(dier)\" target=\"_blank\" rel=\"noopener\"><img loading=\"lazy\" decoding=\"async\" class=\"alignnone\" src=\"https:\/\/dogpride.nl\/wp-content\/uploads\/houtart_hondenmand_steigerbuis_rand_plus_01shop-scaled.jpg\" alt=\"Hondenmand Stoer! Plus steigerbuis\" width=\"209\" height=\"157\" \/><\/a><\/p>\n<ul>\n<li><strong>SPITZE:<\/strong>\u00a0Sollte Ihre Gr\u00f6\u00dfe nicht dabei sein, kann dieser Korb bei Bedarf auch nach Wunsch bestellt werden.<\/li>\n<\/ul>","protected":false},"excerpt":{"rendered":"<p>Hundekorb \/ Hundebett mit hoher R\u00fcckenlehne aus Ger\u00fcstrohr, Industrie-Look durch verzinktes Rohr! Stabile Qualit\u00e4t, steht fest auf den Beinen.<\/p>","protected":false},"featured_media":101953,"template":"","meta":[],"product_brand":[],"product_cat":[5244],"product_tag":[3348,3409,5246,5245],"class_list":{"0":"post-101952","1":"product","2":"type-product","3":"status-publish","4":"has-post-thumbnail","6":"product_cat-hout-art-hondenmanden","7":"product_tag-hondenmand","8":"product_tag-plus","9":"product_tag-steigerbuis","10":"product_tag-stoer","11":"product_shipping_class-bijzondere-verzending","13":"first","14":"instock","15":"taxable","16":"shipping-taxable","17":"purchasable","18":"product-type-simple"},"exclude_global_add_ons":false,"addons":[{"name":"Gew\u00fcnschte Ma\u00dfe","type":"multiple_choice","position":0,"required":false,"title_format":"label","default":"","description_enable":false,"description":"","placeholder_enable":false,"placeholder":"","display":"select","restrictions_type":"any_text","adjust_price":false,"price":"","price_type":"flat_fee","restrictions":false,"min":"0","max":"0","options":[{"label":"XS 50 x 35 cm","price":"","price_type":"flat_fee","image":0,"visibility":true},{"label":"S 60 x 40 cm","price":"10","price_type":"flat_fee","image":0,"visibility":true},{"label":"M 70 x 50 cm","price":"17.5","price_type":"flat_fee","image":0,"visibility":true},{"label":"L 80 x 50 cm","price":"25","price_type":"flat_fee","image":0,"visibility":true},{"label":"XL 90 x 60 cm","price":"32.5","price_type":"flat_fee","image":0,"visibility":true},{"label":"XXL 100 x 70 cm","price":"40","price_type":"flat_fee","image":0,"visibility":true}],"id":1773675505},{"name":"Rohrdurchmesser","type":"multiple_choice","position":1,"required":false,"title_format":"label","default":"","description_enable":false,"description":"","placeholder_enable":false,"placeholder":"","display":"select","restrictions_type":"any_text","adjust_price":false,"price":"","price_type":"flat_fee","restrictions":false,"min":"0","max":"0","options":[{"label":"\u00d8 26,9 mm","price":"","price_type":"flat_fee","image":0,"visibility":true},{"label":"\u00d8 33,7 mm","price":"10","price_type":"flat_fee","image":0,"visibility":true}],"id":1773675506},{"name":"Beinoptionen","type":"multiple_choice","position":2,"required":false,"title_format":"label","default":"","description_enable":false,"description":"","placeholder_enable":false,"placeholder":"","display":"select","restrictions_type":"any_text","adjust_price":false,"price":"","price_type":"flat_fee","restrictions":false,"min":"0","max":"0","options":[{"label":"Kunststof doppen","price":"","price_type":"flat_fee","image":0,"visibility":true},{"label":"Ronde stalen voetplaten","price":"17.5","price_type":"flat_fee","image":0,"visibility":true},{"label":"4 x \u00d8 5 cm wielen (2 met rem)","price":"27.5","price_type":"flat_fee","image":0,"visibility":true}],"id":1773675507},{"name":"Naam Tag?","type":"multiple_choice","position":0,"required":true,"title_format":"label","default":"","description_enable":false,"description":"","placeholder_enable":false,"placeholder":"","display":"select","restrictions_type":"any_text","adjust_price":false,"price":"","price_type":"flat_fee","restrictions":false,"min":"0","max":"0","options":[{"label":"Nee","price":"","price_type":"quantity_based","image":0,"visibility":true},{"label":"Ja","price":"8.00","price_type":"quantity_based","image":0,"visibility":true}],"id":1773389909},{"name":"Naam Tag tekst","type":"custom_text","position":1,"required":false,"title_format":"label","default":"","description_enable":true,"description":"Voer de naam van je hond in","placeholder_enable":false,"placeholder":"","display":"select","restrictions_type":"any_text","adjust_price":false,"price":"6.00","price_type":"flat_fee","restrictions":false,"min":"0","max":"0","options":[],"id":1773389910},{"name":"Telefoonnummer optioneel onder naam","type":"custom_text","position":2,"required":false,"title_format":"label","default":"","description_enable":true,"description":"Voer je telefoonnummer in","placeholder_enable":false,"placeholder":"","display":"select","restrictions_type":"only_numbers","adjust_price":false,"price":"","price_type":"flat_fee","restrictions":false,"min":"0","max":"0","options":[],"id":1773389911}],"mb":[],"mfb_rest_fields":["title","exclude_global_add_ons","addons"],"_links":{"self":[{"href":"https:\/\/dogpride.nl\/de\/wp-json\/wp\/v2\/product\/101952","targetHints":{"allow":["GET"]}}],"collection":[{"href":"https:\/\/dogpride.nl\/de\/wp-json\/wp\/v2\/product"}],"about":[{"href":"https:\/\/dogpride.nl\/de\/wp-json\/wp\/v2\/types\/product"}],"wp:featuredmedia":[{"embeddable":true,"href":"https:\/\/dogpride.nl\/de\/wp-json\/wp\/v2\/media\/101953"}],"wp:attachment":[{"href":"https:\/\/dogpride.nl\/de\/wp-json\/wp\/v2\/media?parent=101952"}],"wp:term":[{"taxonomy":"product_brand","embeddable":true,"href":"https:\/\/dogpride.nl\/de\/wp-json\/wp\/v2\/product_brand?post=101952"},{"taxonomy":"product_cat","embeddable":true,"href":"https:\/\/dogpride.nl\/de\/wp-json\/wp\/v2\/product_cat?post=101952"},{"taxonomy":"product_tag","embeddable":true,"href":"https:\/\/dogpride.nl\/de\/wp-json\/wp\/v2\/product_tag?post=101952"}],"curies":[{"name":"wp","href":"https:\/\/api.w.org\/{rel}","templated":true}]}}