{"id":101946,"date":"2023-02-10T13:27:11","date_gmt":"2023-02-10T12:27:11","guid":{"rendered":"https:\/\/www.dogpride.nl\/?post_type=product&#038;p=101946"},"modified":"2026-03-16T15:40:56","modified_gmt":"2026-03-16T14:40:56","slug":"hondenmand-rollo-steigerhout-2","status":"publish","type":"product","link":"https:\/\/dogpride.nl\/de\/hondenmand-rollo-steigerhout-2\/","title":{"rendered":"Hundebett Rollo Ger\u00fcstholz"},"content":{"rendered":"<h4>Hundebett Rollo Ger\u00fcstholz<\/h4>\n<p>Hundebett Rollo Ger\u00fcstholz<\/p>\n<p>Robustes und elegantes Hundebett auf Rollen.<\/p>\n<p><a href=\"https:\/\/dogpride.nl\/de\/\"><img loading=\"lazy\" decoding=\"async\" class=\"alignnone\" title=\"Hundebett Rollo Ger\u00fcstholz\" src=\"https:\/\/dogpride.nl\/wp-content\/uploads\/houtart_hondenmand_rollo_03shop.jpg\" alt=\"Hondenmand Rollo steigerhout\" width=\"238\" height=\"162\" \/><\/a><\/p>\n<p><strong>Wie sch\u00f6n ist dieses Hundebett ROLLO mit Rollen?<br \/>\n<\/strong>Ausgestattet mit vier stabilen Rollen, von denen zwei mit einer Feststellm\u00f6glichkeit gegen Wegrollen und Drehen ausgestattet sind.<br \/>\nDie R\u00e4der haben Kugellager und ein Gummiband, das den Boden sch\u00fctzt und nicht nachgibt, wenn sich der Korb versehentlich verschiebt.<br \/>\nManche Hunde k\u00f6nnen immer noch begeistert sein...<\/p>\n<p><a href=\"https:\/\/nl.wikipedia.org\/wiki\/Hond_(dier)\" target=\"_blank\" rel=\"noopener\"><img loading=\"lazy\" decoding=\"async\" class=\"alignnone\" title=\"Hundebett Rollo Ger\u00fcstholz\" src=\"https:\/\/dogpride.nl\/wp-content\/uploads\/houtart_hondenmand_rollo_03shop.jpg\" alt=\"Hondenmand Rollo steigerhout\" width=\"238\" height=\"162\" \/><\/a><\/p>\n<p><strong>Ma\u00dfe:<br \/>\n<\/strong>Standardm\u00e4\u00dfig in verschiedenen Gr\u00f6\u00dfen erh\u00e4ltlich, sowohl f\u00fcr kleine als auch f\u00fcr gro\u00dfe Hunde.<br \/>\nDie Gr\u00f6\u00dfe ist die Au\u00dfengr\u00f6\u00dfe. Die Innengr\u00f6\u00dfe ist etwa 6 cm kleiner.<br \/>\nDie H\u00f6he aller Gr\u00f6\u00dfen betr\u00e4gt 28 cm inklusive R\u00e4der.<\/p>\n<ul>\n<li><strong>SPITZE:<\/strong>\u00a0Behandeln Sie den Korb am besten mit einem Fleck, so erhalten Sie den besten Schutz und die glatteste Oberfl\u00e4che. Der Korb l\u00e4sst sich auch leichter reinigen.<\/li>\n<\/ul>","protected":false},"excerpt":{"rendered":"<p>Ausgestattet mit vier stabilen Rollen, von denen zwei mit einer Feststellm\u00f6glichkeit gegen Wegrollen und Drehen ausgestattet sind. Die R\u00e4der haben Kugellager und ein Gummiband, das den Boden sch\u00fctzt und nicht nachgibt, wenn sich der Korb versehentlich verschiebt.<\/p>","protected":false},"featured_media":101947,"template":"","meta":[],"product_brand":[],"product_cat":[5244],"product_tag":[3348,4618,4614],"class_list":{"0":"post-101946","1":"product","2":"type-product","3":"status-publish","4":"has-post-thumbnail","6":"product_cat-hout-art-hondenmanden","7":"product_tag-hondenmand","8":"product_tag-rollo","9":"product_tag-steigerhout","10":"product_shipping_class-bijzondere-verzending","12":"first","13":"instock","14":"taxable","15":"shipping-taxable","16":"purchasable","17":"product-type-simple"},"mb":[],"mfb_rest_fields":["title"],"_links":{"self":[{"href":"https:\/\/dogpride.nl\/de\/wp-json\/wp\/v2\/product\/101946","targetHints":{"allow":["GET"]}}],"collection":[{"href":"https:\/\/dogpride.nl\/de\/wp-json\/wp\/v2\/product"}],"about":[{"href":"https:\/\/dogpride.nl\/de\/wp-json\/wp\/v2\/types\/product"}],"wp:featuredmedia":[{"embeddable":true,"href":"https:\/\/dogpride.nl\/de\/wp-json\/wp\/v2\/media\/101947"}],"wp:attachment":[{"href":"https:\/\/dogpride.nl\/de\/wp-json\/wp\/v2\/media?parent=101946"}],"wp:term":[{"taxonomy":"product_brand","embeddable":true,"href":"https:\/\/dogpride.nl\/de\/wp-json\/wp\/v2\/product_brand?post=101946"},{"taxonomy":"product_cat","embeddable":true,"href":"https:\/\/dogpride.nl\/de\/wp-json\/wp\/v2\/product_cat?post=101946"},{"taxonomy":"product_tag","embeddable":true,"href":"https:\/\/dogpride.nl\/de\/wp-json\/wp\/v2\/product_tag?post=101946"}],"curies":[{"name":"wp","href":"https:\/\/api.w.org\/{rel}","templated":true}]}}