{"id":101943,"date":"2023-02-10T13:16:06","date_gmt":"2023-02-10T12:16:06","guid":{"rendered":"https:\/\/www.dogpride.nl\/?post_type=product&#038;p=101943"},"modified":"2026-03-16T15:40:59","modified_gmt":"2026-03-16T14:40:59","slug":"hondenmand-luxe-xl-steigerhout","status":"publish","type":"product","link":"https:\/\/dogpride.nl\/de\/hondenmand-luxe-xl-steigerhout\/","title":{"rendered":"Hundebett Luxus XL Ger\u00fcstholz"},"content":{"rendered":"<h4>Hundebett Luxus XL Ger\u00fcstholz<\/h4>\n<p>Hundebett Luxus XL Ger\u00fcstholz<\/p>\n<p><strong>Modernes Hundebett aus Holz XL Luxe<br \/>\n<\/strong>Hergestellt aus neuem Ger\u00fcstholz, gegen Aufpreis auch in gebrauchtem Ger\u00fcstholz erh\u00e4ltlich.<\/p>\n<p><a href=\"https:\/\/dogpride.nl\/de\/\"><img loading=\"lazy\" decoding=\"async\" class=\"alignnone\" title=\"Hundebett Luxus XL Ger\u00fcstholz\" src=\"https:\/\/dogpride.nl\/wp-content\/uploads\/houtart_hondenmand_luxe_01shop7-scaled.jpg\" alt=\"Hondenmand Luxe XL steigerhout\" width=\"219\" height=\"165\" \/><\/a><\/p>\n<p>Dieses sch\u00f6ne Hundebett hat die klassische Form eines Hundebetts, jedoch in einer luxuri\u00f6seren Version mit einer hohen R\u00fcckwand.<br \/>\nAufgrund der Ger\u00fcstholzausf\u00fchrung passt es perfekt in nahezu jedes Interieur. Dar\u00fcber hinaus ist dieser Korb auch f\u00fcr Katzen geeignet.<\/p>\n<p><strong>Ma\u00dfe:<br \/>\n<\/strong>Standardm\u00e4\u00dfig in verschiedenen Gr\u00f6\u00dfen erh\u00e4ltlich, sowohl f\u00fcr kleine als auch f\u00fcr gro\u00dfe Hunde.<br \/>\nDie Gr\u00f6\u00dfe ist die Au\u00dfengr\u00f6\u00dfe. Die Innengr\u00f6\u00dfe ist etwa 10 cm kleiner.<br \/>\nDie Randh\u00f6he betr\u00e4gt bei allen Gr\u00f6\u00dfen 28 cm.<\/p>\n<p><a href=\"https:\/\/nl.wikipedia.org\/wiki\/Hond_(dier)\" target=\"_blank\" rel=\"noopener\"><img loading=\"lazy\" decoding=\"async\" class=\"alignnone\" src=\"https:\/\/dogpride.nl\/wp-content\/uploads\/houtart_hondenmand_luxe_01shop7-scaled.jpg\" alt=\"\" width=\"219\" height=\"165\" \/><\/a><\/p>\n<ul>\n<li><strong>SPITZE:<\/strong>\u00a0Behandeln Sie den Korb am besten mit einem Fleck, so haben Sie den besten Schutz und der Korb l\u00e4sst sich leichter reinigen.<\/li>\n<\/ul>","protected":false},"excerpt":{"rendered":"<p>Dieses sch\u00f6ne Hundebett hat die klassische Form eines Hundebetts, jedoch in einer luxuri\u00f6seren Version mit einer hohen R\u00fcckwand. Aufgrund der Ger\u00fcstholzausf\u00fchrung passt es perfekt in nahezu jedes Interieur. Dar\u00fcber hinaus ist dieser Korb auch f\u00fcr Katzen geeignet.<\/p>","protected":false},"featured_media":101944,"template":"","meta":[],"product_brand":[],"product_cat":[5244],"product_tag":[3348,5247,4614,4619],"class_list":{"0":"post-101943","1":"product","2":"type-product","3":"status-publish","4":"has-post-thumbnail","6":"product_cat-hout-art-hondenmanden","7":"product_tag-hondenmand","8":"product_tag-luxe","9":"product_tag-steigerhout","10":"product_tag-xl","11":"product_shipping_class-bijzondere-verzending","13":"first","14":"instock","15":"taxable","16":"shipping-taxable","17":"purchasable","18":"product-type-simple"},"mb":[],"mfb_rest_fields":["title"],"_links":{"self":[{"href":"https:\/\/dogpride.nl\/de\/wp-json\/wp\/v2\/product\/101943","targetHints":{"allow":["GET"]}}],"collection":[{"href":"https:\/\/dogpride.nl\/de\/wp-json\/wp\/v2\/product"}],"about":[{"href":"https:\/\/dogpride.nl\/de\/wp-json\/wp\/v2\/types\/product"}],"wp:featuredmedia":[{"embeddable":true,"href":"https:\/\/dogpride.nl\/de\/wp-json\/wp\/v2\/media\/101944"}],"wp:attachment":[{"href":"https:\/\/dogpride.nl\/de\/wp-json\/wp\/v2\/media?parent=101943"}],"wp:term":[{"taxonomy":"product_brand","embeddable":true,"href":"https:\/\/dogpride.nl\/de\/wp-json\/wp\/v2\/product_brand?post=101943"},{"taxonomy":"product_cat","embeddable":true,"href":"https:\/\/dogpride.nl\/de\/wp-json\/wp\/v2\/product_cat?post=101943"},{"taxonomy":"product_tag","embeddable":true,"href":"https:\/\/dogpride.nl\/de\/wp-json\/wp\/v2\/product_tag?post=101943"}],"curies":[{"name":"wp","href":"https:\/\/api.w.org\/{rel}","templated":true}]}}