{"id":101859,"date":"2023-02-10T12:47:01","date_gmt":"2023-02-10T11:47:01","guid":{"rendered":"https:\/\/www.dogpride.nl\/?post_type=product&#038;p=101859"},"modified":"2026-03-16T15:40:43","modified_gmt":"2026-03-16T14:40:43","slug":"hondenkussen-strak-in-diverse-kleuren","status":"publish","type":"product","link":"https:\/\/dogpride.nl\/de\/hondenkussen-strak-in-diverse-kleuren\/","title":{"rendered":"Hundekissen eng in verschiedenen Farben"},"content":{"rendered":"<h4>Hundekissen eng in verschiedenen Farben<\/h4>\n<p>Hundekissen eng in verschiedenen Farben<\/p>\n<p><a href=\"https:\/\/dogpride.nl\/de\/\"><img loading=\"lazy\" decoding=\"async\" class=\"alignnone\" title=\"Hundekissen eng in verschiedenen Farben\" src=\"https:\/\/dogpride.nl\/wp-content\/uploads\/houtart_hondenmand_staal_indus_xl_03shop3-scaled.jpg\" alt=\"Hondenkussen strak in diverse kleuren\" width=\"206\" height=\"155\" \/><\/a><\/p>\n<p><strong>Hundekissen<\/strong><\/p>\n<p>W\u00e4hlen Sie Ihre eigene Farbe und Gr\u00f6\u00dfe. Sch\u00f6ne und gepflegte Hundekissen, die in unsere Hundek\u00f6rbe passen.<br \/>\nDas Kissen hat an der L\u00e4ngsseite einen Rei\u00dfverschluss, sodass Sie den Bezug leicht abnehmen und waschen k\u00f6nnen.<\/p>\n<p><strong>Eigenschaften:<\/strong><\/p>\n<ul>\n<li>Verschiedene Gr\u00f6\u00dfen und Farben<\/li>\n<li>Schlankes Design mit rechten Winkeln f\u00fcr den modernen Korb!<\/li>\n<li>Standardm\u00e4\u00dfig 8 cm dick, aber f\u00fcr zus\u00e4tzlichen Komfort und Aussehen auch in 10 cm Dicke erh\u00e4ltlich!<\/li>\n<li>F\u00fcr drinnen und drau\u00dfen<\/li>\n<li>Best\u00e4ndig gegen Witterungseinfl\u00fcsse<\/li>\n<li>Verschlei\u00dffest, farbecht und schmutzabweisend<\/li>\n<\/ul>\n<p><a href=\"https:\/\/nl.wikipedia.org\/wiki\/Hond_(dier)\" target=\"_blank\" rel=\"noopener\"><img loading=\"lazy\" decoding=\"async\" class=\"alignnone\" src=\"https:\/\/dogpride.nl\/wp-content\/uploads\/houtart_hondenmand_staal_indus_xl_03shop3-scaled.jpg\" alt=\"Hondenkussen strak in diverse kleuren\" width=\"206\" height=\"155\" \/><\/a><\/p>\n<p><strong>Stoffarten:<\/strong><\/p>\n<ul>\n<li>Uni ist ein glatter Stoff.<\/li>\n<li>SE ist ein Melangestoff mit feiner Struktur.<\/li>\n<\/ul>","protected":false},"excerpt":{"rendered":"<p>W\u00e4hlen Sie Ihre eigene Farbe und Gr\u00f6\u00dfe. Sch\u00f6ne und gepflegte Hundekissen, die in unsere Hundek\u00f6rbe passen. Das Kissen hat an der L\u00e4ngsseite einen Rei\u00dfverschluss, sodass Sie den Bezug leicht abnehmen und waschen k\u00f6nnen<\/p>","protected":false},"featured_media":101860,"template":"","meta":[],"product_brand":[],"product_cat":[5244],"product_tag":[25787,25786,8199],"class_list":{"0":"post-101859","1":"product","2":"type-product","3":"status-publish","4":"has-post-thumbnail","6":"product_cat-hout-art-hondenmanden","7":"product_tag-diverse","8":"product_tag-hondekussen","9":"product_tag-kleuren","10":"product_shipping_class-groot-pakket","12":"first","13":"instock","14":"taxable","15":"shipping-taxable","16":"purchasable","17":"product-type-variable"},"exclude_global_add_ons":false,"addons":[{"name":"Gew\u00fcnschte Gr\u00f6\u00dfe","type":"multiple_choice","position":0,"required":false,"title_format":"label","default":"","description_enable":false,"description":"","placeholder_enable":false,"placeholder":"","display":"select","restrictions_type":"any_text","adjust_price":false,"price":"","price_type":"flat_fee","restrictions":false,"min":"0","max":"0","options":[{"label":"60 x 40 cm","price":"","price_type":"quantity_based","image":0,"visibility":true},{"label":"70 x 50 cm","price":"10","price_type":"quantity_based","image":0,"visibility":true},{"label":"80 x 50 cm","price":"20","price_type":"quantity_based","image":0,"visibility":true},{"label":"90 x 60 cm","price":"30","price_type":"quantity_based","image":0,"visibility":true},{"label":"100 x 70 cm","price":"42.50","price_type":"quantity_based","image":0,"visibility":true},{"label":"110 x 70 cm","price":"52.50","price_type":"quantity_based","image":0,"visibility":true},{"label":"120 x 80 cm","price":"65","price_type":"quantity_based","image":0,"visibility":true}],"id":1773675643},{"name":"Gew\u00fcnschte Dicke","type":"multiple_choice","position":1,"required":false,"title_format":"label","default":"","description_enable":false,"description":"","placeholder_enable":false,"placeholder":"","display":"select","restrictions_type":"any_text","adjust_price":false,"price":"","price_type":"flat_fee","restrictions":false,"min":"0","max":"0","options":[{"label":"8 cm (standaard)","price":"","price_type":"quantity_based","image":0,"visibility":true},{"label":"10 cm","price":"12.5","price_type":"quantity_based","image":0,"visibility":true},{"label":"12 cm","price":"18","price_type":"quantity_based","image":0,"visibility":true}],"id":1773675644},{"name":"Naam Tag?","type":"multiple_choice","position":0,"required":true,"title_format":"label","default":"","description_enable":false,"description":"","placeholder_enable":false,"placeholder":"","display":"select","restrictions_type":"any_text","adjust_price":false,"price":"","price_type":"flat_fee","restrictions":false,"min":"0","max":"0","options":[{"label":"Nee","price":"","price_type":"quantity_based","image":0,"visibility":true},{"label":"Ja","price":"8.00","price_type":"quantity_based","image":0,"visibility":true}],"id":1773389909},{"name":"Naam Tag tekst","type":"custom_text","position":1,"required":false,"title_format":"label","default":"","description_enable":true,"description":"Voer de naam van je hond in","placeholder_enable":false,"placeholder":"","display":"select","restrictions_type":"any_text","adjust_price":false,"price":"6.00","price_type":"flat_fee","restrictions":false,"min":"0","max":"0","options":[],"id":1773389910},{"name":"Telefoonnummer optioneel onder naam","type":"custom_text","position":2,"required":false,"title_format":"label","default":"","description_enable":true,"description":"Voer je telefoonnummer in","placeholder_enable":false,"placeholder":"","display":"select","restrictions_type":"only_numbers","adjust_price":false,"price":"","price_type":"flat_fee","restrictions":false,"min":"0","max":"0","options":[],"id":1773389911}],"mb":[],"mfb_rest_fields":["title","exclude_global_add_ons","addons"],"_links":{"self":[{"href":"https:\/\/dogpride.nl\/de\/wp-json\/wp\/v2\/product\/101859","targetHints":{"allow":["GET"]}}],"collection":[{"href":"https:\/\/dogpride.nl\/de\/wp-json\/wp\/v2\/product"}],"about":[{"href":"https:\/\/dogpride.nl\/de\/wp-json\/wp\/v2\/types\/product"}],"wp:featuredmedia":[{"embeddable":true,"href":"https:\/\/dogpride.nl\/de\/wp-json\/wp\/v2\/media\/101860"}],"wp:attachment":[{"href":"https:\/\/dogpride.nl\/de\/wp-json\/wp\/v2\/media?parent=101859"}],"wp:term":[{"taxonomy":"product_brand","embeddable":true,"href":"https:\/\/dogpride.nl\/de\/wp-json\/wp\/v2\/product_brand?post=101859"},{"taxonomy":"product_cat","embeddable":true,"href":"https:\/\/dogpride.nl\/de\/wp-json\/wp\/v2\/product_cat?post=101859"},{"taxonomy":"product_tag","embeddable":true,"href":"https:\/\/dogpride.nl\/de\/wp-json\/wp\/v2\/product_tag?post=101859"}],"curies":[{"name":"wp","href":"https:\/\/api.w.org\/{rel}","templated":true}]}}