{"id":101796,"date":"2023-02-07T10:46:42","date_gmt":"2023-02-07T09:46:42","guid":{"rendered":"https:\/\/www.dogpride.nl\/?post_type=product&#038;p=101796"},"modified":"2025-11-08T13:47:39","modified_gmt":"2025-11-08T12:47:39","slug":"gappay-beloningszakje-met-riem-en-clip","status":"publish","type":"product","link":"https:\/\/dogpride.nl\/de\/gappay-beloningszakje-met-riem-en-clip\/","title":{"rendered":"Gappay-Belohnungsbeutel mit G\u00fcrtel und Clip"},"content":{"rendered":"<h4>Gappay-Belohnungsbeutel mit G\u00fcrtel und Clip<\/h4>\n<p>Waschbar, gro\u00dfe \u00d6ffnung, auslaufsicher.<\/p>\n<ul>\n<li>23x17cm<\/li>\n<li>Elegantes Design<\/li>\n<li>Mit Riemen und Clip<\/li>\n<li>Metallclip f\u00fcr Hosen<\/li>\n<li>Waschbar<\/li>\n<li>Zugsystem gegen Leckage<\/li>\n<li>Schnelle, einfache Bedienung<\/li>\n<li>Robustes Material<\/li>\n<li>Polyamidgewebe<\/li>\n<\/ul>\n<p><a href=\"https:\/\/dogpride.nl\/de\/speuren-en-spoorwerk\/voerzakjes\/\"><img loading=\"lazy\" decoding=\"async\" class=\"alignnone\" title=\"Gappay-Belohnungsbeutel mit G\u00fcrtel und Clip\" src=\"https:\/\/dogpride.nl\/wp-content\/uploads\/0988c-150x150.jpg\" alt=\"Gappay beloningszakje met riem en clip\" width=\"150\" height=\"150\" \/><\/a><\/p>\n<p>&nbsp;<\/p>\n<p><a href=\"https:\/\/www.gappay-hundesport.com\/en\" target=\"_blank\" rel=\"noopener\"><img loading=\"lazy\" decoding=\"async\" class=\"alignnone wp-image-142090 size-medium\" src=\"https:\/\/dogpride.nl\/wp-content\/uploads\/gappay_logo-2-300x63.jpg\" alt=\"\" width=\"300\" height=\"63\" srcset=\"https:\/\/dogpride.nl\/wp-content\/uploads\/gappay_logo-2-300x63.jpg 300w, https:\/\/dogpride.nl\/wp-content\/uploads\/gappay_logo-2-18x4.jpg 18w, https:\/\/dogpride.nl\/wp-content\/uploads\/gappay_logo-2-250x52.jpg 250w, https:\/\/dogpride.nl\/wp-content\/uploads\/gappay_logo-2.jpg 305w\" sizes=\"auto, (max-width: 300px) 100vw, 300px\" \/><\/a><\/p>","protected":false},"excerpt":{"rendered":"<p>Praktische Belohnungstasche von Gappay in gr\u00f6\u00dferer Gr\u00f6\u00dfe. Praktisch, wenn Sie gr\u00f6\u00dfere H\u00e4nde haben. Abmessungen: 23 x 17 cm. Mit G\u00fcrtel und Metallclip zur Befestigung der Tasche an der Hose.<\/p>","protected":false},"featured_media":101797,"template":"","meta":[],"product_brand":[],"product_cat":[383],"product_tag":[5234,5236,3331,5235],"class_list":{"0":"post-101796","1":"product","2":"type-product","3":"status-publish","4":"has-post-thumbnail","6":"product_cat-beloningszakjes","7":"product_tag-belongszakje","8":"product_tag-clip","9":"product_tag-gappay","10":"product_tag-riem","12":"first","13":"instock","14":"taxable","15":"shipping-taxable","16":"purchasable","17":"product-type-simple"},"mb":[],"mfb_rest_fields":["title"],"_links":{"self":[{"href":"https:\/\/dogpride.nl\/de\/wp-json\/wp\/v2\/product\/101796","targetHints":{"allow":["GET"]}}],"collection":[{"href":"https:\/\/dogpride.nl\/de\/wp-json\/wp\/v2\/product"}],"about":[{"href":"https:\/\/dogpride.nl\/de\/wp-json\/wp\/v2\/types\/product"}],"wp:featuredmedia":[{"embeddable":true,"href":"https:\/\/dogpride.nl\/de\/wp-json\/wp\/v2\/media\/101797"}],"wp:attachment":[{"href":"https:\/\/dogpride.nl\/de\/wp-json\/wp\/v2\/media?parent=101796"}],"wp:term":[{"taxonomy":"product_brand","embeddable":true,"href":"https:\/\/dogpride.nl\/de\/wp-json\/wp\/v2\/product_brand?post=101796"},{"taxonomy":"product_cat","embeddable":true,"href":"https:\/\/dogpride.nl\/de\/wp-json\/wp\/v2\/product_cat?post=101796"},{"taxonomy":"product_tag","embeddable":true,"href":"https:\/\/dogpride.nl\/de\/wp-json\/wp\/v2\/product_tag?post=101796"}],"curies":[{"name":"wp","href":"https:\/\/api.w.org\/{rel}","templated":true}]}}