{"id":100805,"date":"2023-01-02T15:53:50","date_gmt":"2023-01-02T14:53:50","guid":{"rendered":"https:\/\/www.dogpride.nl\/?post_type=product&#038;p=100805"},"modified":"2025-11-26T16:39:06","modified_gmt":"2025-11-26T15:39:06","slug":"knuffelwuff-watervast-hondenbed-lucky","status":"publish","type":"product","link":"https:\/\/dogpride.nl\/de\/knuffelwuff-watervast-hondenbed-lucky\/","title":{"rendered":"Cuddlewuff Wasserdichtes Hundebett LUCKY"},"content":{"rendered":"<h4 data-start=\"299\" data-end=\"353\">Wat is het Knuffelwuff Watervast Hondenbed LUCKY?<\/h4>\n<p data-start=\"355\" data-end=\"940\">Es <strong data-start=\"359\" data-end=\"400\">Knuffelwuff Watervast Hondenbed LUCKY<\/strong> is een robuust, hygi\u00ebnisch en uiterst comfortabel hondenbed dat speciaal is ontworpen voor honden die graag buiten spelen, nat worden of baat hebben bij een onderhoudsvriendelijk ligoppervlak. Dit stevige hondenbed is ideaal voor actieve honden en baasjes die een duurzaam, waterafstotend en slijtvast bed zoeken dat jarenlang meegaat.<br data-start=\"736\" data-end=\"739\" \/>Dankzij het strakke ontwerp en de hoogwaardige materialen past het Knuffelwuff Watervast Hondenbed LUCKY perfect in moderne interieurs, maar ook in garages, kennels, veranda\u2019s of vakantieaccommodaties.<\/p>\n<p data-start=\"355\" data-end=\"940\"><a href=\"https:\/\/dogpride.nl\/de\/hondenmanden\/knuffelwuff-hondenmanden\/\"><img loading=\"lazy\" decoding=\"async\" class=\"alignnone\" title=\"Cuddlewuff Wasserdichtes Hundebett LUCKY\" src=\"https:\/\/dogpride.nl\/wp-content\/uploads\/knuffelwuff-wasserfestes-in-und-outdoor-hundebett-lucky-aus-nylongewebe-xxl-118-x-85cm-schwarz.jpg\" alt=\"Knuffelwuff Watervast hondenbed LUCKY\" width=\"162\" height=\"162\" \/><\/a><\/p>\n<hr data-start=\"942\" data-end=\"945\" \/>\n<h4 data-start=\"1532\" data-end=\"1580\">Stevige, duurzame materialen voor elke hond<\/h4>\n<p data-start=\"1582\" data-end=\"1934\">Es <strong data-start=\"1586\" data-end=\"1627\">Knuffelwuff Watervast Hondenbed LUCKY<\/strong> is vervaardigd uit hoogwaardige, sterke materialen die ontworpen zijn voor langdurige belasting. De bekleding is kras- en scheurvast, waardoor het bed ook geschikt is voor honden die graag \u201cgraven\u201d of draaien voordat ze gaan liggen.<br data-start=\"1860\" data-end=\"1863\" \/>De stevige stiksels en robuuste randen zorgen ervoor dat het hondenbed:<\/p>\n<ul data-start=\"1936\" data-end=\"2087\">\n<li data-start=\"1936\" data-end=\"1958\">\n<p data-start=\"1938\" data-end=\"1958\">niet snel vervormt<\/p>\n<\/li>\n<li data-start=\"1959\" data-end=\"1984\">\n<p data-start=\"1961\" data-end=\"1984\">jarenlang mooi blijft<\/p>\n<\/li>\n<li data-start=\"1985\" data-end=\"2033\">\n<p data-start=\"1987\" data-end=\"2033\">bestand is tegen intensief dagelijks gebruik<\/p>\n<\/li>\n<li data-start=\"2034\" data-end=\"2087\">\n<p data-start=\"2036\" data-end=\"2087\">veilig en stabiel blijft, zelfs voor zware honden<\/p>\n<\/li>\n<\/ul>\n<p data-start=\"2089\" data-end=\"2210\">Hierdoor is het Knuffelwuff Watervast Hondenbed LUCKY een slimme investering voor actieve huishoudens of meerdere honden.<\/p>\n<hr data-start=\"2212\" data-end=\"2215\" \/>\n<h4 data-start=\"2217\" data-end=\"2263\">Comfortabele en ondersteunende ligvulling<\/h4>\n<p data-start=\"2265\" data-end=\"2427\">Ondanks zijn sterke, functionele ontwerp biedt het <strong data-start=\"2316\" data-end=\"2357\">Knuffelwuff Watervast Hondenbed LUCKY<\/strong> een verrassend hoog comfortniveau. De dikke schuimvulling zorgt voor:<\/p>\n<ul data-start=\"2429\" data-end=\"2571\">\n<li data-start=\"2429\" data-end=\"2455\">\n<p data-start=\"2431\" data-end=\"2455\">optimale drukverdeling<\/p>\n<\/li>\n<li data-start=\"2456\" data-end=\"2489\">\n<p data-start=\"2458\" data-end=\"2489\">ondersteuning voor gewrichten<\/p>\n<\/li>\n<li data-start=\"2490\" data-end=\"2528\">\n<p data-start=\"2492\" data-end=\"2528\">een stevige maar zachte ondergrond<\/p>\n<\/li>\n<li data-start=\"2529\" data-end=\"2571\">\n<p data-start=\"2531\" data-end=\"2571\">verbeterd ligcomfort voor seniorhonden<\/p>\n<\/li>\n<\/ul>\n<p data-start=\"2573\" data-end=\"2710\">Honden liggen stabiel en ontspannen, wat het bed perfect maakt voor dutjes, nachtrust en hersteltijd na wandelingen of sportactiviteiten.<\/p>\n<hr data-start=\"2712\" data-end=\"2715\" \/>\n<h4 data-start=\"2717\" data-end=\"2759\">Ideaal voor binnen, buiten en op reis<\/h4>\n<p data-start=\"2761\" data-end=\"2919\">Es <strong data-start=\"2765\" data-end=\"2806\">Knuffelwuff Watervast Hondenbed LUCKY<\/strong> is multifunctioneel inzetbaar. Dankzij de robuuste en waterbestendige eigenschappen kan het bed worden gebruikt:<\/p>\n<ul data-start=\"2921\" data-end=\"3092\">\n<li data-start=\"2921\" data-end=\"2940\">\n<p data-start=\"2923\" data-end=\"2940\">in de woonkamer<\/p>\n<\/li>\n<li data-start=\"2941\" data-end=\"2968\">\n<p data-start=\"2943\" data-end=\"2968\">op het terras of balkon<\/p>\n<\/li>\n<li data-start=\"2969\" data-end=\"2983\">\n<p data-start=\"2971\" data-end=\"2983\">in de tuin<\/p>\n<\/li>\n<li data-start=\"2984\" data-end=\"3011\">\n<p data-start=\"2986\" data-end=\"3011\">in de auto of achterbak<\/p>\n<\/li>\n<li data-start=\"3012\" data-end=\"3046\">\n<p data-start=\"3014\" data-end=\"3046\">in kennels of hondenverblijven<\/p>\n<\/li>\n<li data-start=\"3047\" data-end=\"3092\">\n<p data-start=\"3049\" data-end=\"3092\">op vakantie, in hotels of vakantiehuisjes<\/p>\n<\/li>\n<\/ul>\n<p data-start=\"3094\" data-end=\"3163\">Het bed behoudt zijn vorm en kwaliteit, ongeacht waar je het plaatst.<\/p>\n<hr data-start=\"3165\" data-end=\"3168\" \/>\n<h4 data-start=\"3170\" data-end=\"3202\">Hygi\u00ebnisch en geurafstotend<\/h4>\n<p data-start=\"3204\" data-end=\"3383\">Dankzij de waterdichte bekleding neemt het <strong data-start=\"3247\" data-end=\"3288\">Knuffelwuff Watervast Hondenbed LUCKY<\/strong> geen geuren op en blijven haren en vuil bovenop de stof liggen. Dit maakt het bed ideaal voor:<\/p>\n<ul data-start=\"3385\" data-end=\"3533\">\n<li data-start=\"3385\" data-end=\"3408\">\n<p data-start=\"3387\" data-end=\"3408\">honden die verharen<\/p>\n<\/li>\n<li data-start=\"3409\" data-end=\"3454\">\n<p data-start=\"3411\" data-end=\"3454\">honden die buitenactiviteiten leuk vinden<\/p>\n<\/li>\n<li data-start=\"3455\" data-end=\"3480\">\n<p data-start=\"3457\" data-end=\"3480\">honden met allergie\u00ebn<\/p>\n<\/li>\n<li data-start=\"3481\" data-end=\"3533\">\n<p data-start=\"3483\" data-end=\"3533\">baasjes die snel en eenvoudig willen schoonmaken<\/p>\n<\/li>\n<\/ul>\n<p data-start=\"3535\" data-end=\"3607\">Een schoon bed betekent ook een schonere omgeving voor hond \u00e9n eigenaar.<\/p>\n<hr data-start=\"3609\" data-end=\"3612\" \/>\n<h4 data-start=\"3614\" data-end=\"3661\">Antislip-onderzijde voor extra stabiliteit<\/h4>\n<p data-start=\"3663\" data-end=\"3972\">Es <strong data-start=\"3667\" data-end=\"3708\">Knuffelwuff Watervast Hondenbed LUCKY<\/strong> is voorzien van een antislip-laag aan de onderkant. Hierdoor verschuift het bed niet wanneer de hond erop springt, draait of enthousiast gaat liggen.<br data-start=\"3858\" data-end=\"3861\" \/>Dit is vooral handig op gladde vloeren zoals laminaat, tegels of vinyl, maar ook in auto\u2019s of buitenverblijven.<\/p>\n<hr data-start=\"3974\" data-end=\"3977\" \/>\n<h4 data-start=\"3979\" data-end=\"4010\">Modern en tijdloos ontwerp<\/h4>\n<p data-start=\"4012\" data-end=\"4375\">Naast functionaliteit heeft het <strong data-start=\"4044\" data-end=\"4085\">Knuffelwuff Watervast Hondenbed LUCKY<\/strong> een strak en modern design. De neutrale kleurstelling past moeiteloos in diverse woonstijlen en staat ook stijlvol in professionele omgevingen zoals trimsalons of dierenartsenpraktijken.<br data-start=\"4272\" data-end=\"4275\" \/>Het bed oogt luxe, is degelijk afgewerkt en vormt een mooie aanvulling op iedere hondenhoek in huis.<\/p>\n<hr data-start=\"4377\" data-end=\"4380\" \/>\n<h4 data-start=\"4382\" data-end=\"4448\">Waarom kiezen voor het Knuffelwuff Watervast Hondenbed LUCKY?<\/h4>\n<p data-start=\"4450\" data-end=\"4855\">Es <strong data-start=\"4454\" data-end=\"4495\">Knuffelwuff Watervast Hondenbed LUCKY<\/strong> biedt een perfecte combinatie van duurzaamheid, hygi\u00ebne, comfort en gebruiksgemak. Het is bestand tegen water, vuil en slijtage, terwijl je hond geniet van een heerlijke, ondersteunende rustplek.<br data-start=\"4691\" data-end=\"4694\" \/>Voor baasjes die een onderhoudsvrij, sterk en stijlvol hondenbed zoeken dat jarenlang meegaat, is dit model een uitstekende keuze \u2014 zowel voor binnen als buiten.<\/p>\n<div class=\"div_content row\">\n<div class=\"beschreibung_spalte2 col-xs-12 col-sm-6\">\n<p>Dieses Hundebett ist in den folgenden Farben erh\u00e4ltlich: Brijn, Schwarz, Grau und Rot<\/p>\n<p><strong>Gr\u00f6\u00dfen:<\/strong><\/p>\n<p><img loading=\"lazy\" decoding=\"async\" class=\"alignnone wp-image-100814\" src=\"https:\/\/www.dogpride.nl\/wp-content\/uploads\/Afmetingen-Lucky-1-1024x539.jpg\" alt=\"Maattabel\" width=\"835\" height=\"439\" srcset=\"https:\/\/dogpride.nl\/wp-content\/uploads\/Afmetingen-Lucky-1-1024x539.jpg 1024w, https:\/\/dogpride.nl\/wp-content\/uploads\/Afmetingen-Lucky-1-250x131.jpg 250w, https:\/\/dogpride.nl\/wp-content\/uploads\/Afmetingen-Lucky-1-400x210.jpg 400w, https:\/\/dogpride.nl\/wp-content\/uploads\/Afmetingen-Lucky-1-300x158.jpg 300w, https:\/\/dogpride.nl\/wp-content\/uploads\/Afmetingen-Lucky-1-768x404.jpg 768w, https:\/\/dogpride.nl\/wp-content\/uploads\/Afmetingen-Lucky-1-200x105.jpg 200w, https:\/\/dogpride.nl\/wp-content\/uploads\/Afmetingen-Lucky-1-600x316.jpg 600w, https:\/\/dogpride.nl\/wp-content\/uploads\/Afmetingen-Lucky-1-800x421.jpg 800w, https:\/\/dogpride.nl\/wp-content\/uploads\/Afmetingen-Lucky-1-1200x631.jpg 1200w, https:\/\/dogpride.nl\/wp-content\/uploads\/Afmetingen-Lucky-1.jpg 1251w\" sizes=\"auto, (max-width: 835px) 100vw, 835px\" \/><\/p>\n<\/div>\n<p><a href=\"https:\/\/dogpride.nl\/de\/hondenmanden\/knuffelwuff-hondenmanden\/\"><img loading=\"lazy\" decoding=\"async\" class=\"alignnone\" title=\"Cuddlewuff Wasserdichtes Hundebett LUCKY\" src=\"https:\/\/dogpride.nl\/wp-content\/uploads\/knuffelwuff-wasserfestes-in-und-outdoor-hundebett-lucky-aus-nylongewebe-xxl-118-x-85cm-schwarz.jpg\" alt=\"Knuffelwuff Watervast hondenbed LUCKY\" width=\"162\" height=\"162\" \/><\/a><\/p>\n<div class=\"beschreibung_spalte2 col-xs-12 col-sm-6\">\n<p><a href=\"https:\/\/www.knuffelwuff.de\/\" target=\"_blank\" rel=\"noopener\"><img loading=\"lazy\" decoding=\"async\" class=\"alignnone wp-image-145218 size-full\" src=\"https:\/\/dogpride.nl\/wp-content\/uploads\/Knuffelwuff-logo.jpg\" alt=\"Knuffelwuff logo\" width=\"141\" height=\"81\" srcset=\"https:\/\/dogpride.nl\/wp-content\/uploads\/Knuffelwuff-logo.jpg 141w, https:\/\/dogpride.nl\/wp-content\/uploads\/Knuffelwuff-logo-18x10.jpg 18w\" sizes=\"auto, (max-width: 141px) 100vw, 141px\" \/><\/a><\/p>\n<\/div>\n<\/div>","protected":false},"excerpt":{"rendered":"<p>Das Obermaterial besteht aus Cordura, einem strapazierf\u00e4higen Nylongewebe, das f\u00fcr hohe Rei\u00df- und Abriebfestigkeit ausgelegt ist. Das Hundebett \u00fcbersteht jeden Regenschauer. Dadurch ist dieses praktische und robuste Hundebett sowohl f\u00fcr den Innen- als auch f\u00fcr den Au\u00dfenbereich geeignet.<\/p>","protected":false},"featured_media":100807,"template":"","meta":[],"product_brand":[],"product_cat":[1578],"product_tag":[15092,15089,15091,15085,15093,15090,14819,15088,15087,15086],"class_list":{"0":"post-100805","1":"product","2":"type-product","3":"status-publish","4":"has-post-thumbnail","6":"product_cat-knuffelwuff-hondenmanden","7":"product_tag-duurzaam-hondenkussen","8":"product_tag-hondenbed-kunstleer","9":"product_tag-hygienisch-hondenbed","10":"product_tag-knuffelwuff-lucky","11":"product_tag-makkelijk-schoon-hondenbed","12":"product_tag-outdoor-hondenbed","13":"product_tag-premium-hondenbed","14":"product_tag-sterke-hondenmand","15":"product_tag-waterdicht-hondenbed","16":"product_tag-watervast-hondenbed","18":"first","19":"instock","20":"taxable","21":"shipping-taxable","22":"purchasable","23":"product-type-variable"},"mb":[],"mfb_rest_fields":["title"],"_links":{"self":[{"href":"https:\/\/dogpride.nl\/de\/wp-json\/wp\/v2\/product\/100805","targetHints":{"allow":["GET"]}}],"collection":[{"href":"https:\/\/dogpride.nl\/de\/wp-json\/wp\/v2\/product"}],"about":[{"href":"https:\/\/dogpride.nl\/de\/wp-json\/wp\/v2\/types\/product"}],"wp:featuredmedia":[{"embeddable":true,"href":"https:\/\/dogpride.nl\/de\/wp-json\/wp\/v2\/media\/100807"}],"wp:attachment":[{"href":"https:\/\/dogpride.nl\/de\/wp-json\/wp\/v2\/media?parent=100805"}],"wp:term":[{"taxonomy":"product_brand","embeddable":true,"href":"https:\/\/dogpride.nl\/de\/wp-json\/wp\/v2\/product_brand?post=100805"},{"taxonomy":"product_cat","embeddable":true,"href":"https:\/\/dogpride.nl\/de\/wp-json\/wp\/v2\/product_cat?post=100805"},{"taxonomy":"product_tag","embeddable":true,"href":"https:\/\/dogpride.nl\/de\/wp-json\/wp\/v2\/product_tag?post=100805"}],"curies":[{"name":"wp","href":"https:\/\/api.w.org\/{rel}","templated":true}]}}