{"id":71746,"date":"2021-08-25T16:09:08","date_gmt":"2021-08-25T14:09:08","guid":{"rendered":"https:\/\/dogpride1.wpengine.com\/?page_id=71746"},"modified":"2026-04-08T10:07:33","modified_gmt":"2026-04-08T08:07:33","slug":"terugbetalen_retournering","status":"publish","type":"page","link":"https:\/\/dogpride.nl\/de\/terugbetalen_retournering\/","title":{"rendered":"Terugbetaal- en retourneringsbeleid"},"content":{"rendered":"<div class=\"brz-root__container brz-reset-all brz\">\n<section id=\"_qysgxycfatjhfbrbljkddbvhlqpdcnggxwjb\" class=\"brz-section brz-css-xQw_l\">\n<div class=\"brz-section__content brz-section--fullWidth brz-css-pkmNF brz-css-rCrWw\" data-brz-custom-id=\"mtfdtocujbrmeehxhazyziowqopzncrslmwn\">\n<div class=\"brz-bg\">\n<div class=\"brz-bg-image\"><\/div>\n<\/div>\n<div class=\"brz-container brz-css-jTluf brz-css-kK4v_\">\n<div class=\"brz-row__container brz-css-bUk8D brz-css-lwj8M\" data-brz-custom-id=\"wzkunnkieozpbwepmdfgrhaenlkujyfjiogj\">\n<div class=\"brz-bg\"><\/div>\n<div class=\"brz-row brz-css-lFOaB brz-css-aXrOF\">\n<div class=\"brz-columns brz-css-czi3F brz-css-cYqp3\" data-brz-custom-id=\"tbpupbziqooteeeoocuenrnmjmnokubgmerv\">\n<div class=\"brz-bg\"><\/div>\n<div class=\"brz-column__items brz-css-vKN7L brz-css-xtSBI\">\n<div id=\"\" class=\"brz-css-e6HKD brz-css-lNMNQ brz-wrapper\">\n<div class=\"brz-spacer brz-css-uI8hd brz-css-kqXBN\"><\/div>\n<\/div>\n<div id=\"\" class=\"brz-css-e6HKD brz-css-lNMNQ brz-wrapper\">\n<div class=\"brz-spacer brz-css-uI8hd brz-css-vaZkh\"><\/div>\n<\/div>\n<div id=\"\" class=\"brz-css-e6HKD brz-css-lNMNQ brz-wrapper\">\n<div class=\"brz-spacer brz-css-uI8hd brz-css-qzyZY\"><\/div>\n<\/div>\n<\/div>\n<\/div>\n<\/div>\n<\/div>\n<\/div>\n<\/div>\n<\/section>\n<section id=\"_vgceomiftnawtbjcobmwzsexcwejcftfnuwd\" class=\"brz-section brz-css-xQw_l\">\n<div class=\"brz-section__content brz-section--boxed brz-css-pkmNF brz-css-gCGiI\" data-brz-custom-id=\"wqvptufbrwtqwkfrkocngdaaymzlzhzumoda\">\n<div class=\"brz-bg\">\n<div class=\"brz-bg-image\"><\/div>\n<div class=\"brz-bg-color\"><\/div>\n<div class=\"brz-bg-shape brz-bg-shape__bottom\"><\/div>\n<\/div>\n<div class=\"brz-container brz-css-jTluf\">\n<div class=\"brz-row__container brz-css-bUk8D brz-css-lMe0V\" data-brz-custom-id=\"mvhjiwxbdwvqcpdbffwmeqmtwnjklcmlzlfv\">\n<div class=\"brz-bg\"><\/div>\n<div class=\"brz-row brz-css-lFOaB brz-css-emL6p\">\n<div class=\"brz-columns brz-css-czi3F brz-css-fUNq6\" data-brz-custom-id=\"nfzbmlhxrdjxbltklpaemmzrmbrtrduxlkay\">\n<div class=\"brz-bg\">\n<div class=\"brz-bg-color\"><\/div>\n<\/div>\n<div class=\"brz-column__items brz-css-vKN7L brz-css-u2goC\">\n<div id=\"\" class=\"brz-css-e6HKD brz-css-rLx3G brz-wrapper\">\n<div class=\"brz-rich-text brz-rich-text__custom brz-css-zWPln\" data-brz-custom-id=\"dmbrqlsonyszvglgbcwsmsnkoymsvpeljmuj\">\n<div data-brz-translate-text=\"1\">\n<h2 class=\"brz-tp-lg-heading2 brz-css-pDaZF\" data-uniq-id=\"ynpox\" data-generated-css=\"brz-css-kvhmr\"><span class=\"brz-cp-color1\">R\u00fccknahmegarantie<\/span><\/h2>\n<\/div>\n<\/div>\n<\/div>\n<\/div>\n<\/div>\n<\/div>\n<\/div>\n<\/div>\n<\/div>\n<\/section>\n<section id=\"_kekscjcqwtpnczeiogunqqfpbbhqjvxanote\" class=\"brz-section brz-css-xQw_l\">\n<div class=\"brz-section__content brz-section--boxed brz-css-pkmNF\" data-brz-custom-id=\"omttthofdjtpyloyabanpdxuxgzpwpjizyoh\">\n<div class=\"brz-container brz-css-jTluf\">\n<div id=\"\" class=\"brz-css-e6HKD brz-wrapper\">\n<div class=\"brz-rich-text brz-rich-text__custom brz-css-zWPln\" data-brz-custom-id=\"jhflnvzevsvizwtybgbpcfhsepslszhwunlu\">\n<div data-brz-translate-text=\"1\">\n<p class=\"brz-tp-lg-paragraph brz-css-mRNdA\" data-uniq-id=\"omekm\" data-generated-css=\"brz-css-jdnpi\"><strong>R\u00fccknahmegarantie<\/strong><\/p>\n<ol>\n<li class=\"brz-tp-lg-paragraph brz-css-xT06G\" data-uniq-id=\"ttwvp\" data-generated-css=\"brz-css-pxgfh\">Sollten die bestellten Produkte nicht Ihren Erwartungen entsprechen oder Sie ein falsches Produkt bestellt haben, k\u00f6nnen Sie die Produkte nach schriftlicher (E-Mail-)Absprache innerhalb von 14 Tagen in der Originalverpackung, sauber und unbenutzt sowie ausreichend frankiert (Kosten f\u00fcr den Kunden) zur\u00fccksenden. Sonderanfertigungen sind vom Umtausch ausgeschlossen.<\/li>\n<li class=\"brz-tp-lg-paragraph brz-css-fh7Y1\" data-uniq-id=\"mdqge\" data-generated-css=\"brz-css-yysck\">Um f\u00fcr unseren Kundenservice Klarheit zu schaffen, m\u00fcssen Sie der Sendung eine Kopie der Rechnung, Ihre Bank- oder Gironummer und den Grund der R\u00fccksendung beilegen.<\/li>\n<li class=\"brz-tp-lg-paragraph brz-css-fbE34\" data-uniq-id=\"rvmaq\" data-generated-css=\"brz-css-stnom\">Die R\u00fccksendung von Artikeln erfolgt auf Ihre Kosten und Gefahr. Es ist ratsam, f\u00fcr R\u00fccksendungen einen Versandnachweis anzufordern.<\/li>\n<li class=\"brz-tp-lg-paragraph brz-css-zjZ8h\" data-uniq-id=\"exmtn\" data-generated-css=\"brz-css-vmlaf\">Wenn Ihre R\u00fccksendung die Bedingungen erf\u00fcllt, erstatten wir Ihnen den Kaufbetrag innerhalb von 5 Werktagen auf Ihr Bank- oder Girokonto. Die von Dogpride NL berechneten Versandkosten werden vom zu erstattenden Betrag abgezogen.<\/li>\n<li class=\"brz-tp-lg-paragraph brz-css-fTaEP\" data-uniq-id=\"vgaru\" data-generated-css=\"brz-css-hxycp\">Trotz der gro\u00dfen Sorgfalt, mit der wir Ihre Bestellung bearbeiten, ist es m\u00f6glich, dass Sie das falsche Produkt erhalten. In diesem Fall sollten Sie uns immer per E-Mail info@dogpride.nl oder telefonisch unter +31315-655930 kontaktieren.<\/li>\n<li class=\"brz-tp-lg-paragraph brz-css-pdH8P\" data-uniq-id=\"iagur\" data-generated-css=\"brz-css-aexnc\">Wenn die von Dogpride NL gelieferten Artikel nicht innerhalb der \u201eGenehmigungsfrist\u201c von 14 Tagen zur\u00fcckgegeben werden, gelten die Artikel als von Ihnen ohne Widerspruch angenommen.<\/li>\n<\/ol>\n<p class=\"brz-tp-lg-paragraph brz-css-mvtGe\" data-uniq-id=\"qoowt\" data-generated-css=\"brz-css-pvzjs\"><\/p>\n<p class=\"brz-tp-lg-paragraph brz-css-n33FY\" data-uniq-id=\"xzzwk\" data-generated-css=\"brz-css-uxyle\"><strong>Austausch<\/strong><\/p>\n<ol>\n<li class=\"brz-tp-lg-paragraph brz-css-fHQxR\" data-uniq-id=\"kyjsz\" data-generated-css=\"brz-css-bcmbl\">Ein Umtausch der bestellten Artikel ist m\u00f6glich. Sie k\u00f6nnen Ihre Bestellung innerhalb von 14 Tagen unter den in Artikel 9 genannten Bedingungen zur\u00fcckgeben. Der Artikel ist ausreichend frankiert an uns einzusenden. Wenn Sie einen weiteren Artikel erhalten m\u00f6chten, kontaktieren Sie uns bitte telefonisch oder per E-Mail. Nach Zahlung der Versandkosten und etwaiger zus\u00e4tzlicher Zahlungen, falls das Produkt teurer ist, versendet Dogpride NL Ihr Paket.<\/li>\n<li class=\"brz-tp-lg-paragraph brz-css-k3Y3g\" data-uniq-id=\"mhhrt\" data-generated-css=\"brz-css-isqlv\">Individuell bestellte Produkte k\u00f6nnen nicht zur\u00fcckgegeben oder storniert werden.<\/li>\n<\/ol>\n<p class=\"brz-tp-lg-paragraph brz-css-wrgVr\" data-uniq-id=\"zzbdx\" data-generated-css=\"brz-css-iaxcg\"><\/p>\n<p class=\"brz-tp-lg-paragraph brz-css-zegrV\" data-uniq-id=\"fsxuf\" data-generated-css=\"brz-css-pagtv\"><strong>R\u00fccksendungen aus dem Ausland<\/strong>.<\/p>\n<p class=\"brz-tp-lg-paragraph brz-css-ooYJN\" data-uniq-id=\"npixw\" data-generated-css=\"brz-css-tdkhb\">F\u00fcr R\u00fccksendungen aus dem Ausland gelten die gleichen Bedingungen. ACHTUNG! Dein<\/p>\n<p class=\"brz-tp-lg-paragraph brz-css-zVpqN\" data-uniq-id=\"zgvvt\" data-generated-css=\"brz-css-gtiyt\">R\u00fccksendungen ins Ausland k\u00f6nnen nur nach R\u00fccksprache bearbeitet werden.<\/p>\n<\/div>\n<\/div>\n<\/div>\n<\/div>\n<\/div>\n<\/section>\n<\/div>\n<p>    <!-- version:1732001550 --><\/p>","protected":false},"excerpt":{"rendered":"<p>Retourbeleid Retourbeleid Wanneer de bestelde producten niet aan uw verwachtingen voldoen of u heeft een verkeerd product besteld, dan kunt u, na schiftelijk (email) overleg, de producten binnen 14 dagen in de originele verpakking, schoon en ongebruikt en voldoende gefrankeerd (kosten klant) retour sturen. Op maat gemaakte artikelen kunnen niet worden geretourneerd. Om duidelijkheid te [&hellip;]<\/p>\n","protected":false},"author":2,"featured_media":0,"parent":0,"menu_order":0,"comment_status":"closed","ping_status":"closed","template":"","meta":{"footnotes":""},"class_list":["post-71746","page","type-page","status-publish","hentry"],"blocksy_meta":[],"mb":[],"brizy_media":[],"mfb_rest_fields":["title","blocksy_meta","brizy_media"],"_links":{"self":[{"href":"https:\/\/dogpride.nl\/de\/wp-json\/wp\/v2\/pages\/71746","targetHints":{"allow":["GET"]}}],"collection":[{"href":"https:\/\/dogpride.nl\/de\/wp-json\/wp\/v2\/pages"}],"about":[{"href":"https:\/\/dogpride.nl\/de\/wp-json\/wp\/v2\/types\/page"}],"author":[{"embeddable":true,"href":"https:\/\/dogpride.nl\/de\/wp-json\/wp\/v2\/users\/2"}],"replies":[{"embeddable":true,"href":"https:\/\/dogpride.nl\/de\/wp-json\/wp\/v2\/comments?post=71746"}],"version-history":[{"count":0,"href":"https:\/\/dogpride.nl\/de\/wp-json\/wp\/v2\/pages\/71746\/revisions"}],"wp:attachment":[{"href":"https:\/\/dogpride.nl\/de\/wp-json\/wp\/v2\/media?parent=71746"}],"curies":[{"name":"wp","href":"https:\/\/api.w.org\/{rel}","templated":true}]}}