{"id":69181,"date":"2021-07-11T21:09:44","date_gmt":"2021-07-11T19:09:44","guid":{"rendered":"https:\/\/dogpride1.wpengine.com\/?page_id=69181"},"modified":"2026-04-06T17:37:15","modified_gmt":"2026-04-06T15:37:15","slug":"over-ons","status":"publish","type":"page","link":"https:\/\/dogpride.nl\/de\/over-ons\/","title":{"rendered":"\u00dcber uns"},"content":{"rendered":"<div class=\"brz-root__container brz-reset-all brz\">\n<section id=\"_yftjetnquxzgfvymdwqbddfrrcffqbegwykg\" class=\"brz-section brz-css-y6EkL\">\n<div class=\"brz-section__content brz-section--fullWidth brz-css-sPvA4 brz-css-hG0UV\" data-brz-custom-id=\"jzfgqjyvxzypzjvsighondiwgtvbzdskyqdr\">\n<div class=\"brz-bg\">\n<div class=\"brz-bg-image\"><\/div>\n<\/div>\n<div class=\"brz-container brz-css-hT7NU brz-css-yyGDF\">\n<div class=\"brz-row__container brz-css-wDhql brz-css-u9IqE\" data-brz-custom-id=\"xykkcpujjvyobhyvyzcwbrzrbrcylbausgfg\">\n<div class=\"brz-bg\"><\/div>\n<div class=\"brz-row brz-css-ctWnz brz-css-jpXXo\">\n<div class=\"brz-columns brz-css-kPxol brz-css-nqmB4\" data-brz-custom-id=\"fyedzmeaylqomhukuiynlaknbjutksstxkrc\">\n<div class=\"brz-bg\"><\/div>\n<div class=\"brz-column__items brz-css-lC8XF brz-css-jHz6C\">\n<div id=\"\" class=\"brz-css-k9iEV brz-css-tm6pC brz-wrapper\">\n<div class=\"brz-spacer brz-css-dlWin brz-css-bbzeN\"><\/div>\n<\/div>\n<div id=\"\" class=\"brz-css-k9iEV brz-css-tm6pC brz-wrapper\">\n<div class=\"brz-spacer brz-css-dlWin brz-css-ezCZO\"><\/div>\n<\/div>\n<div id=\"\" class=\"brz-css-k9iEV brz-css-tm6pC brz-wrapper\">\n<div class=\"brz-spacer brz-css-dlWin brz-css-xDbD3\"><\/div>\n<\/div>\n<\/div>\n<\/div>\n<\/div>\n<\/div>\n<\/div>\n<\/div>\n<\/section>\n<section id=\"_dxdvkgymooahlgmiokwploexhdcrpaqhaupv\" class=\"brz-section brz-css-y6EkL\">\n<div class=\"brz-section__content brz-section--boxed brz-css-sPvA4 brz-css-l8tKt\" data-brz-custom-id=\"wazjcjrgkxafzjpnyhtvvchaycjrwyvnxwfi\">\n<div class=\"brz-bg\">\n<div class=\"brz-bg-image\"><\/div>\n<div class=\"brz-bg-color\"><\/div>\n<div class=\"brz-bg-shape brz-bg-shape__bottom\"><\/div>\n<\/div>\n<div class=\"brz-container brz-css-hT7NU\">\n<div class=\"brz-row__container brz-css-wDhql brz-css-d6dhn\" data-brz-custom-id=\"gmvuykdpqnewwohnitvbduchmgdawqfknwoo\">\n<div class=\"brz-bg\"><\/div>\n<div class=\"brz-row brz-css-ctWnz brz-css-z0yX2\">\n<div class=\"brz-columns brz-css-kPxol brz-css-mH9O8\" data-brz-custom-id=\"sjwipcqakbcqtygsilvkhjtmdhcobosyazvd\">\n<div class=\"brz-bg\">\n<div class=\"brz-bg-color\"><\/div>\n<\/div>\n<div class=\"brz-column__items brz-css-lC8XF brz-css-iWNnC\">\n<div id=\"\" class=\"brz-css-k9iEV brz-css-soALG brz-wrapper\">\n<div class=\"brz-rich-text brz-rich-text__custom brz-css-w4hk9\" data-brz-custom-id=\"gyqmcytcaafvnazwlxphfnfvzigmgijfodga\">\n<div data-brz-translate-text=\"1\">\n<h1 class=\"brz-tp-lg-heading2 brz-css-sjn79\" data-uniq-id=\"jhpob\" data-generated-css=\"brz-css-dshnh\"><strong class=\"brz-cp-color1\" style=\"background-color: transparent\">\u00dcber uns<\/strong><\/h1>\n<\/div>\n<\/div>\n<\/div>\n<\/div>\n<\/div>\n<\/div>\n<\/div>\n<\/div>\n<\/div>\n<\/section>\n<section id=\"_pwumframcrttzweldgiankezmgaswzndjuda\" class=\"brz-section brz-css-y6EkL\">\n<div class=\"brz-section__content brz-section--boxed brz-css-sPvA4 brz-css-cpABP\" data-brz-custom-id=\"vaogytlikminfwyeixbwzhyhxzlmigyqmutg\">\n<div class=\"brz-bg\">\n<div class=\"brz-bg-color\"><\/div>\n<\/div>\n<div class=\"brz-container brz-css-hT7NU\">\n<div class=\"brz-row__container brz-css-wDhql\" data-brz-custom-id=\"ldthviryiaewefbvktrtkuplmvljoiqymxoe\">\n<div class=\"brz-bg\"><\/div>\n<div class=\"brz-row brz-css-ctWnz brz-css-jpXXo\">\n<div class=\"brz-columns brz-css-kPxol brz-css-kQI_8\" data-brz-custom-id=\"ykcdbwnuncqygunwrcktajiigxwscmlmelnf\">\n<div class=\"brz-bg\"><\/div>\n<div class=\"brz-column__items brz-css-lC8XF brz-css-p9VyX\">\n<div id=\"\" class=\"brz-css-k9iEV brz-wrapper\">\n<div class=\"brz-image brz-css-bX4ak brz-css-w2Ysz\" data-brz-custom-id=\"vvnzctlowfdkbkituycvergdebjprzylyjsb\"><img decoding=\"async\" class=\"brz-img\" src=\"https:\/\/dogpride.nl\/wp-content\/uploads\/brizy\/imgs\/Kyno-technische-eenheid-scaled-737x489x70x0x450x489x1689847722.jpg\" alt=\"\" loading=\"lazy\"><\/div>\n<\/div>\n<\/div>\n<\/div>\n<div class=\"brz-columns brz-css-kPxol brz-css-lTRBS\" data-brz-custom-id=\"izyhwdgxpszevktizjhkldiclmumjwqyxyes\">\n<div class=\"brz-bg\"><\/div>\n<div class=\"brz-column__items brz-css-lC8XF brz-css-tNA1i\">\n<div id=\"\" class=\"brz-css-k9iEV brz-css-sX4hf brz-wrapper\">\n<div class=\"brz-rich-text brz-rich-text__custom brz-css-w4hk9\" data-brz-custom-id=\"efehwlabrryjkdonlqxrfglpjnzpojikmkgi\">\n<div data-brz-translate-text=\"1\">\n<h2 class=\"brz-tp-lg-heading2 brz-css-yyWdn\" data-uniq-id=\"mnimi\" data-generated-css=\"brz-css-onqha\"><span class=\"brz-cp-color1\">Die Gr\u00fcnder von Dogpride<\/span><\/h2>\n<\/div>\n<\/div>\n<\/div>\n<div id=\"\" class=\"brz-css-k9iEV brz-css-tm6pC brz-wrapper\">\n<div class=\"brz-spacer brz-css-dlWin brz-css-qy8Wj\"><\/div>\n<\/div>\n<div id=\"\" class=\"brz-css-k9iEV brz-css-yik4m brz-wrapper\">\n<div class=\"brz-rich-text brz-rich-text__custom brz-css-w4hk9\" data-brz-custom-id=\"tpngsqextsjshenvjmsyylxxvdpkpgwgjnrd\">\n<div data-brz-translate-text=\"1\">\n<p class=\"brz-tp-lg-paragraph brz-css-b5y4e\" data-generated-css=\"brz-css-zvntk\" data-uniq-id=\"cilqi\"><span class=\"brz-cp-color7\" style=\"background-color: transparent\">DOGPRIDE NL ist DER Lieferant f\u00fcr hochwertiges Zubeh\u00f6r f\u00fcr (Arbeits-)Hunde und Hundef\u00fchrer.<\/span><\/p>\n<p class=\"brz-tp-lg-paragraph brz-css-g98Kj\" data-generated-css=\"brz-css-macly\" data-uniq-id=\"pnfzo\"><span class=\"brz-cp-color7\" style=\"background-color: transparent\"> <\/span><\/p>\n<p class=\"brz-tp-lg-paragraph brz-css-mrwof\" data-generated-css=\"brz-css-uurqu\" data-uniq-id=\"awrau\"><span class=\"brz-cp-color7\" style=\"background-color: transparent\">Die Gr\u00fcnder von Dogpride sind Richter von FCI-Arbeitshunden auf Weltniveau. Alle unter der Marke PRIDE verkauften Materialien wurden aus eigener Erfahrung entwickelt und getestet. DOGPRIDE NL vertritt die Marke PRIDE und Dogpride NL arbeitet auch mit anderen Lieferanten hochwertiger Materialien zusammen, die langlebig sind und nicht so leicht brechen.<\/span><\/p>\n<p class=\"brz-tp-lg-paragraph brz-css-rlrM7\" data-generated-css=\"brz-css-uurqu\" data-uniq-id=\"awrau\"><span class=\"brz-cp-color7\" style=\"background-color: transparent\"> <\/span><\/p>\n<p class=\"brz-tp-lg-paragraph brz-css-hEXes\" data-generated-css=\"brz-css-ehlgk\" data-uniq-id=\"dnwqw\"><strong class=\"brz-cp-color7\">DOGPRIDE NL kann grunds\u00e4tzlich alles f\u00fcr Sie liefern. Wenn Sie etwas in unserem Sortiment nicht finden, ist es wahrscheinlich, dass wir es liefern und uns darum k\u00fcmmern k\u00f6nnen. Fragen Sie uns also gerne, wenn Sie auf der Suche nach Produkten sind, die Sie auf unserer Website nicht finden.<\/strong><\/p>\n<\/div>\n<\/div>\n<\/div>\n<div id=\"\" class=\"brz-css-k9iEV brz-css-tm6pC brz-wrapper\">\n<div class=\"brz-spacer brz-css-dlWin brz-css-gBkmd\"><\/div>\n<\/div>\n<div class=\"brz-wrapper-clone brz-css-igYmW brz-css-hdyns\">\n<div class=\"brz-d-xs-flex brz-flex-xs-wrap brz-css-sAth1 brz-css-kpYGt\" data-brz-custom-id=\"\">\n<div class=\"brz-wrapper-clone__item\" id=\"tllammlbutddzjhidwyhaepnnmnszafztdmp\">\n<div class=\"brz-hover-animation__container\" data-brz-hover-animationid=\"ahihzbkhyiujidreuhpzyyvkmotkhfudwpqy\" data-brz-hover-options=\"%7B%22duration%22:600,%22iterations%22:1%7D\" data-brz-hover-reversible=\"true\" data-brz-hover-target=\"%22firstChild%22\"><a class=\"brz-a brz-btn brz-css-f99Jz brz-css-xX74B brz-css-hrGrz brz-css-v5Z3g\" href=\"\/de\/contact\/\" target=\"_self\" rel=\"noopener\" data-brz-link-type=\"external\" data-brz-custom-id=\"tllammlbutddzjhidwyhaepnnmnszafztdmp\"><span data-brz-translate-text=\"1\" class=\"brz-span brz-text__editor\">Kontakt<\/span><\/a><\/div>\n<\/div>\n<\/div>\n<\/div>\n<\/div>\n<\/div>\n<\/div>\n<\/div>\n<\/div>\n<\/div>\n<\/section>\n<section id=\"_vtvywksdkxnojquoxgfffjwgwfgpnvgjifaw\" class=\"brz-section brz-css-y6EkL\">\n<div class=\"brz-section__content brz-section--boxed brz-css-sPvA4 brz-css-zPi3g\" data-brz-custom-id=\"icemrblkradllnkjqfyaakplsecrtpsiwckx\">\n<div class=\"brz-bg\">\n<div class=\"brz-bg-color\"><\/div>\n<\/div>\n<div class=\"brz-container brz-css-hT7NU\">\n<div class=\"brz-row__container brz-css-wDhql brz-css-fIvXK\" data-brz-custom-id=\"srwpmkmpfisfuqdbkedcgtmevmlksmasxmpw\">\n<div class=\"brz-bg\"><\/div>\n<div class=\"brz-row brz-css-ctWnz brz-css-jpXXo\">\n<div class=\"brz-columns brz-css-kPxol brz-css-rrm0S\" data-brz-custom-id=\"ewpjrvdxuegtmopgdjyziqezvyqgxogjyqpv\">\n<div class=\"brz-bg\"><\/div>\n<div class=\"brz-column__items brz-css-lC8XF brz-css-knnqW\">\n<div id=\"\" class=\"brz-css-k9iEV brz-css-y3pO_ brz-wrapper\">\n<div class=\"brz-rich-text brz-rich-text__custom brz-css-w4hk9\" data-brz-custom-id=\"bosgujmhdaykuvuzekfjmxbypgmxheectoqy\">\n<div data-brz-translate-text=\"1\">\n<h2 class=\"brz-tp-lg-heading2 brz-css-fSUHa\" data-generated-css=\"brz-css-tocjb\" data-uniq-id=\"hhqfr\"><span class=\"brz-cp-color1\">Wof\u00fcr k\u00f6nnen Sie uns kontaktieren?<\/span><\/h2>\n<\/div>\n<\/div>\n<\/div>\n<div id=\"\" class=\"brz-css-k9iEV brz-css-tm6pC brz-wrapper\">\n<div class=\"brz-spacer brz-css-dlWin brz-css-zEA5J\"><\/div>\n<\/div>\n<div id=\"\" class=\"brz-css-k9iEV brz-css-s5jcZ brz-wrapper\">\n<div class=\"brz-rich-text brz-rich-text__custom brz-css-w4hk9\" data-brz-custom-id=\"qfvgywatrkmstmygqrborejkicxknqkyafwt\">\n<div data-brz-translate-text=\"1\">\n<p class=\"brz-tp-lg-paragraph brz-css-xr1fL\" data-uniq-id=\"zfkva\" data-generated-css=\"brz-css-xwlaw\"><span class=\"brz-cp-color7\" style=\"background-color: transparent\">Sie k\u00f6nnen uns f\u00fcr alle Arten von Materialien f\u00fcr Ihren Haushund, Sporthund, Arbeitshund und\/oder Diensthund kontaktieren. Aber auch f\u00fcr die professionellen K9-Verteidigungseinheiten, die Polizei, SAR-Teams und andere Sicherheitsdienste sind Sie bei uns an der richtigen Adresse.<\/span><\/p>\n<p class=\"brz-tp-lg-paragraph brz-css-cegWN\" data-uniq-id=\"trojz\" data-generated-css=\"brz-css-iimzu\"><span class=\"brz-cp-color7\" style=\"background-color: transparent\">Wir liefern Materialien und Zubeh\u00f6r vom Ball, Futter, verschiedenen Hundesportartikeln, Sportpreisen, Hundeanh\u00e4ngern bis hin zu kugelsicheren Westen, ballistischen Helmen und bombensicheren EOD-Anz\u00fcgen.<\/span><\/p>\n<\/div>\n<\/div>\n<\/div>\n<\/div>\n<\/div>\n<div class=\"brz-columns brz-css-kPxol brz-css-stzXc\" data-brz-custom-id=\"mctbgziditvblrdzgsjkmrhogsvmotpsotyk\">\n<div class=\"brz-bg\"><\/div>\n<div class=\"brz-column__items brz-css-lC8XF brz-css-dMoex\">\n<div id=\"\" class=\"brz-css-k9iEV brz-wrapper\">\n<div class=\"brz-image brz-css-ninNT brz-css-c0gQS\" data-brz-custom-id=\"pffeqmlehpsnmdmvuhnpjhjxndbigfhhertf\"><img decoding=\"async\" class=\"brz-img\" src=\"https:\/\/dogpride.nl\/wp-content\/uploads\/brizy\/imgs\/dog-rescue-canine-german-shepherd-service-line-helicopter-outdoors-hoist-453x681x0x89x453x408x1689847723.jpg\" alt=\"\" loading=\"lazy\"><\/div>\n<\/div>\n<\/div>\n<\/div>\n<\/div>\n<\/div>\n<\/div>\n<\/div>\n<\/section>\n<section id=\"_xryoeibtcpahkdlrjtixuzjixudpfmtjxcic\" class=\"brz-section brz-css-y6EkL\">\n<div class=\"brz-section__content brz-section--boxed brz-css-sPvA4\" data-brz-custom-id=\"pgfmtnyrvhytenvzyztouhzahfmmcmmdvdui\">\n<div class=\"brz-container brz-css-hT7NU\">\n<div id=\"\" class=\"brz-css-k9iEV brz-wrapper\">\n<div class=\"brz-image brz-css-jb_NM\" data-brz-custom-id=\"jzrqfhhqhazugktzhuroxkkhpnrpxuvtlbyw\"><img decoding=\"async\" class=\"brz-img\" src=\"https:\/\/dogpride.nl\/wp-content\/uploads\/brizy\/imgs\/Banner-Dogpride-NL-Zwart-1193x263x12x0x1170x263x1689849223.jpg\" alt=\"\" loading=\"lazy\"><\/div>\n<\/div>\n<\/div>\n<\/div>\n<\/section>\n<section id=\"_satwhrvpudftampslriiwwfydrzeewwvdbpl\" class=\"brz-section brz-css-y6EkL brz-css-cRUIB\">\n<div class=\"brz-section__content brz-section--boxed brz-css-sPvA4 brz-css-zcyw8\" data-brz-custom-id=\"ihmgsfcjbdttzvfuthhvmdqocazewevdsnqw\">\n<div class=\"brz-bg\">\n<div class=\"brz-bg-color\"><\/div>\n<\/div>\n<div class=\"brz-container brz-css-hT7NU\">\n<div class=\"brz-row__container brz-css-wDhql\" data-brz-custom-id=\"vzugjdadmjznnkhidggwxcbhmwztiwcriazr\">\n<div class=\"brz-bg\"><\/div>\n<div class=\"brz-row brz-css-ctWnz brz-css-jpXXo\">\n<div class=\"brz-columns brz-css-kPxol brz-css-p6nht\" data-brz-custom-id=\"ryjgaspwtfikuxhaihjymsxomxhgnbrkvijv\">\n<div class=\"brz-bg\">\n<div class=\"brz-bg-image\"><\/div>\n<div class=\"brz-bg-color\"><\/div>\n<\/div>\n<div class=\"brz-column__items brz-css-lC8XF brz-css-einWU\">\n<div id=\"\" class=\"brz-css-k9iEV brz-css-gIH00 brz-wrapper\">\n<div class=\"brz-rich-text brz-rich-text__custom brz-css-w4hk9\" data-brz-custom-id=\"hthodizdpxsbvxdlsgoclulvqzakvjzhvnci\">\n<div data-brz-translate-text=\"1\">\n<h3 data-uniq-id=\"rfotd\" data-generated-css=\"brz-css-npgzw\" class=\"brz-tp-lg-heading3 brz-css-ihwPF\"><span class=\"brz-cp-color8\">Bevorzugen Sie pers\u00f6nlichen Kontakt? Wir helfen gerne! <\/span><\/h3>\n<\/div>\n<\/div>\n<\/div>\n<div id=\"\" class=\"brz-css-k9iEV brz-css-tm6pC brz-wrapper\">\n<div class=\"brz-spacer brz-css-dlWin\"><\/div>\n<\/div>\n<div class=\"brz-wrapper-clone brz-css-igYmW brz-css-uk7cB\">\n<div class=\"brz-d-xs-flex brz-flex-xs-wrap brz-css-sAth1 brz-css-bFeUd\" data-brz-custom-id=\"\">\n<div class=\"brz-wrapper-clone__item\" id=\"aycgtiryznqhexhstzrmcegbvestnlmienay\">\n<div class=\"brz-hover-animation__container\" data-brz-hover-animationid=\"makisocunyneupsrhmqkkvfbpgfgdyvgszna\" data-brz-hover-options=\"%7B%22duration%22:600,%22iterations%22:1%7D\" data-brz-hover-reversible=\"true\" data-brz-hover-target=\"%22firstChild%22\"><a class=\"brz-a brz-btn brz-css-f99Jz brz-css-i3VaT brz-css-hrGrz brz-css-nIb4n\" href=\"\/de\/contact\/\" target=\"_self\" rel=\"noopener\" data-brz-link-type=\"external\" data-brz-custom-id=\"aycgtiryznqhexhstzrmcegbvestnlmienay\"><span data-brz-translate-text=\"1\" class=\"brz-span brz-text__editor\">Kontakt<\/span><\/a><\/div>\n<\/div>\n<\/div>\n<\/div>\n<\/div>\n<\/div>\n<\/div>\n<\/div>\n<\/div>\n<\/div>\n<\/section>\n<\/div>\n<p>    <!-- version:1731966694 --><\/p>","protected":false},"excerpt":{"rendered":"<p>Over ons De oprichters van Dogpride DOGPRIDE NL is DE leverancier voor hoge kwaliteitsbenodigdheden voor (werk) honden en geleiders. De oprichters van Dogpride zijn keurmeesters van FCI werkhonden op wereldniveau. Alle materialen die onder het merk PRIDE wordt verkocht zijn uit eigen ervaring ontworpen en getest. DOGPRIDE NL vertegenwoordigt het merk PRIDE en daarnaast werkt [&hellip;]<\/p>\n","protected":false},"author":2,"featured_media":111678,"parent":0,"menu_order":0,"comment_status":"closed","ping_status":"closed","template":"","meta":{"footnotes":""},"class_list":["post-69181","page","type-page","status-publish","has-post-thumbnail","hentry"],"blocksy_meta":[],"mb":[],"brizy_media":[{"id":111678,"url":"https:\/\/dogpride.nl\/wp-content\/uploads\/brizy\/111676\/assets\/images\/robin-jonathan-deutsch-WtDMTvGwhuc-unsplash-scaled.jpg","name":"robin-jonathan-deutsch-WtDMTvGwhuc-unsplash-scaled.jpg","meta":{"brizy_attachment_uid":"wp-c878e28041b3b38469ac4a50fb768c73.jpg","brizy_post_uid":["caef3bcc3cab86b67e334d9c790db1b1"]}},{"id":112215,"url":"https:\/\/dogpride.nl\/wp-content\/uploads\/Foto-over-ons-scaled.jpg","name":"Foto-over-ons.jpg","meta":{"brizy_attachment_uid":"wp-f99b436f4e543b050d7d31257febdb4e.jpg","brizy_post_uid":["caef3bcc3cab86b67e334d9c790db1b1"]}}],"mfb_rest_fields":["title","blocksy_meta","brizy_media"],"_links":{"self":[{"href":"https:\/\/dogpride.nl\/de\/wp-json\/wp\/v2\/pages\/69181","targetHints":{"allow":["GET"]}}],"collection":[{"href":"https:\/\/dogpride.nl\/de\/wp-json\/wp\/v2\/pages"}],"about":[{"href":"https:\/\/dogpride.nl\/de\/wp-json\/wp\/v2\/types\/page"}],"author":[{"embeddable":true,"href":"https:\/\/dogpride.nl\/de\/wp-json\/wp\/v2\/users\/2"}],"replies":[{"embeddable":true,"href":"https:\/\/dogpride.nl\/de\/wp-json\/wp\/v2\/comments?post=69181"}],"version-history":[{"count":0,"href":"https:\/\/dogpride.nl\/de\/wp-json\/wp\/v2\/pages\/69181\/revisions"}],"wp:featuredmedia":[{"embeddable":true,"href":"https:\/\/dogpride.nl\/de\/wp-json\/wp\/v2\/media\/111678"}],"wp:attachment":[{"href":"https:\/\/dogpride.nl\/de\/wp-json\/wp\/v2\/media?parent=69181"}],"curies":[{"name":"wp","href":"https:\/\/api.w.org\/{rel}","templated":true}]}}