{"id":111603,"date":"2023-07-20T12:00:49","date_gmt":"2023-07-20T10:00:49","guid":{"rendered":"https:\/\/dogprideold.websitekeuze.nl\/?page_id=111603"},"modified":"2026-04-06T21:28:42","modified_gmt":"2026-04-06T19:28:42","slug":"huisdieren","status":"publish","type":"page","link":"https:\/\/dogpride.nl\/de\/huisdieren\/","title":{"rendered":"Haustiere"},"content":{"rendered":"<div class=\"brz-root__container brz-reset-all brz\">\n<section id=\"_vvztsosdrtfxbzrmdalwjsiwpebediskpsuz\" class=\"brz-section brz-css-wUlrN\">\n<div class=\"brz-section__content brz-section--fullWidth brz-css-t4IbV brz-css-cKvLb\" data-brz-custom-id=\"lwkonoqzgydjtswbrgnchnbabwumqkfmifzx\">\n<div class=\"brz-bg\">\n<div class=\"brz-bg-image\"><\/div>\n<\/div>\n<div class=\"brz-container brz-css-umCH8 brz-css-gZNzq\">\n<div class=\"brz-row__container brz-css-xhLy_ brz-css-t_ObR\" data-brz-custom-id=\"xxvbfflxdzuglwjquszczrxnaryabfwtihkz\">\n<div class=\"brz-bg\"><\/div>\n<div class=\"brz-row brz-css-q9iAw brz-css-dhR0q\">\n<div class=\"brz-columns brz-css-yhXBO brz-css-jbYL_\" data-brz-custom-id=\"xjbxzvoxahzypvavxhcwnbabcafvwvswlhtr\">\n<div class=\"brz-bg\"><\/div>\n<div class=\"brz-column__items brz-css-dgw2p brz-css-eUb62\">\n<div id=\"\" class=\"brz-css-wZ5GD brz-css-qt2vS brz-wrapper\">\n<div class=\"brz-spacer brz-css-gzTxp brz-css-ht5me\"><\/div>\n<\/div>\n<div id=\"\" class=\"brz-css-wZ5GD brz-css-qt2vS brz-wrapper\">\n<div class=\"brz-spacer brz-css-gzTxp brz-css-ibtcR\"><\/div>\n<\/div>\n<div id=\"\" class=\"brz-css-wZ5GD brz-css-qt2vS brz-wrapper\">\n<div class=\"brz-spacer brz-css-gzTxp brz-css-xB4tP\"><\/div>\n<\/div>\n<\/div>\n<\/div>\n<\/div>\n<\/div>\n<\/div>\n<\/div>\n<\/section>\n<section id=\"_vaicelngdcsecepmyiwbdibthmgchjfokqoj\" class=\"brz-section brz-css-wUlrN\">\n<div class=\"brz-section__content brz-section--boxed brz-css-t4IbV brz-css-jNQMc\" data-brz-custom-id=\"ryscwokcsrumdgfhwfcusmcvumqpeugkyrzw\">\n<div class=\"brz-bg\">\n<div class=\"brz-bg-image\"><\/div>\n<div class=\"brz-bg-color\"><\/div>\n<div class=\"brz-bg-shape brz-bg-shape__bottom\"><\/div>\n<\/div>\n<div class=\"brz-container brz-css-umCH8\">\n<div class=\"brz-row__container brz-css-xhLy_ brz-css-vovwh\" data-brz-custom-id=\"thareutsetffhdqbyumtggbpugatwownlntv\">\n<div class=\"brz-bg\"><\/div>\n<div class=\"brz-row brz-css-q9iAw brz-css-oCgJm\">\n<div class=\"brz-columns brz-css-yhXBO brz-css-uG_bd\" data-brz-custom-id=\"wlnpoeuscftogvlivqyhojethwxlcvsgfhso\">\n<div class=\"brz-bg\">\n<div class=\"brz-bg-color\"><\/div>\n<\/div>\n<div class=\"brz-column__items brz-css-dgw2p brz-css-d5lMv\">\n<div id=\"\" class=\"brz-css-wZ5GD brz-css-dkKHa brz-wrapper\">\n<div class=\"brz-rich-text brz-rich-text__custom brz-css-gSlp2\" data-brz-custom-id=\"gnziptkyspnlancagpsshkxvapwgfuqkozhv\">\n<div data-brz-translate-text=\"1\">\n<h1 class=\"brz-tp-lg-heading2 brz-css-bsfEO\" data-generated-css=\"brz-css-igicz\" data-uniq-id=\"rbhod\"><span class=\"brz-cp-color1\">Haustiere<\/span><\/h1>\n<\/div>\n<\/div>\n<\/div>\n<\/div>\n<\/div>\n<\/div>\n<\/div>\n<\/div>\n<\/div>\n<\/section>\n<section id=\"_zgfwyffxinhzmczuqadvikhorbiyqicgkyxu\" class=\"brz-section brz-css-wUlrN\">\n<div class=\"brz-section__content brz-section--boxed brz-css-t4IbV brz-css-qjggy\" data-brz-custom-id=\"mplyqwwbucnkelwtgqtdmzonfxmupndzwvxk\">\n<div class=\"brz-bg\">\n<div class=\"brz-bg-color\"><\/div>\n<\/div>\n<div class=\"brz-container brz-css-umCH8\">\n<div class=\"brz-row__container brz-css-xhLy_\" data-brz-custom-id=\"wqgykrsvngtjnjnebbunbupvcwlkdqqlqgwx\">\n<div class=\"brz-bg\"><\/div>\n<div class=\"brz-row brz-css-q9iAw brz-css-dhR0q\">\n<div class=\"brz-columns brz-css-yhXBO brz-css-tOzB8\" data-brz-custom-id=\"srxwqktwwmlxidkuzpotooydmdhjnenznqxp\">\n<div class=\"brz-bg\"><\/div>\n<div class=\"brz-column__items brz-css-dgw2p brz-css-bzxUs\">\n<div id=\"\" class=\"brz-css-wZ5GD brz-wrapper\">\n<div class=\"brz-image brz-css-gXuzP brz-css-xbNU2\" data-brz-custom-id=\"iikxnnvjiuqzkvncnksapznjulebexurjeoh\"><img decoding=\"async\" class=\"brz-img\" src=\"https:\/\/dogpride.nl\/wp-content\/uploads\/brizy\/imgs\/s1152x864_86447bc0efdce9c8829af3492151507bace74830-1145x489x96x0x450x489x1689847305.jpg\" alt=\"\" loading=\"lazy\"><\/div>\n<\/div>\n<\/div>\n<\/div>\n<div class=\"brz-columns brz-css-yhXBO brz-css-lOtWC\" data-brz-custom-id=\"flqxgbubxzzllgudrdxeoknwdeydrhstlcfq\">\n<div class=\"brz-bg\"><\/div>\n<div class=\"brz-column__items brz-css-dgw2p brz-css-leOSB\">\n<div id=\"\" class=\"brz-css-wZ5GD brz-css-f7wsR brz-wrapper\">\n<div class=\"brz-rich-text brz-rich-text__custom brz-css-gSlp2\" data-brz-custom-id=\"pgjuslyepzetrojrzoojsenlizpvprsjdtxb\">\n<div data-brz-translate-text=\"1\">\n<h2 class=\"brz-tp-lg-heading2 brz-css-eT_O2\" data-uniq-id=\"uvtsy\" data-generated-css=\"brz-css-ssohn\"><span class=\"brz-cp-color1\">Haushunde<\/span><\/h2>\n<\/div>\n<\/div>\n<\/div>\n<div id=\"\" class=\"brz-css-wZ5GD brz-css-qt2vS brz-wrapper\">\n<div class=\"brz-spacer brz-css-gzTxp brz-css-sSeUl\"><\/div>\n<\/div>\n<div id=\"\" class=\"brz-css-wZ5GD brz-css-bupCx brz-wrapper\">\n<div class=\"brz-rich-text brz-rich-text__custom brz-css-gSlp2\" data-brz-custom-id=\"jocrtezcurnevgazqkehmnyuapsjwbkvdyhi\">\n<div data-brz-translate-text=\"1\">\n<p class=\"brz-tp-lg-paragraph brz-css-z8dNo\" data-uniq-id=\"vkwse\" data-generated-css=\"brz-css-xkkie\"><span class=\"brz-cp-color7\">Nat\u00fcrlich sind nicht alle Hunde Sport- oder Diensthunde. Nat\u00fcrlich hat DOGPRIDE NL auch f\u00fcr Haushunde ein breites Spektrum an Anforderungen.<\/span><\/p>\n<p class=\"brz-tp-lg-paragraph brz-css-eeHRx\" data-uniq-id=\"vkwse\" data-generated-css=\"brz-css-xkkie\"><span class=\"brz-cp-color7\"> <\/span><\/p>\n<p class=\"brz-tp-lg-paragraph brz-css-idETP\" data-uniq-id=\"zcrho\" data-generated-css=\"brz-css-cfrcu\"><span class=\"brz-cp-color7\">Haushunde sind seit Jahrhunderten treue Begleiter des Menschen. Sie gelten oft als Teil der Familie und werden wegen ihrer Loyalit\u00e4t, Kameradschaft und Verspieltheit geliebt. Haushunde sind auch f\u00fcr ihre F\u00e4higkeit bekannt, auf Haus und Familie aufzupassen, was sie zu beliebten Haustieren macht.<\/span><\/p>\n<p class=\"brz-tp-lg-paragraph brz-css-cpv4y\" data-uniq-id=\"zcrho\" data-generated-css=\"brz-css-cfrcu\"><span class=\"brz-cp-color7\"> <\/span><\/p>\n<p class=\"brz-tp-lg-paragraph brz-css-pdLHN\" data-uniq-id=\"texgw\" data-generated-css=\"brz-css-jqqjt\"><span class=\"brz-cp-color7\">Es gibt viele verschiedene Rassen von Haushunden, jede mit ihren eigenen Eigenschaften und Pers\u00f6nlichkeiten. Einige Rassen sind klein und verspielt, w\u00e4hrend andere gr\u00f6\u00dfer und besch\u00fctzender sind. Einige Rassen brauchen viel Bewegung und eignen sich perfekt f\u00fcr aktive Familien, w\u00e4hrend andere eher f\u00fcr ruhige Haushalte geeignet sind.<\/span><\/p>\n<p class=\"brz-tp-lg-paragraph brz-css-wz9l3\" data-uniq-id=\"mfklo\" data-generated-css=\"brz-css-pkbwb\"><\/p>\n<\/div>\n<\/div>\n<\/div>\n<div id=\"\" class=\"brz-css-wZ5GD brz-css-qt2vS brz-wrapper\">\n<div class=\"brz-spacer brz-css-gzTxp brz-css-fe5fD\"><\/div>\n<\/div>\n<div class=\"brz-wrapper-clone brz-css-ihx5S brz-css-ioXpP\">\n<div class=\"brz-d-xs-flex brz-flex-xs-wrap brz-css-sADoS brz-css-vg4rT\" data-brz-custom-id=\"\">\n<div class=\"brz-wrapper-clone__item\" id=\"bliaddkfvyqsntvypqpxvmwheewllipluusk\">\n<div class=\"brz-hover-animation__container\" data-brz-hover-animationid=\"vsmuuaekqqbekaotaueeitoarlxceoiljciy\" data-brz-hover-options=\"%7B%22duration%22:600,%22iterations%22:1%7D\" data-brz-hover-reversible=\"true\" data-brz-hover-target=\"%22firstChild%22\"><a class=\"brz-a brz-btn brz-css-tM4SO brz-css-eeir6 brz-css-klX21 brz-css-itbOD\" href=\"\/de\/contact\/\" target=\"_self\" rel=\"noopener\" data-brz-link-type=\"external\" data-brz-custom-id=\"bliaddkfvyqsntvypqpxvmwheewllipluusk\"><span data-brz-translate-text=\"1\" class=\"brz-span brz-text__editor\">Kontakt<\/span><\/a><\/div>\n<\/div>\n<\/div>\n<\/div>\n<\/div>\n<\/div>\n<\/div>\n<\/div>\n<\/div>\n<\/div>\n<\/section>\n<section id=\"_btuulztshyepqqcstwxgrzychtxppedpgnev\" class=\"brz-section brz-css-wUlrN\">\n<div class=\"brz-section__content brz-section--boxed brz-css-t4IbV brz-css-uxxLN\" data-brz-custom-id=\"gvgahlnglwvohvdhbfdocvnnkimnhpfvhmqf\">\n<div class=\"brz-bg\">\n<div class=\"brz-bg-color\"><\/div>\n<\/div>\n<div class=\"brz-container brz-css-umCH8\">\n<div class=\"brz-row__container brz-css-xhLy_ brz-css-g6IBD\" data-brz-custom-id=\"qeghsvhdvjbksepyerkedzwwyzhwiwkzlmef\">\n<div class=\"brz-bg\"><\/div>\n<div class=\"brz-row brz-css-q9iAw brz-css-dhR0q\">\n<div class=\"brz-columns brz-css-yhXBO brz-css-fv69W\" data-brz-custom-id=\"slmlqncjrspsnxxvtapieisnhjrkfqrzaouu\">\n<div class=\"brz-bg\"><\/div>\n<div class=\"brz-column__items brz-css-dgw2p brz-css-yEyEo\">\n<div id=\"\" class=\"brz-css-wZ5GD brz-css-rHmah brz-wrapper\">\n<div class=\"brz-rich-text brz-rich-text__custom brz-css-gSlp2\" data-brz-custom-id=\"bmvuvezabqbffhmybpjtcddnfvphyigaswlv\">\n<div data-brz-translate-text=\"1\">\n<h2 class=\"brz-tp-lg-heading2 brz-css-gSSBQ\" data-generated-css=\"brz-css-ycsmc\" data-uniq-id=\"ykexi\"><span class=\"brz-cp-color1\">Vorteile eines Hundes<\/span><\/h2>\n<\/div>\n<\/div>\n<\/div>\n<div id=\"\" class=\"brz-css-wZ5GD brz-css-qt2vS brz-wrapper\">\n<div class=\"brz-spacer brz-css-gzTxp brz-css-mYvAs\"><\/div>\n<\/div>\n<div id=\"\" class=\"brz-css-wZ5GD brz-css-tB6AS brz-wrapper\">\n<div class=\"brz-rich-text brz-rich-text__custom brz-css-gSlp2\" data-brz-custom-id=\"dameuejloniatvxmbfszdoiiayjzjpqggzga\">\n<div data-brz-translate-text=\"1\">\n<p class=\"brz-tp-lg-paragraph brz-css-boKMW\" data-uniq-id=\"znljv\" data-generated-css=\"brz-css-clort\"><span class=\"brz-cp-color7\">Einer der gr\u00f6\u00dften Vorteile des Besitzes eines Haustiers ist die Kameradschaft, die es bietet. Hunde sind von Natur aus soziale Tiere und interagieren gerne mit ihren Besitzern. Sie sind immer zum Kuscheln und Spielen da und bieten bedingungslose Liebe und Unterst\u00fctzung. Dar\u00fcber hinaus k\u00f6nnen Hunde helfen, Stress und \u00c4ngste abzubauen und so zu einer gesunden psychischen Gesundheit beizutragen.<\/span><\/p>\n<p class=\"brz-tp-lg-paragraph brz-css-vYAT6\" data-uniq-id=\"znljv\" data-generated-css=\"brz-css-clort\"><span class=\"brz-cp-color7\"> <\/span><\/p>\n<p class=\"brz-tp-lg-paragraph brz-css-s8MfZ\" data-uniq-id=\"znljv\" data-generated-css=\"brz-css-clort\"><span class=\"brz-cp-color7\">Neben der Geselligkeit k\u00f6nnen Haushunde auch dazu beitragen, ein Gef\u00fchl der Sicherheit im Zuhause zu schaffen. Hunde haben einen nat\u00fcrlichen Instinkt, ihre Familie zu besch\u00fctzen, und k\u00f6nnen auf Eindringlinge oder ungew\u00f6hnliche Situationen aufmerksam sein. Dies kann den Eigent\u00fcmern zus\u00e4tzliche Sicherheit geben und das Sicherheitsgef\u00fchl erh\u00f6hen. <\/span><\/p>\n<\/div>\n<\/div>\n<\/div>\n<\/div>\n<\/div>\n<div class=\"brz-columns brz-css-yhXBO brz-css-pTrBz\" data-brz-custom-id=\"lhgeqvdcvgrjqgxpgtwmgylcpwezitszdpnl\">\n<div class=\"brz-bg\"><\/div>\n<div class=\"brz-column__items brz-css-dgw2p brz-css-wtEuL\">\n<div id=\"\" class=\"brz-css-wZ5GD brz-wrapper\">\n<div class=\"brz-image brz-css-au1Y1 brz-css-o08Gu\" data-brz-custom-id=\"cjdfwejxpfruzzkvcehfyqyjdrkjcntlgiiw\"><img decoding=\"async\" class=\"brz-img\" src=\"https:\/\/dogpride.nl\/wp-content\/uploads\/brizy\/imgs\/WBF1E-2-453x453x0x0x453x408x1689847305.jpg\" alt=\"\" loading=\"lazy\"><\/div>\n<\/div>\n<\/div>\n<\/div>\n<\/div>\n<\/div>\n<\/div>\n<\/div>\n<\/section>\n<section id=\"_fauhaqenmwiveqiktjvoyrmqnfojpqtkiwpr\" class=\"brz-section brz-css-wUlrN\">\n<div class=\"brz-section__content brz-section--boxed brz-css-t4IbV brz-css-h1idt\" data-brz-custom-id=\"czbqkhegvgbwaodvzyzyhgbazcekymnpbrtl\">\n<div class=\"brz-bg\">\n<div class=\"brz-bg-image\"><\/div>\n<div class=\"brz-bg-color\"><\/div>\n<\/div>\n<div class=\"brz-container brz-css-umCH8\">\n<div class=\"brz-row__container brz-css-xhLy_\" data-brz-custom-id=\"kzvimaatbjxbngvosokdusxckbdkouoehgyo\">\n<div class=\"brz-bg\"><\/div>\n<div class=\"brz-row brz-css-q9iAw brz-css-dhR0q\">\n<div class=\"brz-columns brz-css-yhXBO brz-css-waoOy\" data-brz-custom-id=\"nibibsrzamncktmleqlnuoekdaxojzdqompn\">\n<div class=\"brz-bg\"><\/div>\n<div class=\"brz-column__items brz-css-dgw2p brz-css-xos63\">\n<div id=\"\" class=\"brz-css-wZ5GD brz-wrapper\">\n<div class=\"brz-image brz-css-wWEtN brz-css-bggor\" data-brz-custom-id=\"agbcneqrawwuewsltuwvpathtldktipicksa\"><img decoding=\"async\" class=\"brz-img\" src=\"https:\/\/dogpride.nl\/wp-content\/uploads\/brizy\/imgs\/lucie-helesicova-F987HmlxnAw-unsplash-scaled-804x536x153x0x450x536x1689847305.jpg\" alt=\"\" loading=\"lazy\"><\/div>\n<\/div>\n<\/div>\n<\/div>\n<div class=\"brz-columns brz-css-yhXBO brz-css-kZgXx\" data-brz-custom-id=\"pkrujwyiudpkfltbylcnqnybbgaybqmlshuq\">\n<div class=\"brz-bg\"><\/div>\n<div class=\"brz-column__items brz-css-dgw2p brz-css-s3AAF\">\n<div id=\"\" class=\"brz-css-wZ5GD brz-css-sQJnR brz-wrapper\">\n<div class=\"brz-rich-text brz-rich-text__custom brz-css-gSlp2\" data-brz-custom-id=\"yisnkkuscuzdezkdkzaxjoqcgofvcherrxnu\">\n<div data-brz-translate-text=\"1\">\n<h2 class=\"brz-tp-lg-heading2 brz-css-j9scg\" data-generated-css=\"brz-css-ithvw\" data-uniq-id=\"tronr\"><span class=\"brz-cp-color1\">Verantwortlichkeiten<\/span><\/h2>\n<\/div>\n<\/div>\n<\/div>\n<div id=\"\" class=\"brz-css-wZ5GD brz-css-qt2vS brz-wrapper\">\n<div class=\"brz-spacer brz-css-gzTxp brz-css-xE7Zz\"><\/div>\n<\/div>\n<div id=\"\" class=\"brz-css-wZ5GD brz-css-fwv1D brz-wrapper\">\n<div class=\"brz-rich-text brz-rich-text__custom brz-css-gSlp2\" data-brz-custom-id=\"hkgvkkswasmbuqpfwlvntedbrrirhgxfpnlj\">\n<div data-brz-translate-text=\"1\">\n<p class=\"brz-tp-lg-paragraph brz-css-revB8\" data-generated-css=\"brz-css-hdwpw\" data-uniq-id=\"zxueg\"><span class=\"brz-cp-color7\">Allerdings bringt der Besitz eines Haustieres auch Verantwortung mit sich. Besitzer m\u00fcssen sicherstellen, dass ihr Hund ausreichend Bewegung, Ern\u00e4hrung und medizinische Versorgung erh\u00e4lt, um seine Gesundheit zu erhalten. Dar\u00fcber hinaus m\u00fcssen Hunde darauf trainiert werden, sich im Haushalt und in der \u00d6ffentlichkeit so zu verhalten, dass sie keine Gefahr f\u00fcr sich selbst oder andere darstellen.<\/span><\/p>\n<p class=\"brz-tp-lg-paragraph brz-css-g017o\" data-generated-css=\"brz-css-fvcno\" data-uniq-id=\"zayhc\"><span class=\"brz-cp-color7\"> <\/span><\/p>\n<p class=\"brz-tp-lg-paragraph brz-css-dy_hb\" data-generated-css=\"brz-css-igbde\" data-uniq-id=\"bvbfe\"><span class=\"brz-cp-color7\">Alles in allem sind Haushunde fantastische Begleiter, die viel Freude und Liebe in das Leben ihrer Besitzer bringen k\u00f6nnen. Bei richtiger Pflege und Schulung k\u00f6nnen sie eine wertvolle Bereicherung f\u00fcr jeden Haushalt sein.<\/span><\/p>\n<p class=\"brz-tp-lg-paragraph brz-css-tiGQn\" data-generated-css=\"brz-css-igbde\" data-uniq-id=\"bvbfe\"><span class=\"brz-cp-color7\"> <\/span><\/p>\n<p class=\"brz-tp-lg-paragraph brz-css-g8mwt\" data-generated-css=\"brz-css-qsezk\" data-uniq-id=\"ygkbm\"><strong class=\"brz-cp-color7\">DOGPRIDE NL liefert f\u00fcr all diese lieben Mitbewohner: <\/strong><\/p>\n<p class=\"brz-tp-lg-paragraph brz-css-eeQRE\" data-generated-css=\"brz-css-ywult\" data-uniq-id=\"glyyy\"><\/p>\n<p class=\"brz-tp-lg-paragraph brz-css-cYdHn\" data-generated-css=\"brz-css-lbzbq\" data-uniq-id=\"fhgnt\"><span class=\"brz-cp-color7\">Lebensmittel, Snacks, Halsb\u00e4nder und Leinen, Spielzeug, Kuscheltiere, Hundek\u00f6rbe, Fahrradanh\u00e4nger und vieles mehr.<\/span><\/p>\n<\/div>\n<\/div>\n<\/div>\n<div id=\"\" class=\"brz-css-wZ5GD brz-css-qt2vS brz-wrapper\">\n<div class=\"brz-spacer brz-css-gzTxp brz-css-fg3ws\"><\/div>\n<\/div>\n<div class=\"brz-wrapper-clone brz-css-ihx5S brz-css-bfAg9\">\n<div class=\"brz-d-xs-flex brz-flex-xs-wrap brz-css-sADoS brz-css-zyXhc\" data-brz-custom-id=\"\">\n<div class=\"brz-wrapper-clone__item\" id=\"hvkvnevdmhgbguhdedkixwrizpgrucqghlcw\">\n<div class=\"brz-hover-animation__container\" data-brz-hover-animationid=\"iwxammxdolvonzgynpinzxojnfqvbaaqtwgb\" data-brz-hover-options=\"%7B%22duration%22:600,%22iterations%22:1%7D\" data-brz-hover-reversible=\"true\" data-brz-hover-target=\"%22firstChild%22\"><a class=\"brz-a brz-btn brz-css-tM4SO brz-css-zM__4 brz-css-klX21 brz-css-qSKGq\" href=\"\/de\/contact\/\" target=\"_self\" rel=\"noopener\" data-brz-link-type=\"external\" data-brz-custom-id=\"hvkvnevdmhgbguhdedkixwrizpgrucqghlcw\"><span data-brz-translate-text=\"1\" class=\"brz-span brz-text__editor\">Kontakt<\/span><\/a><\/div>\n<\/div>\n<\/div>\n<\/div>\n<\/div>\n<\/div>\n<\/div>\n<\/div>\n<\/div>\n<\/div>\n<\/section>\n<section id=\"_tvfqqgnrlbhmbmpeijwuxiihgqurcbcbuilf\" class=\"brz-section brz-css-wUlrN brz-css-r_Tmh\">\n<div class=\"brz-section__content brz-section--boxed brz-css-t4IbV brz-css-miLah\" data-brz-custom-id=\"bphawawssknzfzribzeexasqzhcchixtbfbq\">\n<div class=\"brz-bg\">\n<div class=\"brz-bg-color\"><\/div>\n<\/div>\n<div class=\"brz-container brz-css-umCH8\">\n<div class=\"brz-row__container brz-css-xhLy_\" data-brz-custom-id=\"pjwaffkdupfsskktcbyllpwstmafbbqywvkw\">\n<div class=\"brz-bg\"><\/div>\n<div class=\"brz-row brz-css-q9iAw brz-css-dhR0q\">\n<div class=\"brz-columns brz-css-yhXBO brz-css-pH7ts\" data-brz-custom-id=\"qschqjiexrbwvggyktqbhjhzyfarijucyxpq\">\n<div class=\"brz-bg\">\n<div class=\"brz-bg-image\"><\/div>\n<div class=\"brz-bg-color\"><\/div>\n<\/div>\n<div class=\"brz-column__items brz-css-dgw2p brz-css-doGFm\">\n<div id=\"\" class=\"brz-css-wZ5GD brz-css-zYunn brz-wrapper\">\n<div class=\"brz-rich-text brz-rich-text__custom brz-css-gSlp2\" data-brz-custom-id=\"umuarnhvwfzoeiohatumkegzznqnejefjjtb\">\n<div data-brz-translate-text=\"1\">\n<h3 data-uniq-id=\"rfotd\" data-generated-css=\"brz-css-npgzw\" class=\"brz-tp-lg-heading3 brz-css-kXIcA\"><span class=\"brz-cp-color8\">Bevorzugen Sie pers\u00f6nlichen Kontakt? Wir helfen gerne! <\/span><\/h3>\n<\/div>\n<\/div>\n<\/div>\n<div id=\"\" class=\"brz-css-wZ5GD brz-css-qt2vS brz-wrapper\">\n<div class=\"brz-spacer brz-css-gzTxp\"><\/div>\n<\/div>\n<div class=\"brz-wrapper-clone brz-css-ihx5S brz-css-sv56f\">\n<div class=\"brz-d-xs-flex brz-flex-xs-wrap brz-css-sADoS brz-css-rAtHG\" data-brz-custom-id=\"\">\n<div class=\"brz-wrapper-clone__item\" id=\"duzafknshvtpobtqgjdpguwjqhkrityytegg\">\n<div class=\"brz-hover-animation__container\" data-brz-hover-animationid=\"iselbuzszwtydaoddmajefmyzyqtfybtlbck\" data-brz-hover-options=\"%7B%22duration%22:600,%22iterations%22:1%7D\" data-brz-hover-reversible=\"true\" data-brz-hover-target=\"%22firstChild%22\"><a class=\"brz-a brz-btn brz-css-tM4SO brz-css-ctAqG brz-css-klX21 brz-css-mANi3\" href=\"\/de\/contact\/\" target=\"_self\" rel=\"noopener\" data-brz-link-type=\"external\" data-brz-custom-id=\"duzafknshvtpobtqgjdpguwjqhkrityytegg\"><span data-brz-translate-text=\"1\" class=\"brz-span brz-text__editor\">Kontakt<\/span><\/a><\/div>\n<\/div>\n<\/div>\n<\/div>\n<\/div>\n<\/div>\n<\/div>\n<\/div>\n<\/div>\n<\/div>\n<\/section>\n<\/div>\n<p>    <!-- version:1731939853 --><\/p>","protected":false},"excerpt":{"rendered":"<p>Huisdieren Huishonden Natuurlijk zijn niet alle honden sport of diensthonden. Voor de huishonden heeft DOGPRIDE NL natuurlijk ook een groot gamma aan benodigheden. Huishonden zijn al eeuwenlang trouwe metgezellen van de mens. Ze worden vaak beschouwd als onderdeel van het gezin en zijn geliefd om hun loyaliteit, gezelschap en speelsheid. Huishonden zijn ook bekend om [&hellip;]<\/p>\n","protected":false},"author":1036,"featured_media":111608,"parent":0,"menu_order":0,"comment_status":"closed","ping_status":"closed","template":"","meta":{"footnotes":""},"class_list":["post-111603","page","type-page","status-publish","has-post-thumbnail","hentry"],"blocksy_meta":[],"mb":[],"brizy_media":[{"id":111608,"url":"https:\/\/dogpride.nl\/wp-content\/uploads\/brizy\/111606\/assets\/images\/s1152x864_86447bc0efdce9c8829af3492151507bace74830.jpg","name":"s1152x864_86447bc0efdce9c8829af3492151507bace74830.jpg","meta":{"brizy_attachment_uid":"wp-cc21830b9d9fee54b6af5fb1dda63078.jpg","brizy_post_uid":["323c1490a0a52b43f4632ebb895b9916"]}}],"mfb_rest_fields":["title","blocksy_meta","brizy_media"],"_links":{"self":[{"href":"https:\/\/dogpride.nl\/de\/wp-json\/wp\/v2\/pages\/111603","targetHints":{"allow":["GET"]}}],"collection":[{"href":"https:\/\/dogpride.nl\/de\/wp-json\/wp\/v2\/pages"}],"about":[{"href":"https:\/\/dogpride.nl\/de\/wp-json\/wp\/v2\/types\/page"}],"author":[{"embeddable":true,"href":"https:\/\/dogpride.nl\/de\/wp-json\/wp\/v2\/users\/1036"}],"replies":[{"embeddable":true,"href":"https:\/\/dogpride.nl\/de\/wp-json\/wp\/v2\/comments?post=111603"}],"version-history":[{"count":0,"href":"https:\/\/dogpride.nl\/de\/wp-json\/wp\/v2\/pages\/111603\/revisions"}],"wp:featuredmedia":[{"embeddable":true,"href":"https:\/\/dogpride.nl\/de\/wp-json\/wp\/v2\/media\/111608"}],"wp:attachment":[{"href":"https:\/\/dogpride.nl\/de\/wp-json\/wp\/v2\/media?parent=111603"}],"curies":[{"name":"wp","href":"https:\/\/api.w.org\/{rel}","templated":true}]}}