{"id":111550,"date":"2023-07-20T11:15:18","date_gmt":"2023-07-20T09:15:18","guid":{"rendered":"https:\/\/dogprideold.websitekeuze.nl\/?page_id=111550"},"modified":"2026-04-08T12:27:45","modified_gmt":"2026-04-08T10:27:45","slug":"halsbanden-en-lijnen","status":"publish","type":"page","link":"https:\/\/dogpride.nl\/de\/halsbanden-en-lijnen\/","title":{"rendered":"Halsb\u00e4nder und Leinen"},"content":{"rendered":"<div class=\"brz-root__container brz-reset-all brz\">\n<section id=\"_dfgukiseqmtbmobkcndqvaldiwmfhhjjaolm\" class=\"brz-section brz-css-kbKNx\">\n<div class=\"brz-section__content brz-section--fullWidth brz-css-ojGbO brz-css-jrx2B\" data-brz-custom-id=\"thddygctipvgwutnvehrvvpdhjekgniimdzt\">\n<div class=\"brz-bg\">\n<div class=\"brz-bg-image\"><\/div>\n<\/div>\n<div class=\"brz-container brz-css-eyYI1 brz-css-vwonL\">\n<div class=\"brz-row__container brz-css-hnvy0 brz-css-fG4gQ\" data-brz-custom-id=\"lewulvchiarxviznppriddyvplflvqagvdra\">\n<div class=\"brz-bg\"><\/div>\n<div class=\"brz-row brz-css-l0iuA brz-css-hl7gk\">\n<div class=\"brz-columns brz-css-ndsK1 brz-css-vZ4j8\" data-brz-custom-id=\"ktkpmerpsmeahgnlsvmrfnmnqvsksdsiexvf\">\n<div class=\"brz-bg\"><\/div>\n<div class=\"brz-column__items brz-css-ighsr brz-css-is41a\">\n<div id=\"\" class=\"brz-css-cWBdQ brz-css-sPJwC brz-wrapper\">\n<div class=\"brz-spacer brz-css-yQ8I9 brz-css-p6ylN\"><\/div>\n<\/div>\n<div id=\"\" class=\"brz-css-cWBdQ brz-css-sPJwC brz-wrapper\">\n<div class=\"brz-spacer brz-css-yQ8I9 brz-css-yCVdS\"><\/div>\n<\/div>\n<div id=\"\" class=\"brz-css-cWBdQ brz-css-sPJwC brz-wrapper\">\n<div class=\"brz-spacer brz-css-yQ8I9 brz-css-rEM0r\"><\/div>\n<\/div>\n<\/div>\n<\/div>\n<\/div>\n<\/div>\n<\/div>\n<\/div>\n<\/section>\n<section id=\"_zawetvlpkdrlobumvcjpxpiicevzebalgrel\" class=\"brz-section brz-css-kbKNx\">\n<div class=\"brz-section__content brz-section--boxed brz-css-ojGbO brz-css-x1crF\" data-brz-custom-id=\"qnwdeswmuyojjerikgsoskdqkwssioqsjvdt\">\n<div class=\"brz-bg\">\n<div class=\"brz-bg-image\"><\/div>\n<div class=\"brz-bg-color\"><\/div>\n<div class=\"brz-bg-shape brz-bg-shape__bottom\"><\/div>\n<\/div>\n<div class=\"brz-container brz-css-eyYI1\">\n<div class=\"brz-row__container brz-css-hnvy0 brz-css-wxgKc\" data-brz-custom-id=\"swvsjqzxxovevrotevdshgykppbwxnukchvv\">\n<div class=\"brz-bg\"><\/div>\n<div class=\"brz-row brz-css-l0iuA brz-css-j3mqC\">\n<div class=\"brz-columns brz-css-ndsK1 brz-css-r590d\" data-brz-custom-id=\"jrgfijhjwfibhxkpsdnxchdaaqgtdvuzipnl\">\n<div class=\"brz-bg\">\n<div class=\"brz-bg-color\"><\/div>\n<\/div>\n<div class=\"brz-column__items brz-css-ighsr brz-css-bZH4G\">\n<div id=\"\" class=\"brz-css-cWBdQ brz-css-buaoX brz-wrapper\">\n<div class=\"brz-rich-text brz-rich-text__custom brz-css-sw698\" data-brz-custom-id=\"tupxektshcwbugpbwjjyhhehuvtmzpbpgysd\">\n<div data-brz-translate-text=\"1\">\n<h1 class=\"brz-tp-lg-heading2 brz-css-kFd4L\" data-uniq-id=\"kpjay\" data-generated-css=\"brz-css-vxxos\"><span class=\"brz-cp-color1\">Halsb\u00e4nder und Leinen<\/span><\/h1>\n<\/div>\n<\/div>\n<\/div>\n<div id=\"\" class=\"brz-css-cWBdQ brz-css-sPJwC brz-wrapper\">\n<div class=\"brz-spacer brz-css-yQ8I9 brz-css-wnbRx\"><\/div>\n<\/div>\n<\/div>\n<\/div>\n<\/div>\n<\/div>\n<\/div>\n<\/div>\n<\/section>\n<section id=\"_rbbpyxmidaqljmrplguromffpdscmlsxsbew\" class=\"brz-section brz-css-kbKNx\">\n<div class=\"brz-section__content brz-section--boxed brz-css-ojGbO brz-css-bYUGR\" data-brz-custom-id=\"jsderwrpabaxiihyzcgfigwejmsjfulibvuk\">\n<div class=\"brz-bg\">\n<div class=\"brz-bg-color\"><\/div>\n<\/div>\n<div class=\"brz-container brz-css-eyYI1\">\n<div class=\"brz-row__container brz-css-hnvy0\" data-brz-custom-id=\"tjsprefesuykpczssafucpetizxperbvazpt\">\n<div class=\"brz-bg\"><\/div>\n<div class=\"brz-row brz-css-l0iuA brz-css-hl7gk\">\n<div class=\"brz-columns brz-css-ndsK1 brz-css-oyN2P\" data-brz-custom-id=\"ufribxkackteyyidqutrtkaeufmrbgqsvoqg\">\n<div class=\"brz-bg\"><\/div>\n<div class=\"brz-column__items brz-css-ighsr brz-css-mX18s\">\n<div id=\"\" class=\"brz-css-cWBdQ brz-wrapper\">\n<div class=\"brz-image brz-css-wBz0_ brz-css-sHMj6\" data-brz-custom-id=\"zotbisiiagvohswuavnwgdfxgghqlmuphocy\"><img decoding=\"async\" class=\"brz-img\" src=\"https:\/\/dogpride.nl\/wp-content\/uploads\/brizy\/imgs\/Collar-Rainbow-lines2-5-733x489x179x0x450x489x1689842308.jpg\" alt=\"\" loading=\"lazy\"><\/div>\n<\/div>\n<\/div>\n<\/div>\n<div class=\"brz-columns brz-css-ndsK1 brz-css-oPU60\" data-brz-custom-id=\"glglwlzmoprxxlfhhjkebrnnveqoehjsdvob\">\n<div class=\"brz-bg\"><\/div>\n<div class=\"brz-column__items brz-css-ighsr brz-css-sQSQJ\">\n<div id=\"\" class=\"brz-css-cWBdQ brz-css-uOSLB brz-wrapper\">\n<div class=\"brz-rich-text brz-rich-text__custom brz-css-sw698\" data-brz-custom-id=\"gnzexfjhppcrozysnfeypsgjxdrboozvsitc\">\n<div data-brz-translate-text=\"1\">\n<h2 class=\"brz-tp-lg-heading2 brz-css-mf1d7\" data-generated-css=\"brz-css-gcitj\" data-uniq-id=\"bemfo\"><span class=\"brz-cp-color1\">Halsb\u00e4nder und Leinen f\u00fcr Hunde<\/span><\/h2>\n<\/div>\n<\/div>\n<\/div>\n<div id=\"\" class=\"brz-css-cWBdQ brz-css-sPJwC brz-wrapper\">\n<div class=\"brz-spacer brz-css-yQ8I9 brz-css-cLIzk\"><\/div>\n<\/div>\n<div id=\"\" class=\"brz-css-cWBdQ brz-css-t_vEb brz-wrapper\">\n<div class=\"brz-rich-text brz-rich-text__custom brz-css-sw698\" data-brz-custom-id=\"jezbqamcyfumwsdqqfwctbkzfcorpbvkzhoz\">\n<div data-brz-translate-text=\"1\">\n<p class=\"brz-tp-lg-paragraph brz-css-lt3L5\" data-uniq-id=\"xaast\" data-generated-css=\"brz-css-qjvka\"><span style=\"background-color: transparent;opacity: 1\">Halsb\u00e4nder und Leinen sind unverzichtbare Accessoires f\u00fcr Hundebesitzer, da sie eine wichtige Rolle bei der Sicherheit und Kontrolle von Hunden spielen. Diese Artikel sind in verschiedenen Stilen, Materialien und Designs erh\u00e4ltlich, um den Bed\u00fcrfnissen und Vorlieben von Hund und Hundef\u00fchrer gerecht zu werden.<\/span><\/p>\n<p class=\"brz-tp-lg-paragraph brz-css-t3IoH\" data-uniq-id=\"igsvj\" data-generated-css=\"brz-css-skejo\"><\/p>\n<p class=\"brz-tp-lg-paragraph brz-css-uHO8y\" data-uniq-id=\"kxwzo\" data-generated-css=\"brz-css-ojsqw\"><span style=\"background-color: transparent;opacity: 1\">Halsb\u00e4nder sollen um den Hals des Hundes getragen werden und erf\u00fcllen mehrere Zwecke. Sie bieten einen Befestigungspunkt f\u00fcr die Leine, sodass der Hund gehalten und gef\u00fchrt werden kann. Dar\u00fcber hinaus k\u00f6nnen auch Halsb\u00e4nder verwendet werden <\/span><\/p>\n<p class=\"brz-tp-lg-paragraph brz-css-g7c1I\" data-uniq-id=\"ycjfn\" data-generated-css=\"brz-css-mbkrd\"><\/p>\n<p class=\"brz-tp-lg-paragraph brz-css-bdjTf\" data-uniq-id=\"jnwfc\" data-generated-css=\"brz-css-uzonr\"><\/p>\n<\/div>\n<\/div>\n<\/div>\n<div id=\"\" class=\"brz-css-cWBdQ brz-css-sPJwC brz-wrapper\">\n<div class=\"brz-spacer brz-css-yQ8I9 brz-css-wkIg2\"><\/div>\n<\/div>\n<div class=\"brz-wrapper-clone brz-css-q6xZu brz-css-hCSbK\">\n<div class=\"brz-d-xs-flex brz-flex-xs-wrap brz-css-uCMvO brz-css-qwOMK\" data-brz-custom-id=\"\">\n<div class=\"brz-wrapper-clone__item\" id=\"ctuyfdodxjedknaefjarygzdismqtgiortkw\">\n<div class=\"brz-hover-animation__container\" data-brz-hover-animationid=\"yftrekiwuiisavfjbqbooddkwhgmpwrnisrf\" data-brz-hover-options=\"%7B%22duration%22:600,%22iterations%22:1%7D\" data-brz-hover-reversible=\"true\" data-brz-hover-target=\"%22firstChild%22\"><a class=\"brz-a brz-btn brz-css-vkcU2 brz-css-w9RfB brz-css-eux9H brz-css-t3v1k\" href=\"\/de\/contact\/\" target=\"_self\" rel=\"noopener\" data-brz-link-type=\"external\" data-brz-custom-id=\"ctuyfdodxjedknaefjarygzdismqtgiortkw\"><span data-brz-translate-text=\"1\" class=\"brz-span brz-text__editor\">Kontakt<\/span><\/a><\/div>\n<\/div>\n<\/div>\n<\/div>\n<\/div>\n<\/div>\n<\/div>\n<\/div>\n<\/div>\n<\/div>\n<\/section>\n<section id=\"_trzzujcjvbqraurlrcymaxjuxnzgefopmedc\" class=\"brz-section brz-css-kbKNx\">\n<div class=\"brz-section__content brz-section--boxed brz-css-ojGbO brz-css-hL3HH\" data-brz-custom-id=\"eisgywxsqgkiasqolkdwhfsfmrhialkkjnhg\">\n<div class=\"brz-bg\">\n<div class=\"brz-bg-color\"><\/div>\n<\/div>\n<div class=\"brz-container brz-css-eyYI1\">\n<div class=\"brz-row__container brz-css-hnvy0 brz-css-fXAps\" data-brz-custom-id=\"nrvmxfrkbvmyxkjgtuuaafdjizzvlixcrktg\">\n<div class=\"brz-bg\"><\/div>\n<div class=\"brz-row brz-css-l0iuA brz-css-hl7gk\">\n<div class=\"brz-columns brz-css-ndsK1 brz-css-mhNTp\" data-brz-custom-id=\"ptbapcokesagriliefxjkcdzcfjmusabrlsk\">\n<div class=\"brz-bg\"><\/div>\n<div class=\"brz-column__items brz-css-ighsr brz-css-yONAF\">\n<div id=\"\" class=\"brz-css-cWBdQ brz-css-iqqTx brz-wrapper\">\n<div class=\"brz-rich-text brz-rich-text__custom brz-css-sw698\" data-brz-custom-id=\"wxlxkcwokpuehvjauznvjicxxneerwnkplkf\">\n<div data-brz-translate-text=\"1\">\n<h2 class=\"brz-tp-lg-heading2 brz-css-wFk1Y\" data-generated-css=\"brz-css-irmhg\" data-uniq-id=\"tqnnk\"><span class=\"brz-cp-color1\">Wahl eines Kragens<\/span><\/h2>\n<\/div>\n<\/div>\n<\/div>\n<div id=\"\" class=\"brz-css-cWBdQ brz-css-sPJwC brz-wrapper\">\n<div class=\"brz-spacer brz-css-yQ8I9 brz-css-yiaJE\"><\/div>\n<\/div>\n<div id=\"\" class=\"brz-css-cWBdQ brz-css-rXZIA brz-wrapper\">\n<div class=\"brz-rich-text brz-rich-text__custom brz-css-sw698\" data-brz-custom-id=\"nmapboeugdmhtbdplztzvtwtbbwrgtimaftn\">\n<div data-brz-translate-text=\"1\">\n<p class=\"brz-tp-lg-paragraph brz-css-nOIVa\" data-generated-css=\"brz-css-ccozg\" data-uniq-id=\"domjy\"><span style=\"background-color: transparent;opacity: 1\" class=\"brz-cp-color7\">Best\u00e4tigen Sie die Identifizierungs- und Registrierungsinformationen des Hundes, z. B. Namensschilder mit Kontaktinformationen.<\/span><\/p>\n<p class=\"brz-tp-lg-paragraph brz-css-cpL1V\" data-generated-css=\"brz-css-loiee\" data-uniq-id=\"grzia\"><span style=\"background-color: transparent;opacity: 1\" class=\"brz-cp-color7\"> <\/span><\/p>\n<p class=\"brz-tp-lg-paragraph brz-css-kSV9R\" data-generated-css=\"brz-css-mubwg\" data-uniq-id=\"fwsfv\"><span style=\"background-color: transparent;opacity: 1\" class=\"brz-cp-color7\">Bei der Auswahl eines Halsbandes ist es wichtig, die Gr\u00f6\u00dfe und das Verhalten des Hundes zu ber\u00fccksichtigen. F\u00fcr kleine Rassen kann ein einfaches Nylonhalsband ausreichend sein, w\u00e4hrend gr\u00f6\u00dfere Hunde m\u00f6glicherweise ein st\u00e4rkeres und haltbareres Halsband ben\u00f6tigen, beispielsweise ein Leder- oder Nylonhalsband mit verst\u00e4rkten Schnallen. F\u00fcr Hunde mit besonderen Bed\u00fcrfnissen sind auch spezielle Halsb\u00e4nder erh\u00e4ltlich, beispielsweise Trainingshalsb\u00e4nder oder Anti-Zug-Halsb\u00e4nder.<\/span><\/p>\n<\/div>\n<\/div>\n<\/div>\n<\/div>\n<\/div>\n<div class=\"brz-columns brz-css-ndsK1 brz-css-ivPtN\" data-brz-custom-id=\"enxpqcotjddjcdbqwmeqejtlygcvuybtzxdm\">\n<div class=\"brz-bg\"><\/div>\n<div class=\"brz-column__items brz-css-ighsr brz-css-s_jmj\">\n<div id=\"\" class=\"brz-css-cWBdQ brz-wrapper\">\n<div class=\"brz-image brz-css-nUPtQ brz-css-dMPQU\" data-brz-custom-id=\"zvgqkvcidfqxkatmvfilpgpkgvplzurvjhii\"><img decoding=\"async\" class=\"brz-img\" src=\"https:\/\/dogpride.nl\/wp-content\/uploads\/brizy\/imgs\/imageOXCFJNON-5-543x408x7x0x453x408x1689842308.jpg\" alt=\"\" loading=\"lazy\"><\/div>\n<\/div>\n<\/div>\n<\/div>\n<\/div>\n<\/div>\n<\/div>\n<\/div>\n<\/section>\n<section id=\"_mdaapcdipnggdfhznjztffxxobdnzqcvynai\" class=\"brz-section brz-css-kbKNx\">\n<div class=\"brz-section__content brz-section--boxed brz-css-ojGbO brz-css-krASq\" data-brz-custom-id=\"diolyfplvhggftunbmriakditifeoqygyaer\">\n<div class=\"brz-bg\">\n<div class=\"brz-bg-image\"><\/div>\n<div class=\"brz-bg-color\"><\/div>\n<\/div>\n<div class=\"brz-container brz-css-eyYI1\">\n<div class=\"brz-row__container brz-css-hnvy0\" data-brz-custom-id=\"zqiyvzjfvfenpcimvbkmlrcfnwpfdxgwavge\">\n<div class=\"brz-bg\"><\/div>\n<div class=\"brz-row brz-css-l0iuA brz-css-hl7gk\">\n<div class=\"brz-columns brz-css-ndsK1 brz-css-t_m3L\" data-brz-custom-id=\"wetfikfkspdinclvwvdnnvsjwepbgoairpzq\">\n<div class=\"brz-bg\"><\/div>\n<div class=\"brz-column__items brz-css-ighsr brz-css-ycPFl\">\n<div id=\"\" class=\"brz-css-cWBdQ brz-wrapper\">\n<div class=\"brz-image brz-css-xD_Kx brz-css-zmF6B\" data-brz-custom-id=\"grqjyixthknxomwpgrjewfzxikbetdvbdbca\"><img decoding=\"async\" class=\"brz-img\" src=\"https:\/\/dogpride.nl\/wp-content\/uploads\/brizy\/imgs\/tactical-wd-collar-45mm_black-g1-40-47cm-536x536x16x0x450x536x1689842308.jpg\" alt=\"\" loading=\"lazy\"><\/div>\n<\/div>\n<\/div>\n<\/div>\n<div class=\"brz-columns brz-css-ndsK1 brz-css-yk8vC\" data-brz-custom-id=\"itvnjircqeqmvjjawmrlgtwflhfouzxlreuo\">\n<div class=\"brz-bg\"><\/div>\n<div class=\"brz-column__items brz-css-ighsr brz-css-eeD52\">\n<div id=\"\" class=\"brz-css-cWBdQ brz-css-zW2fI brz-wrapper\">\n<div class=\"brz-rich-text brz-rich-text__custom brz-css-sw698\" data-brz-custom-id=\"qvxzncupebwjjiudwrfyfkntkacotjitjkxj\">\n<div data-brz-translate-text=\"1\">\n<h2 class=\"brz-tp-lg-heading2 brz-css-xbuBd\" data-generated-css=\"brz-css-igbyw\" data-uniq-id=\"kayyr\"><span class=\"brz-cp-color1\">Leinen f\u00fcr Hunde<\/span><\/h2>\n<\/div>\n<\/div>\n<\/div>\n<div id=\"\" class=\"brz-css-cWBdQ brz-css-sPJwC brz-wrapper\">\n<div class=\"brz-spacer brz-css-yQ8I9 brz-css-fwKp1\"><\/div>\n<\/div>\n<div id=\"\" class=\"brz-css-cWBdQ brz-css-eiZHP brz-wrapper\">\n<div class=\"brz-rich-text brz-rich-text__custom brz-css-sw698\" data-brz-custom-id=\"gthzjxmjbutuglrugovlncakurwqeglelddh\">\n<div data-brz-translate-text=\"1\">\n<p class=\"brz-tp-lg-paragraph brz-css-yUE_8\" data-generated-css=\"brz-css-rlasq\" data-uniq-id=\"amuea\"><span class=\"brz-cp-color7\" style=\"background-color: transparent\">Leinen, auch Leinen genannt, werden am Halsband befestigt und erm\u00f6glichen dem Hundef\u00fchrer die Kontrolle \u00fcber die Bewegungen des Hundes beim Gehen. Leinen gibt es in verschiedenen L\u00e4ngen und Materialien. Kurze Leinen, wie zum Beispiel eine Standardleine von etwa 1,5 Metern L\u00e4nge, sorgen f\u00fcr mehr Kontrolle \u00fcber den Hund, w\u00e4hrend lange Leinen, wie zum Beispiel Rollleinen oder Laufleinen, eine gr\u00f6\u00dfere Bewegungsfreiheit erm\u00f6glichen. Es ist wichtig, eine Leine zu w\u00e4hlen, die angenehm zu halten und stark genug ist, um den Hund sicher zu halten.<\/span><\/p>\n<p class=\"brz-tp-lg-paragraph brz-css-zMtJj\" data-generated-css=\"brz-css-muchb\" data-uniq-id=\"blmpx\"><span class=\"brz-cp-color7\" style=\"background-color: transparent\"> <\/span><\/p>\n<p class=\"brz-tp-lg-paragraph brz-css-g4dB_\" data-generated-css=\"brz-css-xsnok\" data-uniq-id=\"dxltg\"><span class=\"brz-cp-color7\" style=\"background-color: transparent\">Neben der Funktionalit\u00e4t k\u00f6nnen Halsb\u00e4nder und Leinen auch ein modisches Statement sein und die Pers\u00f6nlichkeit des Hundes widerspiegeln. Die Auswahl an Stilen und Designs ist vielf\u00e4ltig und reicht von schlicht und klassisch bis hin zu farbenfrohen und trendigen Varianten. Manche Halsb\u00e4nder sind sogar verstellbar oder verf\u00fcgen \u00fcber dekorative Elemente wie Nieten, Muster oder Anh\u00e4nger.<\/span><\/p>\n<\/div>\n<\/div>\n<\/div>\n<div id=\"\" class=\"brz-css-cWBdQ brz-css-sPJwC brz-wrapper\">\n<div class=\"brz-spacer brz-css-yQ8I9 brz-css-wjhkN\"><\/div>\n<\/div>\n<div class=\"brz-wrapper-clone brz-css-q6xZu brz-css-cqHt2\">\n<div class=\"brz-d-xs-flex brz-flex-xs-wrap brz-css-uCMvO brz-css-cWOFp\" data-brz-custom-id=\"\">\n<div class=\"brz-wrapper-clone__item\" id=\"wesmpjaqjmpkbxsloicymvmipkzbqzcuijop\">\n<div class=\"brz-hover-animation__container\" data-brz-hover-animationid=\"ewuwkeezfeppjalkshahzektoyhopgdpwiok\" data-brz-hover-options=\"%7B%22duration%22:600,%22iterations%22:1%7D\" data-brz-hover-reversible=\"true\" data-brz-hover-target=\"%22firstChild%22\"><a class=\"brz-a brz-btn brz-css-vkcU2 brz-css-zW66j brz-css-eux9H brz-css-joAEE\" href=\"\/de\/contact\/\" target=\"_self\" rel=\"noopener\" data-brz-link-type=\"external\" data-brz-custom-id=\"wesmpjaqjmpkbxsloicymvmipkzbqzcuijop\"><span data-brz-translate-text=\"1\" class=\"brz-span brz-text__editor\">Kontakt<\/span><\/a><\/div>\n<\/div>\n<\/div>\n<\/div>\n<\/div>\n<\/div>\n<\/div>\n<\/div>\n<\/div>\n<\/div>\n<\/section>\n<section id=\"_ukckepoachitcuqnpwbppjepkvnidtrghavu\" class=\"brz-section brz-css-kbKNx\">\n<div class=\"brz-section__content brz-section--boxed brz-css-ojGbO brz-css-aZZkl\" data-brz-custom-id=\"yzcqoiroycgqrfxdovodffpepjfzqveozsdr\">\n<div class=\"brz-bg\">\n<div class=\"brz-bg-color\"><\/div>\n<\/div>\n<div class=\"brz-container brz-css-eyYI1\">\n<div class=\"brz-row__container brz-css-hnvy0 brz-css-uiNla\" data-brz-custom-id=\"vtnkkhulbandqmbiqomtcggqwrgwiilckfxf\">\n<div class=\"brz-bg\"><\/div>\n<div class=\"brz-row brz-css-l0iuA brz-css-hl7gk\">\n<div class=\"brz-columns brz-css-ndsK1 brz-css-dHmgH\" data-brz-custom-id=\"zmrnhgfrsxgdbvabqfutymlmbtadeyhffqor\">\n<div class=\"brz-bg\"><\/div>\n<div class=\"brz-column__items brz-css-ighsr brz-css-w8p1y\">\n<div id=\"\" class=\"brz-css-cWBdQ brz-css-mxseD brz-wrapper\">\n<div class=\"brz-rich-text brz-rich-text__custom brz-css-sw698\" data-brz-custom-id=\"tycygktjbimbdgjywwmlhjuttjwejqxhfqqo\">\n<div data-brz-translate-text=\"1\">\n<h2 class=\"brz-tp-lg-heading2 brz-css-hVQyy\" data-generated-css=\"brz-css-oskzf\" data-uniq-id=\"mbjdx\"><span class=\"brz-cp-color1\">Richtige Verwendung von Halsb\u00e4ndern und Leinen<\/span><\/h2>\n<\/div>\n<\/div>\n<\/div>\n<div id=\"\" class=\"brz-css-cWBdQ brz-css-sPJwC brz-wrapper\">\n<div class=\"brz-spacer brz-css-yQ8I9 brz-css-v2SLQ\"><\/div>\n<\/div>\n<div id=\"\" class=\"brz-css-cWBdQ brz-css-yVOhH brz-wrapper\">\n<div class=\"brz-rich-text brz-rich-text__custom brz-css-sw698\" data-brz-custom-id=\"dvhirytxyutzkfbpvqpsfglaervamifwczhz\">\n<div data-brz-translate-text=\"1\">\n<p class=\"brz-tp-lg-paragraph brz-css-qENCM\" data-uniq-id=\"jyqqe\" data-generated-css=\"brz-css-sdygi\"><span class=\"brz-cp-color7\" style=\"opacity: 1;background-color: transparent\">Die richtige Verwendung von Halsb\u00e4ndern und Leinen ist wichtig, um die Sicherheit und den Komfort des Hundes zu gew\u00e4hrleisten. Es ist wichtig, das Halsband richtig um den Hals des Hundes zu legen, damit es weder zu eng noch zu locker sitzt. Die Leine sollte fest gehalten und so verwendet werden, dass sie den Hund nicht verletzt oder ihm Unbehagen bereitet.<\/span><\/p>\n<p class=\"brz-tp-lg-paragraph brz-css-ctR7X\" data-uniq-id=\"ztqoe\" data-generated-css=\"brz-css-netjs\"><\/p>\n<p class=\"brz-tp-lg-paragraph brz-css-fuwNc\" data-uniq-id=\"imuoz\" data-generated-css=\"brz-css-rbgnz\"><span class=\"brz-cp-color7\" style=\"opacity: 1;background-color: transparent\">Alles in allem sind Halsb\u00e4nder und Leinen unverzichtbare Accessoires f\u00fcr Hundebesitzer. Sie bieten eine M\u00f6glichkeit, Hunde beim Spaziergang sicher zu kontrollieren und zu f\u00fchren und bieten gleichzeitig die M\u00f6glichkeit, die Pers\u00f6nlichkeit des Hundes zum Ausdruck zu bringen.<\/span><\/p>\n<\/div>\n<\/div>\n<\/div>\n<\/div>\n<\/div>\n<div class=\"brz-columns brz-css-ndsK1 brz-css-i6uVT\" data-brz-custom-id=\"ofshlhirwkmfxvhimduvljetsqpiekruytgu\">\n<div class=\"brz-bg\"><\/div>\n<div class=\"brz-column__items brz-css-ighsr brz-css-wtYCe\">\n<div id=\"\" class=\"brz-css-cWBdQ brz-wrapper\">\n<div class=\"brz-image brz-css-alJ1x brz-css-lG_wl\" data-brz-custom-id=\"vsndsmzmxyeqniwcuobsphsnspjkspwovmmz\"><img decoding=\"async\" class=\"brz-img\" src=\"https:\/\/dogpride.nl\/wp-content\/uploads\/brizy\/imgs\/Loop2-5-453x604x0x140x453x408x1689842308.jpg\" alt=\"\" loading=\"lazy\"><\/div>\n<\/div>\n<\/div>\n<\/div>\n<\/div>\n<\/div>\n<\/div>\n<\/div>\n<\/section>\n<section id=\"_tunupqaufycrtrvwpsejykcdejkrmhcqkufd\" class=\"brz-section brz-css-kbKNx brz-css-wcNRW\">\n<div class=\"brz-section__content brz-section--boxed brz-css-ojGbO brz-css-ef2Yv\" data-brz-custom-id=\"zsuhyxrulvxggnmtumtqfczquhsggoweyzsv\">\n<div class=\"brz-bg\">\n<div class=\"brz-bg-color\"><\/div>\n<\/div>\n<div class=\"brz-container brz-css-eyYI1\">\n<div class=\"brz-row__container brz-css-hnvy0\" data-brz-custom-id=\"xajuqctolzoohrveupythvwlswmgruungxid\">\n<div class=\"brz-bg\"><\/div>\n<div class=\"brz-row brz-css-l0iuA brz-css-hl7gk\">\n<div class=\"brz-columns brz-css-ndsK1 brz-css-nBByZ\" data-brz-custom-id=\"gydlrunwirtpoeofnjgufhnqusifvoycxizn\">\n<div class=\"brz-bg\">\n<div class=\"brz-bg-image\"><\/div>\n<div class=\"brz-bg-color\"><\/div>\n<\/div>\n<div class=\"brz-column__items brz-css-ighsr brz-css-r8nAQ\">\n<div id=\"\" class=\"brz-css-cWBdQ brz-css-lnk6h brz-wrapper\">\n<div class=\"brz-rich-text brz-rich-text__custom brz-css-sw698\" data-brz-custom-id=\"uwerskopfpuxwzizzrvuxzcmupckumxgzfsm\">\n<div data-brz-translate-text=\"1\">\n<h3 data-uniq-id=\"rfotd\" data-generated-css=\"brz-css-npgzw\" class=\"brz-tp-lg-heading3 brz-css-lvTQc\"><span class=\"brz-cp-color8\">Bevorzugen Sie pers\u00f6nlichen Kontakt? Wir helfen gerne! <\/span><\/h3>\n<\/div>\n<\/div>\n<\/div>\n<div id=\"\" class=\"brz-css-cWBdQ brz-css-sPJwC brz-wrapper\">\n<div class=\"brz-spacer brz-css-yQ8I9\"><\/div>\n<\/div>\n<div class=\"brz-wrapper-clone brz-css-q6xZu brz-css-gtJ_I\">\n<div class=\"brz-d-xs-flex brz-flex-xs-wrap brz-css-uCMvO brz-css-e7UXn\" data-brz-custom-id=\"\">\n<div class=\"brz-wrapper-clone__item\" id=\"rigwplvlfpknjzdoxeryoyrekpckuiznwgtv\">\n<div class=\"brz-hover-animation__container\" data-brz-hover-animationid=\"yfpcvodhdqvsxtnlpdpafxzvqxyhfrztwirz\" data-brz-hover-options=\"%7B%22duration%22:600,%22iterations%22:1%7D\" data-brz-hover-reversible=\"true\" data-brz-hover-target=\"%22firstChild%22\"><a class=\"brz-a brz-btn brz-css-vkcU2 brz-css-sAsEe brz-css-eux9H brz-css-x794E\" href=\"\/de\/contact\/\" target=\"_self\" rel=\"noopener\" data-brz-link-type=\"external\" data-brz-custom-id=\"rigwplvlfpknjzdoxeryoyrekpckuiznwgtv\"><span data-brz-translate-text=\"1\" class=\"brz-span brz-text__editor\">Kontakt<\/span><\/a><\/div>\n<\/div>\n<\/div>\n<\/div>\n<\/div>\n<\/div>\n<\/div>\n<\/div>\n<\/div>\n<\/div>\n<\/section>\n<\/div>\n<p>    <!-- version:1731933612 --><\/p>","protected":false},"excerpt":{"rendered":"<p>Halsbanden en lijnen Halsbanden en lijnen voor honden Halsbanden en lijnen zijn essenti\u00eble accessoires voor hondenbezitters, omdat ze een belangrijke rol spelen bij het veilig en gecontroleerd uitlaten van honden. Deze items zijn verkrijgbaar in verschillende stijlen, materialen en ontwerpen om te voldoen aan de behoeften en voorkeuren van zowel de hond als de handler. [&hellip;]<\/p>\n","protected":false},"author":1036,"featured_media":111522,"parent":0,"menu_order":0,"comment_status":"closed","ping_status":"closed","template":"","meta":{"footnotes":""},"class_list":["post-111550","page","type-page","status-publish","has-post-thumbnail","hentry"],"blocksy_meta":[],"mb":[],"brizy_media":[{"id":112222,"url":"https:\/\/dogpride.nl\/wp-content\/uploads\/PRIDE-halsbanden.jpg","name":"PRIDE-halsbanden.jpg","meta":{"brizy_attachment_uid":"wp-584961cbf4b28e71b19f906a4fd56db3.jpg","brizy_post_uid":["261b016a03a676591d10865db0eda8e2"]}}],"mfb_rest_fields":["title","blocksy_meta","brizy_media"],"_links":{"self":[{"href":"https:\/\/dogpride.nl\/de\/wp-json\/wp\/v2\/pages\/111550","targetHints":{"allow":["GET"]}}],"collection":[{"href":"https:\/\/dogpride.nl\/de\/wp-json\/wp\/v2\/pages"}],"about":[{"href":"https:\/\/dogpride.nl\/de\/wp-json\/wp\/v2\/types\/page"}],"author":[{"embeddable":true,"href":"https:\/\/dogpride.nl\/de\/wp-json\/wp\/v2\/users\/1036"}],"replies":[{"embeddable":true,"href":"https:\/\/dogpride.nl\/de\/wp-json\/wp\/v2\/comments?post=111550"}],"version-history":[{"count":0,"href":"https:\/\/dogpride.nl\/de\/wp-json\/wp\/v2\/pages\/111550\/revisions"}],"wp:featuredmedia":[{"embeddable":true,"href":"https:\/\/dogpride.nl\/de\/wp-json\/wp\/v2\/media\/111522"}],"wp:attachment":[{"href":"https:\/\/dogpride.nl\/de\/wp-json\/wp\/v2\/media?parent=111550"}],"curies":[{"name":"wp","href":"https:\/\/api.w.org\/{rel}","templated":true}]}}